{"id":47916,"date":"2026-01-13T02:30:21","date_gmt":"2026-01-13T10:30:21","guid":{"rendered":"https:\/\/tangooled.com\/?post_type=product&#038;p=47916"},"modified":"2026-01-22T02:16:53","modified_gmt":"2026-01-22T10:16:53","slug":"surface-mount-triple-row-led-strip-aluminum-channel-fpt01","status":"publish","type":"product","link":"https:\/\/tangooled.com\/tr\/urun\/surface-mount-triple-row-led-strip-aluminum-channel-fpt01\/","title":{"rendered":"y\u00fczeye montajl\u0131 \u00fc\u00e7 s\u0131ra LED \u015ferit al\u00fcminyum kanal\u0131 FPT01"},"content":{"rendered":"<div class=\"wp-block-group is-vertical is-layout-flex wp-container-core-group-is-layout-d255d7c4 wp-block-group-is-layout-flex\" style=\"padding-top:var(--wp--preset--spacing--80);padding-bottom:var(--wp--preset--spacing--80)\">\n<p>Y\u00fczey montajl\u0131 \u00fc\u00e7 s\u0131ra LED al\u00fcminyum kanal\u0131, yan yana \u00fc\u00e7 LED \u015ferit lambay\u0131 tutmak i\u00e7in tasarlanm\u0131\u015ft\u0131r. \u00dc\u00e7 kanal\u0131n i\u00e7 geni\u015fli\u011fi 11mm'dir, bu y\u00fczden hem 8mm hem de 10mm LED \u015feritleri tutabilir. Bu kanal\u0131n montaj\u0131 kolayd\u0131r ve LED \u015feritlerinizi korur ve so\u011futur; bu da onlar\u0131n daha uzun s\u00fcre dayanmas\u0131na ve parlak, p\u00fcr\u00fczs\u00fcz bir par\u0131lt\u0131 yapmas\u0131na yard\u0131mc\u0131 olur.<\/p>\n<\/div>\n\n\n\n<div class=\"wp-block-group has-background\" style=\"background-color:#f1f1f1;padding-top:var(--wp--preset--spacing--80);padding-bottom:var(--wp--preset--spacing--80)\"><div class=\"wp-block-group__inner-container is-layout-constrained wp-block-group-is-layout-constrained\">\n<div class=\"wp-block-group is-vertical is-layout-flex wp-container-core-group-is-layout-8cf370e7 wp-block-group-is-layout-flex\">\n<h2 class=\"wp-block-heading\" style=\"padding-top:var(--wp--preset--spacing--40);padding-bottom:var(--wp--preset--spacing--40);font-size:25px;font-style:normal;font-weight:600;text-transform:capitalize\">Neden Y\u00fczey Montajl\u0131 \u00dc\u00e7 S\u0131ra LED Al\u00fcminyum Kanal\u0131m\u0131z\u0131 Se\u00e7melisiniz?<\/h2>\n\n\n\n<ul class=\"wp-block-list\">\n<li>\u00dc\u00e7 s\u0131ra LED kanal\u0131: \u00dc\u00e7 s\u0131ra LED bant \u0131\u015f\u0131\u011f\u0131n\u0131 tutar, y\u00fcksek parlakl\u0131k i\u00e7in idealdir.<\/li>\n\n\n\n<li>Y\u00fczey montajl\u0131 LED profili: Bu t\u00fcr LED profili, duvarlar ve tavanlar gibi d\u00fcz y\u00fczeylere kolayca monte edilebilir.<\/li>\n\n\n\n<li>Dayan\u0131kl\u0131 al\u00fcminyum profil: Ekstra g\u00fc\u00e7 i\u00e7in havac\u0131l\u0131k s\u0131n\u0131f\u0131 al\u00fcminyum ala\u015f\u0131m\u0131ndan yap\u0131lm\u0131\u015ft\u0131r ve \u00e7ift anodizasyon ile kaplanm\u0131\u015ft\u0131r.<\/li>\n\n\n\n<li>E\u015fit \u0131\u015f\u0131k da\u011f\u0131l\u0131m\u0131: Buzlu dif\u00fcz\u00f6r lens, \u0131\u015f\u0131\u011f\u0131 d\u00fczg\u00fcn hale getirir ve s\u0131cak noktalar\u0131 azalt\u0131r.<\/li>\n\n\n\n<li>Tam montaj kiti: bir kanal, \u00fc\u00e7 dif\u00fcz\u00f6r ve u\u00e7 kapak (birinde kablo i\u00e7in bir delik ile) i\u00e7erir.<\/li>\n<\/ul>\n<\/div>\n<\/div><\/div>\n\n\n\n<div class=\"wp-block-group is-vertical is-layout-flex wp-container-core-group-is-layout-d255d7c4 wp-block-group-is-layout-flex\" style=\"padding-top:var(--wp--preset--spacing--80);padding-bottom:var(--wp--preset--spacing--80)\">\n<hr class=\"wp-block-separator has-alpha-channel-opacity\"\/>\n\n\n\n<div class=\"wp-block-media-text has-media-on-the-right is-stacked-on-mobile\" style=\"grid-template-columns:auto 40%\"><div class=\"wp-block-media-text__content\">\n<h2 class=\"wp-block-heading\" style=\"padding-top:var(--wp--preset--spacing--40);padding-bottom:var(--wp--preset--spacing--40);font-size:25px;font-style:normal;font-weight:600;text-transform:capitalize\">Kolay Montaj<\/h2>\n\n\n\n<p>Bu y\u00fczey montajl\u0131 lineer ayd\u0131nlatma kanal\u0131n\u0131 kurmak kolayd\u0131r. LED profillerini ah\u015fap, al\u00e7\u0131pan veya dolap gibi herhangi bir y\u00fczeye yap\u0131\u015ft\u0131rmak i\u00e7in 3M band\u0131 veya vidalar kullanabilirsiniz. LED \u015ferit kablolar\u0131n\u0131 korumak ve temiz, parlak bir g\u00f6r\u00fcn\u00fcm elde etmek i\u00e7in profilin her iki ucuna u\u00e7 kapaklar\u0131n\u0131 tak\u0131n.<\/p>\n<\/div><figure class=\"wp-block-media-text__media\"><img loading=\"lazy\" decoding=\"async\" width=\"500\" height=\"500\" src=\"https:\/\/tangooled.com\/wp-content\/uploads\/2026\/01\/fpt01-ins.webp\" alt=\"surface mount triple row led strip aluminum channel for three led tape lights\" class=\"wp-image-48631 size-full\" srcset=\"https:\/\/tangooled.com\/wp-content\/uploads\/2026\/01\/fpt01-ins.webp 500w, https:\/\/tangooled.com\/wp-content\/uploads\/2026\/01\/fpt01-ins-300x300.webp 300w, https:\/\/tangooled.com\/wp-content\/uploads\/2026\/01\/fpt01-ins-150x150.webp 150w\" sizes=\"auto, (max-width: 500px) 100vw, 500px\" \/><\/figure><\/div>\n<\/div>\n\n\n\n<div class=\"wp-block-group has-background is-vertical is-layout-flex wp-container-core-group-is-layout-b429018a wp-block-group-is-layout-flex\" style=\"background-color:#f1f1f1f2;padding-top:var(--wp--preset--spacing--70);padding-bottom:var(--wp--preset--spacing--70)\">\n<h2 class=\"wp-block-heading\" style=\"padding-top:var(--wp--preset--spacing--40);padding-bottom:var(--wp--preset--spacing--40);font-size:25px;font-style:normal;font-weight:600;text-transform:capitalize\">Y\u00fczey Montajl\u0131 \u00dc\u00e7 S\u0131ra LED Al\u00fcminyum Kanal ile neler yapabilirsiniz?<\/h2>\n\n\n\n<ul class=\"wp-block-list\">\n<li>Perakende ayd\u0131nlatmas\u0131: Her \u015feyi geni\u015f, parlak bir \u0131\u015f\u0131kla ayd\u0131nlat\u0131r.<\/li>\n\n\n\n<li>Mimari ayd\u0131nlatma: Duvarlar ve di\u011fer nesneleri \u00f6n plana \u00e7\u0131kar\u0131r.<\/li>\n\n\n\n<li>Genel oda ayd\u0131nlatmas\u0131: Bu kanal, \u00fc\u00e7 \u015ferit \u0131\u015f\u0131k kullanarak t\u00fcm odan\u0131n daha parlak olmas\u0131n\u0131 sa\u011flar.<\/li>\n<\/ul>\n<\/div>\n\n\n\n<div class=\"wp-block-group is-vertical is-layout-flex wp-container-core-group-is-layout-d255d7c4 wp-block-group-is-layout-flex\" style=\"padding-top:var(--wp--preset--spacing--80);padding-bottom:var(--wp--preset--spacing--80)\">\n<h2 class=\"wp-block-heading\" style=\"padding-top:var(--wp--preset--spacing--40);padding-bottom:var(--wp--preset--spacing--40);font-size:25px;font-style:normal;font-weight:600;text-transform:capitalize\">\u00d6zet<\/h2>\n\n\n\n<p>Bu y\u00fczey montajl\u0131 \u00fc\u00e7 s\u0131ra LED al\u00fcminyum kanal\u0131, ayd\u0131nlatmay\u0131 kolay ve dayan\u0131kl\u0131 hale getirir. \u00dc\u00e7 LED \u015feridi g\u00fcvenli bir \u015fekilde tutar ve so\u011fuk kalmalar\u0131n\u0131 sa\u011flar. Dif\u00fcz\u00f6rler \u0131\u015f\u0131\u011f\u0131n yumu\u015fak ve temiz g\u00f6r\u00fcnmesini sa\u011flar. T\u00fcm par\u00e7alar dahildir, bu y\u00fczden montaj h\u0131zl\u0131 ve basittir. Bu \u015f\u0131k, sa\u011flam y\u00fczey montajl\u0131 \u00fc\u00e7 s\u0131ra LED kanal\u0131 evinize veya i\u015f yerinize do\u011fru g\u00f6r\u00fcn\u00fcm\u00fc ve g\u00fc\u00e7l\u00fc \u0131\u015f\u0131\u011f\u0131 sa\u011flayacakt\u0131r.<\/p>\n<\/div>\n\n\n\n<p><\/p>","protected":false},"featured_media":15636,"template":"","meta":{"_acf_changed":true,"_seopress_robots_primary_cat":"none","_seopress_titles_title":"Surface Mount Triple Row LED Aluminum Channel | TANGOOLED","_seopress_titles_desc":"Source this surface mount triple row LED aluminum channel. Designed to fit three LED strips, it offers high-lumen output and excellent heat dissipation for large-scale lighting projects.","_seopress_robots_index":""},"pcb-width":[228],"product-cat":[192],"class_list":{"0":"post-47916","1":"product","2":"type-product","3":"status-publish","4":"has-post-thumbnail","6":"pcb-width-6-12mm","7":"product-cat-surface-led-profile"},"acf":[],"_links":{"self":[{"href":"https:\/\/tangooled.com\/tr\/wp-json\/wp\/v2\/product\/47916","targetHints":{"allow":["GET"]}}],"collection":[{"href":"https:\/\/tangooled.com\/tr\/wp-json\/wp\/v2\/product"}],"about":[{"href":"https:\/\/tangooled.com\/tr\/wp-json\/wp\/v2\/types\/product"}],"wp:featuredmedia":[{"embeddable":true,"href":"https:\/\/tangooled.com\/tr\/wp-json\/wp\/v2\/media\/15636"}],"wp:attachment":[{"href":"https:\/\/tangooled.com\/tr\/wp-json\/wp\/v2\/media?parent=47916"}],"wp:term":[{"taxonomy":"pcb-width","embeddable":true,"href":"https:\/\/tangooled.com\/tr\/wp-json\/wp\/v2\/pcb-width?post=47916"},{"taxonomy":"product-cat","embeddable":true,"href":"https:\/\/tangooled.com\/tr\/wp-json\/wp\/v2\/product-cat?post=47916"}],"curies":[{"name":"wp","href":"https:\/\/api.w.org\/{rel}","templated":true}]}}