{"id":47902,"date":"2026-01-13T02:27:17","date_gmt":"2026-01-13T10:27:17","guid":{"rendered":"https:\/\/tangooled.com\/?post_type=product&#038;p=47902"},"modified":"2026-02-02T01:37:58","modified_gmt":"2026-02-02T09:37:58","slug":"30-degree-optic-lens-double-layer-led-aluminum-channel-lp01c","status":"publish","type":"product","link":"https:\/\/tangooled.com\/tr\/urun\/30-degree-optic-lens-double-layer-led-aluminum-channel-lp01c\/","title":{"rendered":"30 derece optik lens dif\u00fcz\u00f6r \u00e7ift katmanl\u0131 LED al\u00fcminyum kanal\u0131"},"content":{"rendered":"<div class=\"wp-block-group is-vertical is-layout-flex wp-container-core-group-is-layout-d255d7c4 wp-block-group-is-layout-flex\" style=\"padding-top:var(--wp--preset--spacing--80);padding-bottom:var(--wp--preset--spacing--80)\">\n<p>30 derece lensli \u00e7ift katmanl\u0131 LED al\u00fcminyum kanal\u0131m\u0131zla odaklanm\u0131\u015f bir LED \u015ferit ayd\u0131nlatmas\u0131 olu\u015fturun! Bu yarat\u0131c\u0131 kanal, \u0131\u015f\u0131k \u00e7\u0131kt\u0131s\u0131n\u0131 tam olarak 30 derece \u0131\u015f\u0131n a\u00e7\u0131s\u0131 i\u00e7inde odaklayan optik bir lense sahiptir. Kanal\u0131n d\u0131\u015f\u0131 20mm geni\u015flik ve 15.5mm y\u00fckseklik sunarak \u015f\u0131k, yerle\u015fik bir g\u00f6r\u00fcn\u00fcm kazand\u0131r\u0131r.<br>The special double-layer design makes it easier to control heat, which is essential for extending your LED strips&#8217; lifespan. The installation process is simple and secure: first, fix the lower base channel to the mounting surface; then, securely snap the second layer, which holds the LED strip and the 30-degree lens, into place inside the fixed base.<\/p>\n<\/div>\n\n\n\n<div class=\"wp-block-group has-background\" style=\"background-color:#f1f1f1;padding-top:var(--wp--preset--spacing--80);padding-bottom:var(--wp--preset--spacing--80)\"><div class=\"wp-block-group__inner-container is-layout-constrained wp-block-group-is-layout-constrained\">\n<div class=\"wp-block-group is-vertical is-layout-flex wp-container-core-group-is-layout-8cf370e7 wp-block-group-is-layout-flex\">\n<h2 class=\"wp-block-heading\" style=\"padding-top:var(--wp--preset--spacing--40);padding-bottom:var(--wp--preset--spacing--40);font-size:25px;font-style:normal;font-weight:600;text-transform:capitalize\">Why Choose Our 30\u00b0 Optic Lens Diffuser Double Layer LED Aluminum Channel?<\/h2>\n\n\n\n<ul class=\"wp-block-list\">\n<li>Focused 30\u00b0 beam angle: Uses a special optic lens to direct light exactly where you want it. No more light that goes to waste or glare.<\/li>\n\n\n\n<li>\u00c7ift katmanl\u0131 LED kanal\u0131: i\u00e7 katman\u0131 16mm geni\u015fli\u011findedir, bu da \u00e7ift s\u0131ra LED \u015feritler i\u00e7in m\u00fckemmeldir.<\/li>\n\n\n\n<li>G\u00fc\u00e7l\u00fc \u0131s\u0131 da\u011f\u0131l\u0131m\u0131: LED'leri serin tutarak daha uzun s\u00fcre dayanmas\u0131n\u0131 sa\u011flayan 6063-T5 anodize al\u00fcminyumdan yap\u0131lm\u0131\u015ft\u0131r.<\/li>\n\n\n\n<li>Noktas\u0131z ayd\u0131nlatma: Dif\u00fcz\u00f6r kapa\u011f\u0131 \u0131\u015f\u0131\u011f\u0131n\u0131z\u0131 p\u00fcr\u00fczs\u00fcz ve ho\u015f hale getirir.<\/li>\n\n\n\n<li>Al\u00fcminyum konut kaplamalar\u0131: Tarz\u0131n\u0131za uyacak \u015fekilde g\u00fcm\u00fc\u015f, siyah veya beyaz olarak elde edebilirsiniz.<\/li>\n<\/ul>\n<\/div>\n<\/div><\/div>\n\n\n\n<div class=\"wp-block-group is-vertical is-layout-flex wp-container-core-group-is-layout-d255d7c4 wp-block-group-is-layout-flex\" style=\"padding-top:var(--wp--preset--spacing--80);padding-bottom:var(--wp--preset--spacing--80)\">\n<hr class=\"wp-block-separator has-alpha-channel-opacity\"\/>\n\n\n\n<div class=\"wp-block-media-text has-media-on-the-right is-stacked-on-mobile\" style=\"grid-template-columns:auto 40%\"><div class=\"wp-block-media-text__content\">\n<h2 class=\"wp-block-heading\" style=\"padding-top:var(--wp--preset--spacing--40);padding-bottom:var(--wp--preset--spacing--40);font-size:25px;font-style:normal;font-weight:600;text-transform:capitalize\">Kurulum &amp; Uyumluluk<\/h2>\n\n\n\n<p>15mm'ye kadar olan \u00e7o\u011fu LED \u015feridi ile \u00e7al\u0131\u015f\u0131r, SMD 5050 gibi. \u0130nce bir testere ile istedi\u011finiz uzunlu\u011fa kolayca kesebilirsiniz. Bu 30 derece optik lens kanal\u0131, y\u00fczeye montaj i\u00e7in tasarlanm\u0131\u015ft\u0131r ve d\u00fczenli, profesyonel bir g\u00f6r\u00fcn\u00fcm sa\u011flar. Ayr\u0131ca, ayd\u0131nlatmay\u0131 tamamen ayarlaman\u0131za olanak tan\u0131yan dimmerli bir g\u00fc\u00e7 kayna\u011f\u0131n\u0131 da kullanabilirsiniz.<\/p>\n<\/div><figure class=\"wp-block-media-text__media\"><img loading=\"lazy\" decoding=\"async\" width=\"500\" height=\"500\" src=\"https:\/\/tangooled.com\/wp-content\/uploads\/2025\/06\/lp01c-ins.webp\" alt=\"30 degree optic lens diffuser double layer led aluminum channel\" class=\"wp-image-41920 size-full\" srcset=\"https:\/\/tangooled.com\/wp-content\/uploads\/2025\/06\/lp01c-ins.webp 500w, https:\/\/tangooled.com\/wp-content\/uploads\/2025\/06\/lp01c-ins-300x300.webp 300w, https:\/\/tangooled.com\/wp-content\/uploads\/2025\/06\/lp01c-ins-150x150.webp 150w\" sizes=\"auto, (max-width: 500px) 100vw, 500px\" \/><\/figure><\/div>\n<\/div>\n\n\n\n<div class=\"wp-block-group has-background is-vertical is-layout-flex wp-container-core-group-is-layout-b429018a wp-block-group-is-layout-flex\" style=\"background-color:#f1f1f1f2;padding-top:var(--wp--preset--spacing--70);padding-bottom:var(--wp--preset--spacing--70)\">\n<h2 class=\"wp-block-heading\" style=\"padding-top:var(--wp--preset--spacing--40);padding-bottom:var(--wp--preset--spacing--40);font-size:25px;font-style:normal;font-weight:600\">Bir\u00e7ok Kullan\u0131m \u0130\u00e7in M\u00fckemmel<\/h2>\n\n\n\n<p>Bu \u00e7ift katmanl\u0131 LED kanal\u0131 i\u00e7in iyi bir \u00e7\u00f6z\u00fcm:<\/p>\n\n\n\n<ul class=\"wp-block-list\">\n<li>Ma\u011faza vitrinleri: raflar ve vitrinler i\u00e7in ayd\u0131nlatma.<\/li>\n\n\n\n<li>\u0130\u015f alanlar\u0131: ofisler, koridorlar ve g\u00f6rev ayd\u0131nlatmas\u0131.<\/li>\n\n\n\n<li>L\u00fcks evler: mobilyalar, merdivenler ve dolaplar\u0131n alt\u0131 i\u00e7in ayd\u0131nlatma.<\/li>\n\n\n\n<li>M\u00fcze ve galeri \u0131\u015f\u0131klar\u0131: sanat\u0131 vurgulamak i\u00e7in parlamadan ka\u00e7\u0131nma.<\/li>\n<\/ul>\n<\/div>\n\n\n\n<div class=\"wp-block-group is-vertical is-layout-flex wp-container-core-group-is-layout-d255d7c4 wp-block-group-is-layout-flex\" style=\"padding-top:var(--wp--preset--spacing--80);padding-bottom:var(--wp--preset--spacing--80)\">\n<h2 class=\"wp-block-heading\" style=\"padding-top:var(--wp--preset--spacing--40);padding-bottom:var(--wp--preset--spacing--40);font-size:25px;font-style:normal;font-weight:600;text-transform:capitalize\">What\u2019s Included<\/h2>\n\n\n\n<ul class=\"wp-block-list\">\n<li>1x \u00c7ift Katmanl\u0131 Al\u00fcminyum LED Kanal<\/li>\n\n\n\n<li>1x 30\u00b0 Optic Lens Diffuser Cover<\/li>\n\n\n\n<li>2x U\u00e7 Kapak (birinde tel i\u00e7in delik, birinde sa\u011flam kapak)<\/li>\n<\/ul>\n<\/div>\n\n\n\n<div class=\"wp-block-group has-background is-vertical is-layout-flex wp-container-core-group-is-layout-b429018a wp-block-group-is-layout-flex\" style=\"background-color:#f1f1f1f2;padding-top:var(--wp--preset--spacing--70);padding-bottom:var(--wp--preset--spacing--70)\">\n<h2 class=\"wp-block-heading\" style=\"padding-top:var(--wp--preset--spacing--40);padding-bottom:var(--wp--preset--spacing--40);font-size:25px;font-style:normal;font-weight:600\">\u0130lgili \u00dcr\u00fcnlere Ba\u011flant\u0131lar<\/h2>\n\n\n\n<ul class=\"wp-block-list\">\n<li>Daha k\u00fc\u00e7\u00fck bir LED \u015feridi i\u00e7in bir profil mi gerekiyor? Kontrol edin <a href=\"https:\/\/tangooled.com\/tr\/urun\/black-led-diffuser-aluminum-channel-for-12mm-tape-lights\/\"><mark style=\"background-color:rgba(0, 0, 0, 0)\" class=\"has-inline-color has-vivid-red-color\">12mm \u015ferit \u0131\u015f\u0131klar\u0131 i\u00e7in siyah LED dif\u00fcz\u00f6r al\u00fcminyum kanal\u0131<\/mark><\/a>.<\/li>\n\n\n\n<li>D\u00fc\u015f\u00fck profilli ihtiya\u00e7lar i\u00e7in, deneyin <a href=\"https:\/\/tangooled.com\/tr\/urun\/25x6mm-low-profile-led-strip-channel-for-10mm-led-strip-light\/\"><mark style=\"background-color:rgba(0, 0, 0, 0)\" class=\"has-inline-color has-vivid-red-color\">10mm LED \u015ferit \u0131\u015f\u0131k i\u00e7in 25x6mm d\u00fc\u015f\u00fck profilli LED \u015ferit kanal\u0131<\/mark><\/a>.<\/li>\n\n\n\n<li>Daha geni\u015f bir \u0131\u015f\u0131n a\u00e7\u0131s\u0131 m\u0131 istiyorsunuz? G\u00f6r\u00fcn <a href=\"https:\/\/tangooled.com\/tr\/urun\/aluminum-profile-with-60-degree-lens-led-diffuser\/\"><mark style=\"background-color:rgba(0, 0, 0, 0)\" class=\"has-inline-color has-vivid-red-color\">60 derece lensli al\u00fcminyum profil LED dif\u00fcz\u00f6r<\/mark><\/a>. <\/li>\n<\/ul>\n<\/div>\n\n\n\n<div class=\"wp-block-group is-vertical is-layout-flex wp-container-core-group-is-layout-d255d7c4 wp-block-group-is-layout-flex\" style=\"padding-top:var(--wp--preset--spacing--80);padding-bottom:var(--wp--preset--spacing--80)\">\n<h2 class=\"wp-block-heading\" style=\"padding-top:var(--wp--preset--spacing--40);padding-bottom:var(--wp--preset--spacing--40);font-size:25px;font-style:normal;font-weight:600;text-transform:capitalize\">\u00d6zet<\/h2>\n\n\n\n<p>E\u011fer parlak, p\u00fcr\u00fczs\u00fcz ve odaklanm\u0131\u015f bir \u0131\u015f\u0131k istiyorsan\u0131z, 30 derece optik lensli bu \u00e7ift katmanl\u0131 LED al\u00fcminyum kanal\u0131 harika bir se\u00e7imdir. Keskin 30 derece dif\u00fcz\u00f6r ile \u0131\u015f\u0131k demetlerini net ve odaklanm\u0131\u015f hale getirir. Anodize al\u00fcminyum 6063-T5, \u0131s\u0131n\u0131n kolayca \u00e7\u0131kmas\u0131n\u0131 sa\u011flar. Bu lens dif\u00fcz\u00f6r kanal\u0131, evinizi daha parlak hale getirmek veya ayd\u0131nlatma tasar\u0131m projeleri \u00fczerinde \u00e7al\u0131\u015fmak gibi \u00e7e\u015fitli i\u015flerde m\u00fckemmeldir.<\/p>\n\n\n\n<p><\/p>\n<\/div>","protected":false},"featured_media":33350,"template":"","meta":{"_acf_changed":true,"_seopress_robots_primary_cat":"none","_seopress_titles_title":"30 Degree Optic Lens Double Layer LED Aluminum Channel | LP01C | TANGOOLED","_seopress_titles_desc":"Source the double layer LED aluminum channel featuring a 30 degree optic lens. Engineered for superior thermal management and precise beam control. Ideal for professional architectural lighting.","_seopress_robots_index":""},"pcb-width":[228],"product-cat":[201],"class_list":{"0":"post-47902","1":"product","2":"type-product","3":"status-publish","4":"has-post-thumbnail","6":"pcb-width-6-12mm","7":"product-cat-optic-lens-profile"},"acf":[],"_links":{"self":[{"href":"https:\/\/tangooled.com\/tr\/wp-json\/wp\/v2\/product\/47902","targetHints":{"allow":["GET"]}}],"collection":[{"href":"https:\/\/tangooled.com\/tr\/wp-json\/wp\/v2\/product"}],"about":[{"href":"https:\/\/tangooled.com\/tr\/wp-json\/wp\/v2\/types\/product"}],"wp:featuredmedia":[{"embeddable":true,"href":"https:\/\/tangooled.com\/tr\/wp-json\/wp\/v2\/media\/33350"}],"wp:attachment":[{"href":"https:\/\/tangooled.com\/tr\/wp-json\/wp\/v2\/media?parent=47902"}],"wp:term":[{"taxonomy":"pcb-width","embeddable":true,"href":"https:\/\/tangooled.com\/tr\/wp-json\/wp\/v2\/pcb-width?post=47902"},{"taxonomy":"product-cat","embeddable":true,"href":"https:\/\/tangooled.com\/tr\/wp-json\/wp\/v2\/product-cat?post=47902"}],"curies":[{"name":"wp","href":"https:\/\/api.w.org\/{rel}","templated":true}]}}