{"id":47897,"date":"2026-01-13T02:24:08","date_gmt":"2026-01-13T10:24:08","guid":{"rendered":"https:\/\/tangooled.com\/?post_type=product&#038;p=47897"},"modified":"2026-04-08T21:33:20","modified_gmt":"2026-04-09T05:33:20","slug":"10-degree-lens-surface-mount-led-channel-fp02l","status":"publish","type":"product","link":"https:\/\/tangooled.com\/tr\/urun\/10-degree-lens-surface-mount-led-channel-fp02l\/","title":{"rendered":"10 Derece Lens Y\u00fczey Montajl\u0131 LED Kanal FP02L"},"content":{"rendered":"<div class=\"wp-block-group is-vertical is-layout-flex wp-container-core-group-is-layout-d255d7c4 wp-block-group-is-layout-flex\" style=\"padding-top:var(--wp--preset--spacing--80);padding-bottom:var(--wp--preset--spacing--80)\">\n<p>This 10-degree lens LED channel features a slim aluminum profile with an inner width of 12.2 mm, compatible with high-density LED strips such as SMD3528 and SMD5050. It has a precision\u00a0optical lens that concentrates light into an ultra-narrow 10\u00b0 beam, giving you a sharp, long-distance light with little light spill.<br>Bu profil, y\u00fczey montaj\u0131 i\u00e7in tasarlanm\u0131\u015ft\u0131r ve u\u00e7 kapaklar ve montaj klipleri gibi sorunsuz bir kurulum i\u00e7in gereken t\u00fcm par\u00e7alar\u0131 i\u00e7erir. Y\u00fcksek tavanl\u0131 alanlarda, duvar boyunca ve hassas \u0131\u015f\u0131k kontrol\u00fc gereken belirli g\u00f6rev alanlar\u0131nda aksan ayd\u0131nlatmas\u0131 i\u00e7in en iyi se\u00e7imdir.<\/p>\n<\/div>\n\n\n\n<div class=\"wp-block-group has-background\" style=\"background-color:#f1f1f1;padding-top:var(--wp--preset--spacing--80);padding-bottom:var(--wp--preset--spacing--80)\"><div class=\"wp-block-group__inner-container is-layout-constrained wp-block-group-is-layout-constrained\">\n<div class=\"wp-block-group is-vertical is-layout-flex wp-container-core-group-is-layout-8cf370e7 wp-block-group-is-layout-flex\">\n<h2 class=\"wp-block-heading\" style=\"padding-top:var(--wp--preset--spacing--40);padding-bottom:var(--wp--preset--spacing--40);font-size:25px;font-style:normal;font-weight:600;text-transform:capitalize\">Neden 10 Derece Lens LED Kanal\u0131n\u0131 Se\u00e7melisiniz?<\/h2>\n\n\n\n<ul class=\"wp-block-list\">\n<li>Sharp 10\u00b0 Beam: The special lens focuses the light in a tight, narrow beam. This means the light goes right where you want it.<\/li>\n\n\n\n<li>Sa\u011flam Al\u00fcminyum Kanal: 6063-T5 anodize al\u00fcminyumdan yap\u0131lm\u0131\u015ft\u0131r. LED \u015feritlerinizi serin tutar ve \u0131\u015f\u0131\u011f\u0131n uzun s\u00fcre dayanmas\u0131n\u0131 sa\u011flar.<\/li>\n\n\n\n<li>Kolay Montaj: Klipler ve u\u00e7 kapaklar dahil y\u00fczey montaj\u0131 tasar\u0131m\u0131.<\/li>\n\n\n\n<li>\u015eeffaf Lens Dif\u00fcz\u00f6r\u00fc: Sararma yapmadan m\u00fckemmel \u0131\u015f\u0131k kontrol\u00fc sa\u011flamak i\u00e7in \u015feffaf polikarbonat lens kullan\u0131l\u0131r.<\/li>\n\n\n\n<li>Bir\u00e7ok Kullan\u0131m \u0130\u00e7in M\u00fckemmel: Evde, ofiste veya ma\u011fazada kullan\u0131n. Dolaplar, raflar, duvarlar veya vitrinlerde harikad\u0131r.<\/li>\n<\/ul>\n<\/div>\n<\/div><\/div>\n\n\n\n<div class=\"wp-block-group is-vertical is-layout-flex wp-container-core-group-is-layout-d255d7c4 wp-block-group-is-layout-flex\" style=\"padding-top:var(--wp--preset--spacing--80);padding-bottom:var(--wp--preset--spacing--80)\">\n<hr class=\"wp-block-separator has-alpha-channel-opacity\"\/>\n\n\n\n<div class=\"wp-block-media-text has-media-on-the-right is-stacked-on-mobile\" style=\"grid-template-columns:auto 40%\"><div class=\"wp-block-media-text__content\">\n<h2 class=\"wp-block-heading\" style=\"padding-top:var(--wp--preset--spacing--40);padding-bottom:var(--wp--preset--spacing--40);font-size:25px;font-style:normal;font-weight:600;text-transform:capitalize\">Kullan\u0131m\u0131 ve Kurulumu Kolay<\/h2>\n\n\n\n<ul class=\"wp-block-list\">\n<li>Al\u00fcminyum kanallar\u0131 ve lens dif\u00fcz\u00f6r\u00fcn\u00fc istenen uzunlukta bir metal testeresi ile kesin.<\/li>\n\n\n\n<li>LED \u015feridinin yap\u0131\u015fkan arka y\u00fczeyini soyun ve kanala s\u0131k\u0131ca bast\u0131r\u0131n.<\/li>\n\n\n\n<li>10 derecelik lens dif\u00fcz\u00f6r\u00fcn\u00fc yerine oturtun ve ard\u0131ndan kanal\u0131n her iki ucuna u\u00e7 kapaklar\u0131 tak\u0131n.<\/li>\n\n\n\n<li>Al\u00fcminyum kanal\u0131 duvarlara, tavanlara veya dolaplara ekli montaj klipleri ve vidalarla g\u00fcvenli bir \u015fekilde sabitleyin.<\/li>\n<\/ul>\n<\/div><figure class=\"wp-block-media-text__media\"><img loading=\"lazy\" decoding=\"async\" width=\"500\" height=\"500\" src=\"https:\/\/tangooled.com\/wp-content\/uploads\/2026\/01\/fp02l-ins.webp\" alt=\"10 degree lens surface mount led channel fp02l\" class=\"wp-image-49001 size-full\" srcset=\"https:\/\/tangooled.com\/wp-content\/uploads\/2026\/01\/fp02l-ins.webp 500w, https:\/\/tangooled.com\/wp-content\/uploads\/2026\/01\/fp02l-ins-300x300.webp 300w, https:\/\/tangooled.com\/wp-content\/uploads\/2026\/01\/fp02l-ins-150x150.webp 150w\" sizes=\"auto, (max-width: 500px) 100vw, 500px\" \/><\/figure><\/div>\n<\/div>\n\n\n\n<div class=\"wp-block-group has-background is-vertical is-layout-flex wp-container-core-group-is-layout-b429018a wp-block-group-is-layout-flex\" style=\"background-color:#f1f1f1f2;padding-top:var(--wp--preset--spacing--70);padding-bottom:var(--wp--preset--spacing--70)\">\n<h2 class=\"wp-block-heading\" style=\"padding-top:var(--wp--preset--spacing--40);padding-bottom:var(--wp--preset--spacing--40);font-size:25px;font-style:normal;font-weight:600\">10 Derece Lens LED Kanal\u0131m\u0131z\u0131 Nerelerde Kullanabilirsiniz?<\/h2>\n\n\n\n<p>Bu 10 derecelik lens LED kanal\u0131 i\u00e7in m\u00fckemmel olan yerler:<\/p>\n\n\n\n<ul class=\"wp-block-list\">\n<li>Aksan Ayd\u0131nlatmas\u0131: Sanat eserlerini, mimari detaylar\u0131 veya ev dekorunu vurgulayarak etkileyici bir g\u00f6rsel etki yaratmak i\u00e7in.<\/li>\n\n\n\n<li>Tavan Ayd\u0131nlatmas\u0131: Tavan \u00fczerine kurulum yaparak \u015f\u0131k, modern bir \u015fekilde \u0131\u015f\u0131k veren odakl\u0131 downlight'ler olu\u015fturun.<\/li>\n\n\n\n<li>Dolap Alt\u0131 Ayd\u0131nlatmas\u0131: Y\u00fczeylerinizi ayd\u0131nlatmak ve mutfa\u011f\u0131n\u0131za \u015f\u0131k, profesyonel bir g\u00f6r\u00fcn\u00fcm kazand\u0131rmak i\u00e7in odaklanm\u0131\u015f, parlama yapmayan \u0131\u015f\u0131k kullan\u0131n.<\/li>\n\n\n\n<li>Sergi ve Raf Ayd\u0131nlatmas\u0131: E\u015fyalar\u0131n\u0131za veya koleksiyonlar\u0131n\u0131za dikkat \u00e7ekmek i\u00e7in dar bir \u0131\u015f\u0131k \u0131\u015f\u0131n\u0131 kullan\u0131n.<\/li>\n\n\n\n<li>Architectural Highlighting: Use a crisp, strong line of light to show off the building&#8217;s interior or exterior&#8217;s unique lines, edges, and corners.<\/li>\n<\/ul>\n<\/div>\n\n\n\n<div class=\"wp-block-group is-vertical is-layout-flex wp-container-core-group-is-layout-d255d7c4 wp-block-group-is-layout-flex\" style=\"padding-top:var(--wp--preset--spacing--80);padding-bottom:var(--wp--preset--spacing--80)\">\n<h2 class=\"wp-block-heading\" style=\"padding-top:var(--wp--preset--spacing--40);padding-bottom:var(--wp--preset--spacing--40);font-size:25px;font-style:normal;font-weight:600;text-transform:capitalize\">\u00d6zet<\/h2>\n\n\n\n<p>Kanal i\u00e7indeki lens, LED \u0131\u015f\u0131\u011f\u0131n\u0131 dar bir 10 derece \u0131\u015f\u0131n a\u00e7\u0131s\u0131na odaklar. Bu, \u0131\u015f\u0131klar\u0131 parlak ve keskin yapar. 15, 20 veya 60 derece gibi di\u011fer dif\u00fcz\u00f6r \u0131\u015f\u0131nlar\u0131, daha geni\u015f bir alan\u0131 yumu\u015fat\u0131r. Kenar ve detaylar\u0131yla harika bir aksan ayd\u0131nlatmas\u0131 istiyorsan\u0131z, bu 10 derecelik lens LED kanal\u0131 m\u00fckemmeldir.<\/p>\n<\/div>\n\n\n\n<p><\/p>","protected":false},"featured_media":14209,"template":"","meta":{"_acf_changed":false,"_seopress_robots_primary_cat":"none","_seopress_titles_title":"10 Degree Lens LED Channel | Surface Mount Profile | TANGOOLED","_seopress_titles_desc":"Source this 10 degree lens LED channel for ultra-narrow beam control. Ideal for high-ceiling accent lighting and wall washing. High-quality surface mount profile from TANGOOLED.","_seopress_robots_index":""},"pcb-width":[228],"product-cat":[201],"class_list":{"0":"post-47897","1":"product","2":"type-product","3":"status-publish","4":"has-post-thumbnail","6":"pcb-width-6-12mm","7":"product-cat-optic-lens-profile"},"acf":[],"_links":{"self":[{"href":"https:\/\/tangooled.com\/tr\/wp-json\/wp\/v2\/product\/47897","targetHints":{"allow":["GET"]}}],"collection":[{"href":"https:\/\/tangooled.com\/tr\/wp-json\/wp\/v2\/product"}],"about":[{"href":"https:\/\/tangooled.com\/tr\/wp-json\/wp\/v2\/types\/product"}],"wp:featuredmedia":[{"embeddable":true,"href":"https:\/\/tangooled.com\/tr\/wp-json\/wp\/v2\/media\/14209"}],"wp:attachment":[{"href":"https:\/\/tangooled.com\/tr\/wp-json\/wp\/v2\/media?parent=47897"}],"wp:term":[{"taxonomy":"pcb-width","embeddable":true,"href":"https:\/\/tangooled.com\/tr\/wp-json\/wp\/v2\/pcb-width?post=47897"},{"taxonomy":"product-cat","embeddable":true,"href":"https:\/\/tangooled.com\/tr\/wp-json\/wp\/v2\/product-cat?post=47897"}],"curies":[{"name":"wp","href":"https:\/\/api.w.org\/{rel}","templated":true}]}}