{"id":47893,"date":"2026-01-13T02:18:38","date_gmt":"2026-01-13T10:18:38","guid":{"rendered":"https:\/\/tangooled.com\/?post_type=product&#038;p=47893"},"modified":"2026-02-02T01:38:16","modified_gmt":"2026-02-02T09:38:16","slug":"aluminum-led-profile-30-degree-lens-diffuser-for-10mm-strips","status":"publish","type":"product","link":"https:\/\/tangooled.com\/tr\/urun\/aluminum-led-profile-30-degree-lens-diffuser-for-10mm-strips\/","title":{"rendered":"10mm \u015feritler i\u00e7in 30 derece lens dif\u00fcz\u00f6rl\u00fc al\u00fcminyum LED profili"},"content":{"rendered":"<div class=\"wp-block-group is-vertical is-layout-flex wp-container-core-group-is-layout-d255d7c4 wp-block-group-is-layout-flex\" style=\"padding-top:var(--wp--preset--spacing--80);padding-bottom:var(--wp--preset--spacing--80)\">\n<p>Bu 30 derece lensli al\u00fcminyum led profili, odaklanm\u0131\u015f \u0131\u015f\u0131k vermek i\u00e7in tasarlanm\u0131\u015ft\u0131r. 17.2mm geni\u015fli\u011finde ve 12.9mm y\u00fcksekli\u011finde \u00f6l\u00e7\u00fclmektedir. Standart 10mm LED \u015feritleri ile \u00e7al\u0131\u015f\u0131r ve LED \u0131\u015f\u0131\u011f\u0131n\u0131 dar bir \u0131\u015f\u0131k yay\u0131c\u0131 a\u00e7\u0131lara yo\u011funla\u015ft\u0131rmak i\u00e7in \u015feffaf lens dif\u00fcz\u00f6r\u00fcne sahiptir, bu da onu aksan LED \u015ferit ayd\u0131nlatma uygulamalar\u0131 i\u00e7in uygundur. 30 derece lens dif\u00fcz\u00f6r\u00fcne sahip bu al\u00fcminyum LED profili, kolay kurulum i\u00e7in montaj klipleri ile birlikte gelir. Herhangi bir y\u00fczeye g\u00fcvenli bir \u015fekilde monte edilebilir. \u0130ster bir perakende sergisini ayd\u0131nlatmak ister evinize \u015f\u0131k detaylar eklemek olsun, bu profil dayan\u0131kl\u0131l\u0131\u011f\u0131 \u015f\u0131k, profesyonel bir fini\u0307\u015f ile birle\u015ftirir.<\/p>\n<\/div>\n\n\n\n<div class=\"wp-block-group has-background\" style=\"background-color:#f1f1f1;padding-top:var(--wp--preset--spacing--80);padding-bottom:var(--wp--preset--spacing--80)\"><div class=\"wp-block-group__inner-container is-layout-constrained wp-block-group-is-layout-constrained\">\n<div class=\"wp-block-group is-vertical is-layout-flex wp-container-core-group-is-layout-8cf370e7 wp-block-group-is-layout-flex\">\n<h2 class=\"wp-block-heading\" style=\"padding-top:var(--wp--preset--spacing--40);padding-bottom:var(--wp--preset--spacing--40);font-size:25px;font-style:normal;font-weight:600;text-transform:capitalize\">Neden 30 Derece Lens LED Profilimizi Tercih Etmelisiniz?<\/h2>\n\n\n\n<p>30 derece lensli led profilimiz bir\u00e7ok avantaj sunar:<\/p>\n\n\n\n<ul class=\"wp-block-list\">\n<li>Focused light beam: The 30\u00b0 lens makes a tight beam of light that doesn&#8217;t cause glare, so it goes exactly where you want it to.<\/li>\n\n\n\n<li>Strong aluminum channel: It keeps LED strips cool and makes them last\u00a0longer by acting as a heat sink.<\/li>\n\n\n\n<li>This\u00a0channel\u00a0is great for 10mm LED strips because it has an inner width of 12mm. It works with popular models like the 5050 and 2835.<\/li>\n\n\n\n<li>Bu \u00fcr\u00fcn, her \u015feyi h\u0131zl\u0131 ve d\u00fczenli bir \u015fekilde kurman\u0131z i\u00e7in ihtiya\u00e7 duydu\u011funuz her \u015feyle birlikte gelir, u\u00e7 kapaklar ve montaj klipleri dahil.<\/li>\n<\/ul>\n<\/div>\n<\/div><\/div>\n\n\n\n<div class=\"wp-block-group is-vertical is-layout-flex wp-container-core-group-is-layout-d255d7c4 wp-block-group-is-layout-flex\" style=\"padding-top:var(--wp--preset--spacing--80);padding-bottom:var(--wp--preset--spacing--80)\">\n<hr class=\"wp-block-separator has-alpha-channel-opacity\"\/>\n\n\n\n<div class=\"wp-block-media-text has-media-on-the-right is-stacked-on-mobile\" style=\"grid-template-columns:auto 40%\"><div class=\"wp-block-media-text__content\">\n<h2 class=\"wp-block-heading\" style=\"padding-top:var(--wp--preset--spacing--40);padding-bottom:var(--wp--preset--spacing--40);font-size:25px;font-style:normal;font-weight:600;text-transform:capitalize\">En \u0130yi Sonu\u00e7lar i\u00e7in Kurulum \u0130pu\u00e7lar\u0131<\/h2>\n\n\n\n<ul class=\"wp-block-list\">\n<li>Make sure the LED strip is firmly attached to the base of the aluminum channel. Drill\u00a0a hole in the channel and run the power cord through it.<\/li>\n\n\n\n<li>Montaj kliplerini monte etmek istedi\u011finiz y\u00fczeye vidalay\u0131n.<\/li>\n\n\n\n<li>Al\u00fcminyum kanal\u0131 zaten yerinde olan kliplerin \u00fczerine yerle\u015ftirin.<\/li>\n\n\n\n<li>G\u00fc\u00e7 kablosunu g\u00fc\u00e7 kayna\u011f\u0131na tak\u0131n.<\/li>\n\n\n\n<li>Kurulumu tamamlamak i\u00e7in u\u00e7 kapaklar\u0131 yerle\u015ftirin ve LED dif\u00fcz\u00f6r kapa\u011f\u0131n\u0131 tak\u0131n.<\/li>\n<\/ul>\n<\/div><figure class=\"wp-block-media-text__media\"><img loading=\"lazy\" decoding=\"async\" width=\"500\" height=\"500\" src=\"https:\/\/tangooled.com\/wp-content\/uploads\/2026\/01\/fp01l-ins.webp\" alt=\"aluminum led profile with 30 degree lens diffuser for 10mm led strips\" class=\"wp-image-48331 size-full\" srcset=\"https:\/\/tangooled.com\/wp-content\/uploads\/2026\/01\/fp01l-ins.webp 500w, https:\/\/tangooled.com\/wp-content\/uploads\/2026\/01\/fp01l-ins-300x300.webp 300w, https:\/\/tangooled.com\/wp-content\/uploads\/2026\/01\/fp01l-ins-150x150.webp 150w\" sizes=\"auto, (max-width: 500px) 100vw, 500px\" \/><\/figure><\/div>\n<\/div>\n\n\n\n<div class=\"wp-block-group has-background\" style=\"background-color:#f1f1f1f2;padding-top:var(--wp--preset--spacing--80);padding-bottom:var(--wp--preset--spacing--80)\"><div class=\"wp-block-group__inner-container is-layout-constrained wp-block-group-is-layout-constrained\">\n<h2 class=\"wp-block-heading\" style=\"padding-top:var(--wp--preset--spacing--40);padding-bottom:var(--wp--preset--spacing--40);font-size:25px;font-style:normal;font-weight:600\">30 Derece Lens LED Profilini Nerede Kullanabilirsiniz?<\/h2>\n\n\n\n<ul class=\"wp-block-list\">\n<li>Ev Dolab\u0131 Ayd\u0131nlatmas\u0131: Mutfak veya dolaplar\u0131n\u0131za koyarak raf ayd\u0131nlatmas\u0131n\u0131 parlamadan ger\u00e7ekle\u015ftirin.<\/li>\n\n\n\n<li>\u0130\u015fletmeler i\u00e7in: D\u00fckkan vitrinleri, tezgahlar ve hedeflenen ayd\u0131nlatma vurgular\u0131 i\u00e7in harika.<\/li>\n\n\n\n<li>Mimari Ayd\u0131nlatma: Tavan \u00e7izgilerini, duvar vurgular\u0131n\u0131 ve g\u00fczel lineer \u0131\u015f\u0131k tasar\u0131mlar\u0131n\u0131 ayd\u0131nlatmak i\u00e7in kullan\u0131n.<\/li>\n\n\n\n<li>Closets and shelves: Helps make light that is concentrated and doesn&#8217;t cause glare for everyday use.<\/li>\n<\/ul>\n<\/div><\/div>\n\n\n\n<div class=\"wp-block-group is-vertical is-layout-flex wp-container-core-group-is-layout-d255d7c4 wp-block-group-is-layout-flex\" style=\"padding-top:var(--wp--preset--spacing--80);padding-bottom:var(--wp--preset--spacing--80)\">\n<h2 class=\"wp-block-heading\" style=\"padding-top:var(--wp--preset--spacing--40);padding-bottom:var(--wp--preset--spacing--40);font-size:25px;font-style:normal;font-weight:600;text-transform:capitalize\">Daha Fazla LED Profili Ke\u015ffedin<\/h2>\n\n\n\n<ul class=\"wp-block-list\">\n<li><a href=\"https:\/\/tangooled.com\/tr\/urun\/led-strip-light-channel-aluminum-profile-with-diffused-cover-6mm-height\/\"><mark style=\"background-color:rgba(0, 0, 0, 0)\" class=\"has-inline-color has-vivid-red-color\">Dif\u00fcz\u00f6r kapakl\u0131 6mm y\u00fckseklikteki LED \u015ferit \u0131\u015f\u0131k kanal\u0131 al\u00fcminyum profil<\/mark><\/a><\/li>\n\n\n\n<li><a href=\"https:\/\/tangooled.com\/tr\/urun\/black-aluminum-u-channel-profile-for-10mm-led-strips\/\"><mark style=\"background-color:rgba(0, 0, 0, 0)\" class=\"has-inline-color has-vivid-red-color\">10mm led \u015feritler i\u00e7in siyah al\u00fcminyum U kanal\u0131 profili<\/mark><\/a><\/li>\n\n\n\n<li><a href=\"https:\/\/tangooled.com\/tr\/urun\/aluminum-profile-with-60-degree-lens-led-diffuser\/\"><mark style=\"background-color:rgba(0, 0, 0, 0)\" class=\"has-inline-color has-vivid-red-color\">60 derece mercek led dif\u00fcz\u00f6r\u00fc olan al\u00fcminyum profil<\/mark><\/a><\/li>\n\n\n\n<li><a href=\"https:\/\/tangooled.com\/tr\/urun\/15x16mm-led-channel-with-half-round-diffuser-for-10mm-led-strips\/\"><mark style=\"background-color:rgba(0, 0, 0, 0)\" class=\"has-inline-color has-vivid-red-color\">10mm LED \u015feritler i\u00e7in yar\u0131 yuvarlak dif\u00fcz\u00f6rl\u00fc 15x16mm LED kanal\u0131<\/mark><\/a><\/li>\n<\/ul>\n<\/div>\n\n\n\n<div class=\"wp-block-group has-background\" style=\"background-color:#f1f1f1f2;padding-top:var(--wp--preset--spacing--80);padding-bottom:var(--wp--preset--spacing--80)\"><div class=\"wp-block-group__inner-container is-layout-constrained wp-block-group-is-layout-constrained\">\n<h2 class=\"wp-block-heading\" style=\"padding-top:var(--wp--preset--spacing--40);padding-bottom:var(--wp--preset--spacing--40);font-size:25px;font-style:normal;font-weight:600\">Profesyonel Kurulum i\u00e7in Tam Kit<\/h2>\n\n\n\n<ul class=\"wp-block-list\">\n<li>1X Al\u00fcminyum kanal(model TG-FP01L)<\/li>\n\n\n\n<li>1x 30 derece optik lens dif\u00fcz\u00f6r (\u015feffaf, sert plastik)<\/li>\n\n\n\n<li>2x G\u00fcvenli tutu\u015f i\u00e7in montaj klipleri<\/li>\n\n\n\n<li>2x U\u00e7 kapak (birinde kablo deli\u011fi, di\u011ferinde yok)<br><\/li>\n<\/ul>\n<\/div><\/div>\n\n\n\n<div class=\"wp-block-group is-vertical is-layout-flex wp-container-core-group-is-layout-d255d7c4 wp-block-group-is-layout-flex\" style=\"padding-top:var(--wp--preset--spacing--80);padding-bottom:var(--wp--preset--spacing--80)\">\n<h2 class=\"wp-block-heading\" style=\"padding-top:var(--wp--preset--spacing--40);padding-bottom:var(--wp--preset--spacing--40);font-size:25px;font-style:normal;font-weight:600;text-transform:capitalize\">\u00d6zet<\/h2>\n\n\n\n<p>Bu 30 derece lens dif\u00fcz\u00f6r\u00fc olan al\u00fcminyum LED profili, LED \u015ferit \u0131\u015f\u0131\u011f\u0131 i\u00e7in harikad\u0131r. 10mm LED \u015feritlerinden odaklanm\u0131\u015f, net \u0131\u015f\u0131k isteyen insanlar i\u00e7in tasarlanm\u0131\u015ft\u0131r. Aksan ayd\u0131nlatma \u00e7\u0131k\u0131nt\u0131s\u0131, duvar ayd\u0131nlatma LED profilleri, DIY ayd\u0131nlatma projeleri veya mimari ayd\u0131nlatma tasar\u0131m\u0131 i\u00e7in kullanabilirsiniz. G\u00fc\u00e7l\u00fc \u0131\u015f\u0131n, detaylar\u0131 vurgulaman\u0131za ve \u0131\u015f\u0131k s\u0131z\u0131nt\u0131s\u0131n\u0131 ve parlamay\u0131 azaltman\u0131za yard\u0131mc\u0131 olur.<\/p>\n<\/div>\n\n\n\n<p><\/p>","protected":false},"featured_media":14204,"template":"","meta":{"_acf_changed":true,"_seopress_robots_primary_cat":"none","_seopress_titles_title":"30 Degree Lens LED Profile | Aluminum Channel | FP01L | TANGOOLED","_seopress_titles_desc":"Source this aluminum LED profile featuring a 30 degree lens diffuser. Designed for 10mm LED strips, it provides focused beam control for wall washing and accent lighting.","_seopress_robots_index":""},"pcb-width":[228],"product-cat":[201],"class_list":{"0":"post-47893","1":"product","2":"type-product","3":"status-publish","4":"has-post-thumbnail","6":"pcb-width-6-12mm","7":"product-cat-optic-lens-profile"},"acf":[],"_links":{"self":[{"href":"https:\/\/tangooled.com\/tr\/wp-json\/wp\/v2\/product\/47893","targetHints":{"allow":["GET"]}}],"collection":[{"href":"https:\/\/tangooled.com\/tr\/wp-json\/wp\/v2\/product"}],"about":[{"href":"https:\/\/tangooled.com\/tr\/wp-json\/wp\/v2\/types\/product"}],"wp:featuredmedia":[{"embeddable":true,"href":"https:\/\/tangooled.com\/tr\/wp-json\/wp\/v2\/media\/14204"}],"wp:attachment":[{"href":"https:\/\/tangooled.com\/tr\/wp-json\/wp\/v2\/media?parent=47893"}],"wp:term":[{"taxonomy":"pcb-width","embeddable":true,"href":"https:\/\/tangooled.com\/tr\/wp-json\/wp\/v2\/pcb-width?post=47893"},{"taxonomy":"product-cat","embeddable":true,"href":"https:\/\/tangooled.com\/tr\/wp-json\/wp\/v2\/product-cat?post=47893"}],"curies":[{"name":"wp","href":"https:\/\/api.w.org\/{rel}","templated":true}]}}