{"id":47891,"date":"2026-01-13T02:05:15","date_gmt":"2026-01-13T10:05:15","guid":{"rendered":"https:\/\/tangooled.com\/?post_type=product&#038;p=47891"},"modified":"2026-02-02T01:38:34","modified_gmt":"2026-02-02T09:38:34","slug":"led-square-diffuser-aluminum-channel-20x23mm-inner-17mm","status":"publish","type":"product","link":"https:\/\/tangooled.com\/tr\/urun\/led-square-diffuser-aluminum-channel-20x23mm-inner-17mm\/","title":{"rendered":"LED kare dif\u00fcz\u00f6r al\u00fcminyum kanal\u0131 20x23mm i\u00e7 17mm"},"content":{"rendered":"<div class=\"wp-block-group is-vertical is-layout-flex wp-container-core-group-is-layout-d255d7c4 wp-block-group-is-layout-flex\" style=\"padding-top:var(--wp--preset--spacing--80);padding-bottom:var(--wp--preset--spacing--80)\">\n<p>LP20B, \u015f\u0131k bir mimari tasar\u0131ma sahip 20x23 mm LED kare dif\u00fcz\u00f6r al\u00fcminyum kanald\u0131r. 17,4 mm i\u00e7 geni\u015flik ve derin profil tasar\u0131m\u0131, daha geni\u015f LED \u015feritleri i\u00e7in idealdir. Bu, \u0131s\u0131y\u0131 etkili bir \u015fekilde y\u00f6netebilmesi anlam\u0131na gelir ve kare dif\u00fcz\u00f6r, \u0131\u015f\u0131\u011f\u0131 p\u00fcr\u00fczs\u00fcz ve noktas\u0131z hale getirir. Al\u00fcminyum kanal\u0131 temiz bir y\u00fczeye montaj klipleri ile kolay ve g\u00fcvenli bir \u015fekilde kurabilirsiniz. Bu kanal, uyumlu u\u00e7 kapaklara sahiptir ve i\u00e7 elemanlar\u0131n\u0131 gizler, b\u00f6ylece evlerde, i\u015fletmelerde veya ma\u011faza vitrinlerinde d\u00fczenli g\u00f6r\u00fcn\u00fcr.<\/p>\n<\/div>\n\n\n\n<div class=\"wp-block-group has-background\" style=\"background-color:#f1f1f1;padding-top:var(--wp--preset--spacing--80);padding-bottom:var(--wp--preset--spacing--80)\"><div class=\"wp-block-group__inner-container is-layout-constrained wp-block-group-is-layout-constrained\">\n<div class=\"wp-block-group is-vertical is-layout-flex wp-container-core-group-is-layout-8cf370e7 wp-block-group-is-layout-flex\">\n<h2 class=\"wp-block-heading\" style=\"padding-top:var(--wp--preset--spacing--40);padding-bottom:var(--wp--preset--spacing--40);font-size:25px;font-style:normal;font-weight:600;text-transform:capitalize\">Neden 20x23 mm LED Kare Dif\u00fcz\u00f6r Al\u00fcminyum Kanal\u0131m\u0131z\u0131 Se\u00e7melisiniz?<\/h2>\n\n\n\n<ul class=\"wp-block-list\">\n<li>G\u00fc\u00e7l\u00fc \u0131s\u0131 da\u011f\u0131t\u0131c\u0131: 6063-T5 al\u00fcminyum, LED'in a\u015f\u0131r\u0131 \u0131s\u0131nmas\u0131n\u0131 \u00f6nler, b\u00f6ylece \u00f6mr\u00fcn\u00fc uzat\u0131r.<\/li>\n\n\n\n<li>Noktas\u0131z ayd\u0131nlatma: Opal-buzlu dif\u00fcz\u00f6r, \u0131\u015f\u0131\u011f\u0131 e\u015fit ve yumu\u015fak bir \u015fekilde da\u011f\u0131t\u0131r.<\/li>\n\n\n\n<li>Geni\u015f ve \u00e7ift s\u0131ra LED band\u0131, i\u00e7 geni\u015fli\u011fi 17 mm'ye kadar olan \u015feritleri kabul eder.<\/li>\n\n\n\n<li>G\u00fc\u00e7l\u00fc ve d\u00fczenli: LED'leri tozdan ve hasardan korur.<\/li>\n\n\n\n<li>G\u00fcm\u00fc\u015f, siyah veya beyaz kaplamalar aras\u0131ndan se\u00e7im yapabilirsiniz.<\/li>\n\n\n\n<li>Klipler ve u\u00e7 kapaklar ile birlikte gelir, montaj\u0131 kolay hale getirir.<\/li>\n<\/ul>\n<\/div>\n<\/div><\/div>\n\n\n\n<div class=\"wp-block-group is-vertical is-layout-flex wp-container-core-group-is-layout-d255d7c4 wp-block-group-is-layout-flex\" style=\"padding-top:var(--wp--preset--spacing--80);padding-bottom:var(--wp--preset--spacing--80)\">\n<hr class=\"wp-block-separator has-alpha-channel-opacity\"\/>\n\n\n\n<div class=\"wp-block-media-text has-media-on-the-right is-stacked-on-mobile\" style=\"grid-template-columns:auto 40%\"><div class=\"wp-block-media-text__content\">\n<h2 class=\"wp-block-heading\" style=\"padding-top:var(--wp--preset--spacing--40);padding-bottom:var(--wp--preset--spacing--40);font-size:25px;font-style:normal;font-weight:600;text-transform:capitalize\">Montaj Ad\u0131mlar\u0131<\/h2>\n\n\n\n<ul class=\"wp-block-list\">\n<li>Montaj kliplerini&nbsp;y\u00fczeye tak\u0131n.<\/li>\n\n\n\n<li>LED \u015feridinizi al\u00fcminyum&nbsp;kanala yerle\u015ftirin.<\/li>\n\n\n\n<li>Kanal\u0131 kliplere yerle\u015ftirin.<\/li>\n\n\n\n<li>Tam bir biti\u015f sa\u011flamak i\u00e7in u\u00e7 kapaklar\u0131 ve dif\u00fcz\u00f6r kapa\u011f\u0131n\u0131 tak\u0131n.<\/li>\n<\/ul>\n<\/div><figure class=\"wp-block-media-text__media\"><img loading=\"lazy\" decoding=\"async\" width=\"500\" height=\"500\" src=\"https:\/\/tangooled.com\/wp-content\/uploads\/2026\/01\/lp20b-ins.webp\" alt=\"led square diffuser aluminum channel 20x23mm inner 17mm\" class=\"wp-image-48329 size-full\" srcset=\"https:\/\/tangooled.com\/wp-content\/uploads\/2026\/01\/lp20b-ins.webp 500w, https:\/\/tangooled.com\/wp-content\/uploads\/2026\/01\/lp20b-ins-300x300.webp 300w, https:\/\/tangooled.com\/wp-content\/uploads\/2026\/01\/lp20b-ins-150x150.webp 150w\" sizes=\"auto, (max-width: 500px) 100vw, 500px\" \/><\/figure><\/div>\n<\/div>\n\n\n\n<div class=\"wp-block-group has-background is-vertical is-layout-flex wp-container-core-group-is-layout-b429018a wp-block-group-is-layout-flex\" style=\"background-color:#f1f1f1f2;padding-top:var(--wp--preset--spacing--70);padding-bottom:var(--wp--preset--spacing--70)\">\n<h2 class=\"wp-block-heading\" style=\"padding-top:var(--wp--preset--spacing--40);padding-bottom:var(--wp--preset--spacing--40);font-size:25px;font-style:normal;font-weight:600\">LED Al\u00fcminyum Kanal\u0131m\u0131z\u0131 Nas\u0131l Kullan\u0131rs\u0131n\u0131z<\/h2>\n\n\n\n<ul class=\"wp-block-list\">\n<li>Dolaplar\u0131n Alt\u0131nda: D\u00fczenli bir tasar\u0131m ve parlak bir \u00e7al\u0131\u015fma \u0131\u015f\u0131\u011f\u0131.<\/li>\n\n\n\n<li>Gard\u0131roplar ve dolaplar: Kolayca tak\u0131labilen parlak raf \u0131\u015f\u0131klar\u0131.<\/li>\n\n\n\n<li>Duvarlar ve tavanlarda ma\u011fazalar ve ofisler i\u00e7in temiz, parlak \u015ferit \u0131\u015f\u0131klar\u0131.<\/li>\n\n\n\n<li>Sergi Vitrinleri: \u00dcr\u00fcnlerinizi sergilemek i\u00e7in yumu\u015fak, e\u015fit \u0131\u015f\u0131k kullan\u0131n.<\/li>\n\n\n\n<li>K\u00f6\u015fe ve vurgu ayd\u0131nlatmas\u0131: Mimari \u00f6zellikleri vurgulay\u0131n.<\/li>\n<\/ul>\n<\/div>\n\n\n\n<div class=\"wp-block-group is-vertical is-layout-flex wp-container-core-group-is-layout-d255d7c4 wp-block-group-is-layout-flex\" style=\"padding-top:var(--wp--preset--spacing--80);padding-bottom:var(--wp--preset--spacing--80)\">\n<h2 class=\"wp-block-heading\" style=\"padding-top:var(--wp--preset--spacing--40);padding-bottom:var(--wp--preset--spacing--40);font-size:25px;font-style:normal;font-weight:600;text-transform:capitalize\">Be\u011fenebilece\u011finiz \u0130lgili \u00dcr\u00fcnler<\/h2>\n\n\n\n<ul class=\"wp-block-list\">\n<li><a href=\"https:\/\/tangooled.com\/tr\/urun\/black-led-diffuser-aluminum-channel-for-12mm-tape-lights\/\"><mark style=\"background-color:rgba(0, 0, 0, 0)\" class=\"has-inline-color has-vivid-red-color\">12 mm bant i\u015f\u0131klar\u0131 i\u00e7in siyah LED dif\u00fcz\u00f6r al\u00fcminyum kanal\u0131<\/mark><\/a><\/li>\n\n\n\n<li><a href=\"https:\/\/tangooled.com\/tr\/urun\/surface-mount-led-profile-with-frosted-diffuser-for-10mm-rope-lights\/\"><mark style=\"background-color:rgba(0, 0, 0, 0)\" class=\"has-inline-color has-vivid-red-color\">10 mm kablo \u0131\u015f\u0131klar\u0131 i\u00e7in frosted dif\u00fcz\u00f6rl\u00fc y\u00fczey montaj LED profili<\/mark><\/a><\/li>\n\n\n\n<li><a href=\"https:\/\/tangooled.com\/tr\/urun\/recessed-aluminum-profile-17x8mm-for-led-strip-lighting\/\"><mark style=\"background-color:rgba(0, 0, 0, 0)\" class=\"has-inline-color has-vivid-red-color\">LED \u015ferit ayd\u0131nlatmas\u0131 i\u00e7in 17x8 mm g\u00f6mme al\u00fcminyum profili<\/mark><\/a><\/li>\n\n\n\n<li><a href=\"https:\/\/tangooled.com\/tr\/urun\/17mm-led-strip-light-aluminum-channel-for-surface-mounting\/\"><mark style=\"background-color:rgba(0, 0, 0, 0)\" class=\"has-inline-color has-vivid-red-color\">Y\u00fczey montaj i\u00e7in 17 mm LED \u015ferit \u0131\u015f\u0131k al\u00fcminyum kanal\u0131<\/mark><\/a><\/li>\n<\/ul>\n<\/div>\n\n\n\n<div class=\"wp-block-group has-background is-vertical is-layout-flex wp-container-core-group-is-layout-b429018a wp-block-group-is-layout-flex\" style=\"background-color:#f1f1f1f2;padding-top:var(--wp--preset--spacing--70);padding-bottom:var(--wp--preset--spacing--70)\">\n<h2 class=\"wp-block-heading\" style=\"padding-top:var(--wp--preset--spacing--40);padding-bottom:var(--wp--preset--spacing--40);font-size:25px;font-style:normal;font-weight:600\">\u00d6zet<\/h2>\n\n\n\n<p style=\"padding-right:var(--wp--preset--spacing--50);padding-left:var(--wp--preset--spacing--50)\">20x23 mm LED kare dif\u00fcz\u00f6r al\u00fcminyum kanal\u0131m\u0131z, LED \u015ferit \u0131\u015f\u0131klar\u0131n\u0131z\u0131 d\u00fczenli, parlak ve g\u00fcvenli tutman\u0131n ideal yoludur. Bu LED kanal\u0131, evleri, i\u015fletmeleri ve daha pek \u00e7ok alan\u0131 ayd\u0131nlatmak gibi bir\u00e7ok ama\u00e7 i\u00e7in kullan\u0131labilir.<\/p>\n<\/div>\n\n\n\n<p><\/p>","protected":false},"featured_media":14110,"template":"","meta":{"_acf_changed":true,"_seopress_robots_primary_cat":"none","_seopress_titles_title":"20x23mm LED Square Diffuser Aluminum Channel LP20B | TANGOOLED","_seopress_titles_desc":"Source this 20x23mm LED square diffuser aluminum channel. Featuring a 17mm inner width, it provides deep housing for high-density LED strips with a flat, modern finish.","_seopress_robots_index":""},"pcb-width":[229],"product-cat":[192],"class_list":{"0":"post-47891","1":"product","2":"type-product","3":"status-publish","4":"has-post-thumbnail","6":"pcb-width-15-20mm","7":"product-cat-surface-led-profile"},"acf":[],"_links":{"self":[{"href":"https:\/\/tangooled.com\/tr\/wp-json\/wp\/v2\/product\/47891","targetHints":{"allow":["GET"]}}],"collection":[{"href":"https:\/\/tangooled.com\/tr\/wp-json\/wp\/v2\/product"}],"about":[{"href":"https:\/\/tangooled.com\/tr\/wp-json\/wp\/v2\/types\/product"}],"wp:featuredmedia":[{"embeddable":true,"href":"https:\/\/tangooled.com\/tr\/wp-json\/wp\/v2\/media\/14110"}],"wp:attachment":[{"href":"https:\/\/tangooled.com\/tr\/wp-json\/wp\/v2\/media?parent=47891"}],"wp:term":[{"taxonomy":"pcb-width","embeddable":true,"href":"https:\/\/tangooled.com\/tr\/wp-json\/wp\/v2\/pcb-width?post=47891"},{"taxonomy":"product-cat","embeddable":true,"href":"https:\/\/tangooled.com\/tr\/wp-json\/wp\/v2\/product-cat?post=47891"}],"curies":[{"name":"wp","href":"https:\/\/api.w.org\/{rel}","templated":true}]}}