{"id":47888,"date":"2026-01-13T02:03:04","date_gmt":"2026-01-13T10:03:04","guid":{"rendered":"https:\/\/tangooled.com\/?post_type=product&#038;p=47888"},"modified":"2026-01-29T22:07:25","modified_gmt":"2026-01-30T06:07:25","slug":"led-curved-diffuser-aluminum-channel-19x23mm-for-15mm-strips","status":"publish","type":"product","link":"https:\/\/tangooled.com\/tr\/urun\/led-curved-diffuser-aluminum-channel-19x23mm-for-15mm-strips\/","title":{"rendered":"LED kavisli dif\u00fcz\u00f6r al\u00fcminyum kanal\u0131 19x23mm 15mm \u015feritler i\u00e7in"},"content":{"rendered":"<div class=\"wp-block-group is-vertical is-layout-flex wp-container-core-group-is-layout-d255d7c4 wp-block-group-is-layout-flex\" style=\"padding-top:var(--wp--preset--spacing--80);padding-bottom:var(--wp--preset--spacing--80)\">\n<p>The LP20A is a high-quality LED curved diffuser aluminum channel 19x23mm that will give you a great lighting experience. It has a wide 17.4mm inner width that fits LED strips up to 15mm perfectly. The deep-profile design and curved diffuser make sure that the glow is smooth and dot-free. Installation is quick and easy. Just use the provided mounting clips to attach it securely to any flat surface. This channel comes with matching end caps and gives a clean, professional look. It&#8217;s great for both home and business projects.<\/p>\n<\/div>\n\n\n\n<div class=\"wp-block-group has-background\" style=\"background-color:#f1f1f1;padding-top:var(--wp--preset--spacing--80);padding-bottom:var(--wp--preset--spacing--80)\"><div class=\"wp-block-group__inner-container is-layout-constrained wp-block-group-is-layout-constrained\">\n<div class=\"wp-block-group is-vertical is-layout-flex wp-container-core-group-is-layout-8cf370e7 wp-block-group-is-layout-flex\">\n<h2 class=\"wp-block-heading\" style=\"padding-top:var(--wp--preset--spacing--40);padding-bottom:var(--wp--preset--spacing--40);font-size:25px;font-style:normal;font-weight:600;text-transform:capitalize\">Neden Bu LED Kavisli Dif\u00fcz\u00f6r Al\u00fcminyum Kanal 19x23mm Se\u00e7melisiniz?<\/h2>\n\n\n\n<ul class=\"wp-block-list\">\n<li>LED'lerin daha uzun \u00f6m\u00fcrl\u00fc olmas\u0131na ve daha h\u0131zl\u0131 so\u011fumas\u0131na yard\u0131mc\u0131 olan sa\u011flam 6063-T5 al\u00fcminyum ala\u015f\u0131m\u0131ndan yap\u0131lm\u0131\u015ft\u0131r.<\/li>\n\n\n\n<li>Opal polikarbonat dif\u00fcz\u00f6r, LED parlamas\u0131n\u0131 daha az sert hale getirir ve LED noktalar\u0131n\u0131 gizler.<\/li>\n\n\n\n<li>15mm geni\u015fli\u011findeki LED \u015feritlerle m\u00fckemmel \u00e7al\u0131\u015farak, geni\u015f ve e\u015fit bir \u0131\u015f\u0131k sa\u011flar.<\/li>\n\n\n\n<li>Kolay kurulum i\u00e7in klipler ve u\u00e7 kapaklar ile birlikte gelir.<\/li>\n<\/ul>\n<\/div>\n<\/div><\/div>\n\n\n\n<div class=\"wp-block-group is-vertical is-layout-flex wp-container-core-group-is-layout-d255d7c4 wp-block-group-is-layout-flex\" style=\"padding-top:var(--wp--preset--spacing--80);padding-bottom:var(--wp--preset--spacing--80)\">\n<hr class=\"wp-block-separator has-alpha-channel-opacity\"\/>\n\n\n\n<div class=\"wp-block-media-text has-media-on-the-right is-stacked-on-mobile\" style=\"grid-template-columns:auto 40%\"><div class=\"wp-block-media-text__content\">\n<h2 class=\"wp-block-heading\" style=\"padding-top:var(--wp--preset--spacing--40);padding-bottom:var(--wp--preset--spacing--40);font-size:25px;font-style:normal;font-weight:600;text-transform:capitalize\">Kolay kurulum<\/h2>\n\n\n\n<ul class=\"wp-block-list\">\n<li>G\u00fcvenli bir y\u00fczey montaj\u0131 i\u00e7in, birlikte gelen montaj kliplerini kullan\u0131n.<\/li>\n\n\n\n<li>In addition, you may also put the profile into drywall so that it doesn&#8217;t show.<\/li>\n\n\n\n<li>Kanal\u0131 yerinde kolayca do\u011fru uzunlukta kesebilirsiniz.<\/li>\n\n\n\n<li>H\u0131zl\u0131 bir son i\u00e7in, snap-on dif\u00fcz\u00f6r\u00fc tak\u0131n.<\/li>\n<\/ul>\n<\/div><figure class=\"wp-block-media-text__media\"><img loading=\"lazy\" decoding=\"async\" width=\"500\" height=\"500\" src=\"https:\/\/tangooled.com\/wp-content\/uploads\/2026\/01\/lp20a-ins.webp\" alt=\"led curved diffuser aluminum channel 19x23mm for 15mm strips\" class=\"wp-image-48326 size-full\" srcset=\"https:\/\/tangooled.com\/wp-content\/uploads\/2026\/01\/lp20a-ins.webp 500w, https:\/\/tangooled.com\/wp-content\/uploads\/2026\/01\/lp20a-ins-300x300.webp 300w, https:\/\/tangooled.com\/wp-content\/uploads\/2026\/01\/lp20a-ins-150x150.webp 150w\" sizes=\"auto, (max-width: 500px) 100vw, 500px\" \/><\/figure><\/div>\n<\/div>\n\n\n\n<div class=\"wp-block-group has-background\" style=\"background-color:#f1f1f1f2;padding-top:var(--wp--preset--spacing--80);padding-bottom:var(--wp--preset--spacing--80)\"><div class=\"wp-block-group__inner-container is-layout-constrained wp-block-group-is-layout-constrained\">\n<h2 class=\"wp-block-heading\" style=\"padding-top:var(--wp--preset--spacing--40);padding-bottom:var(--wp--preset--spacing--40);font-size:25px;font-style:normal;font-weight:600;text-transform:capitalize\">Bu \u00fcr\u00fcn nerelerde kullan\u0131labilir?<\/h2>\n\n\n\n<ul class=\"wp-block-list\">\n<li>Dolaplar\u0131n Alt\u0131nda: D\u00fczenli bir tasar\u0131m ve parlak bir \u00e7al\u0131\u015fma \u0131\u015f\u0131\u011f\u0131.<\/li>\n\n\n\n<li>Gard\u0131roplar ve dolaplar: Kolayca tak\u0131labilen parlak raf \u0131\u015f\u0131klar\u0131.<\/li>\n\n\n\n<li>Duvarlar ve tavanlarda ma\u011fazalar ve ofisler i\u00e7in temiz, parlak \u015ferit \u0131\u015f\u0131klar\u0131.<\/li>\n\n\n\n<li>Sergi Vitrinleri: \u00dcr\u00fcnlerinizi sergilemek i\u00e7in yumu\u015fak, e\u015fit \u0131\u015f\u0131k kullan\u0131n.<\/li>\n\n\n\n<li>Kovuk ve vurgulama ayd\u0131nlatmas\u0131: Mimari \u00f6zellikleri vurgulay\u0131n.<\/li>\n<\/ul>\n<\/div><\/div>\n\n\n\n<div class=\"wp-block-group is-vertical is-layout-flex wp-container-core-group-is-layout-d255d7c4 wp-block-group-is-layout-flex\" style=\"padding-top:var(--wp--preset--spacing--80);padding-bottom:var(--wp--preset--spacing--80)\">\n<h2 class=\"wp-block-heading\" style=\"padding-top:var(--wp--preset--spacing--40);padding-bottom:var(--wp--preset--spacing--40);font-size:25px;font-style:normal;font-weight:600;text-transform:capitalize\">D\u00fc\u015f\u00fcnmeniz Gereken \u0130lgili \u00dcr\u00fcnler<\/h2>\n\n\n\n<ul class=\"wp-block-list\">\n<li><a href=\"https:\/\/tangooled.com\/tr\/urun\/22x10mm-led-profile-light-channel-for-15mm-flexible-led-strips\/\"><mark style=\"background-color:rgba(0, 0, 0, 0)\" class=\"has-inline-color has-vivid-red-color\">15mm esnek LED \u015feritler i\u00e7in 22x10mm LED profil ayd\u0131nlatma kanal\u0131<\/mark><\/a> ba\u015fka bir boyut uyumu i\u00e7in.<\/li>\n\n\n\n<li><a href=\"https:\/\/tangooled.com\/tr\/urun\/aluminum-u-channel-with-curved-led-diffuser-inner-16mm\/\"><mark style=\"background-color:rgba(0, 0, 0, 0)\" class=\"has-inline-color has-vivid-red-color\">Kavisli LED dif\u00fcz\u00f6r i\u00e7 k\u0131sm\u0131 16mm olan al\u00fcminyum u kanal\u0131<\/mark><\/a> daha k\u00fc\u00e7\u00fck LED \u015feritler i\u00e7in.<\/li>\n\n\n\n<li><a href=\"https:\/\/tangooled.com\/tr\/urun\/25mm-u-shape-led-mounting-channel-for-15mm-double-row-led-strip-lights\/\"><mark style=\"background-color:rgba(0, 0, 0, 0)\" class=\"has-inline-color has-vivid-red-color\">15mm \u00e7ift s\u0131ra LED \u015ferit lambalar i\u00e7in 25mm u \u015feklinde LED montaj kanal\u0131 <\/mark><\/a>\u00e7ift s\u0131ra LED kurulumu i\u00e7in.<\/li>\n<\/ul>\n<\/div>\n\n\n\n<p><\/p>","protected":false},"featured_media":14107,"template":"","meta":{"_acf_changed":true,"_seopress_robots_primary_cat":"none","_seopress_titles_title":"LED Curved Diffuser Aluminum Channel 19x23mm LP20A | TANGOOLED","_seopress_titles_desc":"Source this 19x23mm LED curved diffuser aluminum channel. Specially made for 15mm LED strips to ensure optimal heat dissipation and smooth light output.","_seopress_robots_index":""},"pcb-width":[229],"product-cat":[192],"class_list":{"0":"post-47888","1":"product","2":"type-product","3":"status-publish","4":"has-post-thumbnail","6":"pcb-width-15-20mm","7":"product-cat-surface-led-profile"},"acf":[],"_links":{"self":[{"href":"https:\/\/tangooled.com\/tr\/wp-json\/wp\/v2\/product\/47888","targetHints":{"allow":["GET"]}}],"collection":[{"href":"https:\/\/tangooled.com\/tr\/wp-json\/wp\/v2\/product"}],"about":[{"href":"https:\/\/tangooled.com\/tr\/wp-json\/wp\/v2\/types\/product"}],"wp:featuredmedia":[{"embeddable":true,"href":"https:\/\/tangooled.com\/tr\/wp-json\/wp\/v2\/media\/14107"}],"wp:attachment":[{"href":"https:\/\/tangooled.com\/tr\/wp-json\/wp\/v2\/media?parent=47888"}],"wp:term":[{"taxonomy":"pcb-width","embeddable":true,"href":"https:\/\/tangooled.com\/tr\/wp-json\/wp\/v2\/pcb-width?post=47888"},{"taxonomy":"product-cat","embeddable":true,"href":"https:\/\/tangooled.com\/tr\/wp-json\/wp\/v2\/product-cat?post=47888"}],"curies":[{"name":"wp","href":"https:\/\/api.w.org\/{rel}","templated":true}]}}