{"id":47886,"date":"2026-01-13T02:00:37","date_gmt":"2026-01-13T10:00:37","guid":{"rendered":"https:\/\/tangooled.com\/?post_type=product&#038;p=47886"},"modified":"2026-01-29T22:05:52","modified_gmt":"2026-01-30T06:05:52","slug":"15x16mm-led-channel-with-half-round-diffuser-lp04","status":"publish","type":"product","link":"https:\/\/tangooled.com\/tr\/urun\/15x16mm-led-channel-with-half-round-diffuser-lp04\/","title":{"rendered":"10mm LED \u015feritler i\u00e7in yar\u0131 yuvarlak dif\u00fcz\u00f6rl\u00fc 15x16mm LED kanal\u0131"},"content":{"rendered":"<div class=\"wp-block-group is-vertical is-layout-flex wp-container-core-group-is-layout-d255d7c4 wp-block-group-is-layout-flex\" style=\"padding-top:var(--wp--preset--spacing--80);padding-bottom:var(--wp--preset--spacing--80)\">\n<p>10mm \u015feritler i\u00e7in yar\u0131m yuvarlak dif\u00fcz\u00f6re sahip 15x16mm LED kanal\u0131, size d\u00fczg\u00fcn, parlak ve e\u015fit \u0131\u015f\u0131k sa\u011flamas\u0131 i\u00e7in tasarlanm\u0131\u015ft\u0131r. Bu 15x16mm LED kanal\u0131, 10mm \u015feritlerinizi temiz, profesyonel bir ayd\u0131nlatma ile g\u00f6sterir ve parlamay\u0131 azaltan e\u011fri bir dif\u00fcz\u00f6re sahiptir. G\u00fczel bir \u015fekilde oturur ve LED \u015feritlerinizi korurken \u0131s\u0131n\u0131n d\u0131\u015far\u0131 \u00e7\u0131kmas\u0131na izin verir, b\u00f6ylece \u00f6m\u00fcrleri uzar.<\/p>\n<\/div>\n\n\n\n<div class=\"wp-block-group has-background\" style=\"background-color:#f1f1f1;padding-top:var(--wp--preset--spacing--80);padding-bottom:var(--wp--preset--spacing--80)\"><div class=\"wp-block-group__inner-container is-layout-constrained wp-block-group-is-layout-constrained\">\n<div class=\"wp-block-group is-vertical is-layout-flex wp-container-core-group-is-layout-8cf370e7 wp-block-group-is-layout-flex\">\n<h2 class=\"wp-block-heading\" style=\"padding-top:var(--wp--preset--spacing--40);padding-bottom:var(--wp--preset--spacing--40);font-size:25px;font-style:normal;font-weight:600;text-transform:capitalize\">15x16mm Yar\u0131m Yuvarlak Dif\u00fcz\u00f6rl\u00fc LED Kanal\u0131n\u0131n Genel \u00d6zeti <\/h2>\n\n\n\n<ul class=\"wp-block-list\">\n<li>\u0130\u00e7 geni\u015flik 13.4mm olup, bu nedenle 10mm LED \u015feritlere uyum sa\u011flar. Bu, SMD 5050, 2835 ve COB \u015feritlerini i\u00e7erir.<\/li>\n\n\n\n<li>Yar\u0131m yuvarlak dif\u00fcz\u00f6r: Opal polikarbonat dif\u00fcz\u00f6r\u00fcm\u00fcz, evler ve i\u015fletmeler i\u00e7in m\u00fckemmel olan yumu\u015fak, noktas\u0131z bir \u0131\u015f\u0131k sa\u011flar.<\/li>\n\n\n\n<li>This product is strong and won&#8217;t rust because it is made of 6063-T5 anodized aluminum alloy.<\/li>\n\n\n\n<li>K\u00fc\u00e7\u00fck boyut: D\u0131\u015f \u00f6l\u00e7\u00fcleri 16mm geni\u015flik ve 15mm y\u00fckseklik oldu\u011fundan, k\u00fc\u00e7\u00fck alanlara s\u0131\u011far ve yer tasarrufu sa\u011flar.<\/li>\n\n\n\n<li>Tam set: Bir kanal, bir dif\u00fcz\u00f6r lensi, iki metal montaj klipsi ve iki u\u00e7 kapa\u011f\u0131 (birinde kablo i\u00e7in bir delik vard\u0131r) ile birlikte gelir.<\/li>\n<\/ul>\n<\/div>\n<\/div><\/div>\n\n\n\n<div class=\"wp-block-group is-vertical is-layout-flex wp-container-core-group-is-layout-d255d7c4 wp-block-group-is-layout-flex\" style=\"padding-top:var(--wp--preset--spacing--80);padding-bottom:var(--wp--preset--spacing--80)\">\n<hr class=\"wp-block-separator has-alpha-channel-opacity\"\/>\n\n\n\n<div class=\"wp-block-media-text has-media-on-the-right is-stacked-on-mobile\" style=\"grid-template-columns:auto 40%\"><div class=\"wp-block-media-text__content\">\n<h2 class=\"wp-block-heading\" style=\"padding-top:var(--wp--preset--spacing--40);padding-bottom:var(--wp--preset--spacing--40);font-size:25px;font-style:normal;font-weight:600;text-transform:capitalize\">Kurulum Ad\u0131mlar\u0131<\/h2>\n\n\n\n<ul class=\"wp-block-list\">\n<li>Metal klipsleri y\u00fczeye vidalarla sabitleyin.<\/li>\n\n\n\n<li>10mm LED \u015feridinizi al\u00fcminyum kanala yerle\u015ftirin.<\/li>\n\n\n\n<li>Montaj klipslerinin kanal\u0131 s\u0131k\u0131 bir \u015fekilde tuttu\u011fundan emin olun.<\/li>\n\n\n\n<li>Yumu\u015fak, e\u015fit \u0131\u015f\u0131k almak i\u00e7in yar\u0131m yuvarlak dif\u00fcz\u00f6r\u00fc kanala itin.<\/li>\n\n\n\n<li>Kablolar\u0131 g\u00fcvende tutmak ve u\u00e7lar\u0131 kapatmak i\u00e7in u\u00e7 kapaklar\u0131n\u0131 tak\u0131n.<\/li>\n<\/ul>\n<\/div><figure class=\"wp-block-media-text__media\"><img loading=\"lazy\" decoding=\"async\" width=\"500\" height=\"500\" src=\"https:\/\/tangooled.com\/wp-content\/uploads\/2026\/01\/lp04-ins.webp\" alt=\"15x16mm led channel with half round diffuser for 10mm led strips\" class=\"wp-image-48325 size-full\" srcset=\"https:\/\/tangooled.com\/wp-content\/uploads\/2026\/01\/lp04-ins.webp 500w, https:\/\/tangooled.com\/wp-content\/uploads\/2026\/01\/lp04-ins-300x300.webp 300w, https:\/\/tangooled.com\/wp-content\/uploads\/2026\/01\/lp04-ins-150x150.webp 150w\" sizes=\"auto, (max-width: 500px) 100vw, 500px\" \/><\/figure><\/div>\n<\/div>\n\n\n\n<div class=\"wp-block-group has-background is-vertical is-layout-flex wp-container-core-group-is-layout-b429018a wp-block-group-is-layout-flex\" style=\"background-color:#f1f1f1f2;padding-top:var(--wp--preset--spacing--70);padding-bottom:var(--wp--preset--spacing--70)\">\n<h2 class=\"wp-block-heading\" style=\"padding-top:var(--wp--preset--spacing--40);padding-bottom:var(--wp--preset--spacing--40);font-size:25px;font-style:normal;font-weight:600\">En \u0130yi Uygulamalar<\/h2>\n\n\n\n<ul class=\"wp-block-list\">\n<li>Bright lighting under the kitchen cabinets that doesn&#8217;t make the countertops shine.<\/li>\n\n\n\n<li>Store shelves\u2014use bright, focused light to make things stand out.<\/li>\n\n\n\n<li>Architectural details\u2014indirect lighting for modern cove and wall designs.<\/li>\n\n\n\n<li>Garderoblar ve dolaplar: Mobilyan\u0131n i\u00e7inde d\u00fczenli, e\u015fit ayd\u0131nlatma.<\/li>\n\n\n\n<li>Sergi muhafazalar\u0131, LED \u015feritler i\u00e7in \u015f\u0131k ve g\u00fcvenli kutulard\u0131r, k\u0131r\u0131lmas\u0131 kolayd\u0131r.<\/li>\n<\/ul>\n<\/div>\n\n\n\n<div class=\"wp-block-group is-vertical is-layout-flex wp-container-core-group-is-layout-d255d7c4 wp-block-group-is-layout-flex\" style=\"padding-top:var(--wp--preset--spacing--80);padding-bottom:var(--wp--preset--spacing--80)\">\n<h2 class=\"wp-block-heading\" style=\"padding-top:var(--wp--preset--spacing--40);padding-bottom:var(--wp--preset--spacing--40);font-size:25px;font-style:normal;font-weight:600;text-transform:capitalize\">\u0130lgili \u00dcr\u00fcnler<\/h2>\n\n\n\n<ul class=\"wp-block-list\">\n<li>G\u00f6z at\u0131n <a href=\"https:\/\/tangooled.com\/tr\/urun\/black-led-profile-with-black-diffuser-for-10mm-led-strip-light\/\"><mark style=\"background-color:rgba(0, 0, 0, 0)\" class=\"has-inline-color has-vivid-red-color\">10mm LED \u015eerit Ayd\u0131nlatma i\u00e7in Siyah Dif\u00fcz\u00f6rl\u00fc Siyah LED Profili<\/mark><\/a> \u015f\u0131k siyah kaplama se\u00e7ene\u011fi i\u00e7in.<\/li>\n\n\n\n<li>\u015eunu deneyin <a href=\"https:\/\/tangooled.com\/tr\/urun\/surface-mount-led-profile-with-frosted-diffuser-for-10mm-rope-lights\/\"><mark style=\"background-color:rgba(0, 0, 0, 0)\" class=\"has-inline-color has-vivid-red-color\">10mm Tel Ayd\u0131nlatmalar\u0131 i\u00e7in Buzlu Dif\u00fcz\u00f6rl\u00fc Y\u00fczeye Montaj LED Profili<\/mark><\/a> esnek tel ayd\u0131nlatma d\u00fczenlemeleri i\u00e7in.<\/li>\n\n\n\n<li>Daha ince ihtiya\u00e7lar i\u00e7in, \u015funu g\u00f6r\u00fcn <a href=\"https:\/\/tangooled.com\/tr\/urun\/led-light-diffuser-channel-aluminum-15x12mm-for-10mm-led-strips\/\"><mark style=\"background-color:rgba(0, 0, 0, 0)\" class=\"has-inline-color has-vivid-red-color\">10mm LED \u015eeritler i\u00e7in Al\u00fcminyum 15x12mm LED I\u015f\u0131k Dif\u00fcz\u00f6r Kanal\u0131<\/mark><\/a>.<\/li>\n\n\n\n<li>Ke\u015ffedin <a href=\"https:\/\/tangooled.com\/tr\/urun\/aluminum-led-strip-extrusion-diffuser-channel-for-5050-double-row-led-strip\/\"><mark style=\"background-color:rgba(0, 0, 0, 0)\" class=\"has-inline-color has-vivid-red-color\">5050 \u00c7ift S\u0131ra LED \u015eerit i\u00e7in Al\u00fcminyum LED \u015eerit Ekstr\u00fczyon Dif\u00fcz\u00f6r Kanal\u0131<\/mark><\/a> \u00e7ift s\u0131ra LED uyumlulu\u011fu i\u00e7in.<\/li>\n<\/ul>\n\n\n\n<p>D\u00fczg\u00fcn, sa\u011flam, ve kolay kurulan LED ayd\u0131nlatma isterseniz, bu 10mm LED \u015feritler i\u00e7in yar\u0131m yuvarlak dif\u00fcz\u00f6rl\u00fc 15x16mm LED kanal\u0131 harika bir se\u00e7imdir. Yar\u0131m yuvarlak dif\u00fcz\u00f6r ve daha iyi yap\u0131, mutfaklar, ma\u011fazalar, mobilyalar ve daha fazlas\u0131nda harika ayd\u0131nlatma efektleri sa\u011flar.<\/p>\n<\/div>\n\n\n\n<p><\/p>","protected":false},"featured_media":14104,"template":"","meta":{"_acf_changed":true,"_seopress_robots_primary_cat":"none","_seopress_titles_title":"15x16mm LED Channel with Half Round Diffuser LP04 | TANGOOLED","_seopress_titles_desc":"Source the 15x16mm LED channel. Features a unique half round diffuser for 10mm LED strips, providing professional heat dissipation and a sleek look.","_seopress_robots_index":""},"pcb-width":[229],"product-cat":[192],"class_list":{"0":"post-47886","1":"product","2":"type-product","3":"status-publish","4":"has-post-thumbnail","6":"pcb-width-15-20mm","7":"product-cat-surface-led-profile"},"acf":[],"_links":{"self":[{"href":"https:\/\/tangooled.com\/tr\/wp-json\/wp\/v2\/product\/47886","targetHints":{"allow":["GET"]}}],"collection":[{"href":"https:\/\/tangooled.com\/tr\/wp-json\/wp\/v2\/product"}],"about":[{"href":"https:\/\/tangooled.com\/tr\/wp-json\/wp\/v2\/types\/product"}],"wp:featuredmedia":[{"embeddable":true,"href":"https:\/\/tangooled.com\/tr\/wp-json\/wp\/v2\/media\/14104"}],"wp:attachment":[{"href":"https:\/\/tangooled.com\/tr\/wp-json\/wp\/v2\/media?parent=47886"}],"wp:term":[{"taxonomy":"pcb-width","embeddable":true,"href":"https:\/\/tangooled.com\/tr\/wp-json\/wp\/v2\/pcb-width?post=47886"},{"taxonomy":"product-cat","embeddable":true,"href":"https:\/\/tangooled.com\/tr\/wp-json\/wp\/v2\/product-cat?post=47886"}],"curies":[{"name":"wp","href":"https:\/\/api.w.org\/{rel}","templated":true}]}}