{"id":47882,"date":"2026-01-13T01:55:44","date_gmt":"2026-01-13T09:55:44","guid":{"rendered":"https:\/\/tangooled.com\/?post_type=product&#038;p=47882"},"modified":"2026-01-21T23:31:24","modified_gmt":"2026-01-22T07:31:24","slug":"square-led-diffuser-channel-with-hidden-clips-for-surface-mount-lp03b","status":"publish","type":"product","link":"https:\/\/tangooled.com\/tr\/urun\/square-led-diffuser-channel-with-hidden-clips-for-surface-mount-lp03b\/","title":{"rendered":"y\u00fczeye montajl\u0131 gizli klipsli kare LED dif\u00fcz\u00f6r kanal\u0131"},"content":{"rendered":"<div class=\"wp-block-group is-vertical is-layout-flex wp-container-core-group-is-layout-d255d7c4 wp-block-group-is-layout-flex\" style=\"padding-top:var(--wp--preset--spacing--80);padding-bottom:var(--wp--preset--spacing--80)\">\n<p>The LP03B is a square LED diffuser channel with hidden mounting clips that looks nice and doesn&#8217;t have any hardware visible. It has an inner width of 16.2 mm, which makes it easier to install LED strips that are high-density or double-row. The square diffuser spreads light evenly and softly, which makes it great for modern offices and store displays. The mounting clips that come with it make it easy to set up quickly by letting you attach it to a surface that covers the screws. It lights up a room stylishly and professionally when you use matching end caps.<\/p>\n<\/div>\n\n\n\n<div class=\"wp-block-group has-background\" style=\"background-color:#f1f1f1;padding-top:var(--wp--preset--spacing--80);padding-bottom:var(--wp--preset--spacing--80)\"><div class=\"wp-block-group__inner-container is-layout-constrained wp-block-group-is-layout-constrained\">\n<div class=\"wp-block-group is-vertical is-layout-flex wp-container-core-group-is-layout-8cf370e7 wp-block-group-is-layout-flex\">\n<h2 class=\"wp-block-heading\" style=\"padding-top:var(--wp--preset--spacing--40);padding-bottom:var(--wp--preset--spacing--40);font-size:25px;font-style:normal;font-weight:600;text-transform:capitalize\">Neden Gizli Klipsli Kare LED Dif\u00f6re Kanal\u0131m\u0131z\u0131 Se\u00e7melisiniz?<\/h2>\n\n\n\n<ul class=\"wp-block-list\">\n<li>Modern Kare \u015eekil: Kare al\u00fcminyum, ayd\u0131nlatman\u0131za temiz ve yeni bir g\u00f6r\u00fcn\u00fcm kazand\u0131r\u0131r.<\/li>\n\n\n\n<li>Clips that are hidden: Clips snap on and conceal behind the channel, so you can&#8217;t see any screws at all.<\/li>\n\n\n\n<li>Yumu\u015fak I\u015f\u0131k Dif\u00f6re: Opal kapak, \u0131\u015f\u0131\u011f\u0131n e\u015fit \u015fekilde da\u011f\u0131lmas\u0131n\u0131 sa\u011flar. Parlak lekeler veya noktalar yok.<\/li>\n\n\n\n<li>G\u00fc\u00e7l\u00fc ve So\u011fuk: Anodize 6063-T5 al\u00fcminyum, LED'lerinizi so\u011fuk ve g\u00fcvende tutar.<\/li>\n\n\n\n<li>Kurulumu kolay: Y\u00fczeye montaj tasar\u0131m\u0131 duvarlarda, tavanlarda, dolaplarda ve raflarda \u00e7al\u0131\u015f\u0131r.<\/li>\n\n\n\n<li>Tam Set: Kanal, dif\u00f6re, klipsler ve u\u00e7 kapaklar gibi ihtiyac\u0131n\u0131z olan her \u015feyle birlikte gelir.<\/li>\n<\/ul>\n<\/div>\n<\/div><\/div>\n\n\n\n<div class=\"wp-block-group is-vertical is-layout-flex wp-container-core-group-is-layout-d255d7c4 wp-block-group-is-layout-flex\" style=\"padding-top:var(--wp--preset--spacing--80);padding-bottom:var(--wp--preset--spacing--80)\">\n<hr class=\"wp-block-separator has-alpha-channel-opacity\"\/>\n\n\n\n<div class=\"wp-block-media-text has-media-on-the-right is-stacked-on-mobile\" style=\"grid-template-columns:auto 40%\"><div class=\"wp-block-media-text__content\">\n<h2 class=\"wp-block-heading\" style=\"padding-top:var(--wp--preset--spacing--40);padding-bottom:var(--wp--preset--spacing--40);font-size:25px;font-style:normal;font-weight:600;text-transform:capitalize\">Kare LED dif\u00f6re kanal\u0131m\u0131z nas\u0131l \u00e7al\u0131\u015f\u0131r<\/h2>\n\n\n\n<ul class=\"wp-block-list\">\n<li>Gizli Montaj Klipleri: Gizli klipleri y\u00fczeye (ah\u015fap, duvar, tavan) vidalarla sabitleyin.<\/li>\n\n\n\n<li>Kanal\u0131 yerle\u015ftirin: Kare LED dif\u00f6re kanal\u0131n\u0131 kliplerin \u00fczerine oturtun.<\/li>\n\n\n\n<li>LED \u015eerit Ekle: LED \u015feritlerinizi kanala yerle\u015ftirin.<\/li>\n\n\n\n<li>Dif\u00f6reyi Kaynat\u0131n: I\u015f\u0131\u011f\u0131n yay\u0131lmas\u0131 i\u00e7in opal kapa\u011fa bas\u0131n.<\/li>\n\n\n\n<li>U\u00e7lar\u0131 Kapat\u0131n: G\u00f6r\u00fcn\u00fcm\u00fcn\u00fc tamamlamak ve kablolar\u0131 korumak i\u00e7in u\u00e7 kapaklar\u0131 tak\u0131n.<\/li>\n<\/ul>\n<\/div><figure class=\"wp-block-media-text__media\"><img loading=\"lazy\" decoding=\"async\" width=\"500\" height=\"500\" src=\"https:\/\/tangooled.com\/wp-content\/uploads\/2026\/01\/lp03b-ins.webp\" alt=\"square led diffuser channel with hidden mounting clips for surface mounting\" class=\"wp-image-48316 size-full\" srcset=\"https:\/\/tangooled.com\/wp-content\/uploads\/2026\/01\/lp03b-ins.webp 500w, https:\/\/tangooled.com\/wp-content\/uploads\/2026\/01\/lp03b-ins-300x300.webp 300w, https:\/\/tangooled.com\/wp-content\/uploads\/2026\/01\/lp03b-ins-150x150.webp 150w\" sizes=\"auto, (max-width: 500px) 100vw, 500px\" \/><\/figure><\/div>\n<\/div>\n\n\n\n<div class=\"wp-block-group has-background is-vertical is-layout-flex wp-container-core-group-is-layout-b429018a wp-block-group-is-layout-flex\" style=\"background-color:#f1f1f1f2;padding-top:var(--wp--preset--spacing--70);padding-bottom:var(--wp--preset--spacing--70)\">\n<h2 class=\"wp-block-heading\" style=\"padding-top:var(--wp--preset--spacing--40);padding-bottom:var(--wp--preset--spacing--40);font-size:25px;font-style:normal;font-weight:600;text-transform:capitalize\">Gizli Klipsli LED Kanal\u0131n\u0131 Nerelerde Kullanmal\u0131y\u0131m<\/h2>\n\n\n\n<ul class=\"wp-block-list\">\n<li>Mutfakta ve dolaplar\u0131n alt\u0131nda parlak, temiz bir i\u015f \u0131\u015f\u0131\u011f\u0131 ekleyin.<\/li>\n\n\n\n<li>Ma\u011fazalardaki raflar ve vitrinler: \u00dcr\u00fcnlerinizi \u00f6n plana \u00e7\u0131karmak i\u00e7in temiz \u00e7izgiler kullan\u0131n.<\/li>\n\n\n\n<li>Ofis ve \u00e7al\u0131\u015fma alan\u0131: A\u015f\u0131r\u0131 parlama azaltmak i\u00e7in yumu\u015fak, \u00e7evresel \u0131\u015f\u0131k.<\/li>\n\n\n\n<li>Duvarlar ve tavanlardaki modern vurgular ve ni\u015f ayd\u0131nlatmas\u0131.<\/li>\n\n\n\n<li>Dolaplar ve gard\u0131roplar: Kapal\u0131 alanlarda d\u00fczenli, gizli \u0131\u015f\u0131k.<\/li>\n<\/ul>\n<\/div>\n\n\n\n<div class=\"wp-block-group is-vertical is-layout-flex wp-container-core-group-is-layout-d255d7c4 wp-block-group-is-layout-flex\" style=\"padding-top:var(--wp--preset--spacing--80);padding-bottom:var(--wp--preset--spacing--80)\">\n<h2 class=\"wp-block-heading\" style=\"padding-top:var(--wp--preset--spacing--40);padding-bottom:var(--wp--preset--spacing--40);font-size:25px;font-style:normal;font-weight:600;text-transform:capitalize\">Be\u011fenebilece\u011finiz \u0130lgili \u00dcr\u00fcnler<\/h2>\n\n\n\n<ul class=\"wp-block-list\">\n<li>G\u00f6z at\u0131n <a href=\"https:\/\/tangooled.com\/tr\/urun\/black-led-diffuser-aluminum-channel-for-12mm-tape-lights\/\"><mark style=\"background-color:rgba(0, 0, 0, 0)\" class=\"has-inline-color has-vivid-red-color\">12 mm bant \u0131\u015f\u0131klar\u0131 i\u00e7in siyah LED dif\u00f6re al\u00fcminyum kanal<\/mark><\/a> daha koyu bir finish i\u00e7in.<\/li>\n\n\n\n<li>D\u00fc\u015f\u00fck profilli montajlar i\u00e7in, deneyin <a href=\"https:\/\/tangooled.com\/tr\/urun\/25x6mm-low-profile-led-strip-channel-for-10mm-led-strip-light\/\"><mark style=\"background-color:rgba(0, 0, 0, 0)\" class=\"has-inline-color has-vivid-red-color\">10mm LED \u015ferit \u0131\u015f\u0131k i\u00e7in 25x6mm d\u00fc\u015f\u00fck profilli LED \u015ferit kanal\u0131<\/mark><\/a>.<\/li>\n\n\n\n<li>Dar, y\u00fczeye montaj se\u00e7ene\u011fine mi ihtiyac\u0131n\u0131z var? \u015eunlara bak\u0131n <a href=\"https:\/\/tangooled.com\/tr\/urun\/18x9mm-led-tape-light-profile-for-surface-installation\/\"><mark style=\"background-color:rgba(0, 0, 0, 0)\" class=\"has-inline-color has-vivid-red-color\">y\u00fczeye montaj i\u00e7in 18x9mm LED bant \u0131\u015f\u0131k profili<\/mark><\/a>.<\/li>\n\n\n\n<li>\u0130pliklerde mat bir g\u00f6r\u00fcn\u00fcm i\u00e7in deneyin <a href=\"https:\/\/tangooled.com\/tr\/urun\/surface-mount-led-profile-with-frosted-diffuser-for-10mm-rope-lights\/\"><mark style=\"background-color:rgba(0, 0, 0, 0)\" class=\"has-inline-color has-vivid-red-color\">10 mm iplikler i\u00e7in mat dif\u00f6re sahip y\u00fczeye montaj LED profili<\/mark><\/a>.<\/li>\n\n\n\n<li>Ke\u015ffedin<a href=\"https:\/\/tangooled.com\/tr\/urun\/square-led-diffuser-channel-with-hidden-mounting-clips-for-surface-mounting\/\"><mark style=\"background-color:rgba(0, 0, 0, 0)\" class=\"has-inline-color has-vivid-red-color\"> y\u00fczeye montaj i\u00e7in gizli montaj klipsli kare LED dif\u00f6re kanal\u0131<\/mark><\/a> kesin \u00f6zellikler ve sat\u0131n alma i\u00e7in.<\/li>\n<\/ul>\n<\/div>\n\n\n\n<div class=\"wp-block-group has-background is-vertical is-layout-flex wp-container-core-group-is-layout-b429018a wp-block-group-is-layout-flex\" style=\"background-color:#f1f1f1f2;padding-top:var(--wp--preset--spacing--70);padding-bottom:var(--wp--preset--spacing--70)\">\n<h2 class=\"wp-block-heading\" style=\"padding-top:var(--wp--preset--spacing--40);padding-bottom:var(--wp--preset--spacing--40);font-size:25px;font-style:normal;font-weight:600\">\u00d6zet<\/h2>\n\n\n\n<p style=\"padding-right:var(--wp--preset--spacing--50);padding-left:var(--wp--preset--spacing--50)\">Gizli montaj klipsli kare LED dif\u00f6re kanal\u0131, iyi g\u00f6r\u00fcnen, sa\u011flam ve kullan\u0131m\u0131 kolay bir ayd\u0131nlatma se\u00e7ene\u011fidir. Bir\u00e7ok LED \u015feridi bar\u0131nd\u0131r\u0131r, noktas\u0131z s\u00fcrekli bir ayd\u0131nlatma sa\u011flar ve y\u00fcksek kaliteli bir g\u00f6r\u00fcn\u00fcm i\u00e7in kablolar\u0131 saklar. \u015e\u0131k kare \u015fekli vard\u0131r ve herhangi bir y\u00fczeye kolayca monte edilebilir, bu da onu herhangi bir ev, ofis veya ma\u011faza projesi i\u00e7in m\u00fckemmel hale getirir.<\/p>\n<\/div>\n\n\n\n<p><\/p>","protected":false},"featured_media":14100,"template":"","meta":{"_acf_changed":true,"_seopress_robots_primary_cat":"none","_seopress_titles_title":"Square LED Diffuser Channel with Hidden Clips LP03B | TANGOOLED","_seopress_titles_desc":"Source the square LED diffuser channel. Featuring hidden clips for a clean surface mount finish without visible brackets.","_seopress_robots_index":""},"pcb-width":[229],"product-cat":[192],"class_list":{"0":"post-47882","1":"product","2":"type-product","3":"status-publish","4":"has-post-thumbnail","6":"pcb-width-15-20mm","7":"product-cat-surface-led-profile"},"acf":[],"_links":{"self":[{"href":"https:\/\/tangooled.com\/tr\/wp-json\/wp\/v2\/product\/47882","targetHints":{"allow":["GET"]}}],"collection":[{"href":"https:\/\/tangooled.com\/tr\/wp-json\/wp\/v2\/product"}],"about":[{"href":"https:\/\/tangooled.com\/tr\/wp-json\/wp\/v2\/types\/product"}],"wp:featuredmedia":[{"embeddable":true,"href":"https:\/\/tangooled.com\/tr\/wp-json\/wp\/v2\/media\/14100"}],"wp:attachment":[{"href":"https:\/\/tangooled.com\/tr\/wp-json\/wp\/v2\/media?parent=47882"}],"wp:term":[{"taxonomy":"pcb-width","embeddable":true,"href":"https:\/\/tangooled.com\/tr\/wp-json\/wp\/v2\/pcb-width?post=47882"},{"taxonomy":"product-cat","embeddable":true,"href":"https:\/\/tangooled.com\/tr\/wp-json\/wp\/v2\/product-cat?post=47882"}],"curies":[{"name":"wp","href":"https:\/\/api.w.org\/{rel}","templated":true}]}}