{"id":47879,"date":"2026-01-13T01:55:17","date_gmt":"2026-01-13T09:55:17","guid":{"rendered":"https:\/\/tangooled.com\/?post_type=product&#038;p=47879"},"modified":"2026-01-21T23:32:08","modified_gmt":"2026-01-22T07:32:08","slug":"aluminum-led-extrusion-for-5050-double-row-strips-lp03a","status":"publish","type":"product","link":"https:\/\/tangooled.com\/tr\/urun\/aluminum-led-extrusion-for-5050-double-row-strips-lp03a\/","title":{"rendered":"5050 \u00e7ift s\u0131ra \u015feritler i\u00e7in al\u00fcminyum LED ekstr\u00fczyon dif\u00fcz\u00f6r kanal\u0131"},"content":{"rendered":"<div class=\"wp-block-group is-vertical is-layout-flex wp-container-core-group-is-layout-d255d7c4 wp-block-group-is-layout-flex\" style=\"padding-top:var(--wp--preset--spacing--80);padding-bottom:var(--wp--preset--spacing--80)\">\n<p>Our LP03A is a high-quality aluminum LED extrusion for\u00a05050 strips of double rows. This diffuser channel has 16.2mm inner width\u00a0made to hold wider or high-density strips and let heat escape easily, which makes LEDs last longer. The curved diffuser of high quality makes sure that the glow is smooth and has no spots. The channel comes with clips and end caps that make it quick and easy to put up. This channel is great for lighting up your home, office, or store.<\/p>\n<\/div>\n\n\n\n<div class=\"wp-block-group has-background\" style=\"background-color:#f1f1f1;padding-top:var(--wp--preset--spacing--80);padding-bottom:var(--wp--preset--spacing--80)\"><div class=\"wp-block-group__inner-container is-layout-constrained wp-block-group-is-layout-constrained\">\n<div class=\"wp-block-group is-vertical is-layout-flex wp-container-core-group-is-layout-8cf370e7 wp-block-group-is-layout-flex\">\n<h2 class=\"wp-block-heading\" style=\"padding-top:var(--wp--preset--spacing--40);padding-bottom:var(--wp--preset--spacing--40);font-size:25px;font-style:normal;font-weight:600;text-transform:capitalize\">Neden 5050 \u015feritler i\u00e7in al\u00fcminyum LED ekstr\u00fczyonumuzu se\u00e7melisiniz?<\/h2>\n\n\n\n<ul class=\"wp-block-list\">\n<li>G\u00fc\u00e7l\u00fc ve hafif al\u00fcminyum: Bu, 6063-T5 al\u00fcminyum ala\u015f\u0131m\u0131ndan yap\u0131lm\u0131\u015ft\u0131r. LED'lerin a\u015f\u0131r\u0131 \u0131s\u0131nmas\u0131n\u0131 \u00f6nler.<\/li>\n\n\n\n<li>PC opal dif\u00fcz\u00f6r, LED'lerden gelen noktalar\u0131 gizlemeye yard\u0131mc\u0131 olur ve size d\u00fczg\u00fcn ve lekesiz bir ayd\u0131nlatma sa\u011flar.<\/li>\n\n\n\n<li>Bir\u00e7ok farkl\u0131 boyuta uyar: \u00c7ift s\u0131ral\u0131 5050 LED \u015feritlerle ve 2835, RGBW gibi di\u011fer geni\u015f \u015feritlerle \u00e7al\u0131\u015f\u0131r.<\/li>\n\n\n\n<li>Kullan\u0131m\u0131 basit: Basit bir montaj i\u00e7in u\u00e7 kapaklar ve montaj klipsleri ile birlikte gelir.<\/li>\n\n\n\n<li>D\u00fczenli bir g\u00f6r\u00fcn\u00fcm: Temiz, g\u00fcm\u00fc\u015f kaplama modern i\u00e7 mekanlarla iyi uyum sa\u011flar.<\/li>\n<\/ul>\n<\/div>\n<\/div><\/div>\n\n\n\n<div class=\"wp-block-group is-vertical is-layout-flex wp-container-core-group-is-layout-d255d7c4 wp-block-group-is-layout-flex\" style=\"padding-top:var(--wp--preset--spacing--80);padding-bottom:var(--wp--preset--spacing--80)\">\n<hr class=\"wp-block-separator has-alpha-channel-opacity\"\/>\n\n\n\n<div class=\"wp-block-media-text has-media-on-the-right is-stacked-on-mobile\" style=\"grid-template-columns:auto 40%\"><div class=\"wp-block-media-text__content\">\n<h2 class=\"wp-block-heading\" style=\"padding-top:var(--wp--preset--spacing--40);padding-bottom:var(--wp--preset--spacing--40);font-size:25px;font-style:normal;font-weight:600;text-transform:capitalize\">Kolay ve G\u00fcvenli Kurulum \u0130pu\u00e7lar\u0131<\/h2>\n\n\n\n<ul class=\"wp-block-list\">\n<li>Kanal\u0131n boyutunu kontrol edin ve LED \u015feridinizi \u00f6l\u00e7\u00fcn.<\/li>\n\n\n\n<li>Montaj klipslerini y\u00fczeye tak\u0131n.<\/li>\n\n\n\n<li>Al\u00fcminyum kanal\u0131 klipslere tak\u0131n.<\/li>\n\n\n\n<li>LED \u015feridinizi kanala yerle\u015ftirin.<\/li>\n\n\n\n<li>Dif\u00fcz\u00f6r\u00fcn \u00fczerine kapa\u011f\u0131 tak\u0131n.<\/li>\n\n\n\n<li>Kablolar\u0131n g\u00fczel g\u00f6r\u00fcnmesi i\u00e7in u\u00e7 kapaklar\u0131 tak\u0131n.<\/li>\n<\/ul>\n<\/div><figure class=\"wp-block-media-text__media\"><img loading=\"lazy\" decoding=\"async\" width=\"500\" height=\"500\" src=\"https:\/\/tangooled.com\/wp-content\/uploads\/2026\/01\/lp03a-ins.webp\" alt=\"aluminum led strip extrusion diffuser channel for 5050 double row led strip\" class=\"wp-image-48307 size-full\" srcset=\"https:\/\/tangooled.com\/wp-content\/uploads\/2026\/01\/lp03a-ins.webp 500w, https:\/\/tangooled.com\/wp-content\/uploads\/2026\/01\/lp03a-ins-300x300.webp 300w, https:\/\/tangooled.com\/wp-content\/uploads\/2026\/01\/lp03a-ins-150x150.webp 150w\" sizes=\"auto, (max-width: 500px) 100vw, 500px\" \/><\/figure><\/div>\n<\/div>\n\n\n\n<div class=\"wp-block-group has-background is-vertical is-layout-flex wp-container-core-group-is-layout-b429018a wp-block-group-is-layout-flex\" style=\"background-color:#f1f1f1f2;padding-top:var(--wp--preset--spacing--70);padding-bottom:var(--wp--preset--spacing--70)\">\n<h2 class=\"wp-block-heading\" style=\"padding-top:var(--wp--preset--spacing--40);padding-bottom:var(--wp--preset--spacing--40);font-size:25px;font-style:normal;font-weight:600\">Nerelerde Kullan\u0131l\u0131r: Geni\u015f Uygulamalar<\/h2>\n\n\n\n<ul class=\"wp-block-list\">\n<li>Mutfak dolaplar\u0131n\u0131n alt\u0131nda g\u00fc\u00e7l\u00fc i\u015f ayd\u0131nlatmas\u0131 i\u00e7in<\/li>\n\n\n\n<li>Raflar ve dolaplar i\u00e7in ayd\u0131nlatma, her \u015feyi net ve parlak hale getirmek i\u00e7in<\/li>\n\n\n\n<li>Yumu\u015fak, \u00e7ekici bir g\u00f6r\u00fcn\u00fcm i\u00e7in cove ve tavan \u0131\u015f\u0131klar\u0131<\/li>\n\n\n\n<li>\u00dcr\u00fcnlerinizi en iyi \u015fekilde sergileyen perakende vitrinleri i\u00e7in ayd\u0131nlatma<\/li>\n\n\n\n<li>\u00c7al\u0131\u015fma ortamlar\u0131n\u0131 ayd\u0131nlatan ofisler ve \u00e7al\u0131\u015fma alanlar\u0131 i\u00e7in \u0131\u015f\u0131k<\/li>\n<\/ul>\n<\/div>\n\n\n\n<div class=\"wp-block-group is-vertical is-layout-flex wp-container-core-group-is-layout-d255d7c4 wp-block-group-is-layout-flex\" style=\"padding-top:var(--wp--preset--spacing--80);padding-bottom:var(--wp--preset--spacing--80)\">\n<h2 class=\"wp-block-heading\" style=\"padding-top:var(--wp--preset--spacing--40);padding-bottom:var(--wp--preset--spacing--40);font-size:25px;font-style:normal;font-weight:600;text-transform:capitalize\">\u00d6zet<\/h2>\n\n\n\n<p>5050 \u00e7ift s\u0131ral\u0131 LED \u015feridimiz, LED \u0131\u015f\u0131klar\u0131n\u0131z\u0131 profesyonel g\u00f6r\u00fcnmesini, parlak ve d\u00fczg\u00fcn parlamas\u0131n\u0131 ve uzun s\u00fcre dayanmas\u0131n\u0131 sa\u011flamak i\u00e7in en iyi yoldur. Kolay kurulum, g\u00fc\u00e7l\u00fc \u0131s\u0131 korumas\u0131 ve \u015f\u0131k bir g\u00f6r\u00fcn\u00fcm i\u00e7in kitimizi se\u00e7in. Farkl\u0131 LED profilleri hakk\u0131nda daha fazla bilgi edinin <a href=\"https:\/\/tangooled.com\/tr\/urun\/black-aluminum-u-channel-profile-for-10mm-led-strips\/\"><mark style=\"background-color:rgba(0, 0, 0, 0)\" class=\"has-inline-color has-vivid-red-color\">10mm LED \u015feritler i\u00e7in siyah al\u00fcminyum U profili<\/mark><\/a> ve <a href=\"https:\/\/tangooled.com\/tr\/urun\/led-light-diffuser-channel-aluminum-15x12mm-for-10mm-led-strips\/\"><mark style=\"background-color:rgba(0, 0, 0, 0)\" class=\"has-inline-color has-vivid-red-color\">10mm LED \u015feritler i\u00e7in 15x12mm al\u00fcminyum LED \u0131\u015f\u0131k dif\u00fcz\u00f6r kanal\u0131<\/mark><\/a>.<\/p>\n<\/div>\n\n\n\n<p><\/p>","protected":false},"featured_media":14097,"template":"","meta":{"_acf_changed":true,"_seopress_robots_primary_cat":"none","_seopress_titles_title":"Aluminum LED Extrusion for 5050 Strips | LP03A | TANGOOLED","_seopress_titles_desc":"Source the aluminum LED extrusion. Specifically designed to accommodate 5050 double row LED strips with professional heat management.","_seopress_robots_index":""},"pcb-width":[229],"product-cat":[192],"class_list":{"0":"post-47879","1":"product","2":"type-product","3":"status-publish","4":"has-post-thumbnail","6":"pcb-width-15-20mm","7":"product-cat-surface-led-profile"},"acf":[],"_links":{"self":[{"href":"https:\/\/tangooled.com\/tr\/wp-json\/wp\/v2\/product\/47879","targetHints":{"allow":["GET"]}}],"collection":[{"href":"https:\/\/tangooled.com\/tr\/wp-json\/wp\/v2\/product"}],"about":[{"href":"https:\/\/tangooled.com\/tr\/wp-json\/wp\/v2\/types\/product"}],"wp:featuredmedia":[{"embeddable":true,"href":"https:\/\/tangooled.com\/tr\/wp-json\/wp\/v2\/media\/14097"}],"wp:attachment":[{"href":"https:\/\/tangooled.com\/tr\/wp-json\/wp\/v2\/media?parent=47879"}],"wp:term":[{"taxonomy":"pcb-width","embeddable":true,"href":"https:\/\/tangooled.com\/tr\/wp-json\/wp\/v2\/pcb-width?post=47879"},{"taxonomy":"product-cat","embeddable":true,"href":"https:\/\/tangooled.com\/tr\/wp-json\/wp\/v2\/product-cat?post=47879"}],"curies":[{"name":"wp","href":"https:\/\/api.w.org\/{rel}","templated":true}]}}