{"id":47877,"date":"2026-01-13T01:51:25","date_gmt":"2026-01-13T09:51:25","guid":{"rendered":"https:\/\/tangooled.com\/?post_type=product&#038;p=47877"},"modified":"2026-02-02T22:27:41","modified_gmt":"2026-02-03T06:27:41","slug":"aluminum-u-channel-with-square-led-diffuser-inner-16mm-lp02b","status":"publish","type":"product","link":"https:\/\/tangooled.com\/tr\/urun\/aluminum-u-channel-with-square-led-diffuser-inner-16mm-lp02b\/","title":{"rendered":"\u0130\u00e7 16mm kare LED dif\u00fcz\u00f6rl\u00fc al\u00fcminyum U kanal\u0131 LP02B"},"content":{"rendered":"<div class=\"wp-block-group is-vertical is-layout-flex wp-container-core-group-is-layout-d255d7c4 wp-block-group-is-layout-flex\" style=\"padding-top:var(--wp--preset--spacing--80);padding-bottom:var(--wp--preset--spacing--80)\">\n<p>Our u-shape aluminum channel with a square diffuser inner 16mm is a solid and reliable choice for your linear lighting projects. It features a broad inner width of 16.2 mm, which can hold LED strips that are up to 16 mm wide. It also includes a square diffuser, which spreads the light evenly and makes the channel look clean and modern. This profile comes with mounting clips and matching end caps that make it easy to put together in a professional way. Whether you&#8217;re a do-it-yourselfer or a pro, it makes homes, offices, or store displays look nice and finished.<\/p>\n<\/div>\n\n\n\n<div class=\"wp-block-group has-background\" style=\"background-color:#f1f1f1;padding-top:var(--wp--preset--spacing--80);padding-bottom:var(--wp--preset--spacing--80)\"><div class=\"wp-block-group__inner-container is-layout-constrained wp-block-group-is-layout-constrained\">\n<div class=\"wp-block-group is-vertical is-layout-flex wp-container-core-group-is-layout-8cf370e7 wp-block-group-is-layout-flex\">\n<h2 class=\"wp-block-heading\" style=\"padding-top:var(--wp--preset--spacing--40);padding-bottom:var(--wp--preset--spacing--40);font-size:25px;font-style:normal;font-weight:600;text-transform:capitalize\">Neden Kare Dif\u00fcz\u00f6rl\u00fc U \u015eekilli Al\u00fcminyum Kanal\u0131m\u0131z\u0131 Se\u00e7melisiniz<\/h2>\n\n\n\n<ul class=\"wp-block-list\">\n<li>G\u00fc\u00e7l\u00fc ve uzun \u00f6m\u00fcrl\u00fc olan anodize al\u00fcminyum 6063-T5'ten yap\u0131lm\u0131\u015ft\u0131r.<\/li>\n\n\n\n<li>Kare dif\u00fcz\u00f6r\u00fc, \u0131\u015f\u0131\u011f\u0131 e\u015fit \u015fekilde da\u011f\u0131tan opal polikarbonat malzemeden yap\u0131lm\u0131\u015ft\u0131r.<\/li>\n\n\n\n<li>16mm i\u00e7 geni\u015fli\u011fi, daha geni\u015f LED \u015feritleri, \u00e7ift s\u0131ra \u015feritler veya suya dayan\u0131kl\u0131 \u015feritler ile uyumludur.<\/li>\n\n\n\n<li>LED'lerinizi serin tutarak daha uzun \u00f6m\u00fcrl\u00fc olmas\u0131n\u0131 sa\u011flamak i\u00e7in \u0131s\u0131 emici g\u00f6revi g\u00f6r\u00fcr.<\/li>\n\n\n\n<li>Montaj i\u00e7in u\u00e7 kapaklar ve kliplerle birlikte gelir, bu da kurulumu h\u0131zl\u0131 ve kolay hale getirir.<\/li>\n<\/ul>\n<\/div>\n<\/div><\/div>\n\n\n\n<div class=\"wp-block-group is-vertical is-layout-flex wp-container-core-group-is-layout-d255d7c4 wp-block-group-is-layout-flex\" style=\"padding-top:var(--wp--preset--spacing--80);padding-bottom:var(--wp--preset--spacing--80)\">\n<hr class=\"wp-block-separator has-alpha-channel-opacity\"\/>\n\n\n\n<div class=\"wp-block-media-text has-media-on-the-right is-stacked-on-mobile\" style=\"grid-template-columns:auto 40%\"><div class=\"wp-block-media-text__content\">\n<h2 class=\"wp-block-heading\" style=\"padding-top:var(--wp--preset--spacing--40);padding-bottom:var(--wp--preset--spacing--40);font-size:25px;font-style:normal;font-weight:600;text-transform:capitalize\">Nas\u0131l Kurulur<\/h2>\n\n\n\n<ul class=\"wp-block-list\">\n<li>I\u015f\u0131\u011f\u0131 istedi\u011finiz y\u00fczeye montaj kliplerini tak\u0131n.<\/li>\n\n\n\n<li>Al\u00fcminyum kanal\u0131 klipslere tak\u0131n.<\/li>\n\n\n\n<li>LED \u015feridinizi kanala yerle\u015ftirin.<\/li>\n\n\n\n<li>Kare dif\u00fcz\u00f6r kapa\u011f\u0131n\u0131 yerine oturtun.<\/li>\n\n\n\n<li>Her iki uca u\u00e7 kapaklar\u0131 ekleyerek d\u00fczenli g\u00f6r\u00fcnmesini sa\u011flay\u0131n.<\/li>\n<\/ul>\n<\/div><figure class=\"wp-block-media-text__media\"><img loading=\"lazy\" decoding=\"async\" width=\"500\" height=\"500\" src=\"https:\/\/tangooled.com\/wp-content\/uploads\/2026\/01\/lp02b-ins.webp\" alt=\"u shape aluminum channel with square diffuser inner 16mm\" class=\"wp-image-48303 size-full\" srcset=\"https:\/\/tangooled.com\/wp-content\/uploads\/2026\/01\/lp02b-ins.webp 500w, https:\/\/tangooled.com\/wp-content\/uploads\/2026\/01\/lp02b-ins-300x300.webp 300w, https:\/\/tangooled.com\/wp-content\/uploads\/2026\/01\/lp02b-ins-150x150.webp 150w\" sizes=\"auto, (max-width: 500px) 100vw, 500px\" \/><\/figure><\/div>\n<\/div>\n\n\n\n<div class=\"wp-block-group has-background is-vertical is-layout-flex wp-container-core-group-is-layout-b429018a wp-block-group-is-layout-flex\" style=\"background-color:#f1f1f1f2;padding-top:var(--wp--preset--spacing--70);padding-bottom:var(--wp--preset--spacing--70)\">\n<h2 class=\"wp-block-heading\" style=\"padding-top:var(--wp--preset--spacing--40);padding-bottom:var(--wp--preset--spacing--40);font-size:25px;font-style:normal;font-weight:600;text-transform:capitalize\">\u00dcr\u00fcn\u00fc Nerelerde Kullan\u0131l\u0131r<\/h2>\n\n\n\n<ul class=\"wp-block-list\">\n<li>Mutfaklarda veya ofislerde dolaplar\u0131n alt\u0131na giden ayd\u0131nlatma.<\/li>\n\n\n\n<li>Binalarda duvarlar, tavanlar veya sergileme raflar\u0131 i\u00e7in ayd\u0131nlatma.<\/li>\n\n\n\n<li>Ma\u011fazalar\u0131 daha ayd\u0131nl\u0131k hale getirmek ve \u00fcr\u00fcnleri sergilemek i\u00e7in ma\u011faza ayd\u0131nlatmas\u0131.<\/li>\n\n\n\n<li>Yo\u011fun kullan\u0131mda dayanabilen garajlar ve at\u00f6lyeler i\u00e7in ayd\u0131nlatma.<\/li>\n\n\n\n<li>Evler veya ofisler i\u00e7in benzersiz lineer ayd\u0131nlatma armat\u00fcrleri yapmak.<\/li>\n<\/ul>\n<\/div>\n\n\n\n<div class=\"wp-block-group is-vertical is-layout-flex wp-container-core-group-is-layout-d255d7c4 wp-block-group-is-layout-flex\" style=\"padding-top:var(--wp--preset--spacing--80);padding-bottom:var(--wp--preset--spacing--80)\">\n<h2 class=\"wp-block-heading\" style=\"padding-top:var(--wp--preset--spacing--40);padding-bottom:var(--wp--preset--spacing--40);font-size:25px;font-style:normal;font-weight:600;text-transform:capitalize\">\u0130lgili \u00dcr\u00fcnleri \u0130nceleyin<\/h2>\n\n\n\n<ul class=\"wp-block-list\">\n<li>Daha k\u00fc\u00e7\u00fck \u015feritler i\u00e7in \u00fcr\u00fcnlerimize g\u00f6z at\u0131n. <a href=\"https:\/\/tangooled.com\/tr\/urun\/black-led-profile-with-black-diffuser-for-10mm-led-strip-light\/\"><mark style=\"background-color:rgba(0, 0, 0, 0)\" class=\"has-inline-color has-vivid-red-color\">10mm LED \u015ferit \u0131\u015f\u0131k i\u00e7in siyah dif\u00fcz\u00f6rl\u00fc siyah LED profili<\/mark><\/a>.<\/li>\n\n\n\n<li>12mm LED \u0131\u015f\u0131klar i\u00e7in bir profil mi gerekiyor? \u015euraya bak\u0131n: <a href=\"https:\/\/tangooled.com\/tr\/urun\/black-led-diffuser-aluminum-channel-for-12mm-tape-lights\/\"><mark style=\"background-color:rgba(0, 0, 0, 0)\" class=\"has-inline-color has-vivid-red-color\">12 mm bant \u0131\u015f\u0131klar\u0131 i\u00e7in siyah LED dif\u00f6re al\u00fcminyum kanal<\/mark><\/a>.<\/li>\n\n\n\n<li>Daha d\u00fc\u015f\u00fck bir profil se\u00e7ene\u011fi i\u00e7in \u015funa bak\u0131n: <a href=\"https:\/\/tangooled.com\/tr\/urun\/led-strip-light-channel-aluminum-profile-with-diffused-cover-6mm-height\/\"><mark style=\"background-color:rgba(0, 0, 0, 0)\" class=\"has-inline-color has-vivid-red-color\">Dif\u00fcz\u00f6r kapakl\u0131 6mm y\u00fckseklikteki LED \u015ferit \u0131\u015f\u0131k kanal\u0131 al\u00fcminyum profil<\/mark><\/a>.<\/li>\n<\/ul>\n<\/div>\n\n\n\n<p><\/p>","protected":false},"featured_media":14093,"template":"","meta":{"_acf_changed":true,"_seopress_robots_primary_cat":"none","_seopress_titles_title":"Aluminum U Channel with Square LED Diffuser Inner 16mm LP02B | TANGOOLED","_seopress_titles_desc":"Explore the LP02B aluminum U channel with a square LED diffuser. Designed with an inner 16mm width to accommodate various LED strips for a sleek, flat finish.","_seopress_robots_index":""},"pcb-width":[229],"product-cat":[192],"class_list":{"0":"post-47877","1":"product","2":"type-product","3":"status-publish","4":"has-post-thumbnail","6":"pcb-width-15-20mm","7":"product-cat-surface-led-profile"},"acf":[],"_links":{"self":[{"href":"https:\/\/tangooled.com\/tr\/wp-json\/wp\/v2\/product\/47877","targetHints":{"allow":["GET"]}}],"collection":[{"href":"https:\/\/tangooled.com\/tr\/wp-json\/wp\/v2\/product"}],"about":[{"href":"https:\/\/tangooled.com\/tr\/wp-json\/wp\/v2\/types\/product"}],"wp:featuredmedia":[{"embeddable":true,"href":"https:\/\/tangooled.com\/tr\/wp-json\/wp\/v2\/media\/14093"}],"wp:attachment":[{"href":"https:\/\/tangooled.com\/tr\/wp-json\/wp\/v2\/media?parent=47877"}],"wp:term":[{"taxonomy":"pcb-width","embeddable":true,"href":"https:\/\/tangooled.com\/tr\/wp-json\/wp\/v2\/pcb-width?post=47877"},{"taxonomy":"product-cat","embeddable":true,"href":"https:\/\/tangooled.com\/tr\/wp-json\/wp\/v2\/product-cat?post=47877"}],"curies":[{"name":"wp","href":"https:\/\/api.w.org\/{rel}","templated":true}]}}