{"id":46008,"date":"2026-01-07T19:29:36","date_gmt":"2026-01-08T03:29:36","guid":{"rendered":"https:\/\/tangooled.com\/?post_type=product&#038;p=46008"},"modified":"2026-01-29T02:23:04","modified_gmt":"2026-01-29T10:23:04","slug":"led-profile-under-cabinet-corner-lighting-for-led-strip-12mm","status":"publish","type":"product","link":"https:\/\/tangooled.com\/tr\/urun\/led-profile-under-cabinet-corner-lighting-for-led-strip-12mm\/","title":{"rendered":"LED \u015ferit 12mm i\u00e7in dolap k\u00f6\u015fe ayd\u0131nlatmas\u0131"},"content":{"rendered":"<div class=\"wp-block-group is-vertical is-layout-flex wp-container-core-group-is-layout-d255d7c4 wp-block-group-is-layout-flex\" style=\"padding-top:var(--wp--preset--spacing--80);padding-bottom:var(--wp--preset--spacing--80)\">\n<p>Mekan\u0131n\u0131z\u0131 m\u00fckemmel k\u00f6\u015fe ayd\u0131nlatmas\u0131yla ayd\u0131nlat\u0131n! LED profilimiz, mutfak alt\u0131ndaki k\u00f6\u015fe ayd\u0131nlatmas\u0131 i\u00e7in 90 derece a\u00e7\u0131lara tam oturacak \u015fekilde tasarlanm\u0131\u015ft\u0131r ve k\u00f6\u015fe alan\u0131n\u0131 en iyi \u015fekilde kullan\u0131r. Profili, 14.3mm y\u00fcksekli\u011finde ve 29.1mm geni\u015fli\u011finde olan kompakt, \u00fc\u00e7gen bir tasar\u0131m\u0131 vard\u0131r ve en fazla 12mm geni\u015fli\u011finde bir LED \u015feridi al\u0131r.<br>Kurulumu basit ve temizdir: al\u00fcminyum kanal, \u00f6ncelikle y\u00fczeye g\u00fcvenli bir \u015fekilde vidalanm\u0131\u015f kliplerle y\u00fczeye monte edilir. \u0130\u015fyerinizin, mutfak veya dolab\u0131n k\u00f6\u015felerinde g\u00fczel bir \u015fekilde \u00e7al\u0131\u015f\u0131r. \u015eeridi g\u00fcvende tutar ve \u0131s\u0131n\u0131n kolayca \u00e7\u0131kmas\u0131na olanak tan\u0131r. Karanl\u0131k alanlara veda edin ve en \u00e7ok gerekti\u011fi yerlerde yo\u011fun i\u015f ayd\u0131nlatmas\u0131 i\u00e7in tam olarak y\u00f6nlendirilmi\u015f d\u00fczg\u00fcn, net \u0131\u015f\u0131\u011fa merhaba deyin.<\/p>\n<\/div>\n\n\n\n<div class=\"wp-block-group has-background is-vertical is-layout-flex wp-container-core-group-is-layout-d255d7c4 wp-block-group-is-layout-flex\" style=\"background-color:#f1f1f1;padding-top:var(--wp--preset--spacing--80);padding-bottom:var(--wp--preset--spacing--80)\">\n<div class=\"wp-block-group is-vertical is-layout-flex wp-container-core-group-is-layout-8cf370e7 wp-block-group-is-layout-flex\">\n<h2 class=\"wp-block-heading\" style=\"padding-top:var(--wp--preset--spacing--40);padding-bottom:var(--wp--preset--spacing--40);font-size:25px;font-style:normal;font-weight:600;text-transform:capitalize\">Neden K\u00f6\u015fe Ayd\u0131nlatma Profilimizi Se\u00e7melisiniz?<\/h2>\n\n\n\n<ul class=\"wp-block-list\">\n<li>Fits 12mm LED strip lights easily\u2014no squeezing or bending.<\/li>\n\n\n\n<li>The unique V-shape design makes it the perfect corner light for 90\u00b0 angles.<\/li>\n\n\n\n<li>Y\u00fcksek kaliteli al\u00fcminyum&nbsp;dan yap\u0131lm\u0131\u015ft\u0131r, b\u00f6ylece LED \u015feritlerinizi serin tutar ve uzun \u00f6m\u00fcrl\u00fc olmas\u0131n\u0131 sa\u011flar.<\/li>\n\n\n\n<li>I\u015f\u0131\u011f\u0131 e\u015fit ve yumu\u015fak bir \u015fekilde yayarak g\u00f6z kama\u015ft\u0131r\u0131c\u0131 noktalar olmadan buzlu bir dif\u00fcz\u00f6r i\u00e7erir.<\/li>\n\n\n\n<li>LED \u015feritlerinizi mutfak ve at\u00f6lyelerde toz ve hasardan korur.<\/li>\n\n\n\n<li>Bir araya getirilmesini kolayla\u015ft\u0131ran klipler ve u\u00e7 kapaklar ile birlikte gelir.<\/li>\n<\/ul>\n<\/div>\n<\/div>\n\n\n\n<div class=\"wp-block-group is-vertical is-layout-flex wp-container-core-group-is-layout-d255d7c4 wp-block-group-is-layout-flex\" style=\"padding-top:var(--wp--preset--spacing--80);padding-bottom:var(--wp--preset--spacing--80)\">\n<hr class=\"wp-block-separator has-alpha-channel-opacity\"\/>\n\n\n\n<div class=\"wp-block-media-text has-media-on-the-right is-stacked-on-mobile\" style=\"grid-template-columns:auto 40%\"><div class=\"wp-block-media-text__content\">\n<h2 class=\"wp-block-heading\" style=\"padding-top:var(--wp--preset--spacing--40);padding-bottom:var(--wp--preset--spacing--40);font-size:25px;font-style:normal;font-weight:600;text-transform:capitalize\">Kurulum \u0130pu\u00e7lar\u0131<\/h2>\n\n\n\n<ul class=\"wp-block-list\">\n<li>En d\u00fczg\u00fcn, noktas\u0131z ayd\u0131nlatma i\u00e7in en az 120 LED'ye sahip 12mm LED \u015feritler kullan\u0131n.<\/li>\n\n\n\n<li>Montaj kliplerini dolab\u0131n\u0131z\u0131n k\u00f6\u015fesine sabitleyin, ard\u0131ndan LED profili yerine yerle\u015ftirin.<\/li>\n\n\n\n<li>Dif\u00fcz\u00f6r\u00fc takmadan \u00f6nce LED \u015feridinizi kanala yerle\u015ftirin.<\/li>\n\n\n\n<li>\u015eeritlerinizi g\u00fcvende tutmak ve hepsinin iyi g\u00f6r\u00fcnmesini sa\u011flamak i\u00e7in u\u00e7 kapaklar\u0131 kullan\u0131n.<\/li>\n\n\n\n<li>Mutfak gibi nemli ortamlarda kullanmak istiyorsan\u0131z, su ge\u00e7irmez \u015feritlerle kullanmay\u0131 unutmay\u0131n.<\/li>\n<\/ul>\n<\/div><figure class=\"wp-block-media-text__media\"><img loading=\"lazy\" decoding=\"async\" width=\"500\" height=\"499\" src=\"https:\/\/tangooled.com\/wp-content\/uploads\/2026\/01\/cd02-installation.jpg\" alt=\"LED \u015ferit 12mm i\u00e7in dolap k\u00f6\u015fe ayd\u0131nlatmas\u0131\" class=\"wp-image-46020 size-full\" srcset=\"https:\/\/tangooled.com\/wp-content\/uploads\/2026\/01\/cd02-installation.jpg 500w, https:\/\/tangooled.com\/wp-content\/uploads\/2026\/01\/cd02-installation-300x300.jpg 300w, https:\/\/tangooled.com\/wp-content\/uploads\/2026\/01\/cd02-installation-150x150.jpg 150w\" sizes=\"auto, (max-width: 500px) 100vw, 500px\" \/><\/figure><\/div>\n<\/div>\n\n\n\n<div class=\"wp-block-group has-background is-vertical is-layout-flex wp-container-core-group-is-layout-b429018a wp-block-group-is-layout-flex\" style=\"background-color:#f1f1f1f2;padding-top:var(--wp--preset--spacing--70);padding-bottom:var(--wp--preset--spacing--70)\">\n<h2 class=\"wp-block-heading\" style=\"padding-top:var(--wp--preset--spacing--40);padding-bottom:var(--wp--preset--spacing--40);font-size:25px;font-style:normal;font-weight:600\">Bu LED Profili Nas\u0131l Kullan\u0131l\u0131r<\/h2>\n\n\n\n<p>Bu k\u00f6\u015fe ayd\u0131nlatma profili, dolaplar\u0131n alt\u0131ndaki bo\u015fluklar\u0131 ve daha fazlas\u0131n\u0131 bir \u00e7ok durumda ayd\u0131nlatmak i\u00e7in m\u00fckemmeldir:<\/p>\n\n\n\n<ul class=\"wp-block-list\">\n<li>Mutfak dolaplar\u0131: Tezgahlar\u0131n\u0131z\u0131 ve \u00e7al\u0131\u015fma y\u00fczeylerinizi daha parlak hale getirmek i\u00e7in d\u00fczg\u00fcn, a\u00e7\u0131l\u0131 \u0131\u015f\u0131k kullan\u0131n.<\/li>\n\n\n\n<li>Giyinme odalar\u0131 ve dolaplar: Giysilerinizi ve di\u011fer nesneleri h\u0131zl\u0131 ve basit bir \u015fekilde, g\u00f6lgeler olmadan bulun.<\/li>\n\n\n\n<li>At\u00f6lye ve \u00e7al\u0131\u015fma masas\u0131: \u00c7al\u0131\u015f\u0131rken her \u015feyi net bir \u015fekilde g\u00f6rebilirsiniz.<\/li>\n\n\n\n<li>\u00dcr\u00fcnleri perakende sergileri ve raflar\u0131nda vurgulamak i\u00e7in parlak, keskin vurgu ayd\u0131nlatma kullan\u0131n.<\/li>\n<\/ul>\n<\/div>\n\n\n\n<div class=\"wp-block-group is-vertical is-layout-flex wp-container-core-group-is-layout-d255d7c4 wp-block-group-is-layout-flex\" style=\"padding-top:var(--wp--preset--spacing--80);padding-bottom:var(--wp--preset--spacing--80)\">\n<h2 class=\"wp-block-heading\" style=\"padding-top:var(--wp--preset--spacing--40);padding-bottom:var(--wp--preset--spacing--40);font-size:25px;font-style:normal;font-weight:600;text-transform:capitalize\">Y\u00fczey Montajl\u0131 LED Profil Uygulamalar\u0131<\/h2>\n\n\n\n<ul class=\"wp-block-list\">\n<li>Mutfak dolaplar\u0131: Tezgahlar\u0131n\u0131z\u0131 ve \u00e7al\u0131\u015fma y\u00fczeylerinizi daha parlak hale getirmek i\u00e7in d\u00fczg\u00fcn, a\u00e7\u0131l\u0131 \u0131\u015f\u0131k kullan\u0131n.<\/li>\n\n\n\n<li>Giyinme odalar\u0131 ve dolaplar: Giysilerinizi ve di\u011fer nesneleri h\u0131zl\u0131 ve basit bir \u015fekilde, g\u00f6lgeler olmadan bulun.<\/li>\n\n\n\n<li>At\u00f6lye ve \u00e7al\u0131\u015fma masas\u0131: \u00c7al\u0131\u015f\u0131rken her \u015feyi net bir \u015fekilde g\u00f6rebilirsiniz.<\/li>\n\n\n\n<li>\u00dcr\u00fcnleri perakende sergileri ve raflar\u0131nda vurgulamak i\u00e7in parlak, keskin vurgu ayd\u0131nlatma kullan\u0131n.<\/li>\n<\/ul>\n<\/div>\n\n\n\n<div class=\"wp-block-group has-background is-vertical is-layout-flex wp-container-core-group-is-layout-b429018a wp-block-group-is-layout-flex\" style=\"background-color:#f1f1f1f2;padding-top:var(--wp--preset--spacing--70);padding-bottom:var(--wp--preset--spacing--70)\">\n<h2 class=\"wp-block-heading\" style=\"padding-top:var(--wp--preset--spacing--40);padding-bottom:var(--wp--preset--spacing--40);font-size:25px;font-style:normal;font-weight:600\">\u0130lgili \u00dcr\u00fcnler<\/h2>\n\n\n\n<ul class=\"wp-block-list\">\n<li>Ke\u015ffedin <mark style=\"background-color:rgba(0, 0, 0, 0)\" class=\"has-inline-color has-vivid-red-color\"><a href=\"https:\/\/tangooled.com\/tr\/urun\/surface-mount-led-profile-with-frosted-diffuser-for-10mm-rope-lights\/\">10 mm iplikler i\u00e7in mat dif\u00f6re sahip y\u00fczeye montaj LED profili<\/a><\/mark> d\u00fcz y\u00fczeyler i\u00e7in.<\/li>\n\n\n\n<li>G\u00f6z at\u0131n <a href=\"https:\/\/tangooled.com\/tr\/urun\/cabinet-led-strip-channel-with-diffuser-for-double-led-strips\/\"><mark style=\"background-color:rgba(0, 0, 0, 0)\" class=\"has-inline-color has-vivid-red-color\">dif\u00fcz\u00f6rl\u00fc dolap led \u015ferit kanal\u0131 \u00e7ift led \u015feritleri i\u00e7in<\/mark><\/a> birden fazla \u0131\u015f\u0131k s\u0131ras\u0131 i\u00e7in.<\/li>\n\n\n\n<li>\u0130nce se\u00e7enekleri bulun <mark style=\"background-color:rgba(0, 0, 0, 0)\" class=\"has-inline-color has-vivid-red-color\"><a href=\"https:\/\/tangooled.com\/tr\/urun\/25x6mm-low-profile-led-strip-channel-for-10mm-led-strip-light\/\">10mm LED \u015ferit \u0131\u015f\u0131k i\u00e7in 25x6mm d\u00fc\u015f\u00fck profilli LED \u015ferit kanal\u0131<\/a><\/mark>.<\/li>\n<\/ul>\n<\/div>\n\n\n\n<div class=\"wp-block-group is-vertical is-layout-flex wp-container-core-group-is-layout-d255d7c4 wp-block-group-is-layout-flex\" style=\"padding-top:var(--wp--preset--spacing--80);padding-bottom:var(--wp--preset--spacing--80)\">\n<h2 class=\"wp-block-heading\" style=\"padding-top:var(--wp--preset--spacing--40);padding-bottom:var(--wp--preset--spacing--40);font-size:25px;font-style:normal;font-weight:600;text-transform:capitalize\">Y\u00fczey Montajl\u0131 LED Profil Uygulamalar\u0131<\/h2>\n\n\n\n<p>Mutfaklar, dolaplar, at\u00f6lyeler, perakende raflar\u0131 ve daha fazlas\u0131nda kolay kurulum ve uzun \u00f6m\u00fcrl\u00fc, \u015f\u0131k k\u00f6\u015fe ayd\u0131nlatmas\u0131 sa\u011flamak i\u00e7in alt\u0131nda dolap ayd\u0131nlatmas\u0131 \u00fcreten led profilimiz, karanl\u0131k noktalar veya p\u00fcr\u00fczl\u00fc kenarlar olmadan parlak, net ve d\u00fczg\u00fcn bir \u015fekilde \u0131\u015f\u0131k \u00fcretir. Bu k\u00f6\u015fe profili dolap k\u00f6\u015felerinde m\u00fckemmel bir \u015fekilde oturur ve 12mm LED \u015ferit kanallar\u0131n\u0131z\u0131 yerinde tutar. Bug\u00fcn bu k\u00f6\u015fe profilini ekleyin.<\/p>\n<\/div>\n\n\n\n<p><\/p>","protected":false},"featured_media":14275,"template":"","meta":{"_acf_changed":true,"_seopress_robots_primary_cat":"none","_seopress_titles_title":"LED Profile for Under Cabinet Corner Lighting | TANGOOLED","_seopress_titles_desc":"Source the LED profile for under cabinet corner lighting. Specifically designed for 12mm strips to provide shadow-free illumination in kitchens & retail displays. T","_seopress_robots_index":""},"pcb-width":[229],"product-cat":[192],"class_list":{"0":"post-46008","1":"product","2":"type-product","3":"status-publish","4":"has-post-thumbnail","6":"pcb-width-15-20mm","7":"product-cat-surface-led-profile"},"acf":[],"_links":{"self":[{"href":"https:\/\/tangooled.com\/tr\/wp-json\/wp\/v2\/product\/46008","targetHints":{"allow":["GET"]}}],"collection":[{"href":"https:\/\/tangooled.com\/tr\/wp-json\/wp\/v2\/product"}],"about":[{"href":"https:\/\/tangooled.com\/tr\/wp-json\/wp\/v2\/types\/product"}],"wp:featuredmedia":[{"embeddable":true,"href":"https:\/\/tangooled.com\/tr\/wp-json\/wp\/v2\/media\/14275"}],"wp:attachment":[{"href":"https:\/\/tangooled.com\/tr\/wp-json\/wp\/v2\/media?parent=46008"}],"wp:term":[{"taxonomy":"pcb-width","embeddable":true,"href":"https:\/\/tangooled.com\/tr\/wp-json\/wp\/v2\/pcb-width?post=46008"},{"taxonomy":"product-cat","embeddable":true,"href":"https:\/\/tangooled.com\/tr\/wp-json\/wp\/v2\/product-cat?post=46008"}],"curies":[{"name":"wp","href":"https:\/\/api.w.org\/{rel}","templated":true}]}}