{"id":46005,"date":"2026-01-07T18:55:58","date_gmt":"2026-01-08T02:55:58","guid":{"rendered":"https:\/\/tangooled.com\/?post_type=product&#038;p=46005"},"modified":"2026-02-02T22:17:38","modified_gmt":"2026-02-03T06:17:38","slug":"8mm-recessed-led-strip-light-mounting-channel-for-cabient-door","status":"publish","type":"product","link":"https:\/\/tangooled.com\/tr\/urun\/8mm-recessed-led-strip-light-mounting-channel-for-cabient-door\/","title":{"rendered":"Dolap kap\u0131s\u0131 i\u00e7in 8mm g\u00f6mme led \u015ferit ayd\u0131nlatma kanal\u0131"},"content":{"rendered":"<div class=\"wp-block-group is-vertical is-layout-flex wp-container-core-group-is-layout-d255d7c4 wp-block-group-is-layout-flex\" style=\"padding-top:var(--wp--preset--spacing--80);padding-bottom:var(--wp--preset--spacing--80)\">\n<p>Our 8mm recessed cabinet door LED channel will make your cabinet doors glow. This thin profile features a 20.0mm flange width and a short 10.4mm depth, making it ideal for installing 8mm wide LED strip lights in very tight areas. To install, carve a groove into the furniture and then recess the channel entirely into it. This gives the lights a clean, flush-mount look without the bulkier lights protruding out. The profile&#8217;s built-in tilted design sends the light out, brilliantly lighting up the inside of the cabinet. It works great for closet doors, the edges of fine display cases, or thin shelves. It keeps heat in check and protects strips while giving off a gentle, professional, and clean glow.<\/p>\n<\/div>\n\n\n\n<div class=\"wp-block-group has-background is-vertical is-layout-flex wp-container-core-group-is-layout-d255d7c4 wp-block-group-is-layout-flex\" style=\"background-color:#f1f1f1;padding-top:var(--wp--preset--spacing--80);padding-bottom:var(--wp--preset--spacing--80)\">\n<div class=\"wp-block-group is-vertical is-layout-flex wp-container-core-group-is-layout-8cf370e7 wp-block-group-is-layout-flex\">\n<h2 class=\"wp-block-heading\" style=\"padding-top:var(--wp--preset--spacing--40);padding-bottom:var(--wp--preset--spacing--40);font-size:25px;font-style:normal;font-weight:600;text-transform:capitalize\">Neden 8mm G\u00f6m\u00fcl\u00fc Dolap Kap\u0131s\u0131 LED Kanal\u0131m\u0131z\u0131 Se\u00e7melisiniz?<\/h2>\n\n\n\n<ul class=\"wp-block-list\">\n<li>Y\u00fczeye Montaj Tasar\u0131m\u0131: LED \u015feritleri dolap kap\u0131lar\u0131ndaki ince bir yar\u0131ktan yerle\u015ftirerek temiz, \u00e7er\u00e7evesiz bir g\u00f6r\u00fcn\u00fcm kazand\u0131r\u0131r.<\/li>\n\n\n\n<li>8mm LED \u015eeritlerle \u00c7al\u0131\u015f\u0131r: SMD 3528, 2835 ve COB LED pop\u00fcler \u015ferit lambalar\u0131yla uyumludur.<\/li>\n\n\n\n<li>D\u00fczg\u00fcn I\u015f\u0131k Da\u011f\u0131t\u0131m\u0131: Buzlu dif\u00fcz\u00f6r kapa\u011f\u0131 \u0131\u015f\u0131\u011f\u0131 e\u015fit olarak yayar, noktalara veya s\u0131cak noktalara neden olmaz.<\/li>\n\n\n\n<li>LED\u2019lerinizi g\u00fcvende tutar: Anodize al\u00fcminyum, toz ve \u0131s\u0131dan onlar\u0131 korur.<\/li>\n\n\n\n<li>Kesilmesi ve Monte Edilmesi Kolay: Sadece do\u011fru uzunlu\u011fa kesin ve kolay montaj i\u00e7in bir oluk a\u00e7\u0131n.<\/li>\n\n\n\n<li>Tam Set: Bir kanal, bir dif\u00fcz\u00f6r ve tel delikli ve deliksiz son kapaklarla birlikte gelir.<\/li>\n<\/ul>\n<\/div>\n<\/div>\n\n\n\n<div class=\"wp-block-group is-vertical is-layout-flex wp-container-core-group-is-layout-d255d7c4 wp-block-group-is-layout-flex\" style=\"padding-top:var(--wp--preset--spacing--80);padding-bottom:var(--wp--preset--spacing--80)\">\n<hr class=\"wp-block-separator has-alpha-channel-opacity\"\/>\n\n\n\n<div class=\"wp-block-media-text has-media-on-the-right is-stacked-on-mobile\" style=\"grid-template-columns:auto 40%\"><div class=\"wp-block-media-text__content\">\n<h2 class=\"wp-block-heading\" style=\"padding-top:var(--wp--preset--spacing--40);padding-bottom:var(--wp--preset--spacing--40);font-size:25px;font-style:normal;font-weight:600;text-transform:capitalize\">5 Ad\u0131mda Kolay Montaj<\/h2>\n\n\n\n<ul class=\"wp-block-list\">\n<li>Dolap kap\u0131n\u0131zda veya panonuzda 12.5 mm geni\u015fli\u011finde ve 8 mm derinli\u011finde bir oluk a\u00e7mak i\u00e7in bir frez kullan\u0131n.<\/li>\n\n\n\n<li>Al\u00fcminyum profili ve buzlu dif\u00fcz\u00f6r\u00fc istedi\u011finiz uzunlu\u011fa kesin.<\/li>\n\n\n\n<li>Yapt\u0131\u011f\u0131n\u0131z olu\u011fa kanal\u0131 yerle\u015ftirin, i\u00e7ine bast\u0131rarak veya yap\u0131\u015ft\u0131rarak yerle\u015ftirin.<\/li>\n\n\n\n<li>8mm LED \u015feridinizi al\u00fcminyum kanala yerle\u015ftirin, b\u00f6ylece yerinde kalmas\u0131n\u0131 sa\u011flay\u0131n.<\/li>\n\n\n\n<li>Son kapaklar\u0131 tak\u0131n ve g\u00f6r\u00fcn\u00fcm\u00fcn\u00fc tamamlamak i\u00e7in dif\u00fcz\u00f6r kapa\u011f\u0131n\u0131 yerle\u015ftirin.<\/li>\n<\/ul>\n<\/div><figure class=\"wp-block-media-text__media\"><img loading=\"lazy\" decoding=\"async\" width=\"500\" height=\"500\" src=\"https:\/\/tangooled.com\/wp-content\/uploads\/2026\/01\/cd01-ins.webp\" alt=\"Dolap kap\u0131s\u0131 i\u00e7in 8mm g\u00f6mme led \u015ferit ayd\u0131nlatma kanal\u0131\" class=\"wp-image-46006 size-full\" srcset=\"https:\/\/tangooled.com\/wp-content\/uploads\/2026\/01\/cd01-ins.webp 500w, https:\/\/tangooled.com\/wp-content\/uploads\/2026\/01\/cd01-ins-300x300.webp 300w, https:\/\/tangooled.com\/wp-content\/uploads\/2026\/01\/cd01-ins-150x150.webp 150w\" sizes=\"auto, (max-width: 500px) 100vw, 500px\" \/><\/figure><\/div>\n<\/div>\n\n\n\n<div class=\"wp-block-group has-background is-vertical is-layout-flex wp-container-core-group-is-layout-b429018a wp-block-group-is-layout-flex\" style=\"background-color:#f1f1f1f2;padding-top:var(--wp--preset--spacing--70);padding-bottom:var(--wp--preset--spacing--70)\">\n<h2 class=\"wp-block-heading\" style=\"padding-top:var(--wp--preset--spacing--40);padding-bottom:var(--wp--preset--spacing--40);font-size:25px;font-style:normal;font-weight:600\">Kullan\u0131m Senaryolar\u0131<\/h2>\n\n\n\n<ul class=\"wp-block-list\">\n<li>Mutfak dolab\u0131 kap\u0131s\u0131 i\u00e7in ayd\u0131nlatma: Dolap kap\u0131lar\u0131na ho\u015f bir par\u0131lt\u0131 kazand\u0131r\u0131r, gece g\u00f6rmeyi kolayla\u015ft\u0131r\u0131r ve iyi g\u00f6r\u00fcn\u00fcr.<\/li>\n\n\n\n<li>Klozetler ve dolaplar i\u00e7in ayd\u0131nlatma: Dolap i\u00e7indeki giysi ask\u0131lar\u0131n\u0131 ayd\u0131nlat\u0131r, b\u00f6ylece giysileri kolayca g\u00f6rebilirsiniz.<\/li>\n\n\n\n<li>K\u00fct\u00fcphaneler ve \u00e7ekmeceler i\u00e7in vurgu ayd\u0131nlatmas\u0131: D\u00fczg\u00fcn ve e\u015fit \u0131\u015f\u0131k, raflar\u0131 ve \u00e7ekmeceleri daha ayd\u0131nl\u0131k hale getirir.<\/li>\n\n\n\n<li>Mobilya \u0130\u00e7ine Entegre Ayd\u0131nlatma: \u00d6zel mobilyalar veya marangozluk ile birlikte \u00e7al\u0131\u015farak ona \u015f\u0131k bir g\u00f6r\u00fcn\u00fcm kazand\u0131r\u0131r.<\/li>\n<\/ul>\n<\/div>\n\n\n\n<div class=\"wp-block-group is-vertical is-layout-flex wp-container-core-group-is-layout-d255d7c4 wp-block-group-is-layout-flex\" style=\"padding-top:var(--wp--preset--spacing--80);padding-bottom:var(--wp--preset--spacing--80)\">\n<h2 class=\"wp-block-heading\" style=\"padding-top:var(--wp--preset--spacing--40);padding-bottom:var(--wp--preset--spacing--40);font-size:25px;font-style:normal;font-weight:600;text-transform:capitalize\">ilgilili \u00fcr\u00fcn ba\u011flant\u0131lar\u0131<\/h2>\n\n\n\n<ul class=\"wp-block-list\">\n<li>Siyah dif\u00fcz\u00f6r kanal se\u00e7ene\u011fi i\u00e7in, bak\u0131n\u0131z <a href=\"https:\/\/tangooled.com\/tr\/urun\/black-led-profile-with-black-diffuser-for-10mm-led-strip-light\/\"><mark style=\"background-color:rgba(0, 0, 0, 0)\" class=\"has-inline-color has-vivid-red-color\">10mm LED \u015ferit \u0131\u015f\u0131k i\u00e7in siyah dif\u00fcz\u00f6rl\u00fc siyah LED profili<\/mark><\/a>.<\/li>\n\n\n\n<li>\u0130lgili \u00fcr\u00fcnleri deneyin <a href=\"https:\/\/tangooled.com\/tr\/urun\/led-strip-light-channel-aluminum-profile-with-diffused-cover-6mm-height\/\"><mark style=\"background-color:rgba(0, 0, 0, 0)\" class=\"has-inline-color has-vivid-red-color\">Dif\u00fcz\u00f6r kapakl\u0131 6mm y\u00fckseklikteki LED \u015ferit \u0131\u015f\u0131k kanal\u0131 al\u00fcminyum profil<\/mark><\/a> daha ince montajlar i\u00e7in.<\/li>\n\n\n\n<li>Ke\u015ffedin <a href=\"https:\/\/tangooled.com\/tr\/urun\/recessed-led-aluminum-profile-up-and-down-lighting-channel-for-cabinet\/\"><mark style=\"background-color:rgba(0, 0, 0, 0)\" class=\"has-inline-color has-vivid-red-color\">g\u00f6m\u00fcl\u00fc LED al\u00fcminyum profili, dolap i\u00e7in yukar\u0131 ve a\u015fa\u011f\u0131 ayd\u0131nlatma kanal\u0131<\/mark><\/a> daha fazla dolap ayd\u0131nlatma \u00e7\u00f6z\u00fcm\u00fc i\u00e7in.<\/li>\n\n\n\n<li>Ayr\u0131ca, <a href=\"https:\/\/tangooled.com\/tr\/urun\/10mm-led-profile-aluminum-channel-for-8mm-led-tape-lights\/\"><mark style=\"background-color:rgba(0, 0, 0, 0)\" class=\"has-inline-color has-vivid-red-color\">8mm LED \u015ferit lambalar i\u00e7in 10mm LED profili al\u00fcminyum kanal\u0131<\/mark><\/a> biraz daha b\u00fcy\u00fck bir profil i\u00e7in.<\/li>\n<\/ul>\n<\/div>\n\n\n\n<p><\/p>","protected":false},"featured_media":14272,"template":"","meta":{"_acf_changed":true,"_seopress_robots_primary_cat":"none","_seopress_titles_title":"8mm Recessed Cabinet Door LED Channel | TANGOOLED","_seopress_titles_desc":"Source the 8mm recessed cabinet door LED channel. Ultra-slim aluminum mounting profile designed for seamless furniture integration & door frame lighting.","_seopress_robots_index":""},"pcb-width":[228],"product-cat":[193],"class_list":{"0":"post-46005","1":"product","2":"type-product","3":"status-publish","4":"has-post-thumbnail","6":"pcb-width-6-12mm","7":"product-cat-recessed-profile"},"acf":[],"_links":{"self":[{"href":"https:\/\/tangooled.com\/tr\/wp-json\/wp\/v2\/product\/46005","targetHints":{"allow":["GET"]}}],"collection":[{"href":"https:\/\/tangooled.com\/tr\/wp-json\/wp\/v2\/product"}],"about":[{"href":"https:\/\/tangooled.com\/tr\/wp-json\/wp\/v2\/types\/product"}],"wp:featuredmedia":[{"embeddable":true,"href":"https:\/\/tangooled.com\/tr\/wp-json\/wp\/v2\/media\/14272"}],"wp:attachment":[{"href":"https:\/\/tangooled.com\/tr\/wp-json\/wp\/v2\/media?parent=46005"}],"wp:term":[{"taxonomy":"pcb-width","embeddable":true,"href":"https:\/\/tangooled.com\/tr\/wp-json\/wp\/v2\/pcb-width?post=46005"},{"taxonomy":"product-cat","embeddable":true,"href":"https:\/\/tangooled.com\/tr\/wp-json\/wp\/v2\/product-cat?post=46005"}],"curies":[{"name":"wp","href":"https:\/\/api.w.org\/{rel}","templated":true}]}}