{"id":46001,"date":"2026-01-07T18:52:46","date_gmt":"2026-01-08T02:52:46","guid":{"rendered":"https:\/\/tangooled.com\/?post_type=product&#038;p=46001"},"modified":"2026-02-02T22:19:27","modified_gmt":"2026-02-03T06:19:27","slug":"wood-cabinet-edge-led-strip-channel-under-shelf-lighting","status":"publish","type":"product","link":"https:\/\/tangooled.com\/tr\/urun\/wood-cabinet-edge-led-strip-channel-under-shelf-lighting\/","title":{"rendered":"ah\u015fap dolap kenar\u0131 led \u015ferit kanal\u0131, raf ayd\u0131nlatmas\u0131"},"content":{"rendered":"<div class=\"wp-block-group is-vertical is-layout-flex wp-container-core-group-is-layout-d255d7c4 wp-block-group-is-layout-flex\" style=\"padding-top:var(--wp--preset--spacing--80);padding-bottom:var(--wp--preset--spacing--80)\">\n<p>Ah\u015fap dolap kenar\u0131 LED kanal\u0131, raf\u0131n kenar\u0131na uyacak \u015fekilde tasarlanm\u0131\u015ft\u0131r. I\u015f\u0131k, alttaki alan\u0131 ayd\u0131nlatmak i\u00e7in a\u015fa\u011f\u0131ya y\u00f6neltilmi\u015ftir ve parlamaya neden olmaz. Bu ah\u015fap dolap ayd\u0131nlatma tasar\u0131m\u0131, kenar alan\u0131n\u0131 maksimize eder ve a\u00e7\u0131l\u0131 \u0131\u015f\u0131k, alt\u0131ndaki e\u015fyalar \u00fczerinde g\u00f6lgeleri etkin bir \u015fekilde azaltarak t\u00fcm alan\u0131 daha parlak ve daha e\u015fit \u015fekilde ayd\u0131nlat\u0131r. Bu, dolab\u0131n i\u00e7indeki ve sergi raf\u0131ndaki e\u015fyalar\u0131 ayd\u0131nlatman\u0131n ak\u0131ll\u0131 ve pratik bir yoludur.<\/p>\n<\/div>\n\n\n\n<div class=\"wp-block-group has-background is-vertical is-layout-flex wp-container-core-group-is-layout-d255d7c4 wp-block-group-is-layout-flex\" style=\"background-color:#f1f1f1;padding-top:var(--wp--preset--spacing--80);padding-bottom:var(--wp--preset--spacing--80)\">\n<div class=\"wp-block-group is-vertical is-layout-flex wp-container-core-group-is-layout-8cf370e7 wp-block-group-is-layout-flex\">\n<h2 class=\"wp-block-heading\" style=\"padding-top:var(--wp--preset--spacing--40);padding-bottom:var(--wp--preset--spacing--40);font-size:25px;font-style:normal;font-weight:600;text-transform:capitalize\">Neden Ah\u015fap Dolap Kenar\u0131 LED Kanal\u0131m\u0131z\u0131 Tercih Etmelisiniz?<\/h2>\n\n\n\n<p>Our product is a smart edge lighting channel that fits nicely on wooden shelves or cabinets. It holds your LED strips safely while making your space brighter and nicer. This is why it&#8217;s so great:<\/p>\n\n\n\n<ul class=\"wp-block-list\">\n<li>Temiz bir g\u00f6r\u00fcn\u00fcm i\u00e7in ah\u015fap dolaplar\u0131n kenarlar\u0131na muntazam bir \u015fekilde uyar.<\/li>\n\n\n\n<li>Raflar\u0131n alt\u0131ndaki alan\u0131 daha iyi g\u00f6rmenize yard\u0131mc\u0131 olacak parlak \u0131\u015f\u0131k sa\u011flar.\u00a0<\/li>\n\n\n\n<li>LED \u015feritlerin daha uzun \u00f6m\u00fcrl\u00fc olmas\u0131n\u0131 sa\u011flayan g\u00fc\u00e7l\u00fc al\u00fcminyumdan yap\u0131lm\u0131\u015ft\u0131r.<\/li>\n\n\n\n<li>Yumu\u015fak, e\u015fit \u0131\u015f\u0131k i\u00e7in \u015feffaf bir \u0131\u015f\u0131k da\u011f\u0131t\u0131c\u0131 ile birlikte gelir.\u00a0<\/li>\n\n\n\n<li>Temel aletlerle kolayca monte edilebilir.<\/li>\n\n\n\n<li>\u00c7e\u015fitli DC12V LED \u015ferit \u0131\u015f\u0131klar\u0131 ile \u00e7al\u0131\u015f\u0131r.<\/li>\n<\/ul>\n<\/div>\n<\/div>\n\n\n\n<div class=\"wp-block-group is-vertical is-layout-flex wp-container-core-group-is-layout-d255d7c4 wp-block-group-is-layout-flex\" style=\"padding-top:var(--wp--preset--spacing--80);padding-bottom:var(--wp--preset--spacing--80)\">\n<hr class=\"wp-block-separator has-alpha-channel-opacity\"\/>\n\n\n\n<div class=\"wp-block-media-text has-media-on-the-right is-stacked-on-mobile\" style=\"grid-template-columns:auto 40%\"><div class=\"wp-block-media-text__content\">\n<h2 class=\"wp-block-heading\" style=\"padding-top:var(--wp--preset--spacing--40);padding-bottom:var(--wp--preset--spacing--40);font-size:25px;font-style:normal;font-weight:600;text-transform:capitalize\">Nas\u0131l Kurulur<\/h2>\n\n\n\n<ul class=\"wp-block-list\">\n<li>\u00d6l\u00e7\u00fcn ve Kesin: Bir mezura kullanarak raf kenar\u0131n\u0131n ne kadar uzun oldu\u011funu bulun ve ard\u0131ndan al\u00fcminyum profili o uzunlukta kesin.<\/li>\n\n\n\n<li>Profili Tak\u0131n: Al\u00fcminyum profili raf kenar\u0131n\u0131n alt\u0131na sabitleyin. \u00d6n kenara d\u00fczg\u00fcn bir \u015fekilde oturdu\u011fundan emin olun.<\/li>\n\n\n\n<li>LED \u015eeridi Yerine Koyun: LED \u015feridin arka y\u00fczeyini \u00e7\u0131kar\u0131n ve onu al\u00fcminyum profile s\u0131k\u0131ca yap\u0131\u015ft\u0131r\u0131n.<\/li>\n\n\n\n<li>Da\u011f\u0131t\u0131c\u0131y\u0131 Test Edin ve Tak\u0131n: Test i\u00e7in, LED \u015feridi g\u00fc\u00e7 kayna\u011f\u0131n\u0131za tak\u0131n, ard\u0131ndan plastik da\u011f\u0131t\u0131c\u0131 kapa\u011f\u0131n\u0131 profile oturtarak i\u015flemi tamamlay\u0131n.<\/li>\n<\/ul>\n<\/div><figure class=\"wp-block-media-text__media\"><img loading=\"lazy\" decoding=\"async\" width=\"500\" height=\"500\" src=\"https:\/\/tangooled.com\/wp-content\/uploads\/2026\/01\/lb06-ins.webp\" alt=\"ah\u015fap dolap kenar\u0131 led \u015ferit kanal\u0131, raf ayd\u0131nlatmas\u0131\" class=\"wp-image-46002 size-full\" srcset=\"https:\/\/tangooled.com\/wp-content\/uploads\/2026\/01\/lb06-ins.webp 500w, https:\/\/tangooled.com\/wp-content\/uploads\/2026\/01\/lb06-ins-300x300.webp 300w, https:\/\/tangooled.com\/wp-content\/uploads\/2026\/01\/lb06-ins-150x150.webp 150w\" sizes=\"auto, (max-width: 500px) 100vw, 500px\" \/><\/figure><\/div>\n<\/div>\n\n\n\n<div class=\"wp-block-group has-background is-vertical is-layout-flex wp-container-core-group-is-layout-b429018a wp-block-group-is-layout-flex\" style=\"background-color:#f1f1f1f2;padding-top:var(--wp--preset--spacing--70);padding-bottom:var(--wp--preset--spacing--70)\">\n<h2 class=\"wp-block-heading\" style=\"padding-top:var(--wp--preset--spacing--40);padding-bottom:var(--wp--preset--spacing--40);font-size:25px;font-style:normal;font-weight:600;text-transform:capitalize\">en iyi kullan\u0131m yolu<\/h2>\n\n\n\n<ul class=\"wp-block-list\">\n<li>Tarifleri okumak, yemek kesmek ve pi\u015firmek i\u00e7in yeterince parlak olan dolap alt\u0131 i\u015f ayd\u0131nlatmas\u0131.<\/li>\n\n\n\n<li>Kitap raf\u0131 ve sergi ayd\u0131nlatmas\u0131: Kitaplar\u0131n\u0131z\u0131, koleksiyonlar\u0131n\u0131z\u0131 veya saklama \u00f6\u011felerinizi yumu\u015fak \u0131\u015f\u0131kla ayd\u0131nlat\u0131n.<\/li>\n\n\n\n<li>Y\u00fczer Raf Ayd\u0131nlatmas\u0131: Bu \u015f\u0131k \u0131\u015f\u0131k kayna\u011f\u0131n\u0131 gizler ve ho\u015f bir duvar y\u0131kamas\u0131 yapar.<\/li>\n\n\n\n<li>Dolap ve giysi dolab\u0131n\u0131zdaki karanl\u0131k raflar\u0131 ayd\u0131nlatarak onlar\u0131 daha g\u00f6r\u00fcl\u00fcr ve daha ho\u015f hale getirin.<\/li>\n<\/ul>\n<\/div>\n\n\n\n<div class=\"wp-block-group is-vertical is-layout-flex wp-container-core-group-is-layout-d255d7c4 wp-block-group-is-layout-flex\" style=\"padding-top:var(--wp--preset--spacing--80);padding-bottom:var(--wp--preset--spacing--80)\">\n<h2 class=\"wp-block-heading\" style=\"padding-top:var(--wp--preset--spacing--40);padding-bottom:var(--wp--preset--spacing--40);font-size:25px;font-style:normal;font-weight:600;text-transform:capitalize\">Ho\u015flanabilece\u011finiz \u0130lgili \u00dcr\u00fcnler<\/h2>\n\n\n\n<ul class=\"wp-block-list\">\n<li>10mm LED \u015ferit \u0131\u015f\u0131\u011f\u0131 i\u00e7in siyah da\u011f\u0131t\u0131c\u0131yla siyah LED profili: <a href=\"https:\/\/tangooled.com\/tr\/urun\/black-led-profile-with-black-diffuser-for-10mm-led-strip-light\/\"><mark style=\"background-color:rgba(0, 0, 0, 0)\" class=\"has-inline-color has-vivid-red-color\">\u00dcr\u00fcn\u00fc g\u00f6r\u00fcnt\u00fcle<\/mark><\/a><\/li>\n\n\n\n<li>Frosted da\u011f\u0131t\u0131c\u0131 ile y\u00fczey montajl\u0131 LED profili 10mm ip \u0131\u015f\u0131klar\u0131 i\u00e7in: <a href=\"https:\/\/tangooled.com\/tr\/urun\/surface-mount-led-profile-with-frosted-diffuser-for-10mm-rope-lights\/\"><mark style=\"background-color:rgba(0, 0, 0, 0)\" class=\"has-inline-color has-vivid-red-color\">\u00dcr\u00fcn\u00fc g\u00f6r\u00fcnt\u00fcle<\/mark><\/a><\/li>\n\n\n\n<li>10mm LED \u015feritler i\u00e7in 15x12mm al\u00fcminyum LED \u0131\u015f\u0131k da\u011f\u0131t\u0131c\u0131 kanal\u0131: <a href=\"https:\/\/tangooled.com\/tr\/urun\/led-light-diffuser-channel-aluminum-15x12mm-for-10mm-led-strips\/\"><mark style=\"background-color:rgba(0, 0, 0, 0)\" class=\"has-inline-color has-vivid-red-color\">\u00dcr\u00fcn\u00fc g\u00f6r\u00fcnt\u00fcle<\/mark><\/a><\/li>\n<\/ul>\n<\/div>\n\n\n\n<div class=\"wp-block-group has-background is-vertical is-layout-flex wp-container-core-group-is-layout-b429018a wp-block-group-is-layout-flex\" style=\"background-color:#f1f1f1f2;padding-top:var(--wp--preset--spacing--70);padding-bottom:var(--wp--preset--spacing--70)\">\n<h2 class=\"wp-block-heading\" style=\"padding-top:var(--wp--preset--spacing--40);padding-bottom:var(--wp--preset--spacing--40);font-size:25px;font-style:normal;font-weight:600;text-transform:capitalize\">\u00f6zet<\/h2>\n\n\n\n<p style=\"padding-right:var(--wp--preset--spacing--50);padding-left:var(--wp--preset--spacing--50)\">Ah\u015fap raflar\u0131n alt\u0131nda kenar ayd\u0131nlatmas\u0131 kurmak, ah\u015fap dolap kenar\u0131 LED kanal\u0131m\u0131zla kolayd\u0131r. 8mm geni\u015fli\u011finde olan \u00e7o\u011fu LED \u015feridi ile \u00e7al\u0131\u015f\u0131r ve kal\u0131nl\u0131\u011f\u0131 18mm olan ah\u015faplara uyar. Buzlu da\u011f\u0131t\u0131c\u0131, \u0131\u015f\u0131\u011f\u0131 yumu\u015fak, p\u00fcr\u00fczs\u00fcz ve noktas\u0131z hale getirirken, anodize al\u00fcminyum LED'leri so\u011fuk ve g\u00fcvenli tutar. Mutfaklara, sergi raflar\u0131na ve y\u00fczer raflara i\u015f, ambiyans ve vurgulu ayd\u0131nlatma eklemek i\u00e7in harika.<\/p>\n<\/div>\n\n\n\n<p><\/p>","protected":false},"featured_media":14191,"template":"","meta":{"_acf_changed":true,"_seopress_robots_primary_cat":"none","_seopress_titles_title":"Wood Cabinet Edge LED Channel | Under Shelf Lighting | TANGOOLED","_seopress_titles_desc":"Source the wood cabinet edge led channel. Specifically designed for integrated edge lighting in furniture and under shelf applications. Professional TANGOOLED quality.","_seopress_robots_index":""},"pcb-width":[228],"product-cat":[193],"class_list":{"0":"post-46001","1":"product","2":"type-product","3":"status-publish","4":"has-post-thumbnail","6":"pcb-width-6-12mm","7":"product-cat-recessed-profile"},"acf":[],"_links":{"self":[{"href":"https:\/\/tangooled.com\/tr\/wp-json\/wp\/v2\/product\/46001","targetHints":{"allow":["GET"]}}],"collection":[{"href":"https:\/\/tangooled.com\/tr\/wp-json\/wp\/v2\/product"}],"about":[{"href":"https:\/\/tangooled.com\/tr\/wp-json\/wp\/v2\/types\/product"}],"wp:featuredmedia":[{"embeddable":true,"href":"https:\/\/tangooled.com\/tr\/wp-json\/wp\/v2\/media\/14191"}],"wp:attachment":[{"href":"https:\/\/tangooled.com\/tr\/wp-json\/wp\/v2\/media?parent=46001"}],"wp:term":[{"taxonomy":"pcb-width","embeddable":true,"href":"https:\/\/tangooled.com\/tr\/wp-json\/wp\/v2\/pcb-width?post=46001"},{"taxonomy":"product-cat","embeddable":true,"href":"https:\/\/tangooled.com\/tr\/wp-json\/wp\/v2\/product-cat?post=46001"}],"curies":[{"name":"wp","href":"https:\/\/api.w.org\/{rel}","templated":true}]}}