{"id":45997,"date":"2026-01-07T18:49:10","date_gmt":"2026-01-08T02:49:10","guid":{"rendered":"https:\/\/tangooled.com\/?post_type=product&#038;p=45997"},"modified":"2026-02-02T22:29:02","modified_gmt":"2026-02-03T06:29:02","slug":"cabinet-led-aluminum-profile-up-down-edge-lighting-lb05","status":"publish","type":"product","link":"https:\/\/tangooled.com\/tr\/urun\/cabinet-led-aluminum-profile-up-down-edge-lighting-lb05\/","title":{"rendered":"dolap led al\u00fcminyum profili, yukar\u0131 ve a\u015fa\u011f\u0131 kenar ayd\u0131nlatmas\u0131"},"content":{"rendered":"<div class=\"wp-block-group is-vertical is-layout-flex wp-container-core-group-is-layout-d255d7c4 wp-block-group-is-layout-flex\" style=\"padding-top:var(--wp--preset--spacing--80);padding-bottom:var(--wp--preset--spacing--80)\">\n<p>Alan\u0131n\u0131z\u0131 ayd\u0131nlatmak i\u00e7in dolap ayd\u0131nlatma profili ile \u00fcst ve alt kenar ayd\u0131nlatmas\u0131 yap\u0131n. Bu al\u00fcminyum profil kenarlardan temiz ve keskin bir \u0131\u015f\u0131k sunmak i\u00e7in tasarland\u0131. Tek bir kanalda hem \u00fcst hem de alt kenar ayd\u0131nlatmas\u0131 sa\u011flar. Dolab\u0131n\u0131za m\u00fckemmel bir \u015fekilde oturacak ve ihtiya\u00e7 duydu\u011funuz yere \u0131\u015f\u0131k yayacakt\u0131r.<\/p>\n<\/div>\n\n\n\n<div class=\"wp-block-group has-background is-vertical is-layout-flex wp-container-core-group-is-layout-d255d7c4 wp-block-group-is-layout-flex\" style=\"background-color:#f1f1f1;padding-top:var(--wp--preset--spacing--80);padding-bottom:var(--wp--preset--spacing--80)\">\n<div class=\"wp-block-group is-vertical is-layout-flex wp-container-core-group-is-layout-8cf370e7 wp-block-group-is-layout-flex\">\n<h2 class=\"wp-block-heading\" style=\"padding-top:var(--wp--preset--spacing--40);padding-bottom:var(--wp--preset--spacing--40);font-size:25px;font-style:normal;font-weight:600;text-transform:capitalize\">Neden Bu Dolap \u00dcst ve Alt Kenar Ayd\u0131nlatma Kanal\u0131n\u0131 Se\u00e7melisiniz?<\/h2>\n\n\n\n<ul class=\"wp-block-list\">\n<li>\u00c7ift I\u015f\u0131k Y\u00f6n\u00fc: I\u015f\u0131k ayn\u0131 anda hem yukar\u0131ya hem a\u015fa\u011f\u0131ya do\u011fru parl\u0131yor. Bu alan tasarrufu sa\u011flar ve dolab\u0131n\u0131z\u0131n veya raf\u0131n\u0131z\u0131n ho\u015f g\u00f6r\u00fcnmesini sa\u011flar.<\/li>\n\n\n\n<li>Sa\u011flam Al\u00fcminyum Profil: Dayan\u0131kl\u0131 al\u00fcminyumdan yap\u0131lm\u0131\u015ft\u0131r. LED \u015feritlerinizi serin tutar ve \u0131\u015f\u0131\u011f\u0131n\u0131z\u0131n \u00f6mr\u00fcn\u00fc uzat\u0131r. <\/li>\n\n\n\n<li>\u0130yi Uyu\u015fuyor: Dolap kenarlar\u0131na iyi bir \u015fekilde oturacak \u015fekilde tasarland\u0131 ve bir\u00e7ok LED \u015ferit tipi ile uyumludur. <\/li>\n\n\n\n<li>Kullan\u0131m\u0131 Kolay: Y\u00fczeye yerle\u015ftirmek veya bir oyu\u011fa koymak i\u00e7in vidalar kullanabilirsiniz.<\/li>\n<\/ul>\n<\/div>\n<\/div>\n\n\n\n<div class=\"wp-block-group is-vertical is-layout-flex wp-container-core-group-is-layout-d255d7c4 wp-block-group-is-layout-flex\" style=\"padding-top:var(--wp--preset--spacing--80);padding-bottom:var(--wp--preset--spacing--80)\">\n<hr class=\"wp-block-separator has-alpha-channel-opacity\"\/>\n\n\n\n<div class=\"wp-block-media-text has-media-on-the-right is-stacked-on-mobile\" style=\"grid-template-columns:auto 40%\"><div class=\"wp-block-media-text__content\">\n<h2 class=\"wp-block-heading\" style=\"padding-top:var(--wp--preset--spacing--40);padding-bottom:var(--wp--preset--spacing--40);font-size:25px;font-style:normal;font-weight:600;text-transform:capitalize\">Bu Al\u00fcminyum Profil Nas\u0131l Kullan\u0131l\u0131r?<\/h2>\n\n\n\n<ul class=\"wp-block-list\">\n<li>Mutfak Dolaplar\u0131: Mutfak dolaplar\u0131n\u0131n kenarlar\u0131n\u0131 ayd\u0131nlatmak i\u00e7in bu dolap LED profilini kullanarak daha iyi g\u00f6rev ayd\u0131nlatmas\u0131 ve stil kazand\u0131r\u0131n.<\/li>\n\n\n\n<li>Gard\u0131roplar ve Dolaplar: Kenar ayd\u0131nlatma kanal\u0131n\u0131 kullanarak gard\u0131roplar\u0131n\u0131za parlak ve nazik \u0131\u015f\u0131k ekleyin.<\/li>\n\n\n\n<li>Sergi Ara\u00e7lar\u0131 ve Raflar: E\u015fyalar\u0131n\u0131z\u0131 sergilemek i\u00e7in hem k\u00f6\u015felerde g\u00fczel ayd\u0131nlatma kullan\u0131n.<\/li>\n\n\n\n<li>Ofis ve perakende alanlar\u0131: Raflarda veya sergi birimlerinde ho\u015f g\u00f6r\u00fcnmesi i\u00e7in kullan\u0131n.<\/li>\n<\/ul>\n<\/div><figure class=\"wp-block-media-text__media\"><img loading=\"lazy\" decoding=\"async\" width=\"500\" height=\"500\" src=\"https:\/\/tangooled.com\/wp-content\/uploads\/2026\/01\/lb05-ins.webp\" alt=\"dolap led al\u00fcminyum profili, yukar\u0131 ve a\u015fa\u011f\u0131 kenar ayd\u0131nlatmas\u0131\" class=\"wp-image-45998 size-full\" srcset=\"https:\/\/tangooled.com\/wp-content\/uploads\/2026\/01\/lb05-ins.webp 500w, https:\/\/tangooled.com\/wp-content\/uploads\/2026\/01\/lb05-ins-300x300.webp 300w, https:\/\/tangooled.com\/wp-content\/uploads\/2026\/01\/lb05-ins-150x150.webp 150w\" sizes=\"auto, (max-width: 500px) 100vw, 500px\" \/><\/figure><\/div>\n<\/div>\n\n\n\n<div class=\"wp-block-group has-background is-vertical is-layout-flex wp-container-core-group-is-layout-b429018a wp-block-group-is-layout-flex\" style=\"background-color:#f1f1f1f2;padding-top:var(--wp--preset--spacing--70);padding-bottom:var(--wp--preset--spacing--70)\">\n<h2 class=\"wp-block-heading\" style=\"padding-top:var(--wp--preset--spacing--40);padding-bottom:var(--wp--preset--spacing--40);font-size:25px;font-style:normal;font-weight:600\">\u0130lgili \u00dcr\u00fcnlere G\u00f6zat<\/h2>\n\n\n\n<ul class=\"wp-block-list\">\n<li><a href=\"https:\/\/tangooled.com\/tr\/urun\/black-led-diffuser-aluminum-channel-for-12mm-tape-lights\/\"><mark style=\"background-color:rgba(0, 0, 0, 0)\" class=\"has-inline-color has-vivid-red-color\">12 mm bant i\u015f\u0131klar\u0131 i\u00e7in siyah LED dif\u00fcz\u00f6r al\u00fcminyum kanal\u0131<\/mark><\/a>: \u015e\u0131k \u0131\u015f\u0131k yay\u0131l\u0131m\u0131 ile daha karanl\u0131k tasar\u0131m temalar\u0131 i\u00e7in harika.<\/li>\n\n\n\n<li><a href=\"https:\/\/tangooled.com\/tr\/urun\/surface-mount-led-profile-with-frosted-diffuser-for-10mm-rope-lights\/\"><mark style=\"background-color:rgba(0, 0, 0, 0)\" class=\"has-inline-color has-vivid-red-color\">10mm kablo \u0131\u015f\u0131klar\u0131 i\u00e7in buzlu dif\u00fcz\u00f6rl\u00fc y\u00fczey montaj LED profili<\/mark><\/a>: Buzlu dif\u00fcz\u00f6rle kolay kurulum.<\/li>\n\n\n\n<li><a href=\"https:\/\/tangooled.com\/tr\/urun\/recessed-led-aluminum-profile-up-and-down-lighting-channel-for-cabinet\/\"><mark style=\"background-color:rgba(0, 0, 0, 0)\" class=\"has-inline-color has-vivid-red-color\">G\u00f6mme LED al\u00fcminyum profili \u00fcst ve alt ayd\u0131nlatma kanal\u0131 dolap i\u00e7in<\/mark><\/a>: \u015e\u0131k dolap tasar\u0131m\u0131 i\u00e7in d\u00fcz fit kenar ayd\u0131nlatmas\u0131.<\/li>\n<\/ul>\n<\/div>\n\n\n\n<div class=\"wp-block-group is-vertical is-layout-flex wp-container-core-group-is-layout-d255d7c4 wp-block-group-is-layout-flex\" style=\"padding-top:var(--wp--preset--spacing--80);padding-bottom:var(--wp--preset--spacing--80)\">\n<h2 class=\"wp-block-heading\" style=\"padding-top:var(--wp--preset--spacing--40);padding-bottom:var(--wp--preset--spacing--40);font-size:25px;font-style:normal;font-weight:600;text-transform:capitalize\">\u00d6zet<\/h2>\n\n\n\n<p>\u00dcst ve alt kenar ayd\u0131nlatmas\u0131 i\u00e7in dolap LED profilimiz d\u00fczenli, \u015f\u0131k ayd\u0131nlatma i\u00e7in en iyi se\u00e7imdir. E\u015fsiz \u00fcst-alt kenar ayd\u0131nlatma \u00f6zelli\u011fi, her ev veya i\u015f alan\u0131 i\u00e7in harika \u0131\u015f\u0131k sa\u011flar. Dayan\u0131kl\u0131 al\u00fcminyum profil LED'leri serin tutar ve parlakl\u0131klar\u0131n\u0131 art\u0131r\u0131r. Opal veya buzlu dif\u00fcz\u00f6r ile kolayca uyum sa\u011flar, bu kanal \u0131\u015f\u0131\u011f\u0131 yumu\u015fak ve p\u00fcr\u00fczs\u00fcz g\u00f6sterir.<\/p>\n<\/div>\n\n\n\n<p><\/p>","protected":false},"featured_media":14188,"template":"","meta":{"_acf_changed":true,"_seopress_robots_primary_cat":"none","_seopress_titles_title":"LB05 Up and Down Edge Lighting LED Profile | TANGOOLED","_seopress_titles_desc":"LB05 aluminum LED profile for up and down edge lighting. Specially designed for cabinet edges and glass shelving to create dual-sided lighting effects.","_seopress_robots_index":""},"pcb-width":[228],"product-cat":[193],"class_list":{"0":"post-45997","1":"product","2":"type-product","3":"status-publish","4":"has-post-thumbnail","6":"pcb-width-6-12mm","7":"product-cat-recessed-profile"},"acf":[],"_links":{"self":[{"href":"https:\/\/tangooled.com\/tr\/wp-json\/wp\/v2\/product\/45997","targetHints":{"allow":["GET"]}}],"collection":[{"href":"https:\/\/tangooled.com\/tr\/wp-json\/wp\/v2\/product"}],"about":[{"href":"https:\/\/tangooled.com\/tr\/wp-json\/wp\/v2\/types\/product"}],"wp:featuredmedia":[{"embeddable":true,"href":"https:\/\/tangooled.com\/tr\/wp-json\/wp\/v2\/media\/14188"}],"wp:attachment":[{"href":"https:\/\/tangooled.com\/tr\/wp-json\/wp\/v2\/media?parent=45997"}],"wp:term":[{"taxonomy":"pcb-width","embeddable":true,"href":"https:\/\/tangooled.com\/tr\/wp-json\/wp\/v2\/pcb-width?post=45997"},{"taxonomy":"product-cat","embeddable":true,"href":"https:\/\/tangooled.com\/tr\/wp-json\/wp\/v2\/product-cat?post=45997"}],"curies":[{"name":"wp","href":"https:\/\/api.w.org\/{rel}","templated":true}]}}