{"id":45993,"date":"2026-01-07T18:45:54","date_gmt":"2026-01-08T02:45:54","guid":{"rendered":"https:\/\/tangooled.com\/?post_type=product&#038;p=45993"},"modified":"2026-02-02T22:18:35","modified_gmt":"2026-02-03T06:18:35","slug":"cabinet-aluminum-channel-up-down-diffusers-lb04","status":"publish","type":"product","link":"https:\/\/tangooled.com\/tr\/urun\/cabinet-aluminum-channel-up-down-diffusers-lb04\/","title":{"rendered":"dolap al\u00fcminyum kanal\u0131, yukar\u0131 ve a\u015fa\u011f\u0131 led dif\u00fcz\u00f6rler lB04 ile"},"content":{"rendered":"<div class=\"wp-block-group is-vertical is-layout-flex wp-container-core-group-is-layout-d255d7c4 wp-block-group-is-layout-flex\" style=\"padding-top:var(--wp--preset--spacing--80);padding-bottom:var(--wp--preset--spacing--80)\">\n<p>LB04 al\u00fcminyum kanal\u0131 ile dolab\u0131n\u0131z\u0131 parlat\u0131n, yukar\u0131-a\u015fa\u011f\u0131 dif\u00fcz\u00f6rler ile birlikte. Bu al\u00fcminyum kanal, \u00e7ift y\u00f6nl\u00fc ayd\u0131nlatma sa\u011flamak \u00fczere tasarlanm\u0131\u015ft\u0131r ve yukar\u0131 ve a\u015fa\u011f\u0131 y\u00f6nde yumu\u015fak, e\u015fit bir \u0131\u015f\u0131k yayar. Bu yukar\u0131-a\u015fa\u011f\u0131 ayd\u0131nlatma kanal\u0131 eviniz veya ticari alan\u0131n\u0131z i\u00e7in m\u00fckemmeldir.<\/p>\n<\/div>\n\n\n\n<div class=\"wp-block-group has-background is-vertical is-layout-flex wp-container-core-group-is-layout-d255d7c4 wp-block-group-is-layout-flex\" style=\"background-color:#f1f1f1;padding-top:var(--wp--preset--spacing--80);padding-bottom:var(--wp--preset--spacing--80)\">\n<div class=\"wp-block-group is-vertical is-layout-flex wp-container-core-group-is-layout-8cf370e7 wp-block-group-is-layout-flex\">\n<h2 class=\"wp-block-heading\" style=\"padding-top:var(--wp--preset--spacing--40);padding-bottom:var(--wp--preset--spacing--40);font-size:25px;font-style:normal;font-weight:600;text-transform:capitalize\">Neden LB04 Al\u00fcminyum Kanal\u0131 Se\u00e7melisiniz?<\/h2>\n\n\n\n<p>Bu yukar\u0131 a\u015fa\u011f\u0131 dif\u00fcz\u00f6rl\u00fc al\u00fcminyum kanal, sa\u011flam, kullan\u0131m\u0131 kolay ve harika g\u00f6r\u00fcn\u00fcyor. LED \u015ferit lambalar\u0131n\u0131z\u0131 serin tutarak \u00f6mr\u00fcn\u00fc uzat\u0131r. Y\u00fcksek kaliteli al\u00fcminyum kanal, \u0131s\u0131 da\u011f\u0131t\u0131c\u0131s\u0131 olarak g\u00f6rev yapar ve \u015feritlerinizi korur.<\/p>\n\n\n\n<ul class=\"wp-block-list\">\n<li>\u00c7ift tarafl\u0131 \u0131\u015f\u0131k: I\u015f\u0131k ayn\u0131 anda yukar\u0131 ve a\u015fa\u011f\u0131ya \u0131\u015f\u0131k sa\u00e7\u0131yor. <\/li>\n\n\n\n<li>Sa\u011flam malzeme: Is\u0131y\u0131 iyi bir \u015fekilde da\u011f\u0131tan 6063-T5 al\u00fcminyumdan yap\u0131lm\u0131\u015ft\u0131r.<\/li>\n\n\n\n<li>Yumu\u015fak \u0131\u015f\u0131k: Dif\u00fcz\u00f6rler, \u0131\u015f\u0131\u011f\u0131 e\u015fit bir \u015fekilde da\u011f\u0131t\u0131r ve noktalar\u0131 gizler.<\/li>\n\n\n\n<li>Kolay montaj: Y\u00fczeye montaj i\u00e7in tasarlanm\u0131\u015ft\u0131r.<\/li>\n\n\n\n<li>Bir\u00e7ok \u015feride uyum sa\u011flar: 12 mm geni\u015fli\u011fe kadar LED \u015feritlerle kullan\u0131labilir.<\/li>\n<\/ul>\n<\/div>\n<\/div>\n\n\n\n<div class=\"wp-block-group is-vertical is-layout-flex wp-container-core-group-is-layout-d255d7c4 wp-block-group-is-layout-flex\" style=\"padding-top:var(--wp--preset--spacing--80);padding-bottom:var(--wp--preset--spacing--80)\">\n<hr class=\"wp-block-separator has-alpha-channel-opacity\"\/>\n\n\n\n<div class=\"wp-block-media-text has-media-on-the-right is-stacked-on-mobile\" style=\"grid-template-columns:auto 40%\"><div class=\"wp-block-media-text__content\">\n<h2 class=\"wp-block-heading\" style=\"padding-top:var(--wp--preset--spacing--40);padding-bottom:var(--wp--preset--spacing--40);font-size:25px;font-style:normal;font-weight:600;text-transform:capitalize\">Kolay Kurulum<\/h2>\n\n\n\n<p>Bu al\u00fcminyum kanal, panel tahtas\u0131 yuvalama montaj\u0131 i\u00e7in yap\u0131lm\u0131\u015ft\u0131r. Ah\u015fap panel, bu kanala yerle\u015ftirilebilir ve vidalarla sabitlenebilir.<\/p>\n<\/div><figure class=\"wp-block-media-text__media\"><img loading=\"lazy\" decoding=\"async\" width=\"500\" height=\"500\" src=\"https:\/\/tangooled.com\/wp-content\/uploads\/2026\/01\/lb04-ins.webp\" alt=\"lb04 cabinet aluminum channel with up and down led diffusers\" class=\"wp-image-45995 size-full\" srcset=\"https:\/\/tangooled.com\/wp-content\/uploads\/2026\/01\/lb04-ins.webp 500w, https:\/\/tangooled.com\/wp-content\/uploads\/2026\/01\/lb04-ins-300x300.webp 300w, https:\/\/tangooled.com\/wp-content\/uploads\/2026\/01\/lb04-ins-150x150.webp 150w\" sizes=\"auto, (max-width: 500px) 100vw, 500px\" \/><\/figure><\/div>\n<\/div>\n\n\n\n<div class=\"wp-block-group has-background is-vertical is-layout-flex wp-container-core-group-is-layout-b429018a wp-block-group-is-layout-flex\" style=\"background-color:#f1f1f1f2;padding-top:var(--wp--preset--spacing--70);padding-bottom:var(--wp--preset--spacing--70)\">\n<h2 class=\"wp-block-heading\" style=\"padding-top:var(--wp--preset--spacing--40);padding-bottom:var(--wp--preset--spacing--40);font-size:25px;font-style:normal;font-weight:600\">Bir\u00e7ok Nokta i\u00e7in M\u00fckemmel<\/h2>\n\n\n\n<ul class=\"wp-block-list\">\n<li>Ayd\u0131nl\u0131k \u00e7al\u0131\u015fma \u0131\u015f\u0131\u011f\u0131 i\u00e7in mutfak dolaplar\u0131<\/li>\n\n\n\n<li>Favori kitaplar\u0131n\u0131z\u0131 sergilemek i\u00e7in kitap raflar\u0131<\/li>\n\n\n\n<li>Kolay g\u00f6r\u00fcn\u00fcrl\u00fck i\u00e7in gard\u0131roplar ve dolaplar<\/li>\n\n\n\n<li>\u00dcr\u00fcnleri \u00f6n plana \u00e7\u0131karmak i\u00e7in perakende te\u015fhirleri<\/li>\n<\/ul>\n\n\n\n<p style=\"padding-right:var(--wp--preset--spacing--50);padding-left:var(--wp--preset--spacing--50)\">Benzer bir se\u00e7enek isterseniz, bunu g\u00f6r\u00fcn <a href=\"https:\/\/tangooled.com\/tr\/urun\/surface-mount-led-profile-with-frosted-diffuser-for-10mm-rope-lights\/\"><mark style=\"background-color:rgba(0, 0, 0, 0)\" class=\"has-inline-color has-vivid-red-color\">10mm ip lambalar i\u00e7in buzlu dif\u00fcz\u00f6rl\u00fc y\u00fczey montaj led profili<\/mark><\/a>.<br>Ya da bunu kontrol edin <a href=\"https:\/\/tangooled.com\/tr\/urun\/black-led-diffuser-aluminum-channel-for-12mm-tape-lights\/\"><mark style=\"background-color:rgba(0, 0, 0, 0)\" class=\"has-inline-color has-vivid-red-color\">12mm \u015ferit lambalar i\u00e7in siyah led dif\u00fcz\u00f6r al\u00fcminyum kanal<\/mark><\/a> siyah renk i\u00e7in.<\/p>\n<\/div>\n\n\n\n<p><\/p>","protected":false},"featured_media":14182,"template":"","meta":{"_acf_changed":true,"_seopress_robots_primary_cat":"none","_seopress_titles_title":"Cabinet Aluminum Channel with Up and Down Diffusers LB04 | TANGOOLED","_seopress_titles_desc":"Source the cabinet aluminum channel with up and down LED diffusers for balanced ambient lighting. Our LB04 aluminum profile is for furniture & display cases.","_seopress_robots_index":""},"pcb-width":[228],"product-cat":[193],"class_list":{"0":"post-45993","1":"product","2":"type-product","3":"status-publish","4":"has-post-thumbnail","6":"pcb-width-6-12mm","7":"product-cat-recessed-profile"},"acf":[],"_links":{"self":[{"href":"https:\/\/tangooled.com\/tr\/wp-json\/wp\/v2\/product\/45993","targetHints":{"allow":["GET"]}}],"collection":[{"href":"https:\/\/tangooled.com\/tr\/wp-json\/wp\/v2\/product"}],"about":[{"href":"https:\/\/tangooled.com\/tr\/wp-json\/wp\/v2\/types\/product"}],"wp:featuredmedia":[{"embeddable":true,"href":"https:\/\/tangooled.com\/tr\/wp-json\/wp\/v2\/media\/14182"}],"wp:attachment":[{"href":"https:\/\/tangooled.com\/tr\/wp-json\/wp\/v2\/media?parent=45993"}],"wp:term":[{"taxonomy":"pcb-width","embeddable":true,"href":"https:\/\/tangooled.com\/tr\/wp-json\/wp\/v2\/pcb-width?post=45993"},{"taxonomy":"product-cat","embeddable":true,"href":"https:\/\/tangooled.com\/tr\/wp-json\/wp\/v2\/product-cat?post=45993"}],"curies":[{"name":"wp","href":"https:\/\/api.w.org\/{rel}","templated":true}]}}