{"id":45991,"date":"2026-01-07T18:35:24","date_gmt":"2026-01-08T02:35:24","guid":{"rendered":"https:\/\/tangooled.com\/?post_type=product&#038;p=45991"},"modified":"2026-02-02T22:18:59","modified_gmt":"2026-02-03T06:18:59","slug":"cabinet-lighting-aluminum-led-diffuser-profile-lb03","status":"publish","type":"product","link":"https:\/\/tangooled.com\/tr\/urun\/cabinet-lighting-aluminum-led-diffuser-profile-lb03\/","title":{"rendered":"12mm \u015feritler i\u00e7in dolap ayd\u0131nlatma al\u00fcminyum led dif\u00fcz\u00f6r profili"},"content":{"rendered":"<div class=\"wp-block-group is-vertical is-layout-flex wp-container-core-group-is-layout-d255d7c4 wp-block-group-is-layout-flex\" style=\"padding-top:var(--wp--preset--spacing--80);padding-bottom:var(--wp--preset--spacing--80)\">\n<p>This LB03 LED diffuser profile for 12mm strips is an excellent option to bring bright, clean light to your cabinets or shelves. This profile is composed of durable aluminum&nbsp;that dissipates&nbsp;heat well, thus your lights stay cool and last longer. It can hold LED strips up to 12mm wide. The profile has a diffuser that softens the light, eliminating harsh glare and unpleasant light dots. This gives you a smooth, professional glow. It&#8217;s the ideal choice for creating both a great look and lasting performance for your cabinet lighting.<\/p>\n<\/div>\n\n\n\n<div class=\"wp-block-group has-background is-vertical is-layout-flex wp-container-core-group-is-layout-d255d7c4 wp-block-group-is-layout-flex\" style=\"background-color:#f1f1f1;padding-top:var(--wp--preset--spacing--80);padding-bottom:var(--wp--preset--spacing--80)\">\n<div class=\"wp-block-group is-vertical is-layout-flex wp-container-core-group-is-layout-8cf370e7 wp-block-group-is-layout-flex\">\n<h2 class=\"wp-block-heading\" style=\"padding-top:var(--wp--preset--spacing--40);padding-bottom:var(--wp--preset--spacing--40);font-size:25px;font-style:normal;font-weight:600;text-transform:capitalize\">Neden Bu 12 mm'lik \u015eeritler i\u00e7in Dolap LED Profilini Se\u00e7melisiniz?<\/h2>\n\n\n\n<ul class=\"wp-block-list\">\n<li>Birden fazla LED \u015ferit ile uyumludur: 8 mm'den 12 mm'ye kadar LED \u015feritlerin girmesini sa\u011flayan 12 mm i\u00e7 geni\u015flik.<\/li>\n\n\n\n<li>\u2022 Strong Aluminum Material: Made with 6063-T5 aluminum to cool your strips well. This helps them last longer and stay safe.<\/li>\n\n\n\n<li>\u2022 Soft Light Diffuser: Comes with a frosted cover that spreads light nicely. No sharp spots or glare.<\/li>\n\n\n\n<li>\u2022 Easy to Fit: Works for both surface mount and recessed mounting in your cabinet or closet.<\/li>\n<\/ul>\n<\/div>\n<\/div>\n\n\n\n<div class=\"wp-block-group\" style=\"padding-top:var(--wp--preset--spacing--80);padding-bottom:var(--wp--preset--spacing--80)\"><div class=\"wp-block-group__inner-container is-layout-constrained wp-block-group-is-layout-constrained\">\n<div class=\"wp-block-media-text has-media-on-the-right is-stacked-on-mobile\" style=\"grid-template-columns:auto 40%\"><div class=\"wp-block-media-text__content\">\n<h2 class=\"wp-block-heading\" style=\"padding-top:var(--wp--preset--spacing--40);padding-bottom:var(--wp--preset--spacing--40);font-size:25px;font-style:normal;font-weight:600;text-transform:capitalize\">Kurulum \u0130pu\u00e7lar\u0131<\/h2>\n\n\n\n<ul class=\"wp-block-list\">\n<li>LED \u015eerit Montaj\u0131: LED \u015feridin (12 mm geni\u015fli\u011fe kadar) arka y\u00fcz\u00fcn\u00fc \u00e7\u0131kar\u0131n ve al\u00fcminyum&nbsp;kanala s\u0131k\u0131ca yap\u0131\u015ft\u0131r\u0131n.<\/li>\n\n\n\n<li>Dif\u00fcz\u00f6r\u00fc Kurmak: Mat kapa\u011f\u0131 kanala takarak LED'leri koruyun ve \u0131\u015f\u0131\u011f\u0131n e\u015fit da\u011f\u0131lmas\u0131n\u0131 sa\u011flay\u0131n.<\/li>\n\n\n\n<li>Oyu\u011fu Haz\u0131rlama: Montaj kanat\u00e7\u0131\u011f\u0131yla ayn\u0131 boyutlarda ah\u015fap panelde \u00f6nceden bir oyuk kesin.<\/li>\n\n\n\n<li>G\u00f6mme Montaj: K\u0131lavuz montaj kanat\u00e7\u0131\u011f\u0131n\u0131 \u00f6nceden kesilmi\u015f oyu\u011fa hizalay\u0131n ve profili, kenar\u0131 y\u00fczeyle d\u00fcz olacak \u015fekilde ah\u015faba bast\u0131r\u0131n.<\/li>\n\n\n\n<li>Kablolama ve G\u00fc\u00e7: Kablolar\u0131 dolab\u0131n i\u00e7inden ge\u00e7irin ve LED \u015ferit i\u00e7in talimatlara g\u00f6re g\u00fc\u00e7 kayna\u011f\u0131na ve kontrol\u00f6re ba\u011flay\u0131n.<\/li>\n<\/ul>\n<\/div><figure class=\"wp-block-media-text__media\"><img loading=\"lazy\" decoding=\"async\" width=\"622\" height=\"622\" src=\"https:\/\/tangooled.com\/wp-content\/uploads\/2026\/01\/lb03-ins-2.webp\" alt=\"12mm \u015feritler i\u00e7in dolap ayd\u0131nlatma al\u00fcminyum led dif\u00fcz\u00f6r profili\" class=\"wp-image-46143 size-full\" srcset=\"https:\/\/tangooled.com\/wp-content\/uploads\/2026\/01\/lb03-ins-2.webp 622w, https:\/\/tangooled.com\/wp-content\/uploads\/2026\/01\/lb03-ins-2-300x300.webp 300w, https:\/\/tangooled.com\/wp-content\/uploads\/2026\/01\/lb03-ins-2-150x150.webp 150w\" sizes=\"auto, (max-width: 622px) 100vw, 622px\" \/><\/figure><\/div>\n<\/div><\/div>\n\n\n\n<div class=\"wp-block-group has-background is-vertical is-layout-flex wp-container-core-group-is-layout-b429018a wp-block-group-is-layout-flex\" style=\"background-color:#f1f1f1f2;padding-top:var(--wp--preset--spacing--70);padding-bottom:var(--wp--preset--spacing--70)\">\n<h2 class=\"wp-block-heading\" style=\"padding-top:var(--wp--preset--spacing--40);padding-bottom:var(--wp--preset--spacing--40);font-size:25px;font-style:normal;font-weight:600\">Bu LED \u015eerit Dif\u00fcz\u00f6r Profilini Kullan\u0131n<\/h2>\n\n\n\n<ul class=\"wp-block-list\">\n<li>Mutfak veya \u00e7al\u0131\u015fma alanlar\u0131ndaki dolap ayd\u0131nlatmas\u0131.<\/li>\n\n\n\n<li>I\u015f\u0131kl\u0131 raflar veya giysi dolaplar\u0131.<\/li>\n\n\n\n<li>Mobilya vurgu ayd\u0131nlatmas\u0131 (kitap raflar\u0131, masalar).<\/li>\n\n\n\n<li>Duvar k\u0131l\u0131flar\u0131 ve tavanda \u0131\u015f\u0131k \u015feritleri.<\/li>\n<\/ul>\n<\/div>\n\n\n\n<div class=\"wp-block-group is-vertical is-layout-flex wp-container-core-group-is-layout-d255d7c4 wp-block-group-is-layout-flex\" style=\"padding-top:var(--wp--preset--spacing--80);padding-bottom:var(--wp--preset--spacing--80)\">\n<h2 class=\"wp-block-heading\" style=\"padding-top:var(--wp--preset--spacing--40);padding-bottom:var(--wp--preset--spacing--40);font-size:25px;font-style:normal;font-weight:600;text-transform:capitalize\">Tangooled'den \u0130lgili \u00dcr\u00fcnler<\/h2>\n\n\n\n<p>Siyah veya di\u011fer boyutlarda benzer bir \u00fcr\u00fcn istiyorsan\u0131z, kontrol edin <a href=\"https:\/\/tangooled.com\/tr\/urun\/black-led-profile-with-black-diffuser-for-10mm-led-strip-light\/\"><mark style=\"background-color:rgba(0, 0, 0, 0)\" class=\"has-inline-color has-vivid-red-color\">10 mm'lik LED \u015ferit \u0131\u015f\u0131klar\u0131 i\u00e7in siyah dif\u00fcz\u00f6rl\u00fc siyah LED profili<\/mark><\/a> veya <a href=\"https:\/\/tangooled.com\/tr\/urun\/25x6mm-low-profile-led-strip-channel-for-10mm-led-strip-light\/\"><mark style=\"background-color:rgba(0, 0, 0, 0)\" class=\"has-inline-color has-vivid-red-color\">10 mm'lik LED \u015ferit \u0131\u015f\u0131klar\u0131 i\u00e7in 25x6 mm d\u00fc\u015f\u00fck profil LED \u015ferit kanal\u0131<\/mark><\/a>. D\u00fcz y\u00fczey montaj\u0131 i\u00e7in, kontrol edin<a href=\"https:\/\/tangooled.com\/tr\/urun\/surface-mount-led-profile-with-frosted-diffuser-for-10mm-rope-lights\/\"><mark style=\"background-color:rgba(0, 0, 0, 0)\" class=\"has-inline-color has-vivid-red-color\"> 10 mm iplikler i\u00e7in mat dif\u00f6re sahip y\u00fczeye montaj LED profili<\/mark><\/a>.<\/p>\n\n\n\n<p>.<\/p>\n<\/div>\n\n\n\n<p><\/p>","protected":false},"featured_media":14179,"template":"","meta":{"_acf_changed":true,"_seopress_robots_primary_cat":"none","_seopress_titles_title":"Cabinet LED Diffuser Profile for 12mm Strips LB03 | TANGOOLED","_seopress_titles_desc":"TANGOO's cabinet LED diffuser profile LB03  is an aluminum channel designed for 12mm wide strips. Ideal for professional under-cabinet and shelf lighting projects.","_seopress_robots_index":""},"pcb-width":[228],"product-cat":[193],"class_list":{"0":"post-45991","1":"product","2":"type-product","3":"status-publish","4":"has-post-thumbnail","6":"pcb-width-6-12mm","7":"product-cat-recessed-profile"},"acf":[],"_links":{"self":[{"href":"https:\/\/tangooled.com\/tr\/wp-json\/wp\/v2\/product\/45991","targetHints":{"allow":["GET"]}}],"collection":[{"href":"https:\/\/tangooled.com\/tr\/wp-json\/wp\/v2\/product"}],"about":[{"href":"https:\/\/tangooled.com\/tr\/wp-json\/wp\/v2\/types\/product"}],"wp:featuredmedia":[{"embeddable":true,"href":"https:\/\/tangooled.com\/tr\/wp-json\/wp\/v2\/media\/14179"}],"wp:attachment":[{"href":"https:\/\/tangooled.com\/tr\/wp-json\/wp\/v2\/media?parent=45991"}],"wp:term":[{"taxonomy":"pcb-width","embeddable":true,"href":"https:\/\/tangooled.com\/tr\/wp-json\/wp\/v2\/pcb-width?post=45991"},{"taxonomy":"product-cat","embeddable":true,"href":"https:\/\/tangooled.com\/tr\/wp-json\/wp\/v2\/product-cat?post=45991"}],"curies":[{"name":"wp","href":"https:\/\/api.w.org\/{rel}","templated":true}]}}