{"id":45987,"date":"2026-01-07T18:31:34","date_gmt":"2026-01-08T02:31:34","guid":{"rendered":"https:\/\/tangooled.com\/?post_type=product&#038;p=45987"},"modified":"2026-02-02T22:24:17","modified_gmt":"2026-02-03T06:24:17","slug":"recessed-up-and-down-led-lighting-channel-cabinet-lb02","status":"publish","type":"product","link":"https:\/\/tangooled.com\/tr\/urun\/recessed-up-and-down-led-lighting-channel-cabinet-lb02\/","title":{"rendered":"g\u00f6mme led al\u00fcminyum profil yukar\u0131 ve a\u015fa\u011f\u0131 ayd\u0131nlatma kanal\u0131 i\u00e7in dolap"},"content":{"rendered":"<div class=\"wp-block-group is-vertical is-layout-flex wp-container-core-group-is-layout-d255d7c4 wp-block-group-is-layout-flex\" style=\"padding-top:var(--wp--preset--spacing--80);padding-bottom:var(--wp--preset--spacing--80)\">\n<p>G\u00f6mme yukar\u0131-a\u015fa\u011f\u0131 ayd\u0131nlatma kanal\u0131m\u0131z BP02, dolaplar\u0131n\u0131za yumu\u015fak ve ak\u0131ll\u0131 ayd\u0131nlatma sa\u011flayacakt\u0131r. Bu dolap ayd\u0131nlatma kanal\u0131, temiz, modern bir tasar\u0131m\u0131 vard\u0131r. G\u00fc\u00e7l\u00fc al\u00fcminyumdan yap\u0131lm\u0131\u015ft\u0131r; bu da LED'lerinizi serin ve parlak tutmaya yard\u0131mc\u0131 olur. Dolap \u0131\u015f\u0131klar\u0131n\u0131z\u0131 \u015f\u0131k g\u00f6stermek ve daha iyi \u00e7al\u0131\u015fmas\u0131 i\u00e7in kullanabilirsiniz.<\/p>\n<\/div>\n\n\n\n<div class=\"wp-block-group has-background is-vertical is-layout-flex wp-container-core-group-is-layout-d255d7c4 wp-block-group-is-layout-flex\" style=\"background-color:#f1f1f1;padding-top:var(--wp--preset--spacing--80);padding-bottom:var(--wp--preset--spacing--80)\">\n<div class=\"wp-block-group is-vertical is-layout-flex wp-container-core-group-is-layout-8cf370e7 wp-block-group-is-layout-flex\">\n<h2 class=\"wp-block-heading\" style=\"padding-top:var(--wp--preset--spacing--40);padding-bottom:var(--wp--preset--spacing--40);font-size:25px;font-style:normal;font-weight:600;text-transform:capitalize\">Neden G\u00f6mme Yukar\u0131 A\u015fa\u011f\u0131 Ayd\u0131nlatma Kanal\u0131 LB02'yi Se\u00e7melisiniz?<\/h2>\n\n\n\n<ul class=\"wp-block-list\">\n<li>Yukar\u0131 ve a\u015fa\u011f\u0131 ayd\u0131nlatma: I\u015f\u0131klar yukar\u0131 ve a\u015fa\u011f\u0131 yans\u0131yarak hem etkili bir g\u00f6rev \u0131\u015f\u0131\u011f\u0131 hem de yumu\u015fak bir ortam \u0131\u015f\u0131\u011f\u0131 sa\u011flar.<\/li>\n\n\n\n<li>D\u00fcz g\u00f6mme tasar\u0131m\u0131: 18 mm kal\u0131nl\u0131\u011f\u0131ndaki dolap paneline m\u00fckemmel bir \u015fekilde oturur, d\u00fczenli bir g\u00f6r\u00fcn\u00fcm sa\u011flar.<\/li>\n\n\n\n<li>G\u00fc\u00e7l\u00fc al\u00fcminyum kanal: Bu, LED'leri so\u011fuk tutar ve daha uzun \u00f6m\u00fcrl\u00fc olmas\u0131na yard\u0131mc\u0131 olur.<\/li>\n\n\n\n<li>Lekesiz \u0131\u015f\u0131k: Buzlu dif\u00fcz\u00f6r, ayd\u0131nlatmay\u0131 d\u00fczg\u00fcn ve e\u015fit hale getirir, parlak noktalar olmadan.<\/li>\n\n\n\n<li>Koruyucu kapak: LED \u015feritleri tozdan ve darbelere kar\u015f\u0131 korur.<\/li>\n\n\n\n<li>Kurulumu kolay: Sadece bir oyuk a\u00e7\u0131n, montaj flan\u015f\u0131n\u0131 ah\u015faba s\u0131k\u0131\u015ft\u0131r\u0131n, ard\u0131ndan LED'leri ve dif\u00fcz\u00f6r\u00fc ekleyin.<\/li>\n\n\n\n<li>Pop\u00fcler LED \u015feritleri ile uyumlu: Esnek 2835, 5050 ve 5630 LED'lerle iyi \u00e7al\u0131\u015f\u0131r.<\/li>\n<\/ul>\n<\/div>\n<\/div>\n\n\n\n<div class=\"wp-block-group is-vertical is-layout-flex wp-container-core-group-is-layout-d255d7c4 wp-block-group-is-layout-flex\" style=\"padding-top:var(--wp--preset--spacing--80);padding-bottom:var(--wp--preset--spacing--80)\">\n<hr class=\"wp-block-separator has-alpha-channel-opacity\"\/>\n\n\n\n<div class=\"wp-block-media-text has-media-on-the-right is-stacked-on-mobile\" style=\"grid-template-columns:auto 40%\"><div class=\"wp-block-media-text__content\">\n<h2 class=\"wp-block-heading\" style=\"padding-top:var(--wp--preset--spacing--40);padding-bottom:var(--wp--preset--spacing--40);font-size:25px;font-style:normal;font-weight:600;text-transform:capitalize\">Montaj Talimatlar\u0131<\/h2>\n\n\n\n<ul class=\"wp-block-list\">\n<li>Dolap panelinizin kenar\u0131nda bir oyuk a\u00e7\u0131n.<\/li>\n\n\n\n<li>Montaj flan\u015f\u0131n\u0131 oyu\u011fa yerle\u015ftirin.<\/li>\n\n\n\n<li>LED \u015feridinizi kanal\u0131n i\u00e7ine yerle\u015ftirin.<\/li>\n\n\n\n<li>Buzlu dif\u00fcz\u00f6r kapa\u011f\u0131n\u0131 tak\u0131n.<\/li>\n\n\n\n<li>G\u00f6r\u00fcn\u00fcm\u00fc tamamlamak i\u00e7in u\u00e7 kapaklar\u0131 tak\u0131n.<\/li>\n<\/ul>\n<\/div><figure class=\"wp-block-media-text__media\"><img loading=\"lazy\" decoding=\"async\" width=\"506\" height=\"506\" src=\"https:\/\/tangooled.com\/wp-content\/uploads\/2026\/01\/lb02-ins.webp\" alt=\"lb02 ins\" class=\"wp-image-46018 size-full\" srcset=\"https:\/\/tangooled.com\/wp-content\/uploads\/2026\/01\/lb02-ins.webp 506w, https:\/\/tangooled.com\/wp-content\/uploads\/2026\/01\/lb02-ins-300x300.webp 300w, https:\/\/tangooled.com\/wp-content\/uploads\/2026\/01\/lb02-ins-150x150.webp 150w\" sizes=\"auto, (max-width: 506px) 100vw, 506px\" \/><\/figure><\/div>\n<\/div>\n\n\n\n<div class=\"wp-block-group has-background is-vertical is-layout-flex wp-container-core-group-is-layout-b429018a wp-block-group-is-layout-flex\" style=\"background-color:#f1f1f1f2;padding-top:var(--wp--preset--spacing--70);padding-bottom:var(--wp--preset--spacing--70)\">\n<h2 class=\"wp-block-heading\" style=\"padding-top:var(--wp--preset--spacing--40);padding-bottom:var(--wp--preset--spacing--40);font-size:25px;font-style:normal;font-weight:600\">Ayd\u0131nlatman\u0131z\u0131 Tamamlamak i\u00e7in \u0130lgili \u00dcr\u00fcnler<\/h2>\n\n\n\n<p>Tam bir ayd\u0131nlatma sistemi olu\u015fturmak i\u00e7in uyumlu dif\u00fcz\u00f6rlere sahip bu al\u00fcminyum kanal profillerini ke\u015ffedin:<\/p>\n\n\n\n<ul class=\"wp-block-list\">\n<li><a href=\"https:\/\/tangooled.com\/tr\/urun\/black-led-profile-with-black-diffuser-for-10mm-led-strip-light\/\"><mark style=\"background-color:rgba(0, 0, 0, 0)\" class=\"has-inline-color has-vivid-red-color\">10mm LED \u015eerit Ayd\u0131nlatma i\u00e7in Siyah Dif\u00fcz\u00f6rl\u00fc Siyah LED Profili<\/mark><\/a><\/li>\n\n\n\n<li><a href=\"https:\/\/tangooled.com\/tr\/urun\/cabinet-led-aluminum-profile-up-and-down-edge-lighting\/\"><mark style=\"background-color:rgba(0, 0, 0, 0)\" class=\"has-inline-color has-vivid-red-color\">Dolap LED Al\u00fcminyum Profili Yukar\u0131 ve A\u015fa\u011f\u0131 Kenar Ayd\u0131nlatma<\/mark><\/a><\/li>\n\n\n\n<li><a href=\"https:\/\/tangooled.com\/tr\/urun\/cabinet-led-strip-channel-with-diffuser-for-double-led-strips\/\"><mark style=\"background-color:rgba(0, 0, 0, 0)\" class=\"has-inline-color has-vivid-red-color\">\u00c7ift LED \u015ferit i\u00e7in dif\u00fcz\u00f6rl\u00fc dolap led \u015ferit kanal\u0131<\/mark><\/a><\/li>\n<\/ul>\n<\/div>\n\n\n\n<p><\/p>","protected":false},"featured_media":14171,"template":"","meta":{"_acf_changed":true,"_seopress_robots_primary_cat":"none","_seopress_titles_title":"Recessed Up and Down LED Profile for Cabinets LB02 | TANGOOLED","_seopress_titles_desc":"TANGOO's recessed aluminum LED profile LB02 features up and down lighting channels. Ideal for integrated cabinet lighting and architectural shadow-free effects.","_seopress_robots_index":""},"pcb-width":[228],"product-cat":[193],"class_list":{"0":"post-45987","1":"product","2":"type-product","3":"status-publish","4":"has-post-thumbnail","6":"pcb-width-6-12mm","7":"product-cat-recessed-profile"},"acf":[],"_links":{"self":[{"href":"https:\/\/tangooled.com\/tr\/wp-json\/wp\/v2\/product\/45987","targetHints":{"allow":["GET"]}}],"collection":[{"href":"https:\/\/tangooled.com\/tr\/wp-json\/wp\/v2\/product"}],"about":[{"href":"https:\/\/tangooled.com\/tr\/wp-json\/wp\/v2\/types\/product"}],"wp:featuredmedia":[{"embeddable":true,"href":"https:\/\/tangooled.com\/tr\/wp-json\/wp\/v2\/media\/14171"}],"wp:attachment":[{"href":"https:\/\/tangooled.com\/tr\/wp-json\/wp\/v2\/media?parent=45987"}],"wp:term":[{"taxonomy":"pcb-width","embeddable":true,"href":"https:\/\/tangooled.com\/tr\/wp-json\/wp\/v2\/pcb-width?post=45987"},{"taxonomy":"product-cat","embeddable":true,"href":"https:\/\/tangooled.com\/tr\/wp-json\/wp\/v2\/product-cat?post=45987"}],"curies":[{"name":"wp","href":"https:\/\/api.w.org\/{rel}","templated":true}]}}