{"id":45952,"date":"2026-01-07T18:21:42","date_gmt":"2026-01-08T02:21:42","guid":{"rendered":"https:\/\/tangooled.com\/?post_type=product&#038;p=45952"},"modified":"2026-02-02T22:24:36","modified_gmt":"2026-02-03T06:24:36","slug":"double-led-strip-channel-cabinet-lighting-lb01","status":"publish","type":"product","link":"https:\/\/tangooled.com\/tr\/urun\/double-led-strip-channel-cabinet-lighting-lb01\/","title":{"rendered":"dif\u00fcz\u00f6rl\u00fc dolap led \u015ferit kanal\u0131 \u00e7ift led \u015feritleri i\u00e7in"},"content":{"rendered":"<div class=\"wp-block-group is-vertical is-layout-flex wp-container-core-group-is-layout-d255d7c4 wp-block-group-is-layout-flex\" style=\"padding-top:var(--wp--preset--spacing--80);padding-bottom:var(--wp--preset--spacing--80)\">\n<p>LED \u015feritleriniz i\u00e7in bir dif\u00fcz\u00f6r ile do\u011fru dolap LED \u015ferit kanal\u0131n\u0131 edinin! Y\u00fcksek kalitedeki dolap LED kanal\u0131m\u0131zdaki dif\u00fcz\u00f6r, dolab\u0131n\u0131zdaki ayd\u0131nlatman\u0131n p\u00fcr\u00fczs\u00fcz, parlak ve temiz g\u00f6r\u00fcnmesini sa\u011flar. \u0130ki LED \u015feridi yukar\u0131 ve a\u015fa\u011f\u0131 y\u00f6nlerde tutabilir; bu sayede \u0131\u015f\u0131klar\u0131n\u0131z\u0131 lekesiz parlat\u0131r. Bu \u00fcr\u00fcn sa\u011flam, g\u00fcvenli ve mutfaklarda, dolaplarda ve di\u011fer alanlarda uzun s\u00fcre dayanacak \u015fekilde \u00fcretilmi\u015ftir.<\/p>\n<\/div>\n\n\n\n<div class=\"wp-block-group has-background is-vertical is-layout-flex wp-container-core-group-is-layout-d255d7c4 wp-block-group-is-layout-flex\" style=\"background-color:#f1f1f1;padding-top:var(--wp--preset--spacing--80);padding-bottom:var(--wp--preset--spacing--80)\">\n<div class=\"wp-block-group is-vertical is-layout-flex wp-container-core-group-is-layout-8cf370e7 wp-block-group-is-layout-flex\">\n<h2 class=\"wp-block-heading\" style=\"padding-top:var(--wp--preset--spacing--40);padding-bottom:var(--wp--preset--spacing--40);font-size:25px;font-style:normal;font-weight:600;text-transform:capitalize\">Neden Bu Dolap LED \u015eerit Kanal\u0131n\u0131 Se\u00e7melisiniz?<\/h2>\n\n\n\n<ul class=\"wp-block-list\">\n<li>Kolayca \u0130ki LED \u015eeridi Ta\u015f\u0131r: 12.9mm i\u00e7 geni\u015fli\u011fe sahip yukar\u0131 ve a\u015fa\u011f\u0131 tasar\u0131ml\u0131 kanal, 5050 veya 3528 gibi iki LED \u015feridini alacak \u015fekilde uygundur.<\/li>\n\n\n\n<li>Her Seferinde P\u00fcr\u00fczs\u00fcz I\u015f\u0131k: Dif\u00fcz\u00f6r, her LED'den gelen parlak noktalar\u0131 daha az sert hale getirerek odan\u0131z\u0131 temiz ve ayd\u0131nl\u0131k g\u00f6r\u00fcnmesini sa\u011flar.<\/li>\n\n\n\n<li>LED'leri So\u011fuk Tutar: Al\u00fcminyum g\u00f6vde \u0131s\u0131 emici olarak g\u00f6rev yapar. LED \u015feritlerin so\u011fuk kalmas\u0131n\u0131 sa\u011flar, bu da \u00f6mr\u00fcn\u00fc uzat\u0131r.<\/li>\n\n\n\n<li>G\u00fcvenli ve Sa\u011flam: LED \u015feritlerinizi tozdan ve hasardan korur.<\/li>\n<\/ul>\n<\/div>\n<\/div>\n\n\n\n<div class=\"wp-block-group is-vertical is-layout-flex wp-container-core-group-is-layout-d255d7c4 wp-block-group-is-layout-flex\" style=\"padding-top:var(--wp--preset--spacing--80);padding-bottom:var(--wp--preset--spacing--80)\">\n<hr class=\"wp-block-separator has-alpha-channel-opacity\"\/>\n\n\n\n<div class=\"wp-block-media-text has-media-on-the-right is-stacked-on-mobile\" style=\"grid-template-columns:auto 40%\"><div class=\"wp-block-media-text__content\">\n<h2 class=\"wp-block-heading\" style=\"padding-top:var(--wp--preset--spacing--40);padding-bottom:var(--wp--preset--spacing--40);font-size:25px;font-style:normal;font-weight:600;text-transform:capitalize\">Bu Dolap LED \u015eerit Kanal\u0131n\u0131 Nas\u0131l Kullanmal\u0131 LB01<\/h2>\n\n\n\n<p>Bu dolap LED \u015ferit kanal\u0131 i\u00e7in en iyi se\u00e7im:<\/p>\n\n\n\n<ul class=\"wp-block-list\">\n<li>Dolap Alt\u0131 Ayd\u0131nlatma: Mutfak tezgahlar\u0131n\u0131 veya \u00e7al\u0131\u015fma alanlar\u0131n\u0131 parlak, par\u0131lt\u0131s\u0131z \u015fekilde ayd\u0131nlatmak i\u00e7in m\u00fckemmel.<\/li>\n\n\n\n<li>S\u0131va Ayd\u0131nlatma: S\u0131valara stil ve \u0131\u015f\u0131k ekleyin, d\u00fczenli ve lekesiz bir par\u0131lt\u0131 ile.<\/li>\n\n\n\n<li>Dolap ve Gard\u0131rop Ayd\u0131nlatma: Giysi ve raflar\u0131n\u0131z\u0131 p\u00fcr\u00fczs\u00fcz, parlak \u0131\u015f\u0131k ile ayd\u0131nlat\u0131n.<\/li>\n\n\n\n<li>Raf ve Sergileme Ayd\u0131nlatma: Ma\u011fazalarda veya evlerde raflar\u0131 veya dolaplar\u0131 ayd\u0131nlatmak i\u00e7in harika.<\/li>\n<\/ul>\n<\/div><figure class=\"wp-block-media-text__media\"><img loading=\"lazy\" decoding=\"async\" width=\"500\" height=\"500\" src=\"https:\/\/tangooled.com\/wp-content\/uploads\/2026\/01\/lb01-ins.webp\" alt=\"dif\u00fcz\u00f6rl\u00fc dolap led \u015ferit kanal\u0131 \u00e7ift led \u015feritleri i\u00e7in\" class=\"wp-image-45982 size-full\" srcset=\"https:\/\/tangooled.com\/wp-content\/uploads\/2026\/01\/lb01-ins.webp 500w, https:\/\/tangooled.com\/wp-content\/uploads\/2026\/01\/lb01-ins-300x300.webp 300w, https:\/\/tangooled.com\/wp-content\/uploads\/2026\/01\/lb01-ins-150x150.webp 150w\" sizes=\"auto, (max-width: 500px) 100vw, 500px\" \/><\/figure><\/div>\n<\/div>\n\n\n\n<div class=\"wp-block-group has-background is-vertical is-layout-flex wp-container-core-group-is-layout-b429018a wp-block-group-is-layout-flex\" style=\"background-color:#f1f1f1f2;padding-top:var(--wp--preset--spacing--70);padding-bottom:var(--wp--preset--spacing--70)\">\n<h2 class=\"wp-block-heading\" style=\"padding-top:var(--wp--preset--spacing--40);padding-bottom:var(--wp--preset--spacing--40);font-size:25px;font-style:normal;font-weight:600\">Ho\u015flanabilece\u011finiz \u0130lgili \u00dcr\u00fcnler<\/h2>\n\n\n\n<ul class=\"wp-block-list\">\n<li><a href=\"https:\/\/tangooled.com\/tr\/urun\/black-led-profile-with-black-diffuser-for-10mm-led-strip-light\/\"><mark style=\"background-color:rgba(0, 0, 0, 0)\" class=\"has-inline-color has-vivid-red-color\">10mm LED \u015eerit Ayd\u0131nlatma i\u00e7in Siyah Dif\u00fcz\u00f6rl\u00fc Siyah LED Profili<\/mark><\/a> \u2014 Sleek black anodized profile for 10mm LED strips.<\/li>\n\n\n\n<li><mark style=\"background-color:rgba(0, 0, 0, 0)\" class=\"has-inline-color has-vivid-red-color\"><a href=\"https:\/\/tangooled.com\/tr\/urun\/surface-mount-led-profile-with-frosted-diffuser-for-10mm-rope-lights\/\">10 mm kablo \u0131\u015f\u0131klar\u0131 i\u00e7in frosted dif\u00fcz\u00f6rl\u00fc y\u00fczey montaj LED profili<\/a><\/mark> \u2014 Perfect surface-mounted channel for simple installs.<\/li>\n\n\n\n<li><mark style=\"background-color:rgba(0, 0, 0, 0)\" class=\"has-inline-color has-vivid-red-color\"><a href=\"https:\/\/tangooled.com\/tr\/urun\/led-profile-under-cabinet-corner-lighting-for-led-strip-12mm\/\">LED \u015feritler i\u00e7in dolap alt k\u00f6\u015fe ayd\u0131nlatmas\u0131 LED profili 12mm<\/a><\/mark> \u2014 Ideal for slightly wider double LED strips.<\/li>\n\n\n\n<li><mark style=\"background-color:rgba(0, 0, 0, 0)\" class=\"has-inline-color has-vivid-red-color\"><a href=\"https:\/\/tangooled.com\/tr\/urun\/cabinet-led-aluminum-profile-up-down-edge-lighting-lb05\/\">Dolap LED al\u00fcminyum profili yukar\u0131 ve a\u015fa\u011f\u0131 kenar ayd\u0131nlatmas\u0131<\/a> <\/mark>\u2014 Creates stylish up\/down lighting effects in cabinets.<\/li>\n<\/ul>\n<\/div>\n\n\n\n<div class=\"wp-block-group is-vertical is-layout-flex wp-container-core-group-is-layout-d255d7c4 wp-block-group-is-layout-flex\" style=\"padding-top:var(--wp--preset--spacing--80);padding-bottom:var(--wp--preset--spacing--80)\">\n<h2 class=\"wp-block-heading\" style=\"padding-top:var(--wp--preset--spacing--40);padding-bottom:var(--wp--preset--spacing--40);font-size:25px;font-style:normal;font-weight:600;text-transform:capitalize\">Neden Dolap LED \u015eerit Kanal\u0131m\u0131z En \u0130yi Se\u00e7imdir<\/h2>\n\n\n\n<p>E\u011fer dolab\u0131n\u0131zda parlak, p\u00fcr\u00fczs\u00fcz ve e\u015fit \u0131\u015f\u0131k istiyorsan\u0131z, bu dif\u00fcz\u00f6rl\u00fc dolap LED \u015ferit kanal\u0131 sizin i\u00e7in tasarlanm\u0131\u015ft\u0131r. \u00c7o\u011fu \u00e7ift LED \u015feridi i\u00e7in yeterli yer b\u0131rak\u0131r. Is\u0131ya dayan\u0131kl\u0131 al\u00fcminyum, \u0131\u015f\u0131klar\u0131 so\u011fuk tutar ve dif\u00fcz\u00f6r \u0131\u015f\u0131\u011f\u0131 yumu\u015fak ve g\u00fczel hale getirir. Bu, mutfa\u011f\u0131n\u0131z\u0131 ve dolab\u0131n\u0131z\u0131 g\u00fczelle\u015ftirir, sevdi\u011finiz g\u00fczel \u0131\u015f\u0131k sa\u011flar.<\/p>\n<\/div>\n\n\n\n<p><\/p>","protected":false},"featured_media":14168,"template":"","meta":{"_acf_changed":true,"_seopress_robots_primary_cat":"none","_seopress_titles_title":"Double LED Strip Channel for Cabinet Lighting LB01 | TANGOOLED","_seopress_titles_desc":"TANGOO's cabinet LED strip channel LB01 is designed for double LED strips, providing high-lumen cabinet and task lighting.","_seopress_robots_index":""},"pcb-width":[228],"product-cat":[193],"class_list":{"0":"post-45952","1":"product","2":"type-product","3":"status-publish","4":"has-post-thumbnail","6":"pcb-width-6-12mm","7":"product-cat-recessed-profile"},"acf":[],"_links":{"self":[{"href":"https:\/\/tangooled.com\/tr\/wp-json\/wp\/v2\/product\/45952","targetHints":{"allow":["GET"]}}],"collection":[{"href":"https:\/\/tangooled.com\/tr\/wp-json\/wp\/v2\/product"}],"about":[{"href":"https:\/\/tangooled.com\/tr\/wp-json\/wp\/v2\/types\/product"}],"wp:featuredmedia":[{"embeddable":true,"href":"https:\/\/tangooled.com\/tr\/wp-json\/wp\/v2\/media\/14168"}],"wp:attachment":[{"href":"https:\/\/tangooled.com\/tr\/wp-json\/wp\/v2\/media?parent=45952"}],"wp:term":[{"taxonomy":"pcb-width","embeddable":true,"href":"https:\/\/tangooled.com\/tr\/wp-json\/wp\/v2\/pcb-width?post=45952"},{"taxonomy":"product-cat","embeddable":true,"href":"https:\/\/tangooled.com\/tr\/wp-json\/wp\/v2\/product-cat?post=45952"}],"curies":[{"name":"wp","href":"https:\/\/api.w.org\/{rel}","templated":true}]}}