{"id":45924,"date":"2026-01-07T18:11:18","date_gmt":"2026-01-08T02:11:18","guid":{"rendered":"https:\/\/tangooled.com\/?post_type=product&#038;p=45924"},"modified":"2026-02-02T01:55:52","modified_gmt":"2026-02-02T09:55:52","slug":"curved-diffuser-flexible-led-channel-for-8mm-led-strips-bp03","status":"publish","type":"product","link":"https:\/\/tangooled.com\/tr\/urun\/curved-diffuser-flexible-led-channel-for-8mm-led-strips-bp03\/","title":{"rendered":"8mm LED \u015feritler i\u00e7in e\u011fimli dif\u00fcz\u00f6r esnek LED \u015ferit \u0131\u015f\u0131k kanal\u0131"},"content":{"rendered":"<div class=\"wp-block-group is-vertical is-layout-flex wp-container-core-group-is-layout-d255d7c4 wp-block-group-is-layout-flex\" style=\"padding-top:var(--wp--preset--spacing--80);padding-bottom:var(--wp--preset--spacing--80)\">\n<p>Bu BP03 e\u011fimli dif\u00fcz\u00f6r LED kanal\u0131 \u00e7ok esnektir ve yuvarlak, e\u011fik veya kavisli mimari y\u00fczeylere d\u00fczg\u00fcn, parlak \u0131\u015f\u0131k sa\u011flamak i\u00e7in tasarlanm\u0131\u015ft\u0131r. 8mm geni\u015fli\u011findeki LED \u0131\u015f\u0131k \u015feritlerine m\u00fckemmel \u015fekilde uyar ve esnekli\u011fi sayesinde benzersiz tasar\u0131m konturlar\u0131n\u0131 elde etmek i\u00e7in elle b\u00fck\u00fcl\u00fcp \u015fekillendirilebilir. Bu, \u00f6zel kurulumlar i\u00e7in harika bir se\u00e7imdir.<\/p>\n\n\n\n<p>Kanal, LED \u015feridinizi g\u00fcvende tutar ve beraberinde gelen opal dif\u00fcz\u00f6r kapa\u011f\u0131, \u0131\u015f\u0131klar\u0131n olduk\u00e7a iyi g\u00f6r\u00fcnmesini sa\u011flar. Yo\u011fun s\u0131cak noktalar\u0131 ve belirgin LED noktalar\u0131n\u0131 ortadan kald\u0131rarak, \u0131\u015f\u0131\u011f\u0131 p\u00fcr\u00fczs\u00fcz, temiz bir par\u0131lt\u0131ya d\u00f6n\u00fc\u015ft\u00fcr\u00fcr. Bu, y\u00fcksek kaliteli ortam \u0131\u015f\u0131\u011f\u0131 eklemek ve hassas e\u011frilerin gerekli oldu\u011fu dekoratif unsurlar\u0131 iyile\u015ftirmek i\u00e7in harika bir tercihtir.<\/p>\n<\/div>\n\n\n\n<div class=\"wp-block-group has-background is-vertical is-layout-flex wp-container-core-group-is-layout-d255d7c4 wp-block-group-is-layout-flex\" style=\"background-color:#f1f1f1;padding-top:var(--wp--preset--spacing--80);padding-bottom:var(--wp--preset--spacing--80)\">\n<div class=\"wp-block-group is-vertical is-layout-flex wp-container-core-group-is-layout-8cf370e7 wp-block-group-is-layout-flex\">\n<h2 class=\"wp-block-heading\" style=\"padding-top:var(--wp--preset--spacing--40);padding-bottom:var(--wp--preset--spacing--40);font-size:25px;font-style:normal;font-weight:600;text-transform:capitalize\">Neden Bu BP03 E\u011filmi\u015f Dif\u00fcz\u00f6r LED Kanal\u0131n\u0131 Kullanmal\u0131s\u0131n\u0131z?<\/h2>\n\n\n\n<ul class=\"wp-block-list\">\n<li>Kolayca B\u00fck\u00fcl\u00fcr: Daireler, kemerler veya dalgalar gibi \u015fekillerde b\u00fckebilirsiniz.<\/li>\n\n\n\n<li>I\u015f\u0131\u011f\u0131 P\u00fcr\u00fczs\u00fczce E\u015fit Da\u011f\u0131t\u0131r: Dif\u00fcz\u00f6r, LED noktalar\u0131n\u0131 gizleyerek \u0131\u015f\u0131\u011f\u0131n nazik ve e\u015fit olmas\u0131n\u0131 sa\u011flar.<\/li>\n\n\n\n<li>LED \u015eeritlerini Korur: Al\u00fcminyum veya silikon kaplama \u015feritleri g\u00fcvenli ve serin tutar.<\/li>\n\n\n\n<li>8mm LED \u015eeritlere Uyar: 8mm geni\u015fli\u011findeki LED'lerle m\u00fckemmel bir \u015fekilde uyum sa\u011flar.<\/li>\n\n\n\n<li>Kurulumu Kolay: Temiz bir g\u00f6r\u00fcn\u00fcm i\u00e7in klipsler ve son kapaklarla birlikte gelir.<\/li>\n\n\n\n<li>Uzun S\u00fcreli: LED'ler, \u0131s\u0131y\u0131 iyi ta\u015f\u0131d\u0131\u011f\u0131 i\u00e7in daha uzun \u00f6m\u00fcrl\u00fcd\u00fcr.<\/li>\n<\/ul>\n<\/div>\n<\/div>\n\n\n\n<div class=\"wp-block-group is-vertical is-layout-flex wp-container-core-group-is-layout-d255d7c4 wp-block-group-is-layout-flex\" style=\"padding-top:var(--wp--preset--spacing--80);padding-bottom:var(--wp--preset--spacing--80)\">\n<hr class=\"wp-block-separator has-alpha-channel-opacity\"\/>\n\n\n\n<div class=\"wp-block-media-text has-media-on-the-right is-stacked-on-mobile\" style=\"grid-template-columns:auto 40%\"><div class=\"wp-block-media-text__content\">\n<h2 class=\"wp-block-heading\" style=\"padding-top:var(--wp--preset--spacing--40);padding-bottom:var(--wp--preset--spacing--40);font-size:25px;font-style:normal;font-weight:600;text-transform:capitalize\">Nas\u0131l Kullan\u0131l\u0131r<\/h2>\n\n\n\n<ul class=\"wp-block-list\">\n<li>Kanal\u0131 istedi\u011finiz e\u011fime uyacak \u015fekilde ayarlay\u0131n.<\/li>\n\n\n\n<li>Montaj klipslerini y\u00fczeyinize tak\u0131n.<\/li>\n\n\n\n<li>Kanal\u0131 klipslerin \u00fczerine yerle\u015ftirin.<\/li>\n\n\n\n<li>8mm LED \u015feridinizi i\u00e7eri yerle\u015ftirin.<\/li>\n\n\n\n<li>I\u015f\u0131\u011f\u0131 nazik\u00e7e yaymak i\u00e7in dif\u00fcz\u00f6r\u00fc \u00fcst\u00fcne yerle\u015ftirin.<\/li>\n<\/ul>\n<\/div><figure class=\"wp-block-media-text__media\"><img loading=\"lazy\" decoding=\"async\" width=\"500\" height=\"500\" src=\"https:\/\/tangooled.com\/wp-content\/uploads\/2026\/01\/bp03-ins.webp\" alt=\"bp03 ins\" class=\"wp-image-46015 size-full\" srcset=\"https:\/\/tangooled.com\/wp-content\/uploads\/2026\/01\/bp03-ins.webp 500w, https:\/\/tangooled.com\/wp-content\/uploads\/2026\/01\/bp03-ins-300x300.webp 300w, https:\/\/tangooled.com\/wp-content\/uploads\/2026\/01\/bp03-ins-150x150.webp 150w\" sizes=\"auto, (max-width: 500px) 100vw, 500px\" \/><\/figure><\/div>\n<\/div>\n\n\n\n<div class=\"wp-block-group has-background is-vertical is-layout-flex wp-container-core-group-is-layout-b429018a wp-block-group-is-layout-flex\" style=\"background-color:#f1f1f1f2;padding-top:var(--wp--preset--spacing--70);padding-bottom:var(--wp--preset--spacing--70)\">\n<h2 class=\"wp-block-heading\" style=\"padding-top:var(--wp--preset--spacing--40);padding-bottom:var(--wp--preset--spacing--40);font-size:25px;font-style:normal;font-weight:600\">Nerelerde Kullanabilirsiniz?<\/h2>\n\n\n\n<ul class=\"wp-block-list\">\n<li>E\u011filmi\u015f duvarlar veya kemerler, \u015fekilleri \u0131\u015f\u0131kla ortaya \u00e7\u0131karmak i\u00e7in.<\/li>\n\n\n\n<li>Yuvarlak aynalar veya mobilyalar\u0131n k\u00f6\u015feleri i\u00e7in hafif arka ayd\u0131nlatma.<\/li>\n\n\n\n<li>Bar tezgahlar\u0131 veya resepsiyon masalar\u0131 i\u00e7in \u00f6zel kavisli \u0131\u015f\u0131k \u015feritleri.<\/li>\n\n\n\n<li>Dikkat \u00e7eken p\u00fcr\u00fczs\u00fcz ayd\u0131nlatma gerektiren perakende vitrinleri.<\/li>\n\n\n\n<li>Mutfak adalar\u0131 veya korni\u015fler i\u00e7in kavisli konturlar.<\/li>\n<\/ul>\n<\/div>\n\n\n\n<div class=\"wp-block-group is-vertical is-layout-flex wp-container-core-group-is-layout-d255d7c4 wp-block-group-is-layout-flex\" style=\"padding-top:var(--wp--preset--spacing--80);padding-bottom:var(--wp--preset--spacing--80)\">\n<h2 class=\"wp-block-heading\" style=\"padding-top:var(--wp--preset--spacing--40);padding-bottom:var(--wp--preset--spacing--40);font-size:25px;font-style:normal;font-weight:600;text-transform:capitalize\">Ba\u011flant\u0131 Yapabilece\u011finiz \u0130lgili \u00dcr\u00fcnler<\/h2>\n\n\n\n<ul class=\"wp-block-list\">\n<li><a href=\"https:\/\/tangooled.com\/tr\/urun\/10mm-led-profile-aluminum-channel-for-8mm-led-tape-lights\/\"><mark style=\"background-color:rgba(0, 0, 0, 0)\" class=\"has-inline-color has-vivid-red-color\">8mm LED Bant I\u015f\u0131klar\u0131 i\u00e7in 10mm LED Profil Al\u00fcminyum Kanal\u0131<\/mark><\/a> \u2014 A bigger channel for slightly wider strips.<\/li>\n\n\n\n<li><a href=\"https:\/\/tangooled.com\/tr\/urun\/led-strip-light-channel-aluminum-profile-with-diffused-cover-6mm-height\/\"><mark style=\"background-color:rgba(0, 0, 0, 0)\" class=\"has-inline-color has-vivid-red-color\">Dif\u00fcz\u00f6r Kapakl\u0131 6mm Y\u00fckseklikteki LED \u015eerit I\u015f\u0131k Kanal\u0131 Al\u00fcminyum Profili<\/mark><\/a> \u2014 Slim profile for tight spaces.<\/li>\n\n\n\n<li><a href=\"https:\/\/tangooled.com\/tr\/urun\/black-led-profile-with-black-diffuser-for-10mm-led-strip-light\/\"><mark style=\"background-color:rgba(0, 0, 0, 0)\" class=\"has-inline-color has-vivid-red-color\">10mm LED \u015eerit Ayd\u0131nlatma i\u00e7in Siyah Dif\u00fcz\u00f6rl\u00fc Siyah LED Profili<\/mark><\/a> \u2014 Sleek black finish option for modern look.<\/li>\n\n\n\n<li><a href=\"https:\/\/tangooled.com\/tr\/urun\/17mm-led-strip-light-aluminum-channel-for-surface-mounting\/\"><mark style=\"background-color:rgba(0, 0, 0, 0)\" class=\"has-inline-color has-vivid-red-color\">Y\u00fczeye Montaj i\u00e7in 17mm LED \u015eerit I\u015f\u0131k Al\u00fcminyum Kanal\u0131<\/mark><\/a> \u2014 Wider surface mount channel for bigger projects.<\/li>\n<\/ul>\n<\/div>\n\n\n\n<p>Bu 8mm LED \u015feritler i\u00e7in esnek LED \u0131\u015f\u0131k kanal\u0131, kullan\u0131m\u0131 kolayd\u0131r ve herhangi bir kavisli y\u00fczeye g\u00fczel, p\u00fcr\u00fczs\u00fcz \u0131\u015f\u0131k ekler. LED'lerinize iyi uyar ve her t\u00fcrl\u00fc ev veya i\u015f projesinde harika g\u00f6r\u00fcn\u00fcr.<\/p>","protected":false},"featured_media":13116,"template":"","meta":{"_acf_changed":true,"_seopress_robots_primary_cat":"none","_seopress_titles_title":"Curved Diffuser Flexible LED Channel BP03 | TANGOOLED","_seopress_titles_desc":"TANGOO's BP03 is a flexible LED channel featuring a curved diffuser for shape lighting. Perfect for 8mm LED strips in curved furniture and architectural designs.","_seopress_robots_index":""},"pcb-width":[228],"product-cat":[203],"class_list":{"0":"post-45924","1":"product","2":"type-product","3":"status-publish","4":"has-post-thumbnail","6":"pcb-width-6-12mm","7":"product-cat-flexible-profile"},"acf":[],"_links":{"self":[{"href":"https:\/\/tangooled.com\/tr\/wp-json\/wp\/v2\/product\/45924","targetHints":{"allow":["GET"]}}],"collection":[{"href":"https:\/\/tangooled.com\/tr\/wp-json\/wp\/v2\/product"}],"about":[{"href":"https:\/\/tangooled.com\/tr\/wp-json\/wp\/v2\/types\/product"}],"wp:featuredmedia":[{"embeddable":true,"href":"https:\/\/tangooled.com\/tr\/wp-json\/wp\/v2\/media\/13116"}],"wp:attachment":[{"href":"https:\/\/tangooled.com\/tr\/wp-json\/wp\/v2\/media?parent=45924"}],"wp:term":[{"taxonomy":"pcb-width","embeddable":true,"href":"https:\/\/tangooled.com\/tr\/wp-json\/wp\/v2\/pcb-width?post=45924"},{"taxonomy":"product-cat","embeddable":true,"href":"https:\/\/tangooled.com\/tr\/wp-json\/wp\/v2\/product-cat?post=45924"}],"curies":[{"name":"wp","href":"https:\/\/api.w.org\/{rel}","templated":true}]}}