{"id":45250,"date":"2026-01-07T02:16:46","date_gmt":"2026-01-07T10:16:46","guid":{"rendered":"https:\/\/tangooled.com\/?post_type=product&#038;p=45250"},"modified":"2026-02-02T01:55:19","modified_gmt":"2026-02-02T09:55:19","slug":"11mm-bendable-led-light-channel-for-6mm-led-strips","status":"publish","type":"product","link":"https:\/\/tangooled.com\/tr\/urun\/11mm-bendable-led-light-channel-for-6mm-led-strips\/","title":{"rendered":"6mm LED \u015feritler i\u00e7in 11mm b\u00fck\u00fclebilir LED \u0131\u015f\u0131k kanal\u0131"},"content":{"rendered":"<div class=\"wp-block-group is-vertical is-layout-flex wp-container-core-group-is-layout-d255d7c4 wp-block-group-is-layout-flex\" style=\"padding-top:var(--wp--preset--spacing--80);padding-bottom:var(--wp--preset--spacing--80)\">\n<p>Our 11mm bendable LED light channel is made to let you create\u00a0light shaping\u00a0in any interior architectural setting. This flexible LED channel is great for standard 6mm LED strips. By utilizing this bendable channel, you can effortlessly create gentle, continuous curving light, avoiding the harsh appearance of sharp corners and rigid lines. The channel is very easy to put in because it is flexible and can fit into small spaces or around objects that are hard to reach and have a lot of curves.<br> Ayr\u0131ca, tasar\u0131m m\u00fckemmel \u0131s\u0131 da\u011f\u0131l\u0131m\u0131n\u0131 sa\u011flatarak daha uzun bir \u00f6m\u00fcr sunar. Y\u00fcksek kaliteli buzlu dif\u00fcz\u00f6r\u00fc, \u0131\u015f\u0131\u011f\u0131n e\u015fit da\u011f\u0131lmas\u0131n\u0131 sa\u011flar ve yumu\u015fak ve profesyonel bir ortam etkisi yarat\u0131r.<\/p>\n<\/div>\n\n\n\n<div class=\"wp-block-group has-background is-vertical is-layout-flex wp-container-core-group-is-layout-d255d7c4 wp-block-group-is-layout-flex\" style=\"background-color:#f1f1f1;padding-top:var(--wp--preset--spacing--80);padding-bottom:var(--wp--preset--spacing--80)\">\n<div class=\"wp-block-group is-vertical is-layout-flex wp-container-core-group-is-layout-8cf370e7 wp-block-group-is-layout-flex\">\n<h2 class=\"wp-block-heading\" style=\"padding-top:var(--wp--preset--spacing--40);padding-bottom:var(--wp--preset--spacing--40);font-size:25px;font-style:normal;font-weight:600;text-transform:capitalize\">Neden 11mm B\u00fck\u00fclebilir LED Kanal\u0131m\u0131z\u0131 Kullanmal\u0131s\u0131n\u0131z?<\/h2>\n\n\n\n<ul class=\"wp-block-list\">\n<li>Alet kullanmadan elinizle b\u00fckebilirsiniz.<\/li>\n\n\n\n<li>\u0130nce 6mm LED \u015ferit profilleri ile iyi \u00e7al\u0131\u015f\u0131r.<\/li>\n\n\n\n<li>LED \u015feridi h\u0131zla so\u011futacak g\u00fc\u00e7l\u00fc al\u00fcminyum.<\/li>\n\n\n\n<li>The frosted cover blocks &#8220;dot&#8221; lights and lets in gentle, flowing light.<\/li>\n\n\n\n<li>Kolay kurulum i\u00e7in u\u00e7 kapaklar ve klipler ile birlikte gelir.<\/li>\n\n\n\n<li>Kavisli mobilyalar, duvarlar ve tabelalar \u00fczerinde harika \u00e7al\u0131\u015f\u0131r.<\/li>\n<\/ul>\n<\/div>\n<\/div>\n\n\n\n<div class=\"wp-block-group is-vertical is-layout-flex wp-container-core-group-is-layout-d255d7c4 wp-block-group-is-layout-flex\" style=\"padding-top:var(--wp--preset--spacing--80);padding-bottom:var(--wp--preset--spacing--80)\">\n<hr class=\"wp-block-separator has-alpha-channel-opacity\"\/>\n\n\n\n<div class=\"wp-block-media-text has-media-on-the-right is-stacked-on-mobile\" style=\"grid-template-columns:auto 40%\"><div class=\"wp-block-media-text__content\">\n<h2 class=\"wp-block-heading\" style=\"padding-top:var(--wp--preset--spacing--40);padding-bottom:var(--wp--preset--spacing--40);font-size:25px;font-style:normal;font-weight:600;text-transform:capitalize\">B\u00fck\u00fclebilir I\u015f\u0131k Kanal\u0131n\u0131z\u0131 Nas\u0131l Kurars\u0131n\u0131z<\/h2>\n\n\n\n<ul class=\"wp-block-list\">\n<li>Kanal\u0131 ince di\u015fli bir testere ile uzunlu\u011fa g\u00f6re kesin. Temiz bir kesim i\u00e7in dif\u00fcz\u00f6r\u00fc yerinde tutun.<\/li>\n\n\n\n<li>11mm b\u00fck\u00fclebilir LED kanal\u0131n\u0131 istedi\u011finiz \u015fekle b\u00fck\u00fcn.<\/li>\n\n\n\n<li>Montaj i\u00e7in klipleri y\u00fczeye yerle\u015ftirin.<\/li>\n\n\n\n<li>Kanal\u0131 kliplere tak\u0131n ve 6mm LED \u015ferit profilinizi yerle\u015ftirin.<\/li>\n\n\n\n<li>Buzlu dif\u00fcz\u00f6r kapa\u011f\u0131n\u0131 \u00fcst\u00fcne yerle\u015ftiriniz.<\/li>\n\n\n\n<li>G\u00fczel g\u00f6r\u00fcnmesi i\u00e7in u\u00e7 kapaklar\u0131 tak\u0131n.<\/li>\n<\/ul>\n<\/div><figure class=\"wp-block-media-text__media\"><img loading=\"lazy\" decoding=\"async\" width=\"500\" height=\"500\" src=\"https:\/\/tangooled.com\/wp-content\/uploads\/2026\/01\/bp02-ins.webp\" alt=\"bp02 ins\" class=\"wp-image-46014 size-full\" srcset=\"https:\/\/tangooled.com\/wp-content\/uploads\/2026\/01\/bp02-ins.webp 500w, https:\/\/tangooled.com\/wp-content\/uploads\/2026\/01\/bp02-ins-300x300.webp 300w, https:\/\/tangooled.com\/wp-content\/uploads\/2026\/01\/bp02-ins-150x150.webp 150w\" sizes=\"auto, (max-width: 500px) 100vw, 500px\" \/><\/figure><\/div>\n<\/div>\n\n\n\n<div class=\"wp-block-group has-background is-vertical is-layout-flex wp-container-core-group-is-layout-b429018a wp-block-group-is-layout-flex\" style=\"background-color:#f1f1f1f2;padding-top:var(--wp--preset--spacing--70);padding-bottom:var(--wp--preset--spacing--70)\">\n<h2 class=\"wp-block-heading\" style=\"padding-top:var(--wp--preset--spacing--40);padding-bottom:var(--wp--preset--spacing--40);font-size:25px;font-style:normal;font-weight:600\">Bir\u00e7ok Kullan\u0131m i\u00e7in Harika<\/h2>\n\n\n\n<ul class=\"wp-block-list\">\n<li>Kavisli duvarlar ve kemerler: B\u00fck\u00fclebilir \u00f6zellik, kavisli \u015fekillere m\u00fckemmel bir \u015fekilde uyar.<\/li>\n\n\n\n<li>\u00d6zel tabelalar: LED \u0131\u015f\u0131klarla temiz hatlara sahip yuvarlak veya \u015fekilli tabelalar yap\u0131n.<\/li>\n\n\n\n<li>Mutfaktaki barlar ve adalar: E\u011frili\u011fi olan tezgahlar\u0131n alt\u0131na uyarak g\u00f6rev ayd\u0131nlatmas\u0131n\u0131 daha rahat hale getirir.<\/li>\n\n\n\n<li>Ma\u011fazalardaki raflar ve vitrinler: Sergilere ve dairesel raflara yumu\u015fak \u0131\u015f\u0131k koyun.<\/li>\n\n\n\n<li>Mobilyalar i\u00e7in ayd\u0131nlatma: E\u011frili\u011fi olan masalar, resepsiyon masalar\u0131 ve dolaplar \u00fczerine \u0131\u015f\u0131klar yerle\u015ftirin.<\/li>\n\n\n\n<li>Araba ve bot ayd\u0131nlatmalar\u0131: S\u0131k\u0131 veya kavisli alanlarda ayd\u0131nlatma i\u00e7in iyi \u00e7al\u0131\u015f\u0131r.<\/li>\n<\/ul>\n<\/div>\n\n\n\n<div class=\"wp-block-group is-vertical is-layout-flex wp-container-core-group-is-layout-d255d7c4 wp-block-group-is-layout-flex\" style=\"padding-top:var(--wp--preset--spacing--80);padding-bottom:var(--wp--preset--spacing--80)\">\n<h2 class=\"wp-block-heading\" style=\"padding-top:var(--wp--preset--spacing--40);padding-bottom:var(--wp--preset--spacing--40);font-size:25px;font-style:normal;font-weight:600;text-transform:capitalize\">Di\u011fer \u00dcr\u00fcnlerle Kar\u015f\u0131la\u015ft\u0131rmay\u0131 G\u00f6r\u00fcn<\/h2>\n\n\n\n<ul class=\"wp-block-list\">\n<li><a href=\"https:\/\/tangooled.com\/tr\/urun\/25x6mm-low-profile-led-strip-channel-for-10mm-led-strip-light\/\"><mark style=\"background-color:rgba(0, 0, 0, 0)\" class=\"has-inline-color has-vivid-red-color\">10mm LED \u015ferit \u0131\u015f\u0131k i\u00e7in 25x6mm d\u00fc\u015f\u00fck profilli LED \u015ferit kanal\u0131<\/mark><\/a>.<\/li>\n\n\n\n<li><a href=\"https:\/\/tangooled.com\/tr\/urun\/surface-mount-led-profile-with-frosted-diffuser-for-10mm-rope-lights\/\"><mark style=\"background-color:rgba(0, 0, 0, 0)\" class=\"has-inline-color has-vivid-red-color\">10mm Tel Ayd\u0131nlatmalar\u0131 i\u00e7in Buzlu Dif\u00fcz\u00f6rl\u00fc Y\u00fczeye Montaj LED Profili<\/mark><\/a>.<\/li>\n\n\n\n<li><a href=\"https:\/\/tangooled.com\/tr\/urun\/black-led-profile-with-black-diffuser-for-10mm-led-strip-light\/\"><mark style=\"background-color:rgba(0, 0, 0, 0)\" class=\"has-inline-color has-vivid-red-color\">10mm LED \u015eerit Ayd\u0131nlatma i\u00e7in Siyah Dif\u00fcz\u00f6rl\u00fc Siyah LED Profili<\/mark><\/a>.<\/li>\n<\/ul>\n<\/div>\n\n\n\n<div class=\"wp-block-group has-background is-vertical is-layout-flex wp-container-core-group-is-layout-b429018a wp-block-group-is-layout-flex\" style=\"background-color:#f1f1f1f2;padding-top:var(--wp--preset--spacing--70);padding-bottom:var(--wp--preset--spacing--70)\">\n<h2 class=\"wp-block-heading\" style=\"padding-top:var(--wp--preset--spacing--40);padding-bottom:var(--wp--preset--spacing--40);font-size:25px;font-style:normal;font-weight:600\">\u00d6zet<\/h2>\n\n\n\n<p style=\"padding-right:var(--wp--preset--spacing--50);padding-left:var(--wp--preset--spacing--50)\">11mm esnek LED kanal\u0131m\u0131z, 6mm LED \u015feritler i\u00e7in tasarlanm\u0131\u015ft\u0131r. B\u00fck\u00fclebilir olmas\u0131 sayesinde b\u00fck\u00fclen \u0131\u015f\u0131klara uymas\u0131 i\u00e7in en iyi \u0131\u015f\u0131k kanal\u0131d\u0131r. LED'lerinizi so\u011fuk tutar, s\u0131k\u0131ca tutar ve noktas\u0131z, temiz bir \u0131\u015f\u0131k sa\u011flar. Kolayca kesip b\u00fckebilir ve monte edebilirsiniz. Bu kanal\u0131 kemerler, yuvarlak tabelalar, k\u0131vr\u0131ml\u0131 mobilyalar, ma\u011faza vitrinleri, arabalar ve daha fazlas\u0131n\u0131 yapmak i\u00e7in kullanabilirsiniz.<\/p>\n<\/div>\n\n\n\n<p><\/p>","protected":false},"featured_media":13113,"template":"","meta":{"_acf_changed":false,"_seopress_robots_primary_cat":"none","_seopress_titles_title":"11mm Bendable LED Light Channel for 6mm Strips | TANGOOLED","_seopress_titles_desc":"Ultra-slim 11mm bendable LED light channel perfect for 6mm LED strips. Ideal for tight curves, cabinet lighting, and minimalist designs.","_seopress_robots_index":""},"pcb-width":[228],"product-cat":[203],"class_list":{"0":"post-45250","1":"product","2":"type-product","3":"status-publish","4":"has-post-thumbnail","6":"pcb-width-6-12mm","7":"product-cat-flexible-profile"},"acf":[],"_links":{"self":[{"href":"https:\/\/tangooled.com\/tr\/wp-json\/wp\/v2\/product\/45250","targetHints":{"allow":["GET"]}}],"collection":[{"href":"https:\/\/tangooled.com\/tr\/wp-json\/wp\/v2\/product"}],"about":[{"href":"https:\/\/tangooled.com\/tr\/wp-json\/wp\/v2\/types\/product"}],"wp:featuredmedia":[{"embeddable":true,"href":"https:\/\/tangooled.com\/tr\/wp-json\/wp\/v2\/media\/13113"}],"wp:attachment":[{"href":"https:\/\/tangooled.com\/tr\/wp-json\/wp\/v2\/media?parent=45250"}],"wp:term":[{"taxonomy":"pcb-width","embeddable":true,"href":"https:\/\/tangooled.com\/tr\/wp-json\/wp\/v2\/pcb-width?post=45250"},{"taxonomy":"product-cat","embeddable":true,"href":"https:\/\/tangooled.com\/tr\/wp-json\/wp\/v2\/product-cat?post=45250"}],"curies":[{"name":"wp","href":"https:\/\/api.w.org\/{rel}","templated":true}]}}