{"id":44987,"date":"2026-01-04T20:08:39","date_gmt":"2026-01-05T04:08:39","guid":{"rendered":"https:\/\/tangooled.com\/?post_type=product&#038;p=44987"},"modified":"2026-01-29T18:40:05","modified_gmt":"2026-01-30T02:40:05","slug":"surface-mount-30mm-led-diffuser-channel-for-two-led-strips","status":"publish","type":"product","link":"https:\/\/tangooled.com\/tr\/urun\/surface-mount-30mm-led-diffuser-channel-for-two-led-strips\/","title":{"rendered":"iki LED \u015feridi i\u00e7in y\u00fczey montaj 30mm LED dif\u00fcz\u00f6r kanal\u0131"},"content":{"rendered":"<div class=\"wp-block-group\" style=\"padding-top:var(--wp--preset--spacing--80);padding-bottom:var(--wp--preset--spacing--80)\"><div class=\"wp-block-group__inner-container is-layout-constrained wp-block-group-is-layout-constrained\">\n<p>Our 30mm surface LED channel for two strips has external dimensions of 34.6mm x 23.8mm and will double the effect of your lights. This high-quality aluminum profile has a 31.0mm internal width, which makes it perfect for holding two 10mm wide LED strips next to each other. It&#8217;s easy to install: just drill through the special internal groove and use screws to attach the channel directly to the surface. After it is fastened, snap on the light diffuser to make a glow that is wide, smooth, and free of dots.<br>Bu 30mm y\u00fczey LED kanal\u0131, mutfaklar, \u00e7al\u0131\u015fma alanlar\u0131 ve ma\u011fazalar i\u00e7in harikad\u0131r.<\/p>\n<\/div><\/div>\n\n\n\n<div class=\"wp-block-group has-background\" style=\"background-color:#f2f2f2f2;padding-top:var(--wp--preset--spacing--80);padding-bottom:var(--wp--preset--spacing--80)\"><div class=\"wp-block-group__inner-container is-layout-constrained wp-block-group-is-layout-constrained\">\n<div class=\"wp-block-group is-vertical is-layout-flex wp-container-core-group-is-layout-8cf370e7 wp-block-group-is-layout-flex\">\n<h2 class=\"wp-block-heading\" style=\"padding-top:var(--wp--preset--spacing--40);padding-bottom:var(--wp--preset--spacing--40);font-size:25px;font-style:normal;font-weight:600;text-transform:capitalize\">\u0130ki \u015eerit i\u00e7in 30mm Y\u00fczey LED Kanal\u0131m\u0131z\u0131 Neden Se\u00e7melisiniz?<\/h2>\n\n\n\n<ul class=\"wp-block-list\">\n<li>En fazla 12mm geni\u015fli\u011finde iki LED \u015feridini tutabilir.<\/li>\n\n\n\n<li>Is\u0131 emici gibi \u00e7al\u0131\u015fan dayan\u0131kl\u0131 anodize al\u00fcminyumdan yap\u0131lm\u0131\u015ft\u0131r.<\/li>\n\n\n\n<li>LED \u0131\u015f\u0131klar\u0131 tek bir nazik hat gibi g\u00f6r\u00fcnmesini sa\u011flayan s\u00fctle\u015ftirilmi\u015f polikarbonat dif\u00fcz\u00f6re sahiptir.<\/li>\n\n\n\n<li>Kurulum i\u00e7in gerekli olan t\u00fcm aletlerle birlikte gelir, montaj vidalar\u0131 ve u\u00e7 kapaklar\u0131 dahil.<\/li>\n\n\n\n<li>Duvarlara, tavanlara ve dolaplara montaj i\u00e7in harikad\u0131r.<\/li>\n\n\n\n<li>LED \u015feritlerini tozdan ve hasardan korur.<\/li>\n<\/ul>\n<\/div>\n<\/div><\/div>\n\n\n\n<div class=\"wp-block-group\" style=\"padding-top:var(--wp--preset--spacing--80);padding-bottom:var(--wp--preset--spacing--80)\"><div class=\"wp-block-group__inner-container is-layout-constrained wp-block-group-is-layout-constrained\">\n<div class=\"wp-block-media-text has-media-on-the-right is-stacked-on-mobile\" style=\"padding-top:0;padding-bottom:0;grid-template-columns:auto 40%\"><div class=\"wp-block-media-text__content\">\n<h2 class=\"wp-block-heading\" style=\"font-size:25px;font-style:normal;font-weight:600;text-transform:capitalize\">\u0130ki \u015eerit i\u00e7in 30mm Y\u00fczey LED Kanal\u0131n\u0131 Nas\u0131l Kurulur<\/h2>\n\n\n\n<ul class=\"wp-block-list\">\n<li>Kanal\u0131 istedi\u011finiz y\u00fczeye do\u011frudan vidalarla sabitleyin&nbsp;.<\/li>\n\n\n\n<li>Kanal\u0131n i\u00e7inde yan yana iki LED \u015feridi yerle\u015ftirin. LED \u015feridinin yap\u0131\u015fkan\u0131n\u0131n g\u00fc\u00e7l\u00fc oldu\u011fundan emin olun.<\/li>\n\n\n\n<li>I\u015f\u0131\u011f\u0131 p\u00fcr\u00fczs\u00fcz yapmak i\u00e7in dif\u00fcz\u00f6r kapa\u011f\u0131n\u0131 tak\u0131n.<\/li>\n\n\n\n<li>LED \u015feritlerinizi LED s\u00fcr\u00fcc\u00fcs\u00fcne veya g\u00fc\u00e7 kayna\u011f\u0131na ba\u011flay\u0131n.<\/li>\n\n\n\n<li>Put on end caps to keep the ends safe and make it look like it&#8217;s done.<\/li>\n<\/ul>\n<\/div><figure class=\"wp-block-media-text__media\"><img loading=\"lazy\" decoding=\"async\" width=\"750\" height=\"750\" src=\"https:\/\/tangooled.com\/wp-content\/uploads\/2026\/01\/fp31-ins.webp\" alt=\"surface mount 30mm led diffuser channel for two led strips\" class=\"wp-image-45239 size-full\" srcset=\"https:\/\/tangooled.com\/wp-content\/uploads\/2026\/01\/fp31-ins.webp 750w, https:\/\/tangooled.com\/wp-content\/uploads\/2026\/01\/fp31-ins-300x300.webp 300w, https:\/\/tangooled.com\/wp-content\/uploads\/2026\/01\/fp31-ins-150x150.webp 150w\" sizes=\"auto, (max-width: 750px) 100vw, 750px\" \/><\/figure><\/div>\n<\/div><\/div>\n\n\n\n<div class=\"wp-block-group has-background\" style=\"background-color:#f2f2f2;padding-top:var(--wp--preset--spacing--80);padding-bottom:var(--wp--preset--spacing--80)\"><div class=\"wp-block-group__inner-container is-layout-constrained wp-block-group-is-layout-constrained\">\n<h2 class=\"wp-block-heading\" style=\"padding-top:var(--wp--preset--spacing--40);padding-bottom:var(--wp--preset--spacing--40);font-size:25px;font-style:normal;font-weight:600;text-transform:capitalize\">Bir\u00e7ok Uygulama i\u00e7in Uygun<\/h2>\n\n\n\n<p>Bir\u00e7ok ayd\u0131nlatma ihtiyac\u0131 i\u00e7in iyi \u00e7al\u0131\u015f\u0131r:<\/p>\n\n\n\n<ul class=\"wp-block-list\">\n<li>Mutfak dolaplar\u0131n\u0131n alt\u0131ndaki ayd\u0131nlatma<\/li>\n\n\n\n<li>K\u00f6\u015fe ve mimari ayd\u0131nlatma<\/li>\n\n\n\n<li>Sergiler ve ma\u011fazalar i\u00e7in ayd\u0131nlatma<\/li>\n\n\n\n<li>Kilitler ve dolaplar i\u00e7in ayd\u0131nlatma<\/li>\n\n\n\n<li>Odada genel ayd\u0131nlatma<\/li>\n<\/ul>\n<\/div><\/div>\n\n\n\n<div class=\"wp-block-group\" style=\"padding-top:var(--wp--preset--spacing--80);padding-bottom:var(--wp--preset--spacing--80)\"><div class=\"wp-block-group__inner-container is-layout-constrained wp-block-group-is-layout-constrained\">\n<h2 class=\"wp-block-heading\" style=\"padding-top:var(--wp--preset--spacing--40);padding-bottom:var(--wp--preset--spacing--40);font-size:25px;font-style:normal;font-weight:600;text-transform:capitalize\">Kutu \u0130\u00e7erisinde Neler Var?<\/h2>\n\n\n\n<ul class=\"wp-block-list\">\n<li>Al\u00fcminyum Kanal (2.5m par\u00e7alar)<\/li>\n\n\n\n<li>S\u00fctle\u015ftirilmi\u015f Polikarbonat Dif\u00fcz\u00f6r Kapa\u011f\u0131<\/li>\n\n\n\n<li>U\u00e7 Kapaklar (d\u00fcz + tel deli\u011fi ile)<\/li>\n\n\n\n<li>Kurulum i\u00e7in Montaj Vidalar\u0131<\/li>\n<\/ul>\n<\/div><\/div>\n\n\n\n<div class=\"wp-block-group has-background\" style=\"background-color:#f2f2f2f2;padding-top:var(--wp--preset--spacing--80);padding-bottom:var(--wp--preset--spacing--80)\"><div class=\"wp-block-group__inner-container is-layout-constrained wp-block-group-is-layout-constrained\">\n<h2 class=\"wp-block-heading\" style=\"font-size:25px;font-style:normal;font-weight:600\">Be\u011fenebilece\u011finiz \u0130lgili \u00dcr\u00fcnler<\/h2>\n\n\n\n<ul class=\"wp-block-list\">\n<li><a href=\"https:\/\/tangooled.com\/tr\/urun\/black-led-diffuser-aluminum-channel-for-12mm-tape-lights\/\"><mark style=\"background-color:rgba(0, 0, 0, 0)\" class=\"has-inline-color has-vivid-red-color\">12 mm bant i\u015f\u0131klar\u0131 i\u00e7in siyah LED dif\u00fcz\u00f6r al\u00fcminyum kanal\u0131<\/mark><\/a> \u2013 A sleek black profile matching 12mm strips.<\/li>\n\n\n\n<li><a href=\"https:\/\/tangooled.com\/tr\/urun\/surface-mount-led-profile-with-frosted-diffuser-for-10mm-rope-lights\/\"><mark style=\"background-color:rgba(0, 0, 0, 0)\" class=\"has-inline-color has-vivid-red-color\">10 mm kablo \u0131\u015f\u0131klar\u0131 i\u00e7in frosted dif\u00fcz\u00f6rl\u00fc y\u00fczey montaj LED profili<\/mark><\/a> \u2013 Ideal for thinner rope-style LED lights.<\/li>\n\n\n\n<li><mark style=\"background-color:rgba(0, 0, 0, 0)\" class=\"has-inline-color has-vivid-red-color\"><a href=\"https:\/\/tangooled.com\/tr\/urun\/17mm-led-strip-light-aluminum-channel-for-surface-mounting\/\">Y\u00fczey montaj i\u00e7in 17 mm LED \u015ferit \u0131\u015f\u0131k al\u00fcminyum kanal\u0131<\/a> <\/mark>\u2013 A narrower surface profile for single strips.<\/li>\n<\/ul>\n\n\n\n<p>Daha fazla ayd\u0131nlatma \u00e7\u00f6z\u00fcmlerini ke\u015ffedin <a href=\"https:\/\/tangooled.com\/tr\/led-profiles\/\"><mark style=\"background-color:rgba(0, 0, 0, 0)\" class=\"has-inline-color has-vivid-red-color\">LED Al\u00fcminyum Profil koleksiyonumuzda<\/mark><\/a> m\u00fckemmel parlakl\u0131k ve d\u00fczenli kurulumlar i\u00e7in.<\/p>\n<\/div><\/div>\n\n\n\n<div class=\"wp-block-group\" style=\"padding-top:var(--wp--preset--spacing--80);padding-bottom:var(--wp--preset--spacing--80)\"><div class=\"wp-block-group__inner-container is-layout-constrained wp-block-group-is-layout-constrained\">\n<p>\u0130ki LED \u015feridi i\u00e7in 30mm y\u00fczey montaj LED dif\u00fcz\u00f6r kanal\u0131m\u0131z, kurulumu kolay ve uzun \u00f6m\u00fcrl\u00fc, parlak, d\u00fczg\u00fcn ve profesyonel bir ayd\u0131nlatma \u00e7\u00f6z\u00fcm\u00fcd\u00fcr. Bunu mimari ayd\u0131nlatma, perakende sergisi veya bir sonraki projenizde ortam \u0131\u015f\u0131\u011f\u0131 i\u00e7in kullan\u0131n!<\/p>\n<\/div><\/div>","protected":false},"featured_media":14014,"template":"","meta":{"_acf_changed":true,"_seopress_robots_primary_cat":"none","_seopress_titles_title":"Aluminum 30mm Surface LED Channel for Two Strips | TANGOOLED","_seopress_titles_desc":"Source the 30mm surface LED channel. This wide aluminum profile fits two LED strips for high-output lighting and superior thermal management.","_seopress_robots_index":""},"pcb-width":[229],"product-cat":[192],"class_list":{"0":"post-44987","1":"product","2":"type-product","3":"status-publish","4":"has-post-thumbnail","6":"pcb-width-15-20mm","7":"product-cat-surface-led-profile"},"acf":[],"_links":{"self":[{"href":"https:\/\/tangooled.com\/tr\/wp-json\/wp\/v2\/product\/44987","targetHints":{"allow":["GET"]}}],"collection":[{"href":"https:\/\/tangooled.com\/tr\/wp-json\/wp\/v2\/product"}],"about":[{"href":"https:\/\/tangooled.com\/tr\/wp-json\/wp\/v2\/types\/product"}],"wp:featuredmedia":[{"embeddable":true,"href":"https:\/\/tangooled.com\/tr\/wp-json\/wp\/v2\/media\/14014"}],"wp:attachment":[{"href":"https:\/\/tangooled.com\/tr\/wp-json\/wp\/v2\/media?parent=44987"}],"wp:term":[{"taxonomy":"pcb-width","embeddable":true,"href":"https:\/\/tangooled.com\/tr\/wp-json\/wp\/v2\/pcb-width?post=44987"},{"taxonomy":"product-cat","embeddable":true,"href":"https:\/\/tangooled.com\/tr\/wp-json\/wp\/v2\/product-cat?post=44987"}],"curies":[{"name":"wp","href":"https:\/\/api.w.org\/{rel}","templated":true}]}}