{"id":44985,"date":"2026-01-04T20:03:41","date_gmt":"2026-01-05T04:03:41","guid":{"rendered":"https:\/\/tangooled.com\/?post_type=product&#038;p=44985"},"modified":"2026-01-29T18:25:37","modified_gmt":"2026-01-30T02:25:37","slug":"25mm-u-shape-led-mounting-channel-for-15mm-double-row-led-strip-lights","status":"publish","type":"product","link":"https:\/\/tangooled.com\/tr\/urun\/25mm-u-shape-led-mounting-channel-for-15mm-double-row-led-strip-lights\/","title":{"rendered":"15mm \u00e7ift s\u0131ra LED \u015ferit lambalar\u0131 i\u00e7in 25mm U \u015fekilli LED montaj kanal\u0131"},"content":{"rendered":"<div class=\"wp-block-group\" style=\"padding-top:var(--wp--preset--spacing--80);padding-bottom:var(--wp--preset--spacing--80)\"><div class=\"wp-block-group__inner-container is-layout-constrained wp-block-group-is-layout-constrained\">\n<p>25mm U \u015fekilli LED kanal\u0131m\u0131z, projelerinizi profesyonelce g\u00f6r\u00fcnmesini sa\u011flamak i\u00e7in m\u00fckemmel bir uyum ile en fazla \u0131\u015f\u0131\u011f\u0131 vermektedir. Bu U \u015fekilli muhafaza, u\u00e7aklar\u0131n yap\u0131ld\u0131\u011f\u0131 6063-T5 al\u00fcminyum ala\u015f\u0131m\u0131ndan yap\u0131lm\u0131\u015ft\u0131r. LED'lerinizi g\u00fcvende, serin ve korumal\u0131 tutar.<br>U kanal\u0131&nbsp;25mm geni\u015fli\u011finde b\u00fcy\u00fck bir i\u00e7 alana sahiptir, bu da 5050, 2835 veya COB t\u00fcrleri gibi 15mm \u00e7ift s\u0131ra LED \u015feritler i\u00e7in harika olmas\u0131n\u0131 sa\u011flar. Ayr\u0131ca, tasar\u0131m\u0131 herhangi bir d\u00fcz y\u00fczeye ba\u011flamay\u0131 kolayla\u015ft\u0131r\u0131r. Bu \u00e7ok ama\u00e7l\u0131 kanal, \u00e7irkin kablolar\u0131 gizlemede m\u00fckemmel bir i\u015f \u00e7\u0131kar\u0131r, b\u00f6ylece \u0131\u015f\u0131klar\u0131n\u0131z \u00e7ok temiz, \u015f\u0131k ve modern g\u00f6r\u00fcn\u00fcr.<\/p>\n<\/div><\/div>\n\n\n\n<div class=\"wp-block-group has-background\" style=\"background-color:#f2f2f2f2;padding-top:var(--wp--preset--spacing--80);padding-bottom:var(--wp--preset--spacing--80)\"><div class=\"wp-block-group__inner-container is-layout-constrained wp-block-group-is-layout-constrained\">\n<div class=\"wp-block-group is-vertical is-layout-flex wp-container-core-group-is-layout-8cf370e7 wp-block-group-is-layout-flex\">\n<h2 class=\"wp-block-heading\" style=\"padding-top:var(--wp--preset--spacing--40);padding-bottom:var(--wp--preset--spacing--40);font-size:25px;font-style:normal;font-weight:600;text-transform:capitalize\">Neden bu 25mm U \u015fekilli LED kanal\u0131n\u0131 se\u00e7melisiniz?<\/h2>\n\n\n\n<ul class=\"wp-block-list\">\n<li>Geni\u015f \u00e7ift s\u0131ra \u015feritlerle uyumlu: Bu, bir\u00e7ok&nbsp;LED \u015ferit lambas\u0131&nbsp;ve \u00e7ift s\u0131ra&nbsp;LED \u015ferit i\u00e7in harika.<\/li>\n\n\n\n<li>Dif\u00fcz\u00f6r ile D\u00fczg\u00fcn I\u015f\u0131k: Yan\u0131nda gelen buzlu dif\u00fcz\u00f6r lensi, LED \u0131\u015f\u0131klar\u0131n\u0131z\u0131n e\u015fit bir \u015fekilde parlamas\u0131n\u0131 sa\u011flar, s\u0131cak noktalar olmaz.<\/li>\n\n\n\n<li>Korur ve so\u011futur: Al\u00fcminyum iyi bir \u0131s\u0131 da\u011f\u0131t\u0131c\u0131d\u0131r. LED'lerinizin a\u015f\u0131r\u0131 \u0131s\u0131nmas\u0131n\u0131 engeller ve daha uzun \u00f6m\u00fcrl\u00fc olmalar\u0131n\u0131 sa\u011flar.<\/li>\n\n\n\n<li>Tam Set: Al\u00fcminyum kanal, takmal\u0131 dif\u00fcz\u00f6r kapa\u011f\u0131, montaj klipsleri ve delikli ve dilsiz u\u00e7 kapaklar\u0131 ile birlikte gelir.<\/li>\n\n\n\n<li>Kurulumu basit: Klipleri veya band\u0131 kullanarak herhangi bir y\u00fczeye, dolap ray\u0131n\u0131n alt\u0131na veya ma\u011faza te\u015fhir raflar\u0131na ba\u011flayabilirsiniz.<\/li>\n<\/ul>\n<\/div>\n<\/div><\/div>\n\n\n\n<div class=\"wp-block-group\" style=\"padding-top:var(--wp--preset--spacing--80);padding-bottom:var(--wp--preset--spacing--80)\"><div class=\"wp-block-group__inner-container is-layout-constrained wp-block-group-is-layout-constrained\">\n<div class=\"wp-block-media-text has-media-on-the-right is-stacked-on-mobile\" style=\"padding-top:0;padding-bottom:0;grid-template-columns:auto 40%\"><div class=\"wp-block-media-text__content\">\n<h2 class=\"wp-block-heading\" style=\"font-size:25px;font-style:normal;font-weight:600;text-transform:capitalize\">25mm U \u015eekilli LED Kanal\u0131n\u0131 Nas\u0131l Kullan\u0131l\u0131r?<\/h2>\n\n\n\n<ul class=\"wp-block-list\">\n<li>Kesmek i\u00e7in: Do\u011fru uzunlu\u011fu elde etmek i\u00e7in bir h\u0131rdavat testeresi kullan\u0131n.<\/li>\n\n\n\n<li>Klipleri tak\u0131n: \u00c7elik montaj klipslerini y\u00fczeyinize vidalarla veya bantla sabitleyin.<\/li>\n\n\n\n<li>LED \u015feridi yerle\u015ftirin: \u00c7ift s\u0131ra LED kurdelesini&nbsp;i\u00e7erisine yerle\u015ftirin.<\/li>\n\n\n\n<li>Dif\u00fcz\u00f6r\u00fc tak\u0131n: Buzlu lensi kullanarak kapat\u0131n ve \u0131\u015f\u0131\u011f\u0131 e\u015fit ve noktas\u0131z hale getirin.<\/li>\n\n\n\n<li>U\u00e7 kapaklar\u0131 tak\u0131n: \u0130ki ucu kapat\u0131n, birine kablolar i\u00e7in bir delik a\u00e7\u0131n ve birini sa\u011flam b\u0131rak\u0131n.<\/li>\n<\/ul>\n<\/div><figure class=\"wp-block-media-text__media\"><img loading=\"lazy\" decoding=\"async\" width=\"500\" height=\"500\" src=\"https:\/\/tangooled.com\/wp-content\/uploads\/2026\/01\/fp25-ins.webp\" alt=\"25mm u shape led mounting channel for 15mm double row led strip lights\" class=\"wp-image-45238 size-full\" srcset=\"https:\/\/tangooled.com\/wp-content\/uploads\/2026\/01\/fp25-ins.webp 500w, https:\/\/tangooled.com\/wp-content\/uploads\/2026\/01\/fp25-ins-300x300.webp 300w, https:\/\/tangooled.com\/wp-content\/uploads\/2026\/01\/fp25-ins-150x150.webp 150w\" sizes=\"auto, (max-width: 500px) 100vw, 500px\" \/><\/figure><\/div>\n<\/div><\/div>\n\n\n\n<div class=\"wp-block-group has-background\" style=\"background-color:#f2f2f2;padding-top:var(--wp--preset--spacing--80);padding-bottom:var(--wp--preset--spacing--80)\"><div class=\"wp-block-group__inner-container is-layout-constrained wp-block-group-is-layout-constrained\">\n<h2 class=\"wp-block-heading\" style=\"padding-top:var(--wp--preset--spacing--40);padding-bottom:var(--wp--preset--spacing--40);font-size:25px;font-style:normal;font-weight:600;text-transform:capitalize\">25mm U \u015eekilli LED Montaj Kanal\u0131n\u0131n Yayg\u0131n Kullan\u0131m Alanlar\u0131<\/h2>\n\n\n\n<ul class=\"wp-block-list\">\n<li>Dolap alt\u0131 ayd\u0131nlatma: Mutfaklar\u0131, \u00e7al\u0131\u015fma alanlar\u0131n\u0131 veya dolaplar\u0131 daha ayd\u0131nl\u0131k hale getirin.<\/li>\n\n\n\n<li>Perakende te\u015fhir ayd\u0131nlatmas\u0131: Raflar\u0131, dolaplar\u0131 ve vitrinleri ayd\u0131nlat\u0131n.<\/li>\n\n\n\n<li>Mimari Cove Ayd\u0131nlatma: Ortam efektleri yaratmak i\u00e7in lineer LED bar profilleri kullan\u0131n.<\/li>\n\n\n\n<li>Ofis ve at\u00f6lye ayd\u0131nlatmas\u0131: Parlak, temiz g\u00f6rev ayd\u0131nlatmas\u0131.<\/li>\n\n\n\n<li>Kendi I\u015f\u0131k \u00c7ubuklar\u0131: D\u00fcz bir y\u00fczeye tak\u0131lan kendi al\u00fcminyum&nbsp;profillerinizi olu\u015fturun.<\/li>\n\n\n\n<li>Dolaplar ve kitap raflar\u0131: E\u015fyalar\u0131n\u0131z\u0131 sergilemek i\u00e7in p\u00fcr\u00fczs\u00fcz raf ayd\u0131nlatmas\u0131 kullan\u0131n.<\/li>\n<\/ul>\n<\/div><\/div>\n\n\n\n<div class=\"wp-block-group\" style=\"padding-top:var(--wp--preset--spacing--80);padding-bottom:var(--wp--preset--spacing--80)\"><div class=\"wp-block-group__inner-container is-layout-constrained wp-block-group-is-layout-constrained\">\n<h2 class=\"wp-block-heading\" style=\"padding-top:var(--wp--preset--spacing--40);padding-bottom:var(--wp--preset--spacing--40);font-size:25px;font-style:normal;font-weight:600;text-transform:capitalize\">\u0130lgili \u00dcr\u00fcnler<\/h2>\n\n\n\n<ul class=\"wp-block-list\">\n<li>Bunu kontrol et <a href=\"https:\/\/tangooled.com\/tr\/urun\/black-aluminum-u-channel-profile-for-10mm-led-strips\/\"><mark style=\"background-color:rgba(0, 0, 0, 0)\" class=\"has-inline-color has-vivid-red-color\">10mm LED \u015eeritler i\u00e7in Siyah Al\u00fcminyum U Kanal\u0131<\/mark><\/a> daha ince LED uygulamalar\u0131 i\u00e7in.<\/li>\n\n\n\n<li>Bize g\u00f6z at\u0131n <a href=\"https:\/\/tangooled.com\/tr\/urun\/22x15mm-led-light-channel-aluminum-extrusion-for-flexible-strips\/\"><mark style=\"background-color:rgba(0, 0, 0, 0)\" class=\"has-inline-color has-vivid-red-color\">22x15mm LED I\u015f\u0131k Kanal\u0131 Al\u00fcminyum Ekstr\u00fczyonu Esnek \u015eeritler i\u00e7in<\/mark><\/a> ba\u015fka geni\u015flikler i\u00e7in se\u00e7enek ar\u0131yorsan\u0131z.<\/li>\n\n\n\n<li>D\u00fc\u015f\u00fck profilli bir kurulum istiyorsan\u0131z, <a href=\"https:\/\/tangooled.com\/tr\/urun\/25x6mm-low-profile-led-strip-channel-for-10mm-led-strip-light\/\"><mark style=\"background-color:rgba(0, 0, 0, 0)\" class=\"has-inline-color has-vivid-red-color\">10mm \u015eerit I\u015f\u0131k i\u00e7in 25x6mm D\u00fc\u015f\u00fck Profilli LED \u015eerit Kanal\u0131na bak\u0131n<\/mark><\/a>.<\/li>\n\n\n\n<li>Hakk\u0131nda daha fazla bilgi edinin <a href=\"https:\/\/tangooled.com\/tr\/urun\/led-strip-light-channel-aluminum-profile-with-diffused-cover-6mm-height\/\"><mark style=\"background-color:rgba(0, 0, 0, 0)\" class=\"has-inline-color has-vivid-red-color\">Dif\u00fcz\u00f6r Kapakl\u0131 6mm Y\u00fckseklikteki LED \u015eerit I\u015f\u0131k Kanal\u0131 Al\u00fcminyum Profili<\/mark><\/a>.<\/li>\n<\/ul>\n<\/div><\/div>\n\n\n\n<div class=\"wp-block-group has-background\" style=\"background-color:#f2f2f2f2;padding-top:var(--wp--preset--spacing--80);padding-bottom:var(--wp--preset--spacing--80)\"><div class=\"wp-block-group__inner-container is-layout-constrained wp-block-group-is-layout-constrained\">\n<p style=\"padding-right:var(--wp--preset--spacing--50);padding-left:var(--wp--preset--spacing--50)\">25mm U \u015fekilli LED kanal\u0131, bir y\u00fczey montaj LED profili olup dayan\u0131kl\u0131d\u0131r. Size \u015f\u0131k, toz ge\u00e7irmez bir lineer LED bar profili \u0131\u015f\u0131\u011f\u0131 sunar. Mutfaklarda, \u00e7al\u0131\u015fma alanlar\u0131nda veya se\u00e7ti\u011finiz di\u011fer mimari aksan ayd\u0131nlatmalar\u0131nda kullanabilirsiniz.<\/p>\n<\/div><\/div>\n\n\n\n<p><\/p>","protected":false},"featured_media":14010,"template":"","meta":{"_acf_changed":true,"_seopress_robots_primary_cat":"none","_seopress_titles_title":"Aluminum 25mm U Shape LED Channel For Strip Lights | TANGOOLED","_seopress_titles_desc":"Source the 25mm U shape LED channel profile for strip lights. It fits 15mm double row LED strips, providing high brightness and professional heat dissipation.","_seopress_robots_index":""},"pcb-width":[229],"product-cat":[192],"class_list":{"0":"post-44985","1":"product","2":"type-product","3":"status-publish","4":"has-post-thumbnail","6":"pcb-width-15-20mm","7":"product-cat-surface-led-profile"},"acf":[],"_links":{"self":[{"href":"https:\/\/tangooled.com\/tr\/wp-json\/wp\/v2\/product\/44985","targetHints":{"allow":["GET"]}}],"collection":[{"href":"https:\/\/tangooled.com\/tr\/wp-json\/wp\/v2\/product"}],"about":[{"href":"https:\/\/tangooled.com\/tr\/wp-json\/wp\/v2\/types\/product"}],"wp:featuredmedia":[{"embeddable":true,"href":"https:\/\/tangooled.com\/tr\/wp-json\/wp\/v2\/media\/14010"}],"wp:attachment":[{"href":"https:\/\/tangooled.com\/tr\/wp-json\/wp\/v2\/media?parent=44985"}],"wp:term":[{"taxonomy":"pcb-width","embeddable":true,"href":"https:\/\/tangooled.com\/tr\/wp-json\/wp\/v2\/pcb-width?post=44985"},{"taxonomy":"product-cat","embeddable":true,"href":"https:\/\/tangooled.com\/tr\/wp-json\/wp\/v2\/product-cat?post=44985"}],"curies":[{"name":"wp","href":"https:\/\/api.w.org\/{rel}","templated":true}]}}