{"id":44983,"date":"2026-01-04T20:01:16","date_gmt":"2026-01-05T04:01:16","guid":{"rendered":"https:\/\/tangooled.com\/?post_type=product&#038;p=44983"},"modified":"2026-01-21T18:58:02","modified_gmt":"2026-01-22T02:58:02","slug":"22mm-surface-led-aluminum-strip-channel-with-opal-diffuser","status":"publish","type":"product","link":"https:\/\/tangooled.com\/tr\/urun\/22mm-surface-led-aluminum-strip-channel-with-opal-diffuser\/","title":{"rendered":"Opal dif\u00fcz\u00f6rl\u00fc 22mm y\u00fczey led al\u00fcminyum \u015ferit kanal\u0131"},"content":{"rendered":"<div class=\"wp-block-group\" style=\"padding-top:var(--wp--preset--spacing--80);padding-bottom:var(--wp--preset--spacing--80)\"><div class=\"wp-block-group__inner-container is-layout-constrained wp-block-group-is-layout-constrained\">\n<p>The 22mm surface mount LED channel channel is a high-performance solution\u00a0that can improve your lighting projects. Featuring external dimensions of 22.2mm x 23.3mm, this robust aluminum profile offers a generous 19.6mm internal width, making it the ideal housing for LED strips ranging from 10mm to 15mm wide. It installs easily on any flat surface using secure clips and end caps, while its aluminum construction provides excellent heat dissipation to ensure longevity. When paired with a high-quality opal diffuser, it delivers smooth, dot-free illumination for a professional, modern finish.<\/p>\n<\/div><\/div>\n\n\n\n<div class=\"wp-block-group has-background\" style=\"background-color:#f2f2f2f2;padding-top:var(--wp--preset--spacing--80);padding-bottom:var(--wp--preset--spacing--80)\"><div class=\"wp-block-group__inner-container is-layout-constrained wp-block-group-is-layout-constrained\">\n<div class=\"wp-block-group is-vertical is-layout-flex wp-container-core-group-is-layout-8cf370e7 wp-block-group-is-layout-flex\">\n<h2 class=\"wp-block-heading\" style=\"padding-top:var(--wp--preset--spacing--40);padding-bottom:var(--wp--preset--spacing--40);font-size:25px;font-style:normal;font-weight:600;text-transform:capitalize\">Neden 22mm Y\u00fczey LED Al\u00fcminyum \u015eerit Kanal\u0131m\u0131z\u0131 Se\u00e7melisiniz?<\/h2>\n\n\n\n<ul class=\"wp-block-list\">\n<li>Strong aluminum housing made from6063-T5 anodized aluminum for better heat control and protection of\u00a0LED strips.<\/li>\n\n\n\n<li>Opal polikarbonat dif\u00fcz\u00f6r \u0131\u015f\u0131\u011f\u0131 yumu\u015fat\u0131r ve e\u015fit bir \u015fekilde da\u011f\u0131t\u0131r, b\u00f6ylece \u0131\u015f\u0131\u011f\u0131n p\u00fcr\u00fczs\u00fcz ve dengeli olmas\u0131n\u0131 sa\u011flar.<\/li>\n\n\n\n<li>D\u00fczle\u015ftirilmi\u015f klipsleri kullanarak, onu dolaplara, raflara, duvarlara ve di\u011fer d\u00fcz y\u00fczeylere koymak i\u00e7in basit bir kurulum.<\/li>\n\n\n\n<li>2835, 5050, 5630 ve COB LED \u015feritleri gibi bir\u00e7ok farkl\u0131 LED \u015ferit \u0131\u015f\u0131\u011f\u0131 ile uyumlu geni\u015f, mimari tarz.<\/li>\n<\/ul>\n<\/div>\n<\/div><\/div>\n\n\n\n<div class=\"wp-block-group\" style=\"padding-top:var(--wp--preset--spacing--80);padding-bottom:var(--wp--preset--spacing--80)\"><div class=\"wp-block-group__inner-container is-layout-constrained wp-block-group-is-layout-constrained\">\n<div class=\"wp-block-media-text has-media-on-the-right is-stacked-on-mobile\" style=\"padding-top:0;padding-bottom:0;grid-template-columns:auto 40%\"><div class=\"wp-block-media-text__content\">\n<h2 class=\"wp-block-heading\" style=\"font-size:25px;font-style:normal;font-weight:600;text-transform:capitalize\">Kolay Kurulum i\u00e7in D\u00f6rt Ad\u0131m<\/h2>\n\n\n\n<ul class=\"wp-block-list\">\n<li>Montaj klipslerini y\u00fczeyinize vidalarla sabitleyin.<\/li>\n\n\n\n<li>LED \u015feridinizi 22mm y\u00fczeye montaj al\u00fcminyum kanal\u0131n i\u00e7ine yerle\u015ftirin.<\/li>\n\n\n\n<li>Al\u00fcminyum kanal\u0131 montaj klipslerine yerle\u015ftirin ve yerine oturtun.<\/li>\n\n\n\n<li>LED \u015feridi gizlemek i\u00e7in opal dif\u00fcz\u00f6r\u00fc \u00fcst\u00fcne yerle\u015ftirin.<\/li>\n<\/ul>\n<\/div><figure class=\"wp-block-media-text__media\"><img loading=\"lazy\" decoding=\"async\" width=\"500\" height=\"500\" src=\"https:\/\/tangooled.com\/wp-content\/uploads\/2026\/01\/fp22-ins.webp\" alt=\"Opal dif\u00fcz\u00f6rl\u00fc 22mm y\u00fczey led al\u00fcminyum \u015ferit kanal\u0131\" class=\"wp-image-45234 size-full\" srcset=\"https:\/\/tangooled.com\/wp-content\/uploads\/2026\/01\/fp22-ins.webp 500w, https:\/\/tangooled.com\/wp-content\/uploads\/2026\/01\/fp22-ins-300x300.webp 300w, https:\/\/tangooled.com\/wp-content\/uploads\/2026\/01\/fp22-ins-150x150.webp 150w\" sizes=\"auto, (max-width: 500px) 100vw, 500px\" \/><\/figure><\/div>\n<\/div><\/div>\n\n\n\n<div class=\"wp-block-group has-background\" style=\"background-color:#f2f2f2;padding-top:var(--wp--preset--spacing--80);padding-bottom:var(--wp--preset--spacing--80)\"><div class=\"wp-block-group__inner-container is-layout-constrained wp-block-group-is-layout-constrained\">\n<h2 class=\"wp-block-heading\" style=\"padding-top:var(--wp--preset--spacing--40);padding-bottom:var(--wp--preset--spacing--40);font-size:25px;font-style:normal;font-weight:600;text-transform:capitalize\">Nerede kullan\u0131l\u0131r<\/h2>\n\n\n\n<p>Bu y\u00fczey montaj LED profili \u015funlar i\u00e7in m\u00fckemmeldir:<\/p>\n\n\n\n<ul class=\"wp-block-list\">\n<li>Mutfaklarda \u00e7al\u0131\u015fma y\u00fczeylerini ayd\u0131nlatmak i\u00e7in alt dolap ayd\u0131nlatmas\u0131.<\/li>\n\n\n\n<li>Ya\u015fam alanlar\u0131 veya ofisler i\u00e7in modern bir g\u00f6r\u00fcn\u00fcm kazand\u0131ran aksan ayd\u0131nlatmas\u0131.<\/li>\n\n\n\n<li>Ma\u011fazalarda sat\u0131\u015f \u00fcr\u00fcnlerine dikkat \u00e7ekmek i\u00e7in zarif bir ayd\u0131nlatma ile vitrinler ve raflar.<\/li>\n\n\n\n<li>Yumu\u015fak, temiz \u0131\u015f\u0131k i\u00e7in depolama kaplar\u0131, dolaplar ve g\u00f6mme dolaplar.<\/li>\n\n\n\n<li>Mimari duvar lambalar\u0131 ve tavan aksan lambalar\u0131 ile atmosfer olu\u015fturma.<\/li>\n\n\n\n<li>Profesyonel ortamlarda masalar ve at\u00f6lyeler i\u00e7in g\u00f6rev ayd\u0131nlatmas\u0131.<\/li>\n<\/ul>\n<\/div><\/div>\n\n\n\n<div class=\"wp-block-group\" style=\"padding-top:var(--wp--preset--spacing--80);padding-bottom:var(--wp--preset--spacing--80)\"><div class=\"wp-block-group__inner-container is-layout-constrained wp-block-group-is-layout-constrained\">\n<h2 class=\"wp-block-heading\" style=\"padding-top:var(--wp--preset--spacing--40);padding-bottom:var(--wp--preset--spacing--40);font-size:25px;font-style:normal;font-weight:600;text-transform:capitalize\">Tangooled'den Be\u011fenebilece\u011finiz \u0130lgili \u00dcr\u00fcnler<\/h2>\n\n\n\n<ul class=\"wp-block-list\">\n<li><a href=\"https:\/\/tangooled.com\/tr\/urun\/black-led-diffuser-aluminum-channel-for-12mm-tape-lights\/\"><mark style=\"background-color:rgba(0, 0, 0, 0)\" class=\"has-inline-color has-vivid-red-color\">12 mm \u015eerit I\u015f\u0131klar i\u00e7in Siyah LED Dif\u00fcz\u00f6r Al\u00fcminyum Kanal<\/mark><\/a><\/li>\n\n\n\n<li><a href=\"https:\/\/tangooled.com\/tr\/urun\/surface-mount-led-profile-with-frosted-diffuser-for-10mm-rope-lights\/\"><mark style=\"background-color:rgba(0, 0, 0, 0)\" class=\"has-inline-color has-vivid-red-color\">10mm Tel Ayd\u0131nlatmalar\u0131 i\u00e7in Buzlu Dif\u00fcz\u00f6rl\u00fc Y\u00fczeye Montaj LED Profili<\/mark><\/a><\/li>\n\n\n\n<li><a href=\"https:\/\/tangooled.com\/tr\/urun\/25x14m-surface-mounted-led-light-aluminum-profile\/\"><mark style=\"background-color:rgba(0, 0, 0, 0)\" class=\"has-inline-color has-vivid-red-color\">25x14m Y\u00fczeye Monte LED I\u015f\u0131k Al\u00fcminyum Profili<\/mark><\/a><\/li>\n\n\n\n<li><a href=\"https:\/\/tangooled.com\/tr\/urun\/18x9mm-led-tape-light-profile-for-surface-installation\/\"><mark style=\"background-color:rgba(0, 0, 0, 0)\" class=\"has-inline-color has-vivid-red-color\">Y\u00fczey Montaj\u0131 i\u00e7in 18x9mm LED \u015eerit I\u015f\u0131k Profili<\/mark><\/a><\/li>\n\n\n\n<li><a href=\"https:\/\/tangooled.com\/tr\/urun\/22x15mm-led-light-channel-aluminum-extrusion-for-flexible-strips\/\"><mark style=\"background-color:rgba(0, 0, 0, 0)\" class=\"has-inline-color has-vivid-red-color\">22x15mm LED I\u015f\u0131k Kanal\u0131 Al\u00fcminyum Ekstr\u00fczyonu Esnek \u015eeritler i\u00e7in<\/mark><\/a><\/li>\n<\/ul>\n<\/div><\/div>\n\n\n\n<p><\/p>","protected":false},"featured_media":14004,"template":"","meta":{"_acf_changed":true,"_seopress_robots_primary_cat":"none","_seopress_titles_title":"Aluminum 22mm Surface Mount LED Channel For Strips | TANGOOLED","_seopress_titles_desc":"Source the 22mm surface mount LED channel for strip light. Features an opal diffuser for soft, dot-free lighting. Durable aluminum extrusion for professional projects.","_seopress_robots_index":""},"pcb-width":[228],"product-cat":[192],"class_list":{"0":"post-44983","1":"product","2":"type-product","3":"status-publish","4":"has-post-thumbnail","6":"pcb-width-6-12mm","7":"product-cat-surface-led-profile"},"acf":[],"_links":{"self":[{"href":"https:\/\/tangooled.com\/tr\/wp-json\/wp\/v2\/product\/44983","targetHints":{"allow":["GET"]}}],"collection":[{"href":"https:\/\/tangooled.com\/tr\/wp-json\/wp\/v2\/product"}],"about":[{"href":"https:\/\/tangooled.com\/tr\/wp-json\/wp\/v2\/types\/product"}],"wp:featuredmedia":[{"embeddable":true,"href":"https:\/\/tangooled.com\/tr\/wp-json\/wp\/v2\/media\/14004"}],"wp:attachment":[{"href":"https:\/\/tangooled.com\/tr\/wp-json\/wp\/v2\/media?parent=44983"}],"wp:term":[{"taxonomy":"pcb-width","embeddable":true,"href":"https:\/\/tangooled.com\/tr\/wp-json\/wp\/v2\/pcb-width?post=44983"},{"taxonomy":"product-cat","embeddable":true,"href":"https:\/\/tangooled.com\/tr\/wp-json\/wp\/v2\/product-cat?post=44983"}],"curies":[{"name":"wp","href":"https:\/\/api.w.org\/{rel}","templated":true}]}}