{"id":44981,"date":"2026-01-04T19:57:31","date_gmt":"2026-01-05T03:57:31","guid":{"rendered":"https:\/\/tangooled.com\/?post_type=product&#038;p=44981"},"modified":"2026-01-29T18:15:18","modified_gmt":"2026-01-30T02:15:18","slug":"22x15mm-led-light-channel-aluminum-extrusion-for-flexible-strips","status":"publish","type":"product","link":"https:\/\/tangooled.com\/tr\/urun\/22x15mm-led-light-channel-aluminum-extrusion-for-flexible-strips\/","title":{"rendered":"Esnek \u015feritler i\u00e7in 22x15mm LED \u0131\u015f\u0131k kanal\u0131 al\u00fcminyum ekstr\u00fczyon"},"content":{"rendered":"<div class=\"wp-block-group\" style=\"padding-top:var(--wp--preset--spacing--80);padding-bottom:var(--wp--preset--spacing--80)\"><div class=\"wp-block-group__inner-container is-layout-constrained wp-block-group-is-layout-constrained\">\n<p>With our 22x15mm LED channel for flexible strips, you can get a professional finish in your space. This aluminum extrusion is made to be installed on a surface and has a wide internal width of 19.6 mm. It&#8217;s an ideal aluminum housing&nbsp;for flexible LED strips that are 10mm, 12mm, or 15mm wide. This channel comes with&nbsp;mounting clips and end caps, so your lighting design will be easy to make, long-lasting, and stunning.<\/p>\n<\/div><\/div>\n\n\n\n<div class=\"wp-block-group has-background\" style=\"background-color:#f2f2f2f2;padding-top:var(--wp--preset--spacing--80);padding-bottom:var(--wp--preset--spacing--80)\"><div class=\"wp-block-group__inner-container is-layout-constrained wp-block-group-is-layout-constrained\">\n<div class=\"wp-block-group is-vertical is-layout-flex wp-container-core-group-is-layout-8cf370e7 wp-block-group-is-layout-flex\">\n<h2 class=\"wp-block-heading\" style=\"padding-top:var(--wp--preset--spacing--40);padding-bottom:var(--wp--preset--spacing--40);font-size:25px;font-style:normal;font-weight:600;text-transform:capitalize\">Neden Bu 22x15mm LED Kanal\u0131n\u0131 Esnek \u015eeritler \u0130\u00e7in Se\u00e7melisiniz?<\/h2>\n\n\n\n<ul class=\"wp-block-list\">\n<li>Made from 6063-T5 anodized aluminum \u2014 this helps keep your LED strips cool and safe.<\/li>\n\n\n\n<li>Fits LED strips up to 20mm wide \u2014 great for many flexible LED strips.<\/li>\n\n\n\n<li>I\u015f\u0131\u011f\u0131 p\u00fcr\u00fczs\u00fczle\u015ftiren ve parlak LED noktalar\u0131n\u0131 engelleyen da\u011f\u0131t\u0131c\u0131 kapaklar i\u00e7erir.<\/li>\n\n\n\n<li>Projenizi g\u00fczel bir \u015fekilde tamamlamak i\u00e7in montaj klipsleri ve u\u00e7 kapaklar ile birlikte gelir.<\/li>\n\n\n\n<li>Great for under cabinet, cove, task, and accent lighting \u2014 works inside homes, shops, and offices.<\/li>\n<\/ul>\n<\/div>\n<\/div><\/div>\n\n\n\n<div class=\"wp-block-group\" style=\"padding-top:var(--wp--preset--spacing--80);padding-bottom:var(--wp--preset--spacing--80)\"><div class=\"wp-block-group__inner-container is-layout-constrained wp-block-group-is-layout-constrained\">\n<div class=\"wp-block-media-text has-media-on-the-right is-stacked-on-mobile\" style=\"padding-top:0;padding-bottom:0;grid-template-columns:auto 40%\"><div class=\"wp-block-media-text__content\">\n<h2 class=\"wp-block-heading\" style=\"font-size:25px;font-style:normal;font-weight:600;text-transform:capitalize\">Bu \u00dcr\u00fcn\u00fc Nas\u0131l Kullan\u0131rs\u0131n\u0131z?<\/h2>\n\n\n\n<ul class=\"wp-block-list\">\n<li>Do\u011fru boyutta LED \u015feridi se\u00e7in.<\/li>\n\n\n\n<li>Esnek \u015feritler i\u00e7in 22x15mm LED kanal\u0131n\u0131 istedi\u011finiz uzunlu\u011fa kesin.<\/li>\n\n\n\n<li>Gerekli yerlere montaj klipslerini tak\u0131n.<\/li>\n\n\n\n<li>Kanal\u0131 yerine yerle\u015ftirin.<\/li>\n\n\n\n<li>LED \u015feridinizi kanal\u0131n i\u00e7ine yerle\u015ftirin.<\/li>\n\n\n\n<li>Da\u011f\u0131t\u0131c\u0131 kapa\u011f\u0131 \u00fczerine tak\u0131n ve bitmi\u015f bir g\u00f6r\u00fcn\u00fcm i\u00e7in u\u00e7 kapaklar\u0131 tak\u0131n.<\/li>\n<\/ul>\n<\/div><figure class=\"wp-block-media-text__media\"><img loading=\"lazy\" decoding=\"async\" width=\"500\" height=\"500\" src=\"https:\/\/tangooled.com\/wp-content\/uploads\/2026\/01\/fp20b-ins.webp\" alt=\"22x15mm led light channel aluminum extrusion for flexible strips\" class=\"wp-image-45231 size-full\" srcset=\"https:\/\/tangooled.com\/wp-content\/uploads\/2026\/01\/fp20b-ins.webp 500w, https:\/\/tangooled.com\/wp-content\/uploads\/2026\/01\/fp20b-ins-300x300.webp 300w, https:\/\/tangooled.com\/wp-content\/uploads\/2026\/01\/fp20b-ins-150x150.webp 150w\" sizes=\"auto, (max-width: 500px) 100vw, 500px\" \/><\/figure><\/div>\n<\/div><\/div>\n\n\n\n<div class=\"wp-block-group has-background\" style=\"background-color:#f2f2f2;padding-top:var(--wp--preset--spacing--80);padding-bottom:var(--wp--preset--spacing--80)\"><div class=\"wp-block-group__inner-container is-layout-constrained wp-block-group-is-layout-constrained\">\n<h2 class=\"wp-block-heading\" style=\"padding-top:var(--wp--preset--spacing--40);padding-bottom:var(--wp--preset--spacing--40);font-size:25px;font-style:normal;font-weight:600;text-transform:capitalize\">Bu LED Al\u00fcminyum Profilin Kullan\u0131ld\u0131\u011f\u0131 Yayg\u0131n Yerler<\/h2>\n\n\n\n<ul class=\"wp-block-list\">\n<li>Under-cabinet lighting \u2014 brighten kitchens and workspaces.<\/li>\n\n\n\n<li>Cove lighting \u2014 create soft ceiling glow in living rooms or offices.<\/li>\n\n\n\n<li>Shelf and retail display lights \u2014 highlight products clearly.<\/li>\n\n\n\n<li>Task lighting \u2014 for offices, garages, or any work zone.<\/li>\n\n\n\n<li>Architectural lighting \u2014 professional finish for ceilings and walls.<\/li>\n<\/ul>\n<\/div><\/div>\n\n\n\n<div class=\"wp-block-group\" style=\"padding-top:var(--wp--preset--spacing--80);padding-bottom:var(--wp--preset--spacing--80)\"><div class=\"wp-block-group__inner-container is-layout-constrained wp-block-group-is-layout-constrained\">\n<h2 class=\"wp-block-heading\" style=\"padding-top:var(--wp--preset--spacing--40);padding-bottom:var(--wp--preset--spacing--40);font-size:25px;font-style:normal;font-weight:600;text-transform:capitalize\">Uyumlu ve \u0130lgili \u00dcr\u00fcnler<\/h2>\n\n\n\n<ul class=\"wp-block-list\">\n<li><a href=\"https:\/\/tangooled.com\/tr\/urun\/black-aluminum-u-channel-profile-for-10mm-led-strips\/\"><mark style=\"background-color:rgba(0, 0, 0, 0)\" class=\"has-inline-color has-vivid-red-color\">10mm LED \u015feritler i\u00e7in siyah al\u00fcminyum U kanal\u0131 profili<\/mark><\/a><\/li>\n\n\n\n<li><a href=\"https:\/\/tangooled.com\/tr\/urun\/surface-mount-led-profile-with-frosted-diffuser-for-10mm-rope-lights\/\"><mark style=\"background-color:rgba(0, 0, 0, 0)\" class=\"has-inline-color has-vivid-red-color\">10 mm kablo \u0131\u015f\u0131klar\u0131 i\u00e7in frosted dif\u00fcz\u00f6rl\u00fc y\u00fczey montaj LED profili<\/mark><\/a><\/li>\n\n\n\n<li><a href=\"https:\/\/tangooled.com\/tr\/urun\/led-light-diffuser-channel-aluminum-15x12mm-for-10mm-led-strips\/\"><mark style=\"background-color:rgba(0, 0, 0, 0)\" class=\"has-inline-color has-vivid-red-color\">10mm LED \u015feritler i\u00e7in 15x12mm LED \u0131\u015f\u0131k da\u011f\u0131t\u0131c\u0131 kanal\u0131 al\u00fcminyum<\/mark><\/a><\/li>\n\n\n\n<li><a href=\"https:\/\/tangooled.com\/tr\/urun\/22x10mm-led-profile-light-channel-for-15mm-flexible-led-strips\/\"><mark style=\"background-color:rgba(0, 0, 0, 0)\" class=\"has-inline-color has-vivid-red-color\">15mm esnek LED \u015feritler i\u00e7in 22x10mm LED profil ayd\u0131nlatma kanal\u0131<\/mark><\/a><\/li>\n\n\n\n<li><a href=\"https:\/\/tangooled.com\/tr\/urun\/25x14m-surface-mounted-led-light-aluminum-profile\/\"><mark style=\"background-color:rgba(0, 0, 0, 0)\" class=\"has-inline-color has-vivid-red-color\">Y\u00fczeye monte edilebilen 25x14mm LED \u0131\u015f\u0131k al\u00fcminyum profili<\/mark><\/a><\/li>\n<\/ul>\n<\/div><\/div>\n\n\n\n<div class=\"wp-block-group has-background\" style=\"background-color:#f2f2f2f2;padding-top:var(--wp--preset--spacing--80);padding-bottom:var(--wp--preset--spacing--80)\"><div class=\"wp-block-group__inner-container is-layout-constrained wp-block-group-is-layout-constrained\">\n<h2 class=\"wp-block-heading\" style=\"padding-top:var(--wp--preset--spacing--40);padding-bottom:var(--wp--preset--spacing--40);font-size:25px;font-style:normal;font-weight:600;text-transform:capitalize\">\u00f6zet<\/h2>\n\n\n\n<p style=\"padding-right:var(--wp--preset--spacing--50);padding-left:var(--wp--preset--spacing--50)\">Esnek \u015ferit ayd\u0131nlatmas\u0131 yapan herkes i\u00e7in 22x15mm LED kanal\u0131m\u0131z bir gerekliliktir. A\u011f\u0131r hizmet tipi al\u00fcminyum kanal, \u015feritleri korur, \u0131\u015f\u0131\u011f\u0131 e\u015fit da\u011f\u0131t\u0131r, toz girmesini \u00f6nler ve LED'lerinizi serin tutar. Dolaplar\u0131n\u0131z\u0131n alt\u0131na parlakl\u0131k sa\u011flayabilir, \u00e7ekici ni\u015f ayd\u0131nlatmas\u0131 olu\u015fturabilir veya \u015feffaf perakende raf ayd\u0131nlatmas\u0131 sunabilir.<\/p>\n<\/div><\/div>\n\n\n\n<p><\/p>","protected":false},"featured_media":13998,"template":"","meta":{"_acf_changed":true,"_seopress_robots_primary_cat":"none","_seopress_titles_title":"Aluminum 22x15mm LED Channel for Flexible Strips | TANGOOLED","_seopress_titles_desc":"Source the 22x15mm LED channel. This aluminum extrusion is designed for flexible strips, providing ample depth for dot-free, uniform lighting in modern projects.","_seopress_robots_index":""},"pcb-width":[229],"product-cat":[192],"class_list":{"0":"post-44981","1":"product","2":"type-product","3":"status-publish","4":"has-post-thumbnail","6":"pcb-width-15-20mm","7":"product-cat-surface-led-profile"},"acf":[],"_links":{"self":[{"href":"https:\/\/tangooled.com\/tr\/wp-json\/wp\/v2\/product\/44981","targetHints":{"allow":["GET"]}}],"collection":[{"href":"https:\/\/tangooled.com\/tr\/wp-json\/wp\/v2\/product"}],"about":[{"href":"https:\/\/tangooled.com\/tr\/wp-json\/wp\/v2\/types\/product"}],"wp:featuredmedia":[{"embeddable":true,"href":"https:\/\/tangooled.com\/tr\/wp-json\/wp\/v2\/media\/13998"}],"wp:attachment":[{"href":"https:\/\/tangooled.com\/tr\/wp-json\/wp\/v2\/media?parent=44981"}],"wp:term":[{"taxonomy":"pcb-width","embeddable":true,"href":"https:\/\/tangooled.com\/tr\/wp-json\/wp\/v2\/pcb-width?post=44981"},{"taxonomy":"product-cat","embeddable":true,"href":"https:\/\/tangooled.com\/tr\/wp-json\/wp\/v2\/product-cat?post=44981"}],"curies":[{"name":"wp","href":"https:\/\/api.w.org\/{rel}","templated":true}]}}