{"id":44979,"date":"2026-01-04T19:51:09","date_gmt":"2026-01-05T03:51:09","guid":{"rendered":"https:\/\/tangooled.com\/?post_type=product&#038;p=44979"},"modified":"2026-01-21T23:55:22","modified_gmt":"2026-01-22T07:55:22","slug":"22x10mm-led-profile-light-channel-for-15mm-flexible-led-strips","status":"publish","type":"product","link":"https:\/\/tangooled.com\/tr\/urun\/22x10mm-led-profile-light-channel-for-15mm-flexible-led-strips\/","title":{"rendered":"15mm esnek LED \u015feritler i\u00e7in 22x10mm LED profil ayd\u0131nlatma kanal\u0131"},"content":{"rendered":"<div class=\"wp-block-group\" style=\"padding-top:var(--wp--preset--spacing--80);padding-bottom:var(--wp--preset--spacing--80)\"><div class=\"wp-block-group__inner-container is-layout-constrained wp-block-group-is-layout-constrained\">\n<p>22x10mm LED profil kanal\u0131m\u0131z, 15mm esnek LED \u015feritleriniz i\u00e7in m\u00fckemmel bir konut. 22mm d\u0131\u015f geni\u015fli\u011fi ve 10mm y\u00fcksekli\u011fi ile g\u00fc\u00e7l\u00fc koruma, daha iyi \u0131s\u0131 da\u011f\u0131l\u0131m\u0131 ve p\u00fcr\u00fczs\u00fcz, noktas\u0131z \u0131\u015f\u0131k dif\u00fczyonu sa\u011flar. Bu LED profil kanal\u0131, LED \u015ferit \u0131\u015f\u0131klar\u0131n\u0131z\u0131 temiz ve profesyonel g\u00f6r\u00fcnmesini sa\u011flarken ayn\u0131 zamanda daha iyi \u00e7al\u0131\u015fmas\u0131n\u0131 ve daha uzun dayanmas\u0131n\u0131 sa\u011flar.<\/p>\n<\/div><\/div>\n\n\n\n<div class=\"wp-block-group has-background\" style=\"background-color:#f2f2f2f2;padding-top:var(--wp--preset--spacing--80);padding-bottom:var(--wp--preset--spacing--80)\"><div class=\"wp-block-group__inner-container is-layout-constrained wp-block-group-is-layout-constrained\">\n<div class=\"wp-block-group is-vertical is-layout-flex wp-container-core-group-is-layout-8cf370e7 wp-block-group-is-layout-flex\">\n<h2 class=\"wp-block-heading\" style=\"padding-top:var(--wp--preset--spacing--40);padding-bottom:var(--wp--preset--spacing--40);font-size:25px;font-style:normal;font-weight:600;text-transform:capitalize\">Neden 22x10mm LED Profil I\u015f\u0131k Kanal\u0131m\u0131z\u0131 Se\u00e7melisiniz?<\/h2>\n\n\n\n<ul class=\"wp-block-list\">\n<li>15mm geni\u015fli\u011findeki LED \u015feritleri ile \u00e7al\u0131\u015f\u0131r; \u00f6rne\u011fin Philips Hue, COB, SMD, RGBW ve daha fazlas\u0131.<\/li>\n\n\n\n<li>M\u00fckemmel \u0131s\u0131 da\u011f\u0131l\u0131m\u0131 i\u00e7in anodize al\u00fcminyum 6063-T5 malzemeden yap\u0131lm\u0131\u015ft\u0131r.<\/li>\n\n\n\n<li>I\u015f\u0131\u011f\u0131 p\u00fcr\u00fczs\u00fcz hale getiren mat veya \u015feffaf polikarbonat dif\u00fcz\u00f6rler ile \u00f6zelliklendirilmi\u015ftir.<\/li>\n\n\n\n<li>Metal montaj klipsleri ile y\u00fczey montaj\u0131 kurulumunu kolayca ger\u00e7ekle\u015ftirin.<\/li>\n\n\n\n<li>G\u00fcm\u00fc\u015f, siyah ve beyaz finisajlarda mevcuttur.<\/li>\n\n\n\n<li>Esnek proje boyutlar\u0131 i\u00e7in 1m, 2m ve 3m uzunluklarda gelir.<\/li>\n<\/ul>\n<\/div>\n<\/div><\/div>\n\n\n\n<div class=\"wp-block-group\" style=\"padding-top:var(--wp--preset--spacing--80);padding-bottom:var(--wp--preset--spacing--80)\"><div class=\"wp-block-group__inner-container is-layout-constrained wp-block-group-is-layout-constrained\">\n<div class=\"wp-block-media-text has-media-on-the-right is-stacked-on-mobile\" style=\"padding-top:0;padding-bottom:0;grid-template-columns:auto 40%\"><div class=\"wp-block-media-text__content\">\n<h2 class=\"wp-block-heading\" style=\"padding-top:var(--wp--preset--spacing--40);padding-bottom:var(--wp--preset--spacing--40);font-size:25px;font-style:normal;font-weight:600;text-transform:capitalize\">Paket \u0130\u00e7eri\u011fi<\/h2>\n\n\n\n<p>Her kit, se\u00e7ti\u011finiz stil (opal, mat veya \u015feffaf) ile birlikte bir 22x10mm al\u00fcminyum kanal ve bir polikarbonat dif\u00fcz\u00f6r ile gelir.<\/p>\n\n\n\n<ul class=\"wp-block-list\">\n<li>Her metre i\u00e7in 2 metal montaj klipsi.&nbsp;<\/li>\n\n\n\n<li>2 u\u00e7 kapa\u011f\u0131 (birinde kablo i\u00e7in bir delik, biri ise temiz g\u00f6r\u00fcn\u00fcm i\u00e7in sa\u011flam).<\/li>\n<\/ul>\n<\/div><figure class=\"wp-block-media-text__media\"><img loading=\"lazy\" decoding=\"async\" width=\"500\" height=\"500\" src=\"https:\/\/tangooled.com\/wp-content\/uploads\/2026\/01\/fp20a-ins.webp\" alt=\"22x10mm led profile light channel for 15mm flexible led strips\" class=\"wp-image-45228 size-full\" srcset=\"https:\/\/tangooled.com\/wp-content\/uploads\/2026\/01\/fp20a-ins.webp 500w, https:\/\/tangooled.com\/wp-content\/uploads\/2026\/01\/fp20a-ins-300x300.webp 300w, https:\/\/tangooled.com\/wp-content\/uploads\/2026\/01\/fp20a-ins-150x150.webp 150w\" sizes=\"auto, (max-width: 500px) 100vw, 500px\" \/><\/figure><\/div>\n<\/div><\/div>\n\n\n\n<div class=\"wp-block-group has-background\" style=\"background-color:#f2f2f2;padding-top:var(--wp--preset--spacing--80);padding-bottom:var(--wp--preset--spacing--80)\"><div class=\"wp-block-group__inner-container is-layout-constrained wp-block-group-is-layout-constrained\">\n<h2 class=\"wp-block-heading\" style=\"padding-top:var(--wp--preset--spacing--40);padding-bottom:var(--wp--preset--spacing--40);font-size:25px;font-style:normal;font-weight:600;text-transform:capitalize\">22x10mm LED Profil I\u015f\u0131k Kanal\u0131n\u0131 Nas\u0131l Kullan\u0131r\u0131m?<\/h2>\n\n\n\n<p>Bu 22x10mm \u0131\u015f\u0131k kanal\u0131, bir\u00e7ok ayd\u0131nlatma projesi i\u00e7in harikad\u0131r:<\/p>\n\n\n\n<ul class=\"wp-block-list\">\n<li>Dolap alt\u0131 ayd\u0131nlatma: i\u015f y\u00fczeylerini g\u00f6lgeler veya parlamalar olmadan e\u015fit ve parlak bir \u015fekilde ayd\u0131nlat\u0131r.<\/li>\n\n\n\n<li>Mimari i\u00e7in ni\u015f ve duvar ayd\u0131nlatmas\u0131: Evler veya ofisler i\u00e7in modern hatlar ve vurgular ekleyin.<\/li>\n\n\n\n<li>Perakende Sergi Raflar\u0131: \u00dcr\u00fcnleri vurgulamak i\u00e7in temiz, e\u015fit ayd\u0131nlatma kullan\u0131n.<\/li>\n\n\n\n<li>Genel G\u00f6rev Ayd\u0131nlatmas\u0131: Tezgahlarda, \u00e7al\u0131\u015fma alanlar\u0131nda ve i\u015f istasyonlar\u0131nda kullanmak i\u00e7in harikad\u0131r.<\/li>\n<\/ul>\n<\/div><\/div>\n\n\n\n<div class=\"wp-block-group\" style=\"padding-top:var(--wp--preset--spacing--80);padding-bottom:var(--wp--preset--spacing--80)\"><div class=\"wp-block-group__inner-container is-layout-constrained wp-block-group-is-layout-constrained\">\n<h2 class=\"wp-block-heading\" style=\"padding-top:var(--wp--preset--spacing--40);padding-bottom:var(--wp--preset--spacing--40);font-size:25px;font-style:normal;font-weight:600;text-transform:capitalize\">Di\u011fer Uyumlu Profilleri Kontrol Edin<\/h2>\n\n\n\n<ul class=\"wp-block-list\">\n<li><a href=\"https:\/\/tangooled.com\/tr\/urun\/black-led-profile-with-black-diffuser-for-10mm-led-strip-light\/\"><mark style=\"background-color:rgba(0, 0, 0, 0)\" class=\"has-inline-color has-vivid-red-color\">10mm LED \u015ferit \u0131\u015f\u0131\u011f\u0131 i\u00e7in siyah dif\u00fcz\u00f6rl\u00fc siyah LED profili<\/mark><\/a><\/li>\n\n\n\n<li><a href=\"https:\/\/tangooled.com\/tr\/urun\/led-strip-light-channel-aluminum-profile-with-diffused-cover-6mm-height\/\"><mark style=\"background-color:rgba(0, 0, 0, 0)\" class=\"has-inline-color has-vivid-red-color\">Dif\u00fcz\u00f6r kapakl\u0131 6mm y\u00fckseklikteki LED \u015ferit \u0131\u015f\u0131k kanal\u0131 al\u00fcminyum profil<\/mark><\/a><\/li>\n\n\n\n<li><a href=\"https:\/\/tangooled.com\/tr\/urun\/surface-mount-led-profile-with-frosted-diffuser-for-10mm-rope-lights\/\"><mark style=\"background-color:rgba(0, 0, 0, 0)\" class=\"has-inline-color has-vivid-red-color\">10 mm kablo \u0131\u015f\u0131klar\u0131 i\u00e7in frosted dif\u00fcz\u00f6rl\u00fc y\u00fczey montaj LED profili<\/mark><\/a><\/li>\n<\/ul>\n<\/div><\/div>\n\n\n\n<div class=\"wp-block-group has-background\" style=\"background-color:#f2f2f2f2;padding-top:var(--wp--preset--spacing--80);padding-bottom:var(--wp--preset--spacing--80)\"><div class=\"wp-block-group__inner-container is-layout-constrained wp-block-group-is-layout-constrained\">\n<h2 class=\"wp-block-heading\" style=\"padding-top:var(--wp--preset--spacing--40);padding-bottom:var(--wp--preset--spacing--40);font-size:25px;font-style:normal;font-weight:600;text-transform:capitalize\">\u00f6zet<\/h2>\n\n\n\n<p style=\"padding-right:var(--wp--preset--spacing--50);padding-left:var(--wp--preset--spacing--50)\">15mm esnek LED \u015feritler i\u00e7in 22x10mm LED profil \u0131\u015f\u0131k kanal\u0131, profesyonel, dayan\u0131kl\u0131 LED konut gerektiren herkes i\u00e7in ak\u0131ll\u0131 ve kullan\u0131\u015fl\u0131 bir alternatiftir. Bu al\u00fcminyum ekstr\u00fczyon profil sistemi, bir LED \u015feridi g\u00fczel, uzun \u00f6m\u00fcrl\u00fc bir \u0131\u015f\u0131k kayna\u011f\u0131 haline getirir. Toz ve \u0131s\u0131dan korur.<\/p>\n<\/div><\/div>\n\n\n\n<p><\/p>","protected":false},"featured_media":13990,"template":"","meta":{"_acf_changed":true,"_seopress_robots_primary_cat":"none","_seopress_titles_title":"Aluminum 22x10mm LED Profile Light Channel | TANGOOLED","_seopress_titles_desc":"Source the 22x10mm LED profile light channel. Designed for 15mm wide flexible LED strips, this aluminum housing offers superior heat dissipation for high-output lighting.","_seopress_robots_index":""},"pcb-width":[229],"product-cat":[192],"class_list":{"0":"post-44979","1":"product","2":"type-product","3":"status-publish","4":"has-post-thumbnail","6":"pcb-width-15-20mm","7":"product-cat-surface-led-profile"},"acf":[],"_links":{"self":[{"href":"https:\/\/tangooled.com\/tr\/wp-json\/wp\/v2\/product\/44979","targetHints":{"allow":["GET"]}}],"collection":[{"href":"https:\/\/tangooled.com\/tr\/wp-json\/wp\/v2\/product"}],"about":[{"href":"https:\/\/tangooled.com\/tr\/wp-json\/wp\/v2\/types\/product"}],"wp:featuredmedia":[{"embeddable":true,"href":"https:\/\/tangooled.com\/tr\/wp-json\/wp\/v2\/media\/13990"}],"wp:attachment":[{"href":"https:\/\/tangooled.com\/tr\/wp-json\/wp\/v2\/media?parent=44979"}],"wp:term":[{"taxonomy":"pcb-width","embeddable":true,"href":"https:\/\/tangooled.com\/tr\/wp-json\/wp\/v2\/pcb-width?post=44979"},{"taxonomy":"product-cat","embeddable":true,"href":"https:\/\/tangooled.com\/tr\/wp-json\/wp\/v2\/product-cat?post=44979"}],"curies":[{"name":"wp","href":"https:\/\/api.w.org\/{rel}","templated":true}]}}