{"id":44710,"date":"2026-01-03T02:26:39","date_gmt":"2026-01-03T10:26:39","guid":{"rendered":"https:\/\/tangooled.com\/?post_type=product&#038;p=44710"},"modified":"2026-01-29T18:02:42","modified_gmt":"2026-01-30T02:02:42","slug":"10mm-led-profile-aluminum-channel-for-8mm-led-tape-lights","status":"publish","type":"product","link":"https:\/\/tangooled.com\/tr\/urun\/10mm-led-profile-aluminum-channel-for-8mm-led-tape-lights\/","title":{"rendered":"8mm LED \u015ferit \u0131\u015f\u0131ks\u0131 i\u00e7in 10mm al\u00fcminyum profil kanal\u0131"},"content":{"rendered":"<div class=\"wp-block-group\" style=\"padding-top:var(--wp--preset--spacing--80);padding-bottom:var(--wp--preset--spacing--80)\"><div class=\"wp-block-group__inner-container is-layout-constrained wp-block-group-is-layout-constrained\">\n<p>Our 10mm LED profile aluminum channel will give your 8mm LED tape lights a professional look. This anodized aluminum extrusion is of high quality and is made to be easy to place on a surface with secure mounting clips and neat end caps. The inside width is 8.2mm, so it fits 6mm or 8mm wide LED strips well. This slim channel, along with its diffuser, makes sure that any project has a smooth, gorgeous glow, whether it&#8217;s for under-cabinet or wall&nbsp;lighting.<\/p>\n<\/div><\/div>\n\n\n\n<div class=\"wp-block-group has-background\" style=\"background-color:#f2f2f2f2;padding-top:var(--wp--preset--spacing--80);padding-bottom:var(--wp--preset--spacing--80)\"><div class=\"wp-block-group__inner-container is-layout-constrained wp-block-group-is-layout-constrained\">\n<div class=\"wp-block-group is-vertical is-layout-flex wp-container-core-group-is-layout-8cf370e7 wp-block-group-is-layout-flex\">\n<h2 class=\"wp-block-heading\" style=\"padding-top:var(--wp--preset--spacing--40);padding-bottom:var(--wp--preset--spacing--40);font-size:25px;font-style:normal;font-weight:600;text-transform:capitalize\">Neden 10mm LED Profilimizi Se\u00e7melisiniz?<\/h2>\n\n\n\n<ul class=\"wp-block-list\">\n<li>6mm ve 8mm LED \u015feritlerle m\u00fckemmel bir uyum sa\u011flar.<\/li>\n\n\n\n<li>LED'lerinizi serin tutmak i\u00e7in g\u00fc\u00e7l\u00fc 6063-T5 anodize al\u00fcminyumdan yap\u0131lm\u0131\u015ft\u0131r.<\/li>\n\n\n\n<li>I\u015f\u0131\u011f\u0131 yumu\u015fak ve ak\u0131c\u0131 hale getiren opal bir dif\u00fcz\u00f6r ile gelir, lekesiz \u0131\u015f\u0131k sa\u011flar.<\/li>\n\n\n\n<li>U\u00e7 kapaklar, montaj klipsleri ve bir dif\u00fcz\u00f6r ile tam kit.<\/li>\n\n\n\n<li>Herhangi bir y\u00fczeye, hatta s\u0131vanm\u0131\u015f veya geri \u00e7ekilmi\u015f alanlara kolayca kesip monte edilmesi basittir.<\/li>\n<\/ul>\n<\/div>\n<\/div><\/div>\n\n\n\n<div class=\"wp-block-group\" style=\"padding-top:var(--wp--preset--spacing--80);padding-bottom:var(--wp--preset--spacing--80)\"><div class=\"wp-block-group__inner-container is-layout-constrained wp-block-group-is-layout-constrained\">\n<div class=\"wp-block-media-text has-media-on-the-right is-stacked-on-mobile\" style=\"padding-top:0;padding-bottom:0;grid-template-columns:auto 40%\"><div class=\"wp-block-media-text__content\">\n<h2 class=\"wp-block-heading\" style=\"font-size:25px;font-style:normal;font-weight:600;text-transform:capitalize\">Kolay Kurulum \u0130\u00e7in Ad\u0131mlar<\/h2>\n\n\n\n<ul class=\"wp-block-list\">\n<li>LED kanal\u0131n\u0131 istedi\u011finiz yere yerle\u015ftirip montaj klipslerini vidalay\u0131n.<\/li>\n\n\n\n<li>6mm veya 8mm LED \u015ferit \u0131\u015f\u0131\u011f\u0131n\u0131z\u0131 al\u00fcminyum kanalda yap\u0131\u015ft\u0131r\u0131n.<\/li>\n\n\n\n<li>I\u015f\u0131\u011f\u0131 yumu\u015fatmak i\u00e7in dif\u00fcz\u00f6r kapa\u011f\u0131n\u0131 \u00fcst\u00fcne yerle\u015ftirin.<\/li>\n\n\n\n<li>G\u00f6r\u00fcn\u00fcm\u00fc sonland\u0131rmak ve kablolar\u0131 korumak i\u00e7in u\u00e7 kapaklar\u0131 s\u0131k\u0131\u015ft\u0131r\u0131n.<\/li>\n<\/ul>\n<\/div><figure class=\"wp-block-media-text__media\"><img loading=\"lazy\" decoding=\"async\" width=\"500\" height=\"500\" src=\"https:\/\/tangooled.com\/wp-content\/uploads\/2026\/01\/fp10-ins.webp\" alt=\"8mm LED \u015ferit \u0131\u015f\u0131ks\u0131 i\u00e7in 10mm al\u00fcminyum profil kanal\u0131\" class=\"wp-image-44711 size-full\" srcset=\"https:\/\/tangooled.com\/wp-content\/uploads\/2026\/01\/fp10-ins.webp 500w, https:\/\/tangooled.com\/wp-content\/uploads\/2026\/01\/fp10-ins-300x300.webp 300w, https:\/\/tangooled.com\/wp-content\/uploads\/2026\/01\/fp10-ins-150x150.webp 150w\" sizes=\"auto, (max-width: 500px) 100vw, 500px\" \/><\/figure><\/div>\n<\/div><\/div>\n\n\n\n<div class=\"wp-block-group has-background\" style=\"background-color:#f2f2f2;padding-top:var(--wp--preset--spacing--80);padding-bottom:var(--wp--preset--spacing--80)\"><div class=\"wp-block-group__inner-container is-layout-constrained wp-block-group-is-layout-constrained\">\n<h2 class=\"wp-block-heading\" style=\"padding-top:var(--wp--preset--spacing--40);padding-bottom:var(--wp--preset--spacing--40);font-size:25px;font-style:normal;font-weight:600;text-transform:capitalize\">Kutu \u0130\u00e7inde Neler Var?<\/h2>\n\n\n\n<ul class=\"wp-block-list\">\n<li>1 Metre al\u00fcminyum LED profil kanal\u0131<\/li>\n\n\n\n<li>1 Metre Opal Dif\u00fcz\u00f6r Kapa\u011f\u0131<\/li>\n\n\n\n<li>2 u\u00e7 kapak (birinde kablo i\u00e7in bir delik, di\u011ferinde sa\u011flam)<\/li>\n<\/ul>\n<\/div><\/div>\n\n\n\n<div class=\"wp-block-group\" style=\"padding-top:var(--wp--preset--spacing--80);padding-bottom:var(--wp--preset--spacing--80)\"><div class=\"wp-block-group__inner-container is-layout-constrained wp-block-group-is-layout-constrained\">\n<h2 class=\"wp-block-heading\" style=\"padding-top:var(--wp--preset--spacing--60);padding-bottom:var(--wp--preset--spacing--60);font-size:25px;font-style:normal;font-weight:600;text-transform:capitalize\">\u0130lgili \u0130\u00e7 Ba\u011flant\u0131lar<\/h2>\n\n\n\n<ul class=\"wp-block-list\">\n<li>Kontrol edin <a href=\"https:\/\/tangooled.com\/tr\/urun\/15x16mm-led-channel-with-half-round-diffuser-for-10mm-led-strips\/\"><mark style=\"background-color:rgba(0, 0, 0, 0)\" class=\"has-inline-color has-vivid-red-color\">10mm LED \u015feritler i\u00e7in yar\u0131 yuvarlak dif\u00fcz\u00f6rl\u00fc 15x16mm LED kanal\u0131<\/mark><\/a> daha geni\u015f bir profil se\u00e7ene\u011fi i\u00e7in.<\/li>\n\n\n\n<li>Daha k\u00fc\u00e7\u00fck LED \u015feritler i\u00e7in, \u015funa g\u00f6z at\u0131n <a href=\"https:\/\/tangooled.com\/tr\/urun\/8x9mm-led-profile-aluminum-channel-rigid-bar-for-5mm-led-strips\/\"><mark style=\"background-color:rgba(0, 0, 0, 0)\" class=\"has-inline-color has-vivid-red-color\">5mm LED \u015feritler i\u00e7in 8x9mm al\u00fcminyum profil kanal\u0131 sert \u00e7ubuk<\/mark><\/a>.<\/li>\n\n\n\n<li>E\u011filmi\u015f bir profil istiyorsan\u0131z, \u015f\u00f6yle ke\u015ffedin <a href=\"https:\/\/tangooled.com\/tr\/urun\/curved-diffuser-led-corner-extrusion-16x16mm-for-10mm-led-strips\/\"><mark style=\"background-color:rgba(0, 0, 0, 0)\" class=\"has-inline-color has-vivid-red-color\">10mm LED \u015feritler i\u00e7in 16x16mm kavisli dif\u00fcz\u00f6r LED k\u00f6\u015fe ekstr\u00fczyonu<\/mark><\/a> yarat\u0131c\u0131 k\u00f6\u015feler i\u00e7in.<\/li>\n\n\n\n<li>Ek montaj deste\u011fi i\u00e7in, \u015f\u00f6yle ziyaret edin <a href=\"https:\/\/tangooled.com\/tr\/urun\/black-aluminum-u-channel-profile-for-10mm-led-strips\/\"><mark style=\"background-color:rgba(0, 0, 0, 0)\" class=\"has-inline-color has-vivid-red-color\">10mm LED \u015feritler i\u00e7in siyah al\u00fcminyum U kanal\u0131 profilimizi<\/mark><\/a> g\u00fc\u00e7l\u00fc bir kanal i\u00e7in.<\/li>\n\n\n\n<li>Bir lensli bir kanala m\u0131 ihtiyac\u0131n\u0131z var? Bizim <a href=\"https:\/\/tangooled.com\/tr\/urun\/aluminum-profile-with-60-degree-lens-led-diffuser\/\"><mark style=\"background-color:rgba(0, 0, 0, 0)\" class=\"has-inline-color has-vivid-red-color\">60 derece lensli al\u00fcminyum profil LED dif\u00fcz\u00f6r<\/mark><\/a> \u0131\u015f\u0131k yay\u0131l\u0131m\u0131n\u0131 ve parlama kontrol\u00fcn\u00fc iyile\u015ftirir.<\/li>\n<\/ul>\n<\/div><\/div>\n\n\n\n<div class=\"wp-block-group has-background\" style=\"background-color:#f2f2f2f2;padding-top:var(--wp--preset--spacing--80);padding-bottom:var(--wp--preset--spacing--80)\"><div class=\"wp-block-group__inner-container is-layout-constrained wp-block-group-is-layout-constrained\">\n<h2 class=\"wp-block-heading\" style=\"padding-top:var(--wp--preset--spacing--40);padding-bottom:var(--wp--preset--spacing--40);font-size:25px;font-style:normal;font-weight:600;text-transform:capitalize\">\u00f6zet<\/h2>\n\n\n\n<p style=\"padding-right:var(--wp--preset--spacing--50);padding-left:var(--wp--preset--spacing--50)\">8mm LED \u015ferit \u0131\u015f\u0131klar\u0131 i\u00e7in 10mm LED profil al\u00fcminyum kanal\u0131m\u0131z, \u0131\u015f\u0131\u011f\u0131n parlamadan ge\u00e7mesini sa\u011flayan sa\u011flam ve uzun \u00f6m\u00fcrl\u00fc bir se\u00e7enektir. Tam kit, h\u0131zl\u0131 ve profesyonel \u015fekilde kurmak i\u00e7in ihtiyac\u0131n\u0131z olan her \u015feyi i\u00e7erir. Dolap alt\u0131 ve sergileme gibi bir\u00e7ok \u015fey i\u00e7in iyi i\u015fler.<\/p>\n<\/div><\/div>\n\n\n\n<p><\/p>","protected":false},"featured_media":13356,"template":"","meta":{"_acf_changed":true,"_seopress_robots_primary_cat":"none","_seopress_titles_title":"Aluminum 10mm LED Profile For 8mm Tape Lights | TANGOOLED","_seopress_titles_desc":"TANGOO's 10mm LED profile is a slim aluminum channel designed for 8mm tape lights, providing a sleek, integrated look for furniture and cabinet lighting.","_seopress_robots_index":""},"pcb-width":[228],"product-cat":[192],"class_list":{"0":"post-44710","1":"product","2":"type-product","3":"status-publish","4":"has-post-thumbnail","6":"pcb-width-6-12mm","7":"product-cat-surface-led-profile"},"acf":[],"_links":{"self":[{"href":"https:\/\/tangooled.com\/tr\/wp-json\/wp\/v2\/product\/44710","targetHints":{"allow":["GET"]}}],"collection":[{"href":"https:\/\/tangooled.com\/tr\/wp-json\/wp\/v2\/product"}],"about":[{"href":"https:\/\/tangooled.com\/tr\/wp-json\/wp\/v2\/types\/product"}],"wp:featuredmedia":[{"embeddable":true,"href":"https:\/\/tangooled.com\/tr\/wp-json\/wp\/v2\/media\/13356"}],"wp:attachment":[{"href":"https:\/\/tangooled.com\/tr\/wp-json\/wp\/v2\/media?parent=44710"}],"wp:term":[{"taxonomy":"pcb-width","embeddable":true,"href":"https:\/\/tangooled.com\/tr\/wp-json\/wp\/v2\/pcb-width?post=44710"},{"taxonomy":"product-cat","embeddable":true,"href":"https:\/\/tangooled.com\/tr\/wp-json\/wp\/v2\/product-cat?post=44710"}],"curies":[{"name":"wp","href":"https:\/\/api.w.org\/{rel}","templated":true}]}}