{"id":44705,"date":"2026-01-03T02:23:17","date_gmt":"2026-01-03T10:23:17","guid":{"rendered":"https:\/\/tangooled.com\/?post_type=product&#038;p=44705"},"modified":"2026-01-21T18:00:57","modified_gmt":"2026-01-22T02:00:57","slug":"8x9mm-led-profile-aluminum-channel-rigid-bar-for-5mm-led-strips","status":"publish","type":"product","link":"https:\/\/tangooled.com\/tr\/urun\/8x9mm-led-profile-aluminum-channel-rigid-bar-for-5mm-led-strips\/","title":{"rendered":"5mm led \u015feritler i\u00e7in 8x9mm led profili al\u00fcminyum kanal sert bar"},"content":{"rendered":"<div class=\"wp-block-group\" style=\"padding-top:var(--wp--preset--spacing--80);padding-bottom:var(--wp--preset--spacing--80)\"><div class=\"wp-block-group__inner-container is-layout-constrained wp-block-group-is-layout-constrained\">\n<p>Our mini\u00a0led profile 8x9mm is a strong aluminum channel\u00a0that can be placed on a surface with secure clips and end caps. This slim\u00a0housing has an interior width of 6mm, so it works nicely with LED strips that are 5mm wide or less. It is a strong and sleek protective housing. It protects your lights and acts as a good heat sink to make them last longer. It also makes sure that your project gets clean\u00a0and professional light lines in any setting.<\/p>\n<\/div><\/div>\n\n\n\n<div class=\"wp-block-group has-background\" style=\"background-color:#f2f2f2f2;padding-top:var(--wp--preset--spacing--80);padding-bottom:var(--wp--preset--spacing--80)\"><div class=\"wp-block-group__inner-container is-layout-constrained wp-block-group-is-layout-constrained\">\n<div class=\"wp-block-group is-vertical is-layout-flex wp-container-core-group-is-layout-8cf370e7 wp-block-group-is-layout-flex\">\n<h2 class=\"wp-block-heading\" style=\"padding-top:var(--wp--preset--spacing--40);padding-bottom:var(--wp--preset--spacing--40);font-size:25px;font-style:normal;font-weight:600;text-transform:capitalize\">Neden Bu Mini LED Kanal 8x9mm'i Se\u00e7meliyim?<\/h2>\n\n\n\n<ul class=\"wp-block-list\">\n<li>Slim\u00a0and low-profile: Only 8mm wide and 9mm high, so it fits in tiny locations.<\/li>\n\n\n\n<li>5mm geni\u015fli\u011findeki LED \u015feritler i\u00e7in harika: SMD 2835 veya COB gibi dar LED bantlarla uyumlu.<\/li>\n\n\n\n<li>Sa\u011flam ve dayan\u0131kl\u0131: Anodize al\u00fcminyum 6063-T5'ten yap\u0131lm\u0131\u015ft\u0131r.<\/li>\n\n\n\n<li>Daha iyi \u0131s\u0131 y\u00f6netimi: Al\u00fcminyum, LED'leri so\u011futarak \u0131s\u0131 da\u011f\u0131t\u0131c\u0131 g\u00f6revi g\u00f6r\u00fcr.<\/li>\n\n\n\n<li>Smooth light output: The frosted or opal\u00a0diffuser cover makes the light even and dotless.<\/li>\n\n\n\n<li>Bir araya getirmek basit: Klipler ve u\u00e7 kapaklarla, y\u00fczeye veya gizli montaj i\u00e7in kurulabilir.<\/li>\n<\/ul>\n<\/div>\n<\/div><\/div>\n\n\n\n<div class=\"wp-block-group\" style=\"padding-top:var(--wp--preset--spacing--80);padding-bottom:var(--wp--preset--spacing--80)\"><div class=\"wp-block-group__inner-container is-layout-constrained wp-block-group-is-layout-constrained\">\n<div class=\"wp-block-media-text has-media-on-the-right is-stacked-on-mobile\" style=\"padding-top:0;padding-bottom:0;grid-template-columns:auto 40%\"><div class=\"wp-block-media-text__content\">\n<h2 class=\"wp-block-heading\" style=\"font-size:25px;font-style:normal;font-weight:600;text-transform:capitalize\">What\u2019s Included?<\/h2>\n\n\n\n<ul class=\"wp-block-list\">\n<li>Bir 8x9mm al\u00fcminyum LED profili\u00a0<\/li>\n\n\n\n<li>Bir buzlu\/opal dif\u00fcz\u00f6r kapa\u011f\u0131\u00a0<\/li>\n\n\n\n<li>\u0130ki u\u00e7 kapak (birinde kablolar i\u00e7in delik var, di\u011feri sa\u011flam)\u00a0<\/li>\n\n\n\n<li>G\u00fcvenli montaj sa\u011flamak i\u00e7in iki montaj klibi<\/li>\n<\/ul>\n<\/div><figure class=\"wp-block-media-text__media\"><img loading=\"lazy\" decoding=\"async\" width=\"500\" height=\"500\" src=\"https:\/\/tangooled.com\/wp-content\/uploads\/2026\/01\/fp09-ins.webp\" alt=\"5mm led \u015feritler i\u00e7in 8x9mm led profili al\u00fcminyum kanal sert bar\" class=\"wp-image-44707 size-full\" srcset=\"https:\/\/tangooled.com\/wp-content\/uploads\/2026\/01\/fp09-ins.webp 500w, https:\/\/tangooled.com\/wp-content\/uploads\/2026\/01\/fp09-ins-300x300.webp 300w, https:\/\/tangooled.com\/wp-content\/uploads\/2026\/01\/fp09-ins-150x150.webp 150w\" sizes=\"auto, (max-width: 500px) 100vw, 500px\" \/><\/figure><\/div>\n<\/div><\/div>\n\n\n\n<div class=\"wp-block-group has-background\" style=\"background-color:#f2f2f2;padding-top:var(--wp--preset--spacing--80);padding-bottom:var(--wp--preset--spacing--80)\"><div class=\"wp-block-group__inner-container is-layout-constrained wp-block-group-is-layout-constrained\">\n<h2 class=\"wp-block-heading\" style=\"padding-top:var(--wp--preset--spacing--40);padding-bottom:var(--wp--preset--spacing--40);font-size:25px;font-style:normal;font-weight:600;text-transform:capitalize\">Kullan\u0131m Senaryolar\u0131<\/h2>\n\n\n\n<ul class=\"wp-block-list\">\n<li>Mutfaklarda veya \u00e7al\u0131\u015fma alanlar\u0131nda dolaplar\u0131n ve raflar\u0131n alt\u0131ndaki ayd\u0131nlatma.<\/li>\n\n\n\n<li>Giysileri veya aksesuarlar\u0131 sergilemek i\u00e7in gard\u0131roplarda ve dolaplarda ayd\u0131nlatma.<\/li>\n\n\n\n<li>Ma\u011faza raflar\u0131nda ve sergileme kutular\u0131nda \u015f\u0131k bir dokunu\u015f.<\/li>\n\n\n\n<li>\u00d6zel ayd\u0131nlatma planlar\u0131 i\u00e7in mobilyalar ve dolaplara entegre edilmi\u015f.<\/li>\n\n\n\n<li>Duvarlar\u0131 veya tavanlar\u0131 vurgulamak i\u00e7in ince detayl\u0131 cove ayd\u0131nlatma.<\/li>\n<\/ul>\n<\/div><\/div>\n\n\n\n<div class=\"wp-block-group\" style=\"padding-top:var(--wp--preset--spacing--80);padding-bottom:var(--wp--preset--spacing--80)\"><div class=\"wp-block-group__inner-container is-layout-constrained wp-block-group-is-layout-constrained\">\n<h2 class=\"wp-block-heading\" style=\"padding-top:var(--wp--preset--spacing--60);padding-bottom:var(--wp--preset--spacing--60);font-size:25px;font-style:normal;font-weight:600;text-transform:capitalize\">\u0130lgili \u00dcr\u00fcnler<\/h2>\n\n\n\n<p>Kurulumunuzu tamamlamak i\u00e7in bunlar\u0131 ke\u015ffedin:<\/p>\n\n\n\n<ul class=\"wp-block-list\">\n<li><a href=\"https:\/\/tangooled.com\/tr\/urun\/black-aluminum-u-channel-profile-for-10mm-led-strips\/\"><mark style=\"background-color:rgba(0, 0, 0, 0)\" class=\"has-inline-color has-vivid-red-color\">10mm LED \u015feritler i\u00e7in siyah al\u00fcminyum U kanal\u0131 profili<\/mark><\/a><\/li>\n\n\n\n<li><a href=\"https:\/\/tangooled.com\/tr\/urun\/18x9mm-led-tape-light-profile-for-surface-installation\/\"><mark style=\"background-color:rgba(0, 0, 0, 0)\" class=\"has-inline-color has-vivid-red-color\">y\u00fczeye montaj i\u00e7in 18x9mm LED bant \u0131\u015f\u0131k profili<\/mark><\/a><\/li>\n\n\n\n<li><a href=\"https:\/\/tangooled.com\/tr\/urun\/led-strip-light-channel-aluminum-profile-with-diffused-cover-6mm-height\/\"><mark style=\"background-color:rgba(0, 0, 0, 0)\" class=\"has-inline-color has-vivid-red-color\">Dif\u00fcz\u00f6r kapakl\u0131 6mm y\u00fckseklikteki LED \u015ferit \u0131\u015f\u0131k kanal\u0131 al\u00fcminyum profil<\/mark><\/a><\/li>\n<\/ul>\n<\/div><\/div>\n\n\n\n<div class=\"wp-block-group has-background\" style=\"background-color:#f2f2f2f2;padding-top:var(--wp--preset--spacing--80);padding-bottom:var(--wp--preset--spacing--80)\"><div class=\"wp-block-group__inner-container is-layout-constrained wp-block-group-is-layout-constrained\">\n<h2 class=\"wp-block-heading\" style=\"font-size:25px;font-style:normal;font-weight:600\">\u00d6zet<\/h2>\n\n\n\n<p style=\"padding-right:var(--wp--preset--spacing--50);padding-left:var(--wp--preset--spacing--50)\">The mini\u00a0LED channel 8x9mm aluminum profile is a small but powerful lighting option made just for 5mm LED strips. It protects your LEDs while giving off smooth, dotless light thanks to its delicate design, sturdy aluminum structure, and great heat dissipation. This profile is great for any type of lighting you need, whether it&#8217;s under-cabinet lighting, closet lighting, or a custom furniture lighting solution. It combines style, longevity, and ease of use.<\/p>\n<\/div><\/div>\n\n\n\n<p><\/p>","protected":false},"featured_media":13351,"template":"","meta":{"_acf_changed":true,"_seopress_robots_primary_cat":"none","_seopress_titles_title":"Mini LED Channel 8x9mm For 5mm Slim Strips | TANGOOLED","_seopress_titles_desc":"Source the FP09 mini LED channel 8x9mm. This ultra-compact aluminum profile is specifically designed for 5mm slim strips in display cabinets and furniture.","_seopress_robots_index":""},"pcb-width":[228],"product-cat":[192],"class_list":{"0":"post-44705","1":"product","2":"type-product","3":"status-publish","4":"has-post-thumbnail","6":"pcb-width-6-12mm","7":"product-cat-surface-led-profile"},"acf":[],"_links":{"self":[{"href":"https:\/\/tangooled.com\/tr\/wp-json\/wp\/v2\/product\/44705","targetHints":{"allow":["GET"]}}],"collection":[{"href":"https:\/\/tangooled.com\/tr\/wp-json\/wp\/v2\/product"}],"about":[{"href":"https:\/\/tangooled.com\/tr\/wp-json\/wp\/v2\/types\/product"}],"wp:featuredmedia":[{"embeddable":true,"href":"https:\/\/tangooled.com\/tr\/wp-json\/wp\/v2\/media\/13351"}],"wp:attachment":[{"href":"https:\/\/tangooled.com\/tr\/wp-json\/wp\/v2\/media?parent=44705"}],"wp:term":[{"taxonomy":"pcb-width","embeddable":true,"href":"https:\/\/tangooled.com\/tr\/wp-json\/wp\/v2\/pcb-width?post=44705"},{"taxonomy":"product-cat","embeddable":true,"href":"https:\/\/tangooled.com\/tr\/wp-json\/wp\/v2\/product-cat?post=44705"}],"curies":[{"name":"wp","href":"https:\/\/api.w.org\/{rel}","templated":true}]}}