{"id":44702,"date":"2026-01-03T02:17:12","date_gmt":"2026-01-03T10:17:12","guid":{"rendered":"https:\/\/tangooled.com\/?post_type=product&#038;p=44702"},"modified":"2026-02-02T22:33:55","modified_gmt":"2026-02-03T06:33:55","slug":"aluminum-profile-with-60-degree-lens-led-diffuser","status":"publish","type":"product","link":"https:\/\/tangooled.com\/tr\/urun\/aluminum-profile-with-60-degree-lens-led-diffuser\/","title":{"rendered":"60 derece lensli al\u00fcminyum profil LED dif\u00fcz\u00f6r"},"content":{"rendered":"<div class=\"wp-block-group\" style=\"padding-top:var(--wp--preset--spacing--80);padding-bottom:var(--wp--preset--spacing--80)\"><div class=\"wp-block-group__inner-container is-layout-constrained wp-block-group-is-layout-constrained\">\n<p>60 derece lens LED dif\u00fcz\u00f6rl\u00fc al\u00fcminyum profilimiz, LED \u015ferit \u0131\u015f\u0131klar\u0131n\u0131z\u0131 d\u00fczenli g\u00f6r\u00fcnmesini sa\u011flamak ve daha iyi \u00e7al\u0131\u015fmak i\u00e7in harikad\u0131r. I\u015f\u0131\u011f\u0131n\u0131z\u0131n do\u011fru alana odakl\u0131 60 derece bir \u0131\u015f\u0131k huzmesi ile parlamas\u0131na yard\u0131mc\u0131 olur. Bu \u00fcr\u00fcn sa\u011flam, g\u00fcvenli ve evlerde, ofislerde, d\u00fckkanlarda ve daha fazlas\u0131nda kullan\u0131m i\u00e7in kolayd\u0131r!<\/p>\n<\/div><\/div>\n\n\n\n<div class=\"wp-block-group has-background\" style=\"background-color:#f2f2f2f2;padding-top:var(--wp--preset--spacing--80);padding-bottom:var(--wp--preset--spacing--80)\"><div class=\"wp-block-group__inner-container is-layout-constrained wp-block-group-is-layout-constrained\">\n<div class=\"wp-block-group is-vertical is-layout-flex wp-container-core-group-is-layout-8cf370e7 wp-block-group-is-layout-flex\">\n<h2 class=\"wp-block-heading\" style=\"padding-top:var(--wp--preset--spacing--40);padding-bottom:var(--wp--preset--spacing--40);font-size:25px;font-style:normal;font-weight:600;text-transform:capitalize\">Neden 60 Derece Lens Dif\u00fcz\u00f6r LED Profilimizi Se\u00e7melisiniz?<\/h2>\n\n\n\n<ul class=\"wp-block-list\">\n<li>Odakl\u0131 I\u015f\u0131k Huzmesi: \u00d6zel 60 derece lens, \u0131\u015f\u0131\u011f\u0131n net ve e\u015fit \u015fekilde da\u011f\u0131lmas\u0131n\u0131 sa\u011fl\u0131yor. Art\u0131k sert veya dengesiz \u0131\u015f\u0131k yok.<\/li>\n\n\n\n<li>Sa\u011flam Al\u00fcminyum G\u00f6vde: LED \u015feritlerinizi serin ve g\u00fcvende tutan 6063-T5 al\u00fcminyum ile \u00fcretilmi\u015ftir.<\/li>\n\n\n\n<li>\u015eeffaf ve Yumu\u015fak Dif\u00fcz\u00f6rler: Buzlu veya \u015feffaf dif\u00fcz\u00f6r kapaklar\u0131 aras\u0131nda se\u00e7im yapabilirsiniz. \u0130htiya\u00e7lar\u0131n\u0131za g\u00f6re yumu\u015fak \u0131\u015f\u0131k veya net \u0131\u015f\u0131k se\u00e7ebilirsiniz.<\/li>\n\n\n\n<li>Bir\u00e7ok LED \u015eeridi Uyar: 12mm geni\u015fli\u011fe kadar LED \u015feritler ve bir\u00e7ok ba\u015fka t\u00fcrle \u00e7al\u0131\u015f\u0131r.<\/li>\n\n\n\n<li>Montaj\u0131 Kolay: Duvarlarda, tavanlarda veya girintili y\u00fczeylerde monte edilebilir.<\/li>\n\n\n\n<li>LED'lerinizi Korur: LED'lerinizi tozdan ve hasardan korur.<\/li>\n<\/ul>\n<\/div>\n<\/div><\/div>\n\n\n\n<div class=\"wp-block-group\" style=\"padding-top:var(--wp--preset--spacing--80);padding-bottom:var(--wp--preset--spacing--80)\"><div class=\"wp-block-group__inner-container is-layout-constrained wp-block-group-is-layout-constrained\">\n<div class=\"wp-block-media-text has-media-on-the-right is-stacked-on-mobile\" style=\"padding-top:0;padding-bottom:0;grid-template-columns:auto 40%\"><div class=\"wp-block-media-text__content\">\n<h2 class=\"wp-block-heading\" style=\"font-size:25px;font-style:normal;font-weight:600;text-transform:capitalize\">Bu 60 Derece Lens LED Profilini Nas\u0131l Kullan\u0131r\u0131m?<\/h2>\n\n\n\n<ul class=\"wp-block-list\">\n<li>Al\u00fcminyum kanal\u0131 ve dif\u00fcz\u00f6r\u00fc do\u011fru uzunlukta kesmek i\u00e7in bir metal testeresi veya kesici kullan\u0131n.<\/li>\n\n\n\n<li>LED \u015feridi kanala g\u00fcvenli bir \u015fekilde kurun, kablolar\u0131 ba\u011flay\u0131n ve \u0131\u015f\u0131\u011f\u0131n \u00e7al\u0131\u015ft\u0131\u011f\u0131n\u0131 kontrol edin.<\/li>\n\n\n\n<li>Kanal\u0131 duvara veya tavana monte etmek i\u00e7in montaj klipslerini kullan\u0131n.<\/li>\n\n\n\n<li>Kurulumu, dif\u00fcz\u00f6r\u00fc takarak ve u\u00e7 kapaklar\u0131 takarak tamamlay\u0131n.<\/li>\n<\/ul>\n<\/div><figure class=\"wp-block-media-text__media\"><img loading=\"lazy\" decoding=\"async\" width=\"500\" height=\"500\" src=\"https:\/\/tangooled.com\/wp-content\/uploads\/2026\/01\/fp08-ins.webp\" alt=\"aluminum profile with 60 degree lens led diffuser\" class=\"wp-image-44704 size-full\" srcset=\"https:\/\/tangooled.com\/wp-content\/uploads\/2026\/01\/fp08-ins.webp 500w, https:\/\/tangooled.com\/wp-content\/uploads\/2026\/01\/fp08-ins-300x300.webp 300w, https:\/\/tangooled.com\/wp-content\/uploads\/2026\/01\/fp08-ins-150x150.webp 150w\" sizes=\"auto, (max-width: 500px) 100vw, 500px\" \/><\/figure><\/div>\n<\/div><\/div>\n\n\n\n<div class=\"wp-block-group has-background\" style=\"background-color:#f2f2f2;padding-top:var(--wp--preset--spacing--80);padding-bottom:var(--wp--preset--spacing--80)\"><div class=\"wp-block-group__inner-container is-layout-constrained wp-block-group-is-layout-constrained\">\n<h2 class=\"wp-block-heading\" style=\"padding-top:var(--wp--preset--spacing--40);padding-bottom:var(--wp--preset--spacing--40);font-size:25px;font-style:normal;font-weight:600;text-transform:capitalize\">Ayd\u0131nlatma \u0130htiya\u00e7lar\u0131n\u0131z i\u00e7in Y\u00f6ntemler<\/h2>\n\n\n\n<ul class=\"wp-block-list\">\n<li>Vurgu ayd\u0131nlatmas\u0131, masalar, foto\u011fraflar veya kitapl\u0131klar gibi nesnelere dikkat \u00e7ekmek i\u00e7in kullan\u0131labilir.<\/li>\n\n\n\n<li>Duvar Ayd\u0131nlatmas\u0131: Duvarlar\u0131 e\u015fit \u015fekilde ayd\u0131nlatmak i\u00e7in kullan\u0131n, \u00e7ok parlak g\u00f6r\u00fcnmesini engelleyin.<\/li>\n\n\n\n<li>Tavanlar: \u015e\u0131k bir g\u00f6r\u00fcn\u00fcm i\u00e7in girintili montaj kullan\u0131n.<\/li>\n\n\n\n<li>D\u00fckkanlarda, i\u015fyerlerinde ve vitrinlerde ayd\u0131nlatman\u0131n profesyonel g\u00f6r\u00fcnmesi i\u00e7in kullan\u0131n.<\/li>\n<\/ul>\n<\/div><\/div>\n\n\n\n<div class=\"wp-block-group\" style=\"padding-top:var(--wp--preset--spacing--80);padding-bottom:var(--wp--preset--spacing--80)\"><div class=\"wp-block-group__inner-container is-layout-constrained wp-block-group-is-layout-constrained\">\n<h2 class=\"wp-block-heading\" style=\"padding-top:var(--wp--preset--spacing--60);padding-bottom:var(--wp--preset--spacing--60);font-size:25px;font-style:normal;font-weight:600;text-transform:capitalize\">Bu \u00f6\u011feyi \u00f6ne \u00e7\u0131karan nedir?<\/h2>\n\n\n\n<h3 class=\"wp-block-heading\" style=\"padding-top:var(--wp--preset--spacing--40);padding-bottom:var(--wp--preset--spacing--40);font-size:20px;font-style:normal;font-weight:600;text-transform:capitalize\">Daha \u0130yi I\u015f\u0131k i\u00e7in 60 Derece Lens<\/h3>\n\n\n\n<p>The special 60 degree lens diffuser keeps the light beam bright but concentrated. It gives a wide and soft look, which is great for many uses \u2013 like showing off art on walls or lighting up shelves.<\/p>\n\n\n\n<h3 class=\"wp-block-heading\" style=\"font-size:20px;font-style:normal;font-weight:600;text-transform:capitalize\">Farkl\u0131 Dif\u00fcz\u00f6r Se\u00e7enekleri<\/h3>\n\n\n\n<ul class=\"wp-block-list\">\n<li>PC opal mat dif\u00fcz\u00f6r: bir kitapl\u0131\u011f\u0131 ayd\u0131nlatmak veya duvarlardaki sanat\u0131 sergilemek i\u00e7in.<\/li>\n\n\n\n<li>PC yar\u0131 \u015feffaf dif\u00fcz\u00f6r: Daha az par\u0131lt\u0131yla daha net \u0131\u015f\u0131k i\u00e7in<\/li>\n\n\n\n<li>\u015eeffaf Lens: Keskin, odakl\u0131 \u0131\u015f\u0131k huzmeleri i\u00e7in harika.<\/li>\n<\/ul>\n<\/div><\/div>\n\n\n\n<div class=\"wp-block-group has-background\" style=\"background-color:#f2f2f2f2;padding-top:var(--wp--preset--spacing--80);padding-bottom:var(--wp--preset--spacing--80)\"><div class=\"wp-block-group__inner-container is-layout-constrained wp-block-group-is-layout-constrained\">\n<h2 class=\"wp-block-heading\" style=\"font-size:25px;font-style:normal;font-weight:600\">Benzer \u00dcr\u00fcnleri Kontrol Et<\/h2>\n\n\n\n<ul class=\"wp-block-list\">\n<li>Siyah versiyonlar i\u00e7in, bak\u0131n <a href=\"https:\/\/tangooled.com\/tr\/urun\/black-led-profile-with-black-diffuser-for-10mm-led-strip-light\/\"><mark style=\"background-color:rgba(0, 0, 0, 0)\" class=\"has-inline-color has-vivid-red-color\">Siyah dif\u00fcz\u00f6rl\u00fc siyah LED profili<\/mark><\/a> k\u00fc\u00e7\u00fck \u015feritler i\u00e7in<\/li>\n\n\n\n<li>K\u00fc\u00e7\u00fck \u015feritler i\u00e7in, deneyin <a href=\"https:\/\/tangooled.com\/tr\/urun\/led-strip-light-channel-aluminum-profile-with-diffused-cover-6mm-height\/\"><mark style=\"background-color:rgba(0, 0, 0, 0)\" class=\"has-inline-color has-vivid-red-color\">Y\u00fckseklik 6mm olan al\u00fcminyum profil LED \u015ferit \u0131\u015f\u0131k kanal\u0131<\/mark><\/a><\/li>\n\n\n\n<li>Buzlu kapaklarla y\u00fczey montajlar\u0131 i\u00e7in kontrol edin<a href=\"https:\/\/tangooled.com\/tr\/urun\/surface-mount-led-profile-with-frosted-diffuser-for-10mm-rope-lights\/\"><mark style=\"background-color:rgba(0, 0, 0, 0)\" class=\"has-inline-color has-vivid-red-color\"> Buzlu dif\u00fcz\u00f6rl\u00fc y\u00fczey montajl\u0131 LED profili<\/mark><\/a><\/li>\n<\/ul>\n<\/div><\/div>\n\n\n\n<div class=\"wp-block-group\" style=\"padding-top:var(--wp--preset--spacing--80);padding-bottom:var(--wp--preset--spacing--80)\"><div class=\"wp-block-group__inner-container is-layout-constrained wp-block-group-is-layout-constrained\">\n<h2 class=\"wp-block-heading\" style=\"padding-top:var(--wp--preset--spacing--40);padding-bottom:var(--wp--preset--spacing--40);font-size:25px;font-style:normal;font-weight:600\">\u00d6zet<\/h2>\n\n\n\n<p>LED \u015feritleriniz i\u00e7in g\u00fczel, g\u00fc\u00e7l\u00fc ve odakl\u0131 bir \u0131\u015f\u0131k istiyorsan\u0131z, 60 derece lens LED dif\u00fcz\u00f6r\u00fc ile al\u00fcminyum profilimiz en iyi \u00e7\u00f6z\u00fcmd\u00fcr. LED'leri serin tutar, \u0131\u015f\u0131\u011f\u0131 e\u015fit da\u011f\u0131t\u0131r ve bir\u00e7ok farkl\u0131 \u015fekilde kullan\u0131labilir. Ayd\u0131nlatma projenizi g\u00fczel yapmak ve iyi \u00e7al\u0131\u015fmas\u0131 i\u00e7in bug\u00fcn al\u0131n!<\/p>\n<\/div><\/div>\n\n\n\n<p><\/p>","protected":false},"featured_media":14217,"template":"","meta":{"_acf_changed":true,"_seopress_robots_primary_cat":"none","_seopress_titles_title":"60 Degree Lens Diffuser LED Profile Aluminum Channel | TANGOOLED","_seopress_titles_desc":"Source the FP08 60 degree lens diffuser LED aluminum profile. Designed for focused wall washing and accent lighting with precision beam control.","_seopress_robots_index":""},"pcb-width":[228],"product-cat":[201],"class_list":{"0":"post-44702","1":"product","2":"type-product","3":"status-publish","4":"has-post-thumbnail","6":"pcb-width-6-12mm","7":"product-cat-optic-lens-profile"},"acf":[],"_links":{"self":[{"href":"https:\/\/tangooled.com\/tr\/wp-json\/wp\/v2\/product\/44702","targetHints":{"allow":["GET"]}}],"collection":[{"href":"https:\/\/tangooled.com\/tr\/wp-json\/wp\/v2\/product"}],"about":[{"href":"https:\/\/tangooled.com\/tr\/wp-json\/wp\/v2\/types\/product"}],"wp:featuredmedia":[{"embeddable":true,"href":"https:\/\/tangooled.com\/tr\/wp-json\/wp\/v2\/media\/14217"}],"wp:attachment":[{"href":"https:\/\/tangooled.com\/tr\/wp-json\/wp\/v2\/media?parent=44702"}],"wp:term":[{"taxonomy":"pcb-width","embeddable":true,"href":"https:\/\/tangooled.com\/tr\/wp-json\/wp\/v2\/pcb-width?post=44702"},{"taxonomy":"product-cat","embeddable":true,"href":"https:\/\/tangooled.com\/tr\/wp-json\/wp\/v2\/product-cat?post=44702"}],"curies":[{"name":"wp","href":"https:\/\/api.w.org\/{rel}","templated":true}]}}