{"id":44700,"date":"2026-01-03T02:13:17","date_gmt":"2026-01-03T10:13:17","guid":{"rendered":"https:\/\/tangooled.com\/?post_type=product&#038;p=44700"},"modified":"2026-01-21T02:14:32","modified_gmt":"2026-01-21T10:14:32","slug":"25x14m-surface-mounted-led-light-aluminum-profile","status":"publish","type":"product","link":"https:\/\/tangooled.com\/tr\/urun\/25x14m-surface-mounted-led-light-aluminum-profile\/","title":{"rendered":"25x14m y\u00fczeye monte led \u0131\u015f\u0131k al\u00fcminyum profili"},"content":{"rendered":"<div class=\"wp-block-group\" style=\"padding-top:var(--wp--preset--spacing--80);padding-bottom:var(--wp--preset--spacing--80)\"><div class=\"wp-block-group__inner-container is-layout-constrained wp-block-group-is-layout-constrained\">\n<p>Bu 25x14m y\u00fczeye monte led profili ile ayd\u0131nlatma projelerinizi geli\u015ftirin. Temiz y\u00fczeye monte uygulamalar i\u00e7in \u00f6zel olarak tasarlanm\u0131\u015ft\u0131r. Yuvarlak, oluklu d\u0131\u015f yap\u0131s\u0131 25.8mm geni\u015fli\u011finde ve 13.9mm y\u00fcksekli\u011finde olup, \u0131\u015f\u0131klar\u0131n\u0131z i\u00e7in sa\u011flam ve \u015f\u0131k bir konut sunar. 12.2mm i\u00e7 kanal, standart \u015feritlerin korunmas\u0131n\u0131 ve serin kalmas\u0131n\u0131 sa\u011flamak i\u00e7in yeterli alan sa\u011flar. Kurulum, \u00f6zel montaj klipsleri kullan\u0131larak basit ve g\u00fcvenlidir ve profili do\u011frudan tavana veya duvara profesyonel bir biti\u015f ile takman\u0131za olanak tan\u0131r. Modern mekanlarda p\u00fcr\u00fczs\u00fcz, noktas\u0131z ayd\u0131nlatma elde etmek i\u00e7in m\u00fckemmel bir se\u00e7imdir.<\/p>\n<\/div><\/div>\n\n\n\n<div class=\"wp-block-group has-background\" style=\"background-color:#f2f2f2f2;padding-top:var(--wp--preset--spacing--80);padding-bottom:var(--wp--preset--spacing--80)\"><div class=\"wp-block-group__inner-container is-layout-constrained wp-block-group-is-layout-constrained\">\n<div class=\"wp-block-group is-vertical is-layout-flex wp-container-core-group-is-layout-8cf370e7 wp-block-group-is-layout-flex\">\n<h2 class=\"wp-block-heading\" style=\"padding-top:var(--wp--preset--spacing--40);padding-bottom:var(--wp--preset--spacing--40);font-size:25px;font-style:normal;font-weight:600;text-transform:capitalize\">Neden 25x14m Y\u00fczeye Monte LED Profilimizi Se\u00e7melisiniz?<\/h2>\n\n\n\n<ul class=\"wp-block-list\">\n<li>Y\u00fcksek kaliteli 6063-T5 al\u00fcminyumdan yap\u0131lm\u0131\u015ft\u0131r. Bu, g\u00fc\u00e7l\u00fc olmas\u0131n\u0131 sa\u011flar ve LED \u015feritlerden \u0131s\u0131y\u0131 uzakla\u015ft\u0131rmaya yard\u0131mc\u0131 olur.<\/li>\n\n\n\n<li>I\u015f\u0131\u011f\u0131 yumu\u015fak, p\u00fcr\u00fczs\u00fcz ve noktas\u0131z hale getirmek i\u00e7in tak\u0131labilir buzlu dif\u00fcz\u00f6r ile birlikte gelir.<\/li>\n\n\n\n<li>Temiz bir biti\u015f i\u00e7in kolay y\u00fczey montaj\u0131 ile klipsler ve u\u00e7 kapaklar.<\/li>\n\n\n\n<li>Dayan\u0131kl\u0131 ve \u015f\u0131k: Anodize kaplama, paslanmay\u0131 \u00f6nler ve g\u00fcm\u00fc\u015f, siyah veya beyazda \u015f\u0131k g\u00f6r\u00fcn\u00fcr.<\/li>\n\n\n\n<li>LED'lerinizi koruyun: \u015eeritleri kir, toz ve darbelere kar\u015f\u0131 g\u00fcvende tutar.<\/li>\n\n\n\n<li>Perfect for different uses \u2014 from kitchens to shops, offices, and furniture.<\/li>\n<\/ul>\n<\/div>\n<\/div><\/div>\n\n\n\n<div class=\"wp-block-group\" style=\"padding-top:var(--wp--preset--spacing--80);padding-bottom:var(--wp--preset--spacing--80)\"><div class=\"wp-block-group__inner-container is-layout-constrained wp-block-group-is-layout-constrained\">\n<div class=\"wp-block-media-text has-media-on-the-right is-stacked-on-mobile\" style=\"padding-top:0;padding-bottom:0;grid-template-columns:auto 40%\"><div class=\"wp-block-media-text__content\">\n<h2 class=\"wp-block-heading\" style=\"font-size:25px;font-style:normal;font-weight:600;text-transform:capitalize\">Basit 4 Ad\u0131mda Kurulum<\/h2>\n\n\n\n<ul class=\"wp-block-list\">\n<li>Klipsleri duvar\u0131n\u0131za veya y\u00fczeye vidalarla sabitleyin.<\/li>\n\n\n\n<li>LED \u015firinizi al\u00fcminyum kanala yerle\u015ftirin.<\/li>\n\n\n\n<li>Profili klipslere tak\u0131n.<\/li>\n\n\n\n<li>Parlak, p\u00fcr\u00fczs\u00fcz \u0131\u015f\u0131k i\u00e7in \u00fczerini kapatmak \u00fczere dif\u00fcz\u00f6r\u00fc tak\u0131n.<\/li>\n<\/ul>\n<\/div><figure class=\"wp-block-media-text__media\"><img loading=\"lazy\" decoding=\"async\" width=\"500\" height=\"500\" src=\"https:\/\/tangooled.com\/wp-content\/uploads\/2026\/01\/fp07-ins.webp\" alt=\"25x14m y\u00fczeye monte led \u0131\u015f\u0131k al\u00fcminyum profili\" class=\"wp-image-44701 size-full\" srcset=\"https:\/\/tangooled.com\/wp-content\/uploads\/2026\/01\/fp07-ins.webp 500w, https:\/\/tangooled.com\/wp-content\/uploads\/2026\/01\/fp07-ins-300x300.webp 300w, https:\/\/tangooled.com\/wp-content\/uploads\/2026\/01\/fp07-ins-150x150.webp 150w\" sizes=\"auto, (max-width: 500px) 100vw, 500px\" \/><\/figure><\/div>\n<\/div><\/div>\n\n\n\n<div class=\"wp-block-group has-background\" style=\"background-color:#f2f2f2;padding-top:var(--wp--preset--spacing--80);padding-bottom:var(--wp--preset--spacing--80)\"><div class=\"wp-block-group__inner-container is-layout-constrained wp-block-group-is-layout-constrained\">\n<h2 class=\"wp-block-heading\" style=\"padding-top:var(--wp--preset--spacing--40);padding-bottom:var(--wp--preset--spacing--40);font-size:25px;font-style:normal;font-weight:600;text-transform:capitalize\">Bu 25x14m y\u00fczeye monte LED profilini nerede kullanabilirsiniz?<\/h2>\n\n\n\n<p>\u0130\u015fte nas\u0131l iyi \u00e7al\u0131\u015ft\u0131\u011f\u0131n\u0131 g\u00f6steren baz\u0131 harika fikirler:<\/p>\n\n\n\n<ul class=\"wp-block-list\">\n<li>Dolap Alt\u0131 Ayd\u0131nlatma: Mutfak tezgahlar\u0131 veya \u00e7al\u0131\u015fma y\u00fczeyleri i\u00e7in net, parlak \u0131\u015f\u0131k sa\u011flar.<\/li>\n\n\n\n<li>Tavan K\u00f6\u015fe Ayd\u0131nlatma: Kenarlara yerle\u015ftirerek oturma odalar\u0131nda veya ofislerde yumu\u015fak bir par\u0131lt\u0131 yarat\u0131n.<\/li>\n\n\n\n<li>Perakende Sergileri: Raflar\u0131 veya \u00fcr\u00fcnleri m\u00fckemmel \u0131\u015f\u0131k hatlar\u0131yla ayd\u0131nlat\u0131n.<\/li>\n\n\n\n<li>Ofis Ayd\u0131nlatmas\u0131: Masalar veya koridorlar i\u00e7in parlak, odaklanm\u0131\u015f \u0131\u015f\u0131k sa\u011flar.<\/li>\n\n\n\n<li>Elbise Dolaplar\u0131 ve Mobilyalar: Elbise dolaplar\u0131, raflar veya dolaplarda d\u00fczenli ayd\u0131nlatma i\u00e7in entegre edin.<\/li>\n\n\n\n<li>Mimari Detaylar: Duvarlar\u0131, k\u00f6\u015feleri veya ni\u015fleri d\u00fczg\u00fcn \u015ferit \u0131\u015f\u0131kla vurgulay\u0131n.<\/li>\n<\/ul>\n<\/div><\/div>\n\n\n\n<div class=\"wp-block-group\" style=\"padding-top:var(--wp--preset--spacing--80);padding-bottom:var(--wp--preset--spacing--80)\"><div class=\"wp-block-group__inner-container is-layout-constrained wp-block-group-is-layout-constrained\">\n<h2 class=\"wp-block-heading\" style=\"padding-top:var(--wp--preset--spacing--40);padding-bottom:var(--wp--preset--spacing--40);font-size:25px;font-style:normal;font-weight:600;text-transform:capitalize\">Bak\u0131lmas\u0131 Gereken \u0130lgili \u00dcr\u00fcnler<\/h2>\n\n\n\n<ul class=\"wp-block-list\">\n<li><a href=\"https:\/\/tangooled.com\/tr\/urun\/black-led-profile-with-black-diffuser-for-10mm-led-strip-light\/\"><mark style=\"background-color:rgba(0, 0, 0, 0)\" class=\"has-inline-color has-vivid-red-color\">10mm LED \u015ferit \u0131\u015f\u0131\u011f\u0131 i\u00e7in siyah dif\u00fcz\u00f6rl\u00fc siyah LED profili<\/mark><\/a> &#8211; A sleek choice for slim strips. <\/li>\n\n\n\n<li><a href=\"https:\/\/tangooled.com\/tr\/urun\/led-strip-light-channel-aluminum-profile-with-diffused-cover-6mm-height\/\"><mark style=\"background-color:rgba(0, 0, 0, 0)\" class=\"has-inline-color has-vivid-red-color\">Dif\u00fcz\u00f6r kapakl\u0131 6mm y\u00fckseklikteki LED \u015ferit \u0131\u015f\u0131k kanal\u0131 al\u00fcminyum profil<\/mark><\/a> \u2013 Another profile for tight spaces.<\/li>\n\n\n\n<li><a href=\"https:\/\/tangooled.com\/tr\/urun\/25x6mm-low-profile-led-strip-channel-for-10mm-led-strip-light\/\"><mark style=\"background-color:rgba(0, 0, 0, 0)\" class=\"has-inline-color has-vivid-red-color\">10mm LED \u015ferit \u0131\u015f\u0131k i\u00e7in 25x6mm d\u00fc\u015f\u00fck profilli LED \u015ferit kanal\u0131<\/mark><\/a> \u2013 Slim, perfect for narrow spots.<\/li>\n<\/ul>\n\n\n\n<p>Bring your LED lighting to life with our reliable 25x14m surface mounted LED profile! It\u2019s the easy, smart way to make LED strip lighting look professional and work better.<\/p>\n<\/div><\/div>\n\n\n\n<p><\/p>","protected":false},"featured_media":13333,"template":"","meta":{"_acf_changed":true,"_seopress_robots_primary_cat":"none","_seopress_titles_title":"Aluminum 25x14mm Surface Mounted LED Profile | TANGOOLED","_seopress_titles_desc":"Source the FP07 25x14mm surface mounted LED profile. This large aluminum channel is perfect for wide strips, providing superior heat dissipation and dot-free lighting.","_seopress_robots_index":""},"pcb-width":[228],"product-cat":[192],"class_list":{"0":"post-44700","1":"product","2":"type-product","3":"status-publish","4":"has-post-thumbnail","6":"pcb-width-6-12mm","7":"product-cat-surface-led-profile"},"acf":[],"_links":{"self":[{"href":"https:\/\/tangooled.com\/tr\/wp-json\/wp\/v2\/product\/44700","targetHints":{"allow":["GET"]}}],"collection":[{"href":"https:\/\/tangooled.com\/tr\/wp-json\/wp\/v2\/product"}],"about":[{"href":"https:\/\/tangooled.com\/tr\/wp-json\/wp\/v2\/types\/product"}],"wp:featuredmedia":[{"embeddable":true,"href":"https:\/\/tangooled.com\/tr\/wp-json\/wp\/v2\/media\/13333"}],"wp:attachment":[{"href":"https:\/\/tangooled.com\/tr\/wp-json\/wp\/v2\/media?parent=44700"}],"wp:term":[{"taxonomy":"pcb-width","embeddable":true,"href":"https:\/\/tangooled.com\/tr\/wp-json\/wp\/v2\/pcb-width?post=44700"},{"taxonomy":"product-cat","embeddable":true,"href":"https:\/\/tangooled.com\/tr\/wp-json\/wp\/v2\/product-cat?post=44700"}],"curies":[{"name":"wp","href":"https:\/\/api.w.org\/{rel}","templated":true}]}}