{"id":44697,"date":"2026-01-03T02:02:47","date_gmt":"2026-01-03T10:02:47","guid":{"rendered":"https:\/\/tangooled.com\/?post_type=product&#038;p=44697"},"modified":"2026-01-29T17:53:46","modified_gmt":"2026-01-30T01:53:46","slug":"18x9mm-led-tape-light-profile-for-surface-installation","status":"publish","type":"product","link":"https:\/\/tangooled.com\/tr\/urun\/18x9mm-led-tape-light-profile-for-surface-installation\/","title":{"rendered":"y\u00fczeye montaj i\u00e7in 18x9mm LED bant \u0131\u015f\u0131k profili"},"content":{"rendered":"<div class=\"wp-block-group\" style=\"padding-top:var(--wp--preset--spacing--80);padding-bottom:var(--wp--preset--spacing--80)\"><div class=\"wp-block-group__inner-container is-layout-constrained wp-block-group-is-layout-constrained\">\n<p>This 18x9mm LED tape light profile is built particularly for surface mounting, so it&#8217;s easy to light up your space. Made of high-quality 6063-T5 anodized aluminum, it has a base width of 18.6mm and a slim&nbsp;height of 9mm, making it a stylish accent to any flat surface. The 12.2mm inner width is just right for standard LED strips, which keeps them cool, clean, and safe. The mounting clip system is straightforward to use, so installation is quick and safe. It&#8217;s the ideal option for professionals to make smooth, pretty lighting in kitchens, offices, or store displays.<\/p>\n<\/div><\/div>\n\n\n\n<div class=\"wp-block-group has-background\" style=\"background-color:#f2f2f2f2;padding-top:var(--wp--preset--spacing--80);padding-bottom:var(--wp--preset--spacing--80)\"><div class=\"wp-block-group__inner-container is-layout-constrained wp-block-group-is-layout-constrained\">\n<div class=\"wp-block-group is-vertical is-layout-flex wp-container-core-group-is-layout-8cf370e7 wp-block-group-is-layout-flex\">\n<h2 class=\"wp-block-heading\" style=\"padding-top:var(--wp--preset--spacing--40);padding-bottom:var(--wp--preset--spacing--40);font-size:25px;font-style:normal;font-weight:600;text-transform:capitalize\">Neden 18x9mm LED \u015eerit I\u015f\u0131k Profilimizi Se\u00e7melisiniz?<\/h2>\n\n\n\n<ul class=\"wp-block-list\">\n<li>M\u00fckemmel I\u015f\u0131k Da\u011f\u0131l\u0131m\u0131: Opal frosted dif\u00fcz\u00f6r, LED s\u0131cak noktalar\u0131n\u0131 gizleyerek profesyonel bir g\u00f6r\u00fcn\u00fcm sunan yumu\u015fak ve e\u015fit bir \u0131\u015f\u0131k sa\u011flar.<\/li>\n\n\n\n<li>Strong Heat Dissipation: This profile is made of aluminum and functions as a heatsink, drawing heat away from your LED lights so they don&#8217;t fade or change color.<\/li>\n\n\n\n<li>Dayan\u0131kl\u0131 Koruma: LED \u015feridinizi nemden, tozdan ve hasardan korur.<\/li>\n\n\n\n<li>Modern ve \u0130nce Tasar\u0131m: 18x9mm v\u00fccut d\u00fc\u015f\u00fck profilli oldu\u011fu i\u00e7in duvarlar, tavanlar veya mobilyalarla b\u00fct\u00fcnle\u015fir ve t\u00fcm donan\u0131m\u0131 temiz bir g\u00f6r\u00fcn\u00fcm i\u00e7in gizler.<\/li>\n\n\n\n<li>Herhangi Bir Y\u00fczeye Kolay Kurulum: Verilen montaj kliplerini kullanarak profili herhangi bir y\u00fczeye sabitleyin. Sadece yerine oturtun ve LED \u015feridinizi ekleyin.<\/li>\n<\/ul>\n<\/div>\n<\/div><\/div>\n\n\n\n<div class=\"wp-block-group\" style=\"padding-top:var(--wp--preset--spacing--80);padding-bottom:var(--wp--preset--spacing--80)\"><div class=\"wp-block-group__inner-container is-layout-constrained wp-block-group-is-layout-constrained\">\n<div class=\"wp-block-media-text has-media-on-the-right is-stacked-on-mobile\" style=\"padding-top:0;padding-bottom:0;grid-template-columns:auto 40%\"><div class=\"wp-block-media-text__content\">\n<h2 class=\"wp-block-heading\" style=\"font-size:25px;font-style:normal;font-weight:600;text-transform:capitalize\">Kurulum i\u00e7in D\u00f6rt Basit Ad\u0131m<\/h2>\n\n\n\n<ul class=\"wp-block-list\">\n<li>Montaj klipslerini y\u00fczeyinize vidalarla sabitleyin.<\/li>\n\n\n\n<li>Al\u00fcminyum kanal\u0131 kliplerin i\u00e7ine yerle\u015ftirin.<\/li>\n\n\n\n<li>LED \u015feridinizi kanal\u0131n i\u00e7ine yerle\u015ftirin.<\/li>\n\n\n\n<li>D\u00fczenli bir biti\u015f i\u00e7in dif\u00fcz\u00f6r kapa\u011f\u0131n\u0131 tak\u0131n ve u\u00e7 kapaklar\u0131n\u0131 sabitleyin.<\/li>\n<\/ul>\n<\/div><figure class=\"wp-block-media-text__media\"><img loading=\"lazy\" decoding=\"async\" width=\"500\" height=\"500\" src=\"https:\/\/tangooled.com\/wp-content\/uploads\/2026\/01\/fp06-ins.webp\" alt=\"18x9mm led tape light profile for surface installation\" class=\"wp-image-44698 size-full\" srcset=\"https:\/\/tangooled.com\/wp-content\/uploads\/2026\/01\/fp06-ins.webp 500w, https:\/\/tangooled.com\/wp-content\/uploads\/2026\/01\/fp06-ins-300x300.webp 300w, https:\/\/tangooled.com\/wp-content\/uploads\/2026\/01\/fp06-ins-150x150.webp 150w\" sizes=\"auto, (max-width: 500px) 100vw, 500px\" \/><\/figure><\/div>\n<\/div><\/div>\n\n\n\n<div class=\"wp-block-group has-background\" style=\"background-color:#f2f2f2;padding-top:var(--wp--preset--spacing--80);padding-bottom:var(--wp--preset--spacing--80)\"><div class=\"wp-block-group__inner-container is-layout-constrained wp-block-group-is-layout-constrained\">\n<h2 class=\"wp-block-heading\" style=\"padding-top:var(--wp--preset--spacing--40);padding-bottom:var(--wp--preset--spacing--40);font-size:25px;font-style:normal;font-weight:600;text-transform:capitalize\">18x9mm LED \u015eerit I\u015f\u0131k Profilini Nereye Koymal\u0131s\u0131n\u0131z<\/h2>\n\n\n\n<p>Bu LED \u015ferit ekstr\u00fczyonu evler ve i\u015fletmeler i\u00e7in harika. A\u015fa\u011f\u0131daki yerlerde kullan\u0131labilir:&nbsp;<\/p>\n\n\n\n<ul class=\"wp-block-list\">\n<li>Mutfaklar ve at\u00f6lyelerde dolaplar\u0131n ve tezgahlar\u0131n alt\u0131ndaki g\u00f6rev ayd\u0131nlatmas\u0131<\/li>\n\n\n\n<li>Oturma odalar\u0131 ve koridorlarda cove ayd\u0131nlatmas\u0131<\/li>\n\n\n\n<li>Merdivenler ve koridorlar i\u00e7in \u015f\u0131k ve g\u00fcvenli ayd\u0131nlatma&nbsp;<\/li>\n\n\n\n<li>K\u0131yafet odalar\u0131, dolaplar ve kitapl\u0131klar i\u00e7in \u015f\u0131k ve g\u00fcvenli ayd\u0131nlatma<br><\/li>\n<\/ul>\n<\/div><\/div>\n\n\n\n<div class=\"wp-block-group\" style=\"padding-top:var(--wp--preset--spacing--80);padding-bottom:var(--wp--preset--spacing--80)\"><div class=\"wp-block-group__inner-container is-layout-constrained wp-block-group-is-layout-constrained\">\n<h2 class=\"wp-block-heading\" style=\"padding-top:var(--wp--preset--spacing--40);padding-bottom:var(--wp--preset--spacing--40);font-size:25px;font-style:normal;font-weight:600;text-transform:capitalize\">Be\u011fenebilece\u011finiz \u0130lgili \u00dcr\u00fcnler<\/h2>\n\n\n\n<ul class=\"wp-block-list\">\n<li>10mm LED \u015ferit \u0131\u015f\u0131\u011f\u0131 i\u00e7in siyah da\u011f\u0131t\u0131c\u0131yla siyah LED profili: <a href=\"https:\/\/tangooled.com\/tr\/urun\/black-led-profile-with-black-diffuser-for-10mm-led-strip-light\/\"><mark style=\"background-color:rgba(0, 0, 0, 0)\" class=\"has-inline-color has-vivid-red-color\">Buradan Ke\u015ffedin<\/mark><\/a><\/li>\n\n\n\n<li>12mm \u015ferit \u0131\u015f\u0131klar\u0131 i\u00e7in siyah LED da\u011f\u0131t\u0131c\u0131 al\u00fcminyum kanal\u0131:<a href=\"https:\/\/tangooled.com\/tr\/urun\/black-led-diffuser-aluminum-channel-for-12mm-tape-lights\/\"> <mark style=\"background-color:rgba(0, 0, 0, 0)\" class=\"has-inline-color has-vivid-red-color\">Bunu Kontrol Edin<\/mark><\/a><\/li>\n\n\n\n<li>10mm ip \u0131\u015f\u0131klar\u0131 i\u00e7in frosted dif\u00fcz\u00f6rl\u00fc y\u00fczey montaj LED profili: <a href=\"https:\/\/tangooled.com\/tr\/urun\/surface-mount-led-profile-with-frosted-diffuser-for-10mm-rope-lights\/\"><mark style=\"background-color:rgba(0, 0, 0, 0)\" class=\"has-inline-color has-vivid-red-color\">\u00dcr\u00fcn\u00fc G\u00f6r\u00fcnt\u00fcle<\/mark><\/a><\/li>\n<\/ul>\n<\/div><\/div>\n\n\n\n<div class=\"wp-block-group has-background\" style=\"background-color:#f2f2f2f2;padding-top:var(--wp--preset--spacing--80);padding-bottom:var(--wp--preset--spacing--80)\"><div class=\"wp-block-group__inner-container is-layout-constrained wp-block-group-is-layout-constrained\">\n<p style=\"padding-right:var(--wp--preset--spacing--50);padding-left:var(--wp--preset--spacing--50)\">Kolayca kurulabilen, LED \u015ferit \u0131\u015f\u0131\u011f\u0131n\u0131z\u0131 serin, temiz ve parlak tutan, ince d\u00fc\u015f\u00fck profilli tasar\u0131ma sahip profesyonel bir LED \u015ferit \u0131\u015f\u0131k kanal\u0131 istiyorsan\u0131z, bu en iyi se\u00e7imdir. \u00c7e\u015fitli LED \u015feritleri ve uygulamalar\u0131 i\u00e7in uygundur, hantal bir kasa veya karma\u015f\u0131k montaj olmadan.<br>Ayd\u0131nlatma projelerinizi basit, ak\u0131ll\u0131 ve etkileyici hale getirmek i\u00e7in y\u00fczeye montaj i\u00e7in tasarlanm\u0131\u015f 18x9mm LED \u015ferit \u0131\u015f\u0131k profilimize g\u00fcvenin.<\/p>\n<\/div><\/div>\n\n\n\n<p><\/p>","protected":false},"featured_media":13307,"template":"","meta":{"_acf_changed":true,"_seopress_robots_primary_cat":"none","_seopress_titles_title":"Aluminum 18x9mm LED Tape Light Profile Surface Mount | TANGOOLED","_seopress_titles_desc":"Source FP06 18x9mm LED tape light profile. This sleek aluminum channel is ideal for surface installation, providing professional heat dissipation and a clean finish.","_seopress_robots_index":""},"pcb-width":[228],"product-cat":[192],"class_list":{"0":"post-44697","1":"product","2":"type-product","3":"status-publish","4":"has-post-thumbnail","6":"pcb-width-6-12mm","7":"product-cat-surface-led-profile"},"acf":[],"_links":{"self":[{"href":"https:\/\/tangooled.com\/tr\/wp-json\/wp\/v2\/product\/44697","targetHints":{"allow":["GET"]}}],"collection":[{"href":"https:\/\/tangooled.com\/tr\/wp-json\/wp\/v2\/product"}],"about":[{"href":"https:\/\/tangooled.com\/tr\/wp-json\/wp\/v2\/types\/product"}],"wp:featuredmedia":[{"embeddable":true,"href":"https:\/\/tangooled.com\/tr\/wp-json\/wp\/v2\/media\/13307"}],"wp:attachment":[{"href":"https:\/\/tangooled.com\/tr\/wp-json\/wp\/v2\/media?parent=44697"}],"wp:term":[{"taxonomy":"pcb-width","embeddable":true,"href":"https:\/\/tangooled.com\/tr\/wp-json\/wp\/v2\/pcb-width?post=44697"},{"taxonomy":"product-cat","embeddable":true,"href":"https:\/\/tangooled.com\/tr\/wp-json\/wp\/v2\/product-cat?post=44697"}],"curies":[{"name":"wp","href":"https:\/\/api.w.org\/{rel}","templated":true}]}}