{"id":44692,"date":"2026-01-03T02:00:39","date_gmt":"2026-01-03T10:00:39","guid":{"rendered":"https:\/\/tangooled.com\/?post_type=product&#038;p=44692"},"modified":"2026-01-29T17:50:45","modified_gmt":"2026-01-30T01:50:45","slug":"25x6mm-low-profile-led-strip-channel-for-10mm-led-strip-light","status":"publish","type":"product","link":"https:\/\/tangooled.com\/tr\/urun\/25x6mm-low-profile-led-strip-channel-for-10mm-led-strip-light\/","title":{"rendered":"10 mm'lik LED \u015ferit \u0131\u015f\u0131klar\u0131 i\u00e7in 25x6 mm d\u00fc\u015f\u00fck profil LED \u015ferit kanal\u0131"},"content":{"rendered":"<div class=\"wp-block-group\" style=\"padding-top:var(--wp--preset--spacing--80);padding-bottom:var(--wp--preset--spacing--80)\"><div class=\"wp-block-group__inner-container is-layout-constrained wp-block-group-is-layout-constrained\">\n<p>I\u015f\u0131klar\u0131n\u0131z, 25x6mm d\u00fc\u015f\u00fck profil LED kanal\u0131 ile temiz ve profesyonel g\u00f6r\u00fcnecek. Bu ince al\u00fcminyum ekstr\u00fczyon, LED \u015feritlerinizi serin tutan ve daha uzun \u00f6m\u00fcrl\u00fc olmas\u0131n\u0131 sa\u011flayan sa\u011flam bir \u0131s\u0131 yay\u0131c\u0131 olan anodize al\u00fcminyumdan olu\u015fmaktad\u0131r. Kanal, raflar ve mutfak dolaplar\u0131 gibi k\u00fc\u00e7\u00fck alanlar i\u00e7in uygun boyuttad\u0131r. 10mm geni\u015fli\u011finde SMD 5050, 2835 ve COB gibi LED \u015feritlerini tutabilir. \u015eeritleri korur, kablolar\u0131 gizler ve d\u00fczg\u00fcn, profesyonel bir g\u00f6r\u00fcn\u00fcm sa\u011flamak i\u00e7in \u0131\u015f\u0131\u011f\u0131 e\u015fit \u015fekilde da\u011f\u0131tan bir opal dif\u00fcz\u00f6r i\u00e7erir. Bu y\u00fczey montajl\u0131 LED ekstr\u00fczyonu, kolay kurulum i\u00e7in dif\u00fcz\u00f6r kapa\u011f\u0131, montaj klipsleri ve u\u00e7 kapaklar ile birlikte gelir ve h\u0131zl\u0131 bir \u015fekilde profesyonel bir g\u00f6r\u00fcn\u00fcm elde edebilirsiniz.<\/p>\n<\/div><\/div>\n\n\n\n<div class=\"wp-block-group has-background\" style=\"background-color:#f2f2f2f2;padding-top:var(--wp--preset--spacing--80);padding-bottom:var(--wp--preset--spacing--80)\"><div class=\"wp-block-group__inner-container is-layout-constrained wp-block-group-is-layout-constrained\">\n<div class=\"wp-block-group is-vertical is-layout-flex wp-container-core-group-is-layout-8cf370e7 wp-block-group-is-layout-flex\">\n<h2 class=\"wp-block-heading\" style=\"padding-top:var(--wp--preset--spacing--40);padding-bottom:var(--wp--preset--spacing--40);font-size:25px;font-style:normal;font-weight:600;text-transform:capitalize\">Ana \u00d6zellikler<\/h2>\n\n\n\n<ul class=\"wp-block-list\">\n<li>\u00c7ok ince tasar\u0131m: Sadece 25mm geni\u015fli\u011finde ve 6mm y\u00fcksekli\u011finde, bu nedenle k\u00fc\u00e7\u00fck alanlara s\u0131\u011fabilir.<\/li>\n\n\n\n<li>10mm LED \u015feritlerle \u00e7al\u0131\u015f\u0131r, \u00f6rne\u011fin 5050, 2835 ve Philips Hue \u015feridi.<\/li>\n\n\n\n<li>LED'lerin a\u015f\u0131r\u0131 \u0131s\u0131nmas\u0131n\u0131 \u00f6nleyen al\u00fcminyum \u0131s\u0131 yay\u0131c\u0131s\u0131na sahiptir.&nbsp;<\/li>\n\n\n\n<li>Parlama olmadan d\u00fczg\u00fcn bir \u0131\u015f\u0131k hatt\u0131 sa\u011flamak i\u00e7in opal dif\u00fcz\u00f6r i\u00e7erir.<\/li>\n\n\n\n<li>Kolay kurulum i\u00e7in klipsler, dif\u00fcz\u00f6r kapaklar\u0131 ve u\u00e7 kapaklarla birlikte gelir.<\/li>\n<\/ul>\n<\/div>\n<\/div><\/div>\n\n\n\n<div class=\"wp-block-group\" style=\"padding-top:var(--wp--preset--spacing--80);padding-bottom:var(--wp--preset--spacing--80)\"><div class=\"wp-block-group__inner-container is-layout-constrained wp-block-group-is-layout-constrained\">\n<div class=\"wp-block-media-text has-media-on-the-right is-stacked-on-mobile\" style=\"padding-top:0;padding-bottom:0;grid-template-columns:auto 40%\"><div class=\"wp-block-media-text__content\">\n<h2 class=\"wp-block-heading\" style=\"font-size:25px;font-style:normal;font-weight:600;text-transform:capitalize\">Nas\u0131l Kullan\u0131l\u0131r<\/h2>\n\n\n\n<ul class=\"wp-block-list\">\n<li>Metal montaj klipslerini y\u00fczeye yerle\u015ftirin.<\/li>\n\n\n\n<li>Al\u00fcminyum kanal\u0131 klipslerin i\u00e7ine yerle\u015ftirin.<\/li>\n\n\n\n<li>10mm LED \u015feridinizi kanalda yerle\u015ftirin.<\/li>\n\n\n\n<li>Opal dif\u00fcz\u00f6r kapa\u011f\u0131n\u0131 tak\u0131n.<\/li>\n\n\n\n<li>Kenarlar\u0131 tamamlamak ve d\u00fczg\u00fcn g\u00f6r\u00fcnmesini sa\u011flamak i\u00e7in u\u00e7 kapaklar\u0131 kullan\u0131n.<\/li>\n<\/ul>\n<\/div><figure class=\"wp-block-media-text__media\"><img loading=\"lazy\" decoding=\"async\" width=\"500\" height=\"500\" src=\"https:\/\/tangooled.com\/wp-content\/uploads\/2026\/01\/fp05-ins.webp\" alt=\"10mm LED \u015ferit \u0131\u015f\u0131k i\u00e7in 25x6mm d\u00fc\u015f\u00fck profilli LED \u015ferit kanal\u0131\" class=\"wp-image-44693 size-full\" srcset=\"https:\/\/tangooled.com\/wp-content\/uploads\/2026\/01\/fp05-ins.webp 500w, https:\/\/tangooled.com\/wp-content\/uploads\/2026\/01\/fp05-ins-300x300.webp 300w, https:\/\/tangooled.com\/wp-content\/uploads\/2026\/01\/fp05-ins-150x150.webp 150w\" sizes=\"auto, (max-width: 500px) 100vw, 500px\" \/><\/figure><\/div>\n<\/div><\/div>\n\n\n\n<div class=\"wp-block-group has-background\" style=\"background-color:#f2f2f2;padding-top:var(--wp--preset--spacing--80);padding-bottom:var(--wp--preset--spacing--80)\"><div class=\"wp-block-group__inner-container is-layout-constrained wp-block-group-is-layout-constrained\">\n<h2 class=\"wp-block-heading\" style=\"padding-top:var(--wp--preset--spacing--40);padding-bottom:var(--wp--preset--spacing--40);font-size:25px;font-style:normal;font-weight:600;text-transform:capitalize\">Kitinizde Neler Var?<\/h2>\n\n\n\n<ul class=\"wp-block-list\">\n<li>Bir par\u00e7a al\u00fcminyum d\u00fc\u015f\u00fck profil kanal\u0131&nbsp;<\/li>\n\n\n\n<li>Bir par\u00e7a opal dif\u00fcz\u00f6r kapa\u011f\u0131<\/li>\n\n\n\n<li>\u0130ki metal montaj klipsi&nbsp;<\/li>\n\n\n\n<li>\u0130ki u\u00e7 kapak (bir delikli ve bir d\u00fcz)<\/li>\n<\/ul>\n\n\n\n<p>Bu hepsi bir arada kit, h\u0131zl\u0131 bir \u015fekilde kurulumu sa\u011flamak ve ekstra par\u00e7a olmadan d\u00fczg\u00fcn bir biti\u015f elde etmek i\u00e7in ihtiyac\u0131n\u0131z olan her \u015feyi i\u00e7erir.<\/p>\n<\/div><\/div>\n\n\n\n<div class=\"wp-block-group\" style=\"padding-top:var(--wp--preset--spacing--80);padding-bottom:var(--wp--preset--spacing--80)\"><div class=\"wp-block-group__inner-container is-layout-constrained wp-block-group-is-layout-constrained\">\n<h2 class=\"wp-block-heading\" style=\"padding-top:var(--wp--preset--spacing--40);padding-bottom:var(--wp--preset--spacing--40);font-size:25px;font-style:normal;font-weight:600;text-transform:capitalize\">Projeniz i\u00e7in Kurulum Fikirleri<\/h2>\n\n\n\n<p>D\u00fc\u015f\u00fck profil LED \u015ferit kanal\u0131m\u0131z bir\u00e7ok yerde iyi \u00e7al\u0131\u015f\u0131r:<\/p>\n\n\n\n<ul class=\"wp-block-list\">\n<li>Mutfak dolaplar\u0131n\u0131n alt\u0131nda: Pi\u015firme i\u00e7in s\u00fcrekli, g\u00fc\u00e7l\u00fc \u0131\u015f\u0131k verir.<\/li>\n\n\n\n<li>Dolaplar ve raflarda: Eri\u015filmesi ve temizlenmesi kolay \u0131\u015f\u0131k, ula\u015fmas\u0131 zor alanlar i\u00e7in.<\/li>\n\n\n\n<li>Sergi vitrinleri ve raflar: Ma\u011fazalar\u0131 veya evleri ayd\u0131nlatmak i\u00e7in harika.<\/li>\n\n\n\n<li>Kovuk ve mimari ayd\u0131nlatma: Tavanlar\u0131 ve duvarlar\u0131 modern g\u00f6sterir.<\/li>\n<\/ul>\n<\/div><\/div>\n\n\n\n<div class=\"wp-block-group has-background\" style=\"background-color:#f2f2f2f2;padding-top:var(--wp--preset--spacing--80);padding-bottom:var(--wp--preset--spacing--80)\"><div class=\"wp-block-group__inner-container is-layout-constrained wp-block-group-is-layout-constrained\">\n<h2 class=\"wp-block-heading\" style=\"font-size:25px;font-style:normal;font-weight:600\">Be\u011fenebilece\u011finiz \u0130lgili \u00dcr\u00fcnler<\/h2>\n\n\n\n<ul class=\"wp-block-list\">\n<li>Daha koyu bir g\u00f6r\u00fcn\u00fcm i\u00e7in, g\u00f6z at\u0131n <a href=\"https:\/\/tangooled.com\/tr\/urun\/black-led-profile-with-black-diffuser-for-10mm-led-strip-light\/\"><mark style=\"background-color:rgba(0, 0, 0, 0)\" class=\"has-inline-color has-vivid-red-color\">10mm LED \u015ferit \u0131\u015f\u0131k i\u00e7in siyah dif\u00fcz\u00f6rl\u00fc siyah LED profili<\/mark><\/a>.<\/li>\n\n\n\n<li>Daha geni\u015f \u015feritler i\u00e7in bir kana m\u0131 ihtiyac\u0131n\u0131z var? \u015euna bak\u0131n <a href=\"https:\/\/tangooled.com\/tr\/urun\/black-led-diffuser-aluminum-channel-for-12mm-tape-lights\/\"><mark style=\"background-color:rgba(0, 0, 0, 0)\" class=\"has-inline-color has-vivid-red-color\">12 mm bant \u0131\u015f\u0131klar\u0131 i\u00e7in siyah LED dif\u00f6re al\u00fcminyum kanal<\/mark><\/a>.<\/li>\n\n\n\n<li>Benzer stil ve boyut i\u00e7in deneyin <a href=\"https:\/\/tangooled.com\/tr\/urun\/surface-mount-led-profile-with-frosted-diffuser-for-10mm-rope-lights\/\"><mark style=\"background-color:rgba(0, 0, 0, 0)\" class=\"has-inline-color has-vivid-red-color\">10 mm iplikler i\u00e7in mat dif\u00f6re sahip y\u00fczeye montaj LED profili <\/mark><\/a>for similar style and size<\/li>\n<\/ul>\n<\/div><\/div>\n\n\n\n<p><\/p>","protected":false},"featured_media":13304,"template":"","meta":{"_acf_changed":true,"_seopress_robots_primary_cat":"none","_seopress_titles_title":"25x6mm Aluminum Low Profile LED Channel for 10mm Strips | TANGOOLED","_seopress_titles_desc":"The FP05 is a 25x6mm low profile LED channel designed for 10mm LED strips. Its ultra-slim aluminum design is perfect for surface-mounted lighting with a minimalist look.","_seopress_robots_index":""},"pcb-width":[228],"product-cat":[192],"class_list":{"0":"post-44692","1":"product","2":"type-product","3":"status-publish","4":"has-post-thumbnail","6":"pcb-width-6-12mm","7":"product-cat-surface-led-profile"},"acf":[],"_links":{"self":[{"href":"https:\/\/tangooled.com\/tr\/wp-json\/wp\/v2\/product\/44692","targetHints":{"allow":["GET"]}}],"collection":[{"href":"https:\/\/tangooled.com\/tr\/wp-json\/wp\/v2\/product"}],"about":[{"href":"https:\/\/tangooled.com\/tr\/wp-json\/wp\/v2\/types\/product"}],"wp:featuredmedia":[{"embeddable":true,"href":"https:\/\/tangooled.com\/tr\/wp-json\/wp\/v2\/media\/13304"}],"wp:attachment":[{"href":"https:\/\/tangooled.com\/tr\/wp-json\/wp\/v2\/media?parent=44692"}],"wp:term":[{"taxonomy":"pcb-width","embeddable":true,"href":"https:\/\/tangooled.com\/tr\/wp-json\/wp\/v2\/pcb-width?post=44692"},{"taxonomy":"product-cat","embeddable":true,"href":"https:\/\/tangooled.com\/tr\/wp-json\/wp\/v2\/product-cat?post=44692"}],"curies":[{"name":"wp","href":"https:\/\/api.w.org\/{rel}","templated":true}]}}