{"id":44689,"date":"2026-01-03T01:56:11","date_gmt":"2026-01-03T09:56:11","guid":{"rendered":"https:\/\/tangooled.com\/?post_type=product&#038;p=44689"},"modified":"2026-01-29T17:46:02","modified_gmt":"2026-01-30T01:46:02","slug":"led-light-diffuser-channel-aluminum-15x12mm-for-10mm-led-strips","status":"publish","type":"product","link":"https:\/\/tangooled.com\/tr\/urun\/led-light-diffuser-channel-aluminum-15x12mm-for-10mm-led-strips\/","title":{"rendered":"10mm LED \u015feritler i\u00e7in 15x12mm al\u00fcminyum LED \u0131\u015f\u0131k dif\u00fcz\u00f6r kanal\u0131"},"content":{"rendered":"<div class=\"wp-block-group\" style=\"padding-top:var(--wp--preset--spacing--80);padding-bottom:var(--wp--preset--spacing--80)\"><div class=\"wp-block-group__inner-container is-layout-constrained wp-block-group-is-layout-constrained\">\n<p>Temiz ve noktas\u0131 olmayan LED ayd\u0131nlatma istiyorsan\u0131z, 15x12mm LED \u0131\u015f\u0131k dif\u00fcz\u00f6r kanal\u0131m\u0131z ideal se\u00e7imdir. Bu kanal, dayan\u0131kl\u0131 anodize al\u00fcminyum ekstr\u00fczyondan yap\u0131lm\u0131\u015ft\u0131r ve bir polikarbonat opal dif\u00fcz\u00f6r ile gelir. Profesyonel bir g\u00f6r\u00fcn\u00fcm ve LED noktalar\u0131 olmadan e\u015fit \u0131\u015f\u0131k da\u011f\u0131l\u0131m\u0131 sa\u011flar. 10mm geni\u015fli\u011finde SMD2835 ve COB LED \u015feritler gibi en tipik LED \u015feritler bu 15x12mm LED \u0131\u015f\u0131k dif\u00fcz\u00f6r kanal\u0131na m\u00fckemmel \u015fekilde uyum sa\u011flar.&nbsp;<\/p>\n<\/div><\/div>\n\n\n\n<div class=\"wp-block-group has-background\" style=\"background-color:#f2f2f2f2;padding-top:var(--wp--preset--spacing--80);padding-bottom:var(--wp--preset--spacing--80)\"><div class=\"wp-block-group__inner-container is-layout-constrained wp-block-group-is-layout-constrained\">\n<div class=\"wp-block-group is-vertical is-layout-flex wp-container-core-group-is-layout-8cf370e7 wp-block-group-is-layout-flex\">\n<h2 class=\"wp-block-heading\" style=\"padding-top:var(--wp--preset--spacing--40);padding-bottom:var(--wp--preset--spacing--40);font-size:25px;font-style:normal;font-weight:600;text-transform:capitalize\">Neden 15x12mm LED I\u015f\u0131k Dif\u00fcz\u00f6r Kanal\u0131m\u0131z\u0131 Se\u00e7melisiniz?<\/h2>\n\n\n\n<ul class=\"wp-block-list\">\n<li>Noktas\u0131 Olmayan Ayd\u0131nlatma: Opal dif\u00fcz\u00f6r kapa\u011f\u0131, \u0131\u015f\u0131\u011f\u0131 yumu\u015fat\u0131r ve LED \u00e7ipleri gizler, size d\u00fczg\u00fcn ve e\u015fit bir par\u0131lt\u0131 sunar.<\/li>\n\n\n\n<li>M\u00fckemmel Is\u0131 Da\u011f\u0131l\u0131m\u0131: Anodize al\u00fcminyum 6063-T5'ten yap\u0131lm\u0131\u015f olup, LED \u015feridin \u0131s\u0131s\u0131n\u0131 \u00e7eker ve so\u011fuk tutarak daha uzun \u00f6m\u00fcrl\u00fc olmas\u0131n\u0131 sa\u011flar.<\/li>\n\n\n\n<li>LED \u015eeridinizi Korur: I\u015f\u0131klar\u0131 toz, nem ve fiziksel zararlardan korur.<\/li>\n\n\n\n<li>Kurulumu Kolay: U\u00e7 kapaklar\u0131, montaj klipsleri ve kolay kurulum i\u00e7in tak\u0131lan bir kapak ile gelir.<\/li>\n\n\n\n<li>Zarif Profil: \u0130nce 15x12mm al\u00fcminyum profili, \u0131\u015f\u0131\u011f\u0131n kalitesini etkilemeden dar alanlarda m\u00fckemmel bir \u015fekilde s\u0131\u011far.<\/li>\n\n\n\n<li>Esnek Montaj: Y\u00fczeye veya bir duvara ya da mobilya par\u00e7as\u0131na monte edilebilir, modern ve basit tasar\u0131mlar i\u00e7in harikad\u0131r.<\/li>\n<\/ul>\n<\/div>\n<\/div><\/div>\n\n\n\n<div class=\"wp-block-group\" style=\"padding-top:var(--wp--preset--spacing--80);padding-bottom:var(--wp--preset--spacing--80)\"><div class=\"wp-block-group__inner-container is-layout-constrained wp-block-group-is-layout-constrained\">\n<div class=\"wp-block-media-text has-media-on-the-right is-stacked-on-mobile\" style=\"padding-top:0;padding-bottom:0;grid-template-columns:auto 40%\"><div class=\"wp-block-media-text__content\">\n<h2 class=\"wp-block-heading\" style=\"font-size:25px;font-style:normal;font-weight:600;text-transform:capitalize\">Kurulum &amp; Uyumluluk<\/h2>\n\n\n\n<ul class=\"wp-block-list\">\n<li>10mm geni\u015fli\u011findeki t\u00fcm standart \u015ferit \u0131\u015f\u0131klarla uyumludur, bunlara SMD 3528, 5050 ve COB LED \u015feritleri de dahildir.<\/li>\n\n\n\n<li>Montaj Nas\u0131l Yap\u0131l\u0131r: Dahil edilen klipsli kapaklar\u0131 ve montaj braketlerini kullan\u0131n. Y\u00fczey montaj\u0131 veya trimsiz LED kanal d\u00fczenleri i\u00e7in girintili oluklarda iyi \u00e7al\u0131\u015f\u0131r.<\/li>\n\n\n\n<li>I\u015f\u0131k Da\u011f\u0131t\u0131m\u0131: Noktas\u0131z LED ayd\u0131nlatma i\u00e7in, bu kanal ile y\u00fcksek yo\u011funluklu LED \u015feritleri (120+ LED\/m) kullan\u0131n.<\/li>\n\n\n\n<li>Dahil Olan Aksesuarlar: Profili kapatmak i\u00e7in uyumlu u\u00e7 kapaklar i\u00e7erir; bir kapak, kablo y\u00f6netimi i\u00e7in \u00f6nceden delik a\u00e7\u0131lm\u0131\u015ft\u0131r.<\/li>\n<\/ul>\n<\/div><figure class=\"wp-block-media-text__media\"><img loading=\"lazy\" decoding=\"async\" width=\"500\" height=\"500\" src=\"https:\/\/tangooled.com\/wp-content\/uploads\/2026\/01\/ifp04-ins.webp\" alt=\"10mm LED \u015feritler i\u00e7in 15x12mm al\u00fcminyum LED \u0131\u015f\u0131k dif\u00fcz\u00f6r kanal\u0131\" class=\"wp-image-44690 size-full\" srcset=\"https:\/\/tangooled.com\/wp-content\/uploads\/2026\/01\/ifp04-ins.webp 500w, https:\/\/tangooled.com\/wp-content\/uploads\/2026\/01\/ifp04-ins-300x300.webp 300w, https:\/\/tangooled.com\/wp-content\/uploads\/2026\/01\/ifp04-ins-150x150.webp 150w\" sizes=\"auto, (max-width: 500px) 100vw, 500px\" \/><\/figure><\/div>\n<\/div><\/div>\n\n\n\n<div class=\"wp-block-group has-background\" style=\"background-color:#f2f2f2;padding-top:var(--wp--preset--spacing--80);padding-bottom:var(--wp--preset--spacing--80)\"><div class=\"wp-block-group__inner-container is-layout-constrained wp-block-group-is-layout-constrained\">\n<h2 class=\"wp-block-heading\" style=\"padding-top:var(--wp--preset--spacing--40);padding-bottom:var(--wp--preset--spacing--40);font-size:25px;font-style:normal;font-weight:600;text-transform:capitalize\">15x12mm LED I\u015f\u0131k Dif\u00fcz\u00f6r Kanal\u0131m\u0131z \u0130\u00e7in \u0130deal Kullan\u0131m Alanlar\u0131<\/h2>\n\n\n\n<p>Kanal\u0131m\u0131z, bir\u00e7ok ayd\u0131nlatma g\u00f6revi i\u00e7in harikad\u0131r, bunlar aras\u0131nda:<\/p>\n\n\n\n<ul class=\"wp-block-list\">\n<li>Evler ve i\u015f yerlerinde duvardan \u00e7\u0131kan vurgu ayd\u0131nlatmas\u0131.<\/li>\n\n\n\n<li>Dolaplar alt\u0131nda ve mutfakta e\u015fit ayd\u0131nlatma.<\/li>\n\n\n\n<li>\u00dcr\u00fcnleri parlatan ma\u011faza vitrin ayd\u0131nlatmas\u0131.<\/li>\n\n\n\n<li>\u0130\u015f yerlerindeki cove ve tavan vurgu ayd\u0131nlatmas\u0131.<\/li>\n\n\n\n<li>G\u00fczel ve temiz g\u00f6r\u00fcnen g\u00f6mme dolap ve k\u0131yafet ayd\u0131nlatmas\u0131.<\/li>\n\n\n\n<li>P\u00fcr\u00fczs\u00fcz bir y\u00fczey biti\u015fine ihtiya\u00e7 duyan mimari ayd\u0131nlatma profilleri.<\/li>\n\n\n\n<li>G\u00fczel, g\u00f6mme bir g\u00f6r\u00fcn\u00fcm veren raf ve ah\u015fap i\u015f\u00e7ilik ayd\u0131nlatmas\u0131.<\/li>\n<\/ul>\n<\/div><\/div>\n\n\n\n<div class=\"wp-block-group\" style=\"padding-top:var(--wp--preset--spacing--80);padding-bottom:var(--wp--preset--spacing--80)\"><div class=\"wp-block-group__inner-container is-layout-constrained wp-block-group-is-layout-constrained\">\n<h2 class=\"wp-block-heading\" style=\"padding-top:var(--wp--preset--spacing--40);padding-bottom:var(--wp--preset--spacing--40);font-size:25px;font-style:normal;font-weight:600;text-transform:capitalize\">\u0130lginizi \u00e7ekebilecek ilgili \u00fcr\u00fcnler:<\/h2>\n\n\n\n<ul class=\"wp-block-list\">\n<li><a href=\"https:\/\/tangooled.com\/tr\/urun\/black-led-diffuser-aluminum-channel-for-12mm-tape-lights\/\"><mark style=\"background-color:rgba(0, 0, 0, 0)\" class=\"has-inline-color has-vivid-red-color\">12 mm bant i\u015f\u0131klar\u0131 i\u00e7in siyah LED dif\u00fcz\u00f6r al\u00fcminyum kanal\u0131<\/mark><\/a><\/li>\n\n\n\n<li><a href=\"https:\/\/tangooled.com\/tr\/urun\/surface-mount-led-profile-with-frosted-diffuser-for-10mm-rope-lights\/\"><mark style=\"background-color:rgba(0, 0, 0, 0)\" class=\"has-inline-color has-vivid-red-color\">10 mm kablo \u0131\u015f\u0131klar\u0131 i\u00e7in frosted dif\u00fcz\u00f6rl\u00fc y\u00fczey montaj LED profili<\/mark><\/a><\/li>\n\n\n\n<li><a href=\"https:\/\/tangooled.com\/tr\/urun\/led-light-diffuser-channel-aluminum-15x12mm-for-10mm-led-strips\/\"><mark style=\"background-color:rgba(0, 0, 0, 0)\" class=\"has-inline-color has-vivid-red-color\">10mm LED \u015feritler i\u00e7in 15x12mm al\u00fcminyum LED \u0131\u015f\u0131k dif\u00fcz\u00f6r kanal\u0131<\/mark><\/a><\/li>\n<\/ul>\n<\/div><\/div>\n\n\n\n<div class=\"wp-block-group has-background\" style=\"background-color:#f2f2f2f2;padding-top:var(--wp--preset--spacing--80);padding-bottom:var(--wp--preset--spacing--80)\"><div class=\"wp-block-group__inner-container is-layout-constrained wp-block-group-is-layout-constrained\">\n<h2 class=\"wp-block-heading\" style=\"padding-top:var(--wp--preset--spacing--40);padding-bottom:var(--wp--preset--spacing--40);font-size:25px;font-style:normal;font-weight:600\">\u00d6zet<\/h2>\n\n\n\n<p style=\"padding-right:var(--wp--preset--spacing--50);padding-left:var(--wp--preset--spacing--50)\">The 15x12mm LED light diffuser channel is a sleek, durable, and adaptable aluminum profile that will enhance the appearance of any lighting project. Not only does this linear lighting solution protect your LED strips from dust and damage, but it also ensures they remain functional for a long time by letting heat escape easily. It\u00a0is great for use as an under-cabinet light channel and retail shelf lighting.<\/p>\n<\/div><\/div>\n\n\n\n<p><\/p>","protected":false},"featured_media":13322,"template":"","meta":{"_acf_changed":true,"_seopress_robots_primary_cat":"none","_seopress_titles_title":"Aluminum LED Light Diffuser Channel 15x12mm | TANGOOLED","_seopress_titles_desc":"Source the IFP04 LED light diffuser channel in a 15x12mm size. This aluminum profile fits 10mm strips, providing a clean look and high-quality heat dissipation.","_seopress_robots_index":""},"pcb-width":[228],"product-cat":[192],"class_list":{"0":"post-44689","1":"product","2":"type-product","3":"status-publish","4":"has-post-thumbnail","6":"pcb-width-6-12mm","7":"product-cat-surface-led-profile"},"acf":[],"_links":{"self":[{"href":"https:\/\/tangooled.com\/tr\/wp-json\/wp\/v2\/product\/44689","targetHints":{"allow":["GET"]}}],"collection":[{"href":"https:\/\/tangooled.com\/tr\/wp-json\/wp\/v2\/product"}],"about":[{"href":"https:\/\/tangooled.com\/tr\/wp-json\/wp\/v2\/types\/product"}],"wp:featuredmedia":[{"embeddable":true,"href":"https:\/\/tangooled.com\/tr\/wp-json\/wp\/v2\/media\/13322"}],"wp:attachment":[{"href":"https:\/\/tangooled.com\/tr\/wp-json\/wp\/v2\/media?parent=44689"}],"wp:term":[{"taxonomy":"pcb-width","embeddable":true,"href":"https:\/\/tangooled.com\/tr\/wp-json\/wp\/v2\/pcb-width?post=44689"},{"taxonomy":"product-cat","embeddable":true,"href":"https:\/\/tangooled.com\/tr\/wp-json\/wp\/v2\/product-cat?post=44689"}],"curies":[{"name":"wp","href":"https:\/\/api.w.org\/{rel}","templated":true}]}}