{"id":44685,"date":"2026-01-03T01:51:51","date_gmt":"2026-01-03T09:51:51","guid":{"rendered":"https:\/\/tangooled.com\/?post_type=product&#038;p=44685"},"modified":"2026-01-29T22:32:27","modified_gmt":"2026-01-30T06:32:27","slug":"black-aluminum-u-channel-profile-for-10mm-led-strips","status":"publish","type":"product","link":"https:\/\/tangooled.com\/tr\/urun\/black-aluminum-u-channel-profile-for-10mm-led-strips\/","title":{"rendered":"10mm LED \u015feritler i\u00e7in siyah al\u00fcminyum U profili"},"content":{"rendered":"<div class=\"wp-block-group\" style=\"padding-top:var(--wp--preset--spacing--80);padding-bottom:var(--wp--preset--spacing--80)\"><div class=\"wp-block-group__inner-container is-layout-constrained wp-block-group-is-layout-constrained\">\n<p>IFP03 siyah al\u00fcminyum U profili 10mm LED \u015feritleriniz i\u00e7in tasarland\u0131. Bu siyah, U bi\u00e7imindeki al\u00fcminyum ray, \u0131\u015f\u0131klar\u0131n\u0131z\u0131 toz, kir ve hasardan korurken \u0131s\u0131n\u0131n da\u011f\u0131t\u0131lmas\u0131na yard\u0131mc\u0131 olarak LED'lerinizin daha uzun \u00f6m\u00fcrl\u00fc olmas\u0131n\u0131 sa\u011flar. Y\u00fczeye monte tasar\u0131m\u0131, duvarlar, raflar veya dolaplar gibi d\u00fcz alanlara do\u011frudan kurulumunu kolayla\u015ft\u0131r\u0131r. Bu siyah LED kanal\u0131, ev veya ofis projeleriniz i\u00e7in d\u00fczenli, parlak ve p\u00fcr\u00fczs\u00fcz bir \u0131\u015f\u0131k isteyen herkes i\u00e7in m\u00fckemmel bir se\u00e7imdir.<\/p>\n<\/div><\/div>\n\n\n\n<div class=\"wp-block-group has-background\" style=\"background-color:#f2f2f2f2;padding-top:var(--wp--preset--spacing--80);padding-bottom:var(--wp--preset--spacing--80)\"><div class=\"wp-block-group__inner-container is-layout-constrained wp-block-group-is-layout-constrained\">\n<div class=\"wp-block-group is-vertical is-layout-flex wp-container-core-group-is-layout-8cf370e7 wp-block-group-is-layout-flex\">\n<h2 class=\"wp-block-heading\" style=\"padding-top:var(--wp--preset--spacing--40);padding-bottom:var(--wp--preset--spacing--40);font-size:25px;font-style:normal;font-weight:600;text-transform:capitalize\">Neden LED Siyah Al\u00fcminyum U Profilimizi Kullanmal\u0131s\u0131n\u0131z?<\/h2>\n\n\n\n<ul class=\"wp-block-list\">\n<li>\u015eekil: Kanal, zarif ve \u015f\u0131k bir U bi\u00e7iminde tasar\u0131ma sahiptir. D\u00fc\u015f\u00fck profilli tasar\u0131m\u0131, herhangi bir modern mimari tarzla uyumlu temiz ve basit \u0131\u015f\u0131k hatlar\u0131 olu\u015fturur.<\/li>\n\n\n\n<li>Malzeme ve Y\u00fczey: Y\u00fcksek kaliteli siyah anodize y\u00fczeye sahip ekstr\u00fcde 6063 al\u00fcminyum ala\u015f\u0131m\u0131ndan yap\u0131lm\u0131\u015ft\u0131r. Bu m\u00fckemmel \u0131s\u0131 da\u011f\u0131l\u0131m\u0131 sa\u011flar ve LED'lerin \u00f6mr\u00fcn\u00fc uzat\u0131r.<\/li>\n\n\n\n<li>Y\u00fczey Se\u00e7enekleri: Siyah\u0131n yan\u0131 s\u0131ra, bu kanal beyaz ve g\u00fcm\u00fc\u015f renk se\u00e7enekleriyle de mevcuttur, b\u00f6ylece her t\u00fcrl\u00fc dekoru tamamlayabilirsiniz.<\/li>\n\n\n\n<li>Uyumluluk: 10mm geni\u015fli\u011fe kadar olan \u00e7o\u011fu LED \u015ferit \u0131\u015f\u0131k ile \u00e7al\u0131\u015f\u0131r.<\/li>\n\n\n\n<li>Tam Aksesuar Kiti: Her kanal, h\u0131zl\u0131 ve kolay bir kurulum i\u00e7in uyumlu u\u00e7 kapaklar\u0131 ve montaj klipsleriyle birlikte gelir.<\/li>\n<\/ul>\n<\/div>\n<\/div><\/div>\n\n\n\n<div class=\"wp-block-group\" style=\"padding-top:var(--wp--preset--spacing--80);padding-bottom:var(--wp--preset--spacing--80)\"><div class=\"wp-block-group__inner-container is-layout-constrained wp-block-group-is-layout-constrained\">\n<div class=\"wp-block-media-text has-media-on-the-right is-stacked-on-mobile\" style=\"padding-top:0;padding-bottom:0;grid-template-columns:auto 40%\"><div class=\"wp-block-media-text__content\">\n<h2 class=\"wp-block-heading\" style=\"font-size:25px;font-style:normal;font-weight:600;text-transform:capitalize\">Kolayca Nas\u0131l Kurulur<\/h2>\n\n\n\n<ul class=\"wp-block-list\">\n<li>Siyah al\u00fcminyum U kanal\u0131n\u0131 uygun uzunlu\u011fa kesin.<\/li>\n\n\n\n<li>Y\u00fczey kanal\u0131n\u0131 yerinde tutmak i\u00e7in vida veya montaj klipsleri kullan\u0131n.<\/li>\n\n\n\n<li>10mm geni\u015fli\u011findeki LED \u015feridinizi kanala yerle\u015ftirin.<\/li>\n\n\n\n<li>I\u015f\u0131\u011f\u0131 yumu\u015fak hale getirmek ve yaymak i\u00e7in dif\u00fcz\u00f6r kapa\u011f\u0131n\u0131 tak\u0131n.<\/li>\n\n\n\n<li>G\u00f6r\u00fcn\u00fcm\u00fc tamamlamak ve kablolar\u0131 korumak i\u00e7in u\u00e7 kapaklar\u0131 tak\u0131n.<\/li>\n<\/ul>\n<\/div><figure class=\"wp-block-media-text__media\"><img loading=\"lazy\" decoding=\"async\" width=\"500\" height=\"500\" src=\"https:\/\/tangooled.com\/wp-content\/uploads\/2026\/01\/ifp03-ins.webp\" alt=\"10mm LED \u015feritler i\u00e7in siyah al\u00fcminyum U profili\" class=\"wp-image-44687 size-full\" srcset=\"https:\/\/tangooled.com\/wp-content\/uploads\/2026\/01\/ifp03-ins.webp 500w, https:\/\/tangooled.com\/wp-content\/uploads\/2026\/01\/ifp03-ins-300x300.webp 300w, https:\/\/tangooled.com\/wp-content\/uploads\/2026\/01\/ifp03-ins-150x150.webp 150w\" sizes=\"auto, (max-width: 500px) 100vw, 500px\" \/><\/figure><\/div>\n<\/div><\/div>\n\n\n\n<div class=\"wp-block-group has-background\" style=\"background-color:#f2f2f2;padding-top:var(--wp--preset--spacing--80);padding-bottom:var(--wp--preset--spacing--80)\"><div class=\"wp-block-group__inner-container is-layout-constrained wp-block-group-is-layout-constrained\">\n<h2 class=\"wp-block-heading\" style=\"padding-top:var(--wp--preset--spacing--40);padding-bottom:var(--wp--preset--spacing--40);font-size:25px;font-style:normal;font-weight:600;text-transform:capitalize\">Nerelerde Kullan\u0131l\u0131r?<\/h2>\n\n\n\n<p>Siyah al\u00fcminyum U kanal\u0131m\u0131z bir\u00e7ok farkl\u0131 ayd\u0131nlatma yerinde kullan\u0131labilir! \u0130\u015fte baz\u0131 \u00f6neriler:<\/p>\n\n\n\n<ul class=\"wp-block-list\">\n<li>Dolap alt\u0131 ayd\u0131nlatmas\u0131: Mutfak veya ofisi daha ayd\u0131nl\u0131k hale getirin ve temiz tutun.<\/li>\n\n\n\n<li>K\u00f6\u015fe ayd\u0131nlatmas\u0131: Duvarlar\u0131 veya tavanlar\u0131 nazik bir \u015fekilde ayd\u0131nlat\u0131n.<\/li>\n\n\n\n<li>Raf ayd\u0131nlatmas\u0131: Kitaplar\u0131 veya di\u011fer e\u015fyalar\u0131 vurgulamak i\u00e7in ayd\u0131nlat\u0131n.<\/li>\n\n\n\n<li>Lights in the closet and wardrobe:\u00a0 Make it easy to\u00a0find things.<\/li>\n\n\n\n<li>Sergi vitrinleri: En sevdi\u011finiz e\u015fyalar\u0131 g\u00fcvenli ve iyi ayd\u0131nlat\u0131lm\u0131\u015f tutun.<\/li>\n<\/ul>\n<\/div><\/div>\n\n\n\n<div class=\"wp-block-group\" style=\"padding-top:var(--wp--preset--spacing--80);padding-bottom:var(--wp--preset--spacing--80)\"><div class=\"wp-block-group__inner-container is-layout-constrained wp-block-group-is-layout-constrained\">\n<h2 class=\"wp-block-heading\" style=\"padding-top:var(--wp--preset--spacing--40);padding-bottom:var(--wp--preset--spacing--40);font-size:25px;font-style:normal;font-weight:600;text-transform:capitalize\">what&#8217;s in a kit?<\/h2>\n\n\n\n<ul class=\"wp-block-list\">\n<li>1 x Siyah al\u00fcminyum U kanal<\/li>\n\n\n\n<li>1 x Opal frosted dif\u00fcz\u00f6r<\/li>\n\n\n\n<li>2 U\u00e7 kapa\u011f\u0131 <\/li>\n\n\n\n<li>2 Montaj klipsi <\/li>\n<\/ul>\n<\/div><\/div>\n\n\n\n<div class=\"wp-block-group has-background\" style=\"background-color:#f2f2f2f2;padding-top:var(--wp--preset--spacing--80);padding-bottom:var(--wp--preset--spacing--80)\"><div class=\"wp-block-group__inner-container is-layout-constrained wp-block-group-is-layout-constrained\">\n<h2 class=\"wp-block-heading\" style=\"font-size:25px;font-style:normal;font-weight:600\">\u0130lgili LED Profilleri Be\u011fenebilirsiniz<\/h2>\n\n\n\n<ul class=\"wp-block-list\">\n<li>G\u00f6z at\u0131n <a href=\"https:\/\/tangooled.com\/tr\/urun\/black-led-profile-with-black-diffuser-for-10mm-led-strip-light\/\"><mark style=\"background-color:rgba(0, 0, 0, 0)\" class=\"has-inline-color has-vivid-red-color\">10mm LED \u015eerit Ayd\u0131nlatma i\u00e7in Siyah Dif\u00fcz\u00f6rl\u00fc Siyah LED Profili <\/mark><\/a>daha fazla stil se\u00e7ene\u011fi i\u00e7in.<\/li>\n\n\n\n<li>Daha geni\u015f bir se\u00e7enek mi ar\u0131yorsunuz? \u015euna bak\u0131n<a href=\"https:\/\/tangooled.com\/tr\/urun\/black-led-diffuser-aluminum-channel-for-12mm-tape-lights\/\"><mark style=\"background-color:rgba(0, 0, 0, 0)\" class=\"has-inline-color has-vivid-red-color\"> 12 mm \u015eerit I\u015f\u0131klar i\u00e7in Siyah LED Dif\u00fcz\u00f6r Al\u00fcminyum Kanal<\/mark><\/a>.<\/li>\n\n\n\n<li>Ke\u015ffet <a href=\"https:\/\/tangooled.com\/tr\/urun\/led-strip-light-channel-aluminum-profile-with-diffused-cover-6mm-height\/\"><mark style=\"background-color:rgba(0, 0, 0, 0)\" class=\"has-inline-color has-vivid-red-color\">Dif\u00fcz\u00f6r Kapakl\u0131 6mm Y\u00fckseklikteki LED \u015eerit I\u015f\u0131k Kanal\u0131 Al\u00fcminyum Profili<\/mark><\/a> \u00c7e\u015fitli Kurulumlar i\u00e7in.<\/li>\n\n\n\n<li>Ultra ince tasar\u0131mlar i\u00e7in, \u015funa g\u00f6z at\u0131n <a href=\"https:\/\/tangooled.com\/tr\/urun\/surface-mount-led-profile-with-frosted-diffuser-for-10mm-rope-lights\/\"><mark style=\"background-color:rgba(0, 0, 0, 0)\" class=\"has-inline-color has-vivid-red-color\">10mm Tel Ayd\u0131nlatmalar\u0131 i\u00e7in Buzlu Dif\u00fcz\u00f6rl\u00fc Y\u00fczeye Montaj LED Profili<\/mark><\/a> ayd\u0131nlatman\u0131z\u0131 uyumlu ve \u015f\u0131k tutmak i\u00e7in.<\/li>\n<\/ul>\n<\/div><\/div>\n\n\n\n<div class=\"wp-block-group\" style=\"padding-top:var(--wp--preset--spacing--80);padding-bottom:var(--wp--preset--spacing--80)\"><div class=\"wp-block-group__inner-container is-layout-constrained wp-block-group-is-layout-constrained\">\n<h2 class=\"wp-block-heading\" style=\"padding-top:var(--wp--preset--spacing--40);padding-bottom:var(--wp--preset--spacing--40);font-size:25px;font-style:normal;font-weight:600;text-transform:capitalize\">\u00d6zet<\/h2>\n\n\n\n<p>Our black aluminum U channel is the best way to\u00a0display\u00a0your 10mm LED profile strips in a clean, safe style. It has a smooth black finish, makes your lights last longer, and covers surface-mount LED strips so they glow evenly. Get the black aluminum U channel profile for 10mm LED strips today and let your project glow with smooth, bright light!<\/p>\n<\/div><\/div>\n\n\n\n<p><\/p>","protected":false},"featured_media":40747,"template":"","meta":{"_acf_changed":true,"_seopress_robots_primary_cat":"none","_seopress_titles_title":"Black Aluminum U Channel for 10mm LED Strips | TANGOOLED","_seopress_titles_desc":"Source the IFP03 black aluminum U channel profile. Perfect for 10mm LED strips, offering a sleek housing and excellent heat dissipation for modern lighting projects.","_seopress_robots_index":""},"pcb-width":[228],"product-cat":[192],"class_list":{"0":"post-44685","1":"product","2":"type-product","3":"status-publish","4":"has-post-thumbnail","6":"pcb-width-6-12mm","7":"product-cat-surface-led-profile"},"acf":[],"_links":{"self":[{"href":"https:\/\/tangooled.com\/tr\/wp-json\/wp\/v2\/product\/44685","targetHints":{"allow":["GET"]}}],"collection":[{"href":"https:\/\/tangooled.com\/tr\/wp-json\/wp\/v2\/product"}],"about":[{"href":"https:\/\/tangooled.com\/tr\/wp-json\/wp\/v2\/types\/product"}],"wp:featuredmedia":[{"embeddable":true,"href":"https:\/\/tangooled.com\/tr\/wp-json\/wp\/v2\/media\/40747"}],"wp:attachment":[{"href":"https:\/\/tangooled.com\/tr\/wp-json\/wp\/v2\/media?parent=44685"}],"wp:term":[{"taxonomy":"pcb-width","embeddable":true,"href":"https:\/\/tangooled.com\/tr\/wp-json\/wp\/v2\/pcb-width?post=44685"},{"taxonomy":"product-cat","embeddable":true,"href":"https:\/\/tangooled.com\/tr\/wp-json\/wp\/v2\/product-cat?post=44685"}],"curies":[{"name":"wp","href":"https:\/\/api.w.org\/{rel}","templated":true}]}}