{"id":44683,"date":"2026-01-03T01:46:21","date_gmt":"2026-01-03T09:46:21","guid":{"rendered":"https:\/\/tangooled.com\/?post_type=product&#038;p=44683"},"modified":"2026-01-31T07:33:26","modified_gmt":"2026-01-31T15:33:26","slug":"surface-mount-led-profile-with-frosted-diffuser-for-10mm-rope-lights","status":"publish","type":"product","link":"https:\/\/tangooled.com\/tr\/urun\/surface-mount-led-profile-with-frosted-diffuser-for-10mm-rope-lights\/","title":{"rendered":"10mm ip lambalar i\u00e7in buzlu dif\u00fcz\u00f6rl\u00fc y\u00fczey montaj led profili"},"content":{"rendered":"<div class=\"wp-block-group\" style=\"padding-top:var(--wp--preset--spacing--80);padding-bottom:var(--wp--preset--spacing--80)\"><div class=\"wp-block-group__inner-container is-layout-constrained wp-block-group-is-layout-constrained\">\n<p>Buzlu dif\u00fcz\u00f6rl\u00fc FP04 y\u00fczey montaj LED profilimiz, LED \u0131\u015f\u0131klar\u0131n\u0131z\u0131 parlak ve p\u00fcr\u00fczs\u00fcz hale getirecek. Bu buzlu dif\u00fcz\u00f6r al\u00fcminyum kanal\u0131, 10mm ip \u0131\u015f\u0131klar ve LED \u015feritler i\u00e7in \u00f6zel olarak tasarlanm\u0131\u015ft\u0131r, b\u00f6ylece lineer ayd\u0131nlatma i\u00e7in s\u0131k\u0131 bir uyum sa\u011flar. Al\u00fcminyum kanaldaki buzlu dif\u00fcz\u00f6r kapa\u011f\u0131, LED \u015feridi korur, \u0131s\u0131n\u0131n daha kolay \u00e7\u0131kmas\u0131na izin verir ve yumu\u015fak, e\u015fit, noktas\u0131z \u0131\u015f\u0131k sa\u011flar. Kurulum basit ve kolayd\u0131r. Onu bir y\u00fczeye monte etmek i\u00e7in klips veya yap\u0131\u015fkan bant kullanabilirsiniz. Profil, tavanlar\u0131, duvarlar\u0131 veya dolaplar\u0131n alt\u0131n\u0131 ayd\u0131nlatmak i\u00e7in m\u00fckemmeldir.<\/p>\n<\/div><\/div>\n\n\n\n<div class=\"wp-block-group has-background\" style=\"background-color:#f2f2f2f2;padding-top:var(--wp--preset--spacing--80);padding-bottom:var(--wp--preset--spacing--80)\"><div class=\"wp-block-group__inner-container is-layout-constrained wp-block-group-is-layout-constrained\">\n<div class=\"wp-block-group is-vertical is-layout-flex wp-container-core-group-is-layout-8cf370e7 wp-block-group-is-layout-flex\">\n<h2 class=\"wp-block-heading\" style=\"padding-top:var(--wp--preset--spacing--40);padding-bottom:var(--wp--preset--spacing--40);font-size:25px;font-style:normal;font-weight:600;text-transform:capitalize\">Neden Buzlu Dif\u00fcz\u00f6rl\u00fc LED Profilimizi Se\u00e7melisiniz?<\/h2>\n\n\n\n<ul class=\"wp-block-list\">\n<li>P\u00fcr\u00fczs\u00fcz, E\u015fit I\u015f\u0131k: Opal (buzlu) dif\u00fcz\u00f6r, LED noktalar\u0131n\u0131n tek bir parlak \u00e7izgi gibi g\u00f6r\u00fcnmesini sa\u011flar.<\/li>\n\n\n\n<li>Sa\u011flam al\u00fcminyum kasa: Anodik al\u00fcminyum g\u00f6vde y\u00fcksek kalitededir ve \u0131s\u0131y\u0131 da\u011f\u0131t\u0131r. LED \u015feritlerinizin serin kalmas\u0131n\u0131 sa\u011flar ve \u00f6mr\u00fcn\u00fc uzat\u0131r.<\/li>\n\n\n\n<li>M\u00fckemmel Uyum: Bu \u00fcr\u00fcn, 10mm geni\u015fli\u011findeki LED \u015feritler ve ip \u0131\u015f\u0131klar i\u00e7in \u00fcretilmi\u015ftir, \u00f6rne\u011fin pop\u00fcler SMD 5050, 2835, 3528 ve COB.<\/li>\n\n\n\n<li>Kolay Montaj: D\u00fcz y\u00fczeylere (duvarlar veya dolaplar\u0131n arkas\u0131na) monte etmeniz i\u00e7in klipsler, vidalar ve u\u00e7 kapaklar\u0131 ile birlikte gelir.<\/li>\n\n\n\n<li>Farkl\u0131 Renkler: Evinizin veya projenizin tarz\u0131n\u0131 tamamlamak i\u00e7in g\u00fcm\u00fc\u015f, siyah veya beyaz kaplamalardan birini se\u00e7ebilirsiniz.<\/li>\n<\/ul>\n<\/div>\n<\/div><\/div>\n\n\n\n<div class=\"wp-block-group\" style=\"padding-top:var(--wp--preset--spacing--80);padding-bottom:var(--wp--preset--spacing--80)\"><div class=\"wp-block-group__inner-container is-layout-constrained wp-block-group-is-layout-constrained\">\n<div class=\"wp-block-media-text has-media-on-the-right is-stacked-on-mobile\" style=\"padding-top:0;padding-bottom:0;grid-template-columns:auto 40%\"><div class=\"wp-block-media-text__content\">\n<h2 class=\"wp-block-heading\" style=\"font-size:25px;font-style:normal;font-weight:600;text-transform:capitalize\">Kolay Kurulum K\u0131lavuzu<\/h2>\n\n\n\n<ul class=\"wp-block-list\">\n<li>Profili istedi\u011finiz uzunlukta kesip \u00f6l\u00e7\u00fcn.<\/li>\n\n\n\n<li>Tavan\u0131n\u0131za, duvar\u0131n\u0131za veya dolab\u0131n\u0131za g\u00fcvenli montaj klipslerini yerle\u015ftirin.<\/li>\n\n\n\n<li>Al\u00fcminyum profili klipslere oturtun.<\/li>\n\n\n\n<li>LED \u015feridinizi veya 10mm ip \u0131\u015f\u0131\u011f\u0131n\u0131z\u0131 kanala yerle\u015ftirin.<\/li>\n\n\n\n<li>I\u015f\u0131\u011f\u0131n e\u015fit \u015fekilde da\u011f\u0131lmas\u0131n\u0131 sa\u011flamak i\u00e7in buzlu dif\u00fcz\u00f6r kapa\u011f\u0131n\u0131 \u00fcst\u00fcne yerle\u015ftirin.<\/li>\n\n\n\n<li>D\u00fczg\u00fcn bir montaj i\u00e7in u\u00e7 kapaklar\u0131 tak\u0131n.<\/li>\n<\/ul>\n<\/div><figure class=\"wp-block-media-text__media\"><img loading=\"lazy\" decoding=\"async\" width=\"500\" height=\"500\" src=\"https:\/\/tangooled.com\/wp-content\/uploads\/2026\/01\/fp04-ins.webp\" alt=\"10mm ip lambalar i\u00e7in buzlu dif\u00fcz\u00f6rl\u00fc y\u00fczey montaj led profili\" class=\"wp-image-44684 size-full\" srcset=\"https:\/\/tangooled.com\/wp-content\/uploads\/2026\/01\/fp04-ins.webp 500w, https:\/\/tangooled.com\/wp-content\/uploads\/2026\/01\/fp04-ins-300x300.webp 300w, https:\/\/tangooled.com\/wp-content\/uploads\/2026\/01\/fp04-ins-150x150.webp 150w\" sizes=\"auto, (max-width: 500px) 100vw, 500px\" \/><\/figure><\/div>\n<\/div><\/div>\n\n\n\n<div class=\"wp-block-group has-background\" style=\"background-color:#f2f2f2;padding-top:var(--wp--preset--spacing--80);padding-bottom:var(--wp--preset--spacing--80)\"><div class=\"wp-block-group__inner-container is-layout-constrained wp-block-group-is-layout-constrained\">\n<h2 class=\"wp-block-heading\" style=\"padding-top:var(--wp--preset--spacing--40);padding-bottom:var(--wp--preset--spacing--40);font-size:25px;font-style:normal;font-weight:600;text-transform:capitalize\">Ne Dahil?<\/h2>\n\n\n\n<ul class=\"wp-block-list\">\n<li>Al\u00fcminyum LED profil kanal\u0131<\/li>\n\n\n\n<li>Snap-on buzlu dif\u00fcz\u00f6r&nbsp;<\/li>\n\n\n\n<li>Montaj klipsleri ve vidalar&nbsp;<\/li>\n\n\n\n<li>U\u00e7 kapaklar (birinde tel i\u00e7in bir delik var, di\u011feri sa\u011flam)<\/li>\n<\/ul>\n<\/div><\/div>\n\n\n\n<div class=\"wp-block-group\" style=\"padding-top:var(--wp--preset--spacing--80);padding-bottom:var(--wp--preset--spacing--80)\"><div class=\"wp-block-group__inner-container is-layout-constrained wp-block-group-is-layout-constrained\">\n<h2 class=\"wp-block-heading\" style=\"padding-top:var(--wp--preset--spacing--40);padding-bottom:var(--wp--preset--spacing--40);font-size:25px;font-style:normal;font-weight:600;text-transform:capitalize\">Bu Y\u00fczey Montaj LED Profilini Nerede Kullanabilirim?<\/h2>\n\n\n\n<ul class=\"wp-block-list\">\n<li>Dolap alt\u0131 ayd\u0131nlatma, mutfak raflar\u0131 ve tezgahlar i\u00e7in harikad\u0131r.<\/li>\n\n\n\n<li>Giyinme odas\u0131 ve dolap ayd\u0131nlatmas\u0131, karanl\u0131k depolama alanlar\u0131n\u0131 ayd\u0131nlat\u0131r.&nbsp;<\/li>\n\n\n\n<li>K\u00f6\u015fe ve tavan vurgulay\u0131c\u0131 ayd\u0131nlatma, odalara yumu\u015fak, dolayl\u0131 \u0131\u015f\u0131k ekler.&nbsp;<\/li>\n\n\n\n<li>Perakende sergileri, \u00fcr\u00fcnlerin \u00f6ne \u00e7\u0131kmas\u0131n\u0131 sa\u011flamak i\u00e7in e\u015fit \u0131\u015f\u0131k kullan\u0131r.&nbsp;<\/li>\n\n\n\n<li>Kitapl\u0131k ve merdiven ayd\u0131nlatmas\u0131, lineer bir par\u0131lt\u0131yla stil ve g\u00fcvenlik ekler.<\/li>\n<\/ul>\n<\/div><\/div>\n\n\n\n<div class=\"wp-block-group has-background\" style=\"background-color:#f2f2f2f2;padding-top:var(--wp--preset--spacing--80);padding-bottom:var(--wp--preset--spacing--80)\"><div class=\"wp-block-group__inner-container is-layout-constrained wp-block-group-is-layout-constrained\">\n<h2 class=\"wp-block-heading\" style=\"font-size:25px;font-style:normal;font-weight:600\">\u0130lgili \u0130\u00e7 Ba\u011flant\u0131lar<\/h2>\n\n\n\n<ul class=\"wp-block-list\">\n<li>G\u00f6z at\u0131n <a href=\"https:\/\/tangooled.com\/tr\/urun\/black-led-profile-with-black-diffuser-for-10mm-led-strip-light\/\"><mark style=\"background-color:rgba(0, 0, 0, 0)\" class=\"has-inline-color has-vivid-red-color\">10mm LED \u015ferit \u0131\u015f\u0131k i\u00e7in siyah dif\u00fcz\u00f6rl\u00fc siyah LED profili<\/mark><\/a> \u2014 great if you want a dark finish.<\/li>\n\n\n\n<li>Daha ince profiller i\u00e7in, <a href=\"https:\/\/tangooled.com\/tr\/urun\/led-strip-light-channel-aluminum-profile-with-diffused-cover-6mm-height\/\"><mark style=\"background-color:rgba(0, 0, 0, 0)\" class=\"has-inline-color has-vivid-red-color\">Dif\u00fcz\u00f6r kapakl\u0131 6mm y\u00fckseklikteki LED \u015ferit \u0131\u015f\u0131k kanal\u0131 al\u00fcminyum profil<\/mark><\/a>.<\/li>\n\n\n\n<li>Dolap ayd\u0131nlatmas\u0131 i\u00e7in, <a href=\"https:\/\/tangooled.com\/tr\/urun\/cabinet-led-strip-channel-with-diffuser-for-double-led-strips\/\"><mark style=\"background-color:rgba(0, 0, 0, 0)\" class=\"has-inline-color has-vivid-red-color\">buzlu dif\u00fcz\u00f6rl\u00fc dolap LED \u015ferit kanal\u0131, \u00e7ift LED \u015feritler i\u00e7in<\/mark><\/a>.<\/li>\n\n\n\n<li>\u015fu profil gibi daha fazla profil ke\u015ffedin, <a href=\"https:\/\/tangooled.com\/tr\/urun\/25x6mm-low-profile-led-strip-channel-for-10mm-led-strip-light\/\"><mark style=\"background-color:rgba(0, 0, 0, 0)\" class=\"has-inline-color has-vivid-red-color\">10mm LED \u015ferit \u0131\u015f\u0131\u011f\u0131 i\u00e7in 25x6mm d\u00fc\u015f\u00fck profilli LED \u015ferit kanal\u0131.<\/mark><\/a><\/li>\n<\/ul>\n<\/div><\/div>\n\n\n\n<div class=\"wp-block-group\" style=\"padding-top:var(--wp--preset--spacing--80);padding-bottom:var(--wp--preset--spacing--80)\"><div class=\"wp-block-group__inner-container is-layout-constrained wp-block-group-is-layout-constrained\">\n<h2 class=\"wp-block-heading\" style=\"padding-top:var(--wp--preset--spacing--40);padding-bottom:var(--wp--preset--spacing--40);font-size:25px;font-style:normal;font-weight:600;text-transform:capitalize\">\u00f6zet<\/h2>\n\n\n\n<p>Our surface mount LED profile with frosted diffuser for 10mm rope lights is a great way to make your LED strip lighting look better and last longer. It spreads light evenly, reduces heat, and is easy to install, so it&#8217;s great for both residential and business projects.<\/p>\n<\/div><\/div>\n\n\n\n<p><\/p>","protected":false},"featured_media":13301,"template":"","meta":{"_acf_changed":true,"_seopress_robots_primary_cat":"none","_seopress_titles_title":"LED Profile with Frosted Diffuser | Surface Mount | TANGOOLED","_seopress_titles_desc":"Source the FP04 surface mount LED profile with frosted diffuser. Designed for 10mm rope lights to provide smooth, dot-free illumination for modern interiors.","_seopress_robots_index":""},"pcb-width":[228],"product-cat":[192],"class_list":{"0":"post-44683","1":"product","2":"type-product","3":"status-publish","4":"has-post-thumbnail","6":"pcb-width-6-12mm","7":"product-cat-surface-led-profile"},"acf":[],"_links":{"self":[{"href":"https:\/\/tangooled.com\/tr\/wp-json\/wp\/v2\/product\/44683","targetHints":{"allow":["GET"]}}],"collection":[{"href":"https:\/\/tangooled.com\/tr\/wp-json\/wp\/v2\/product"}],"about":[{"href":"https:\/\/tangooled.com\/tr\/wp-json\/wp\/v2\/types\/product"}],"wp:featuredmedia":[{"embeddable":true,"href":"https:\/\/tangooled.com\/tr\/wp-json\/wp\/v2\/media\/13301"}],"wp:attachment":[{"href":"https:\/\/tangooled.com\/tr\/wp-json\/wp\/v2\/media?parent=44683"}],"wp:term":[{"taxonomy":"pcb-width","embeddable":true,"href":"https:\/\/tangooled.com\/tr\/wp-json\/wp\/v2\/pcb-width?post=44683"},{"taxonomy":"product-cat","embeddable":true,"href":"https:\/\/tangooled.com\/tr\/wp-json\/wp\/v2\/product-cat?post=44683"}],"curies":[{"name":"wp","href":"https:\/\/api.w.org\/{rel}","templated":true}]}}