{"id":44679,"date":"2026-01-03T01:39:43","date_gmt":"2026-01-03T09:39:43","guid":{"rendered":"https:\/\/tangooled.com\/?post_type=product&#038;p=44679"},"modified":"2026-01-29T17:30:56","modified_gmt":"2026-01-30T01:30:56","slug":"led-strip-light-channel-aluminum-profile-with-diffused-cover-6mm-height","status":"publish","type":"product","link":"https:\/\/tangooled.com\/tr\/urun\/led-strip-light-channel-aluminum-profile-with-diffused-cover-6mm-height\/","title":{"rendered":"Dif\u00fcz\u00f6r kapakl\u0131 6mm y\u00fckseklikteki LED \u015ferit \u0131\u015f\u0131k kanal\u0131 al\u00fcminyum profil"},"content":{"rendered":"<div class=\"wp-block-group\" style=\"padding-top:var(--wp--preset--spacing--80);padding-bottom:var(--wp--preset--spacing--80)\"><div class=\"wp-block-group__inner-container is-layout-constrained wp-block-group-is-layout-constrained\">\n<p>Diff\u00fczyonlu kapakl\u0131 FP03 ultra-ince LED \u015ferit kanal\u0131 ayd\u0131nlatman\u0131z\u0131 geli\u015ftirecek. Bu ince al\u00fcminyum profil, 10 mm geni\u015fli\u011fe kadar olan LED \u015feritler i\u00e7in uygundur. D\u0131\u015far\u0131dan y\u00fcksekli\u011fi yaln\u0131zca 6.0 mm ve geni\u015fli\u011fi 15.2 mm'dir, 11.2 mm i\u00e7 kanal\u0131 sayesinde d\u00fc\u015f\u00fck bir \u015fekilde yerle\u015ftirilebilir. Dayan\u0131kl\u0131 al\u00fcminyum kanal ve dif\u00fcz\u00f6r kapa\u011f\u0131 \u015feridi korur, daha h\u0131zl\u0131 so\u011fumas\u0131na yard\u0131mc\u0131 olur ve \u0131\u015f\u0131\u011f\u0131n yumu\u015fak, homojen ve noktas\u0131z olmas\u0131n\u0131 sa\u011flar. Bu kanal\u0131 herhangi bir d\u00fcz y\u00fczeye vidalayarak veya yap\u0131\u015ft\u0131rarak kolayca monte edebilirsiniz. Bu onu \u00e7ok esnek k\u0131lar. Bu kanal, temiz, modern ve y\u00fcksek kaliteli bir g\u00f6r\u00fcn\u00fcm isteyen evler, i\u015fyerleri veya perakendeciler i\u00e7in m\u00fckemmel bir se\u00e7imdir.<\/p>\n<\/div><\/div>\n\n\n\n<div class=\"wp-block-group has-background\" style=\"background-color:#f2f2f2f2;padding-top:var(--wp--preset--spacing--80);padding-bottom:var(--wp--preset--spacing--80)\"><div class=\"wp-block-group__inner-container is-layout-constrained wp-block-group-is-layout-constrained\">\n<div class=\"wp-block-group is-vertical is-layout-flex wp-container-core-group-is-layout-8cf370e7 wp-block-group-is-layout-flex\">\n<h2 class=\"wp-block-heading\" style=\"padding-top:var(--wp--preset--spacing--40);padding-bottom:var(--wp--preset--spacing--40);font-size:25px;font-style:normal;font-weight:600;text-transform:capitalize\">Neden Dif\u00fcz\u00f6r Kapakl\u0131 LED \u015eerit Kanal\u0131n\u0131 Se\u00e7melisiniz?<\/h2>\n\n\n\n<ul class=\"wp-block-list\">\n<li>Slim Design: Only 6mm tall, so it&#8217;s great for places where you want tidy, clean lighting.<\/li>\n\n\n\n<li>Is\u0131 blo\u011fu 6063 al\u00fcminyumdan yap\u0131lm\u0131\u015ft\u0131r. LED \u015feritlerinizi serin tutarak \u00f6m\u00fcrlerini uzat\u0131r.<\/li>\n\n\n\n<li>Yumu\u015fak I\u015f\u0131k: Buzlu polikarbonat kapak, \u0131\u015f\u0131\u011f\u0131 daha yumu\u015fak hale getirir, b\u00f6ylece parlak noktalar yoktur, sadece ho\u015f bir \u0131\u015f\u0131lt\u0131 vard\u0131r.<\/li>\n\n\n\n<li>LED'lerinizi g\u00fcvende tutar: LED \u015feritlerinizin \u00fczerine toz ve kirin gelmesini engeller.<\/li>\n\n\n\n<li>Kullan\u0131m\u0131 Kolay: Montaj\u0131 kolayla\u015ft\u0131ran klipsler ve u\u00e7 kapaklarla birlikte gelir.<\/li>\n\n\n\n<li>\u00c7o\u011fu \u015ferit ile \u00e7al\u0131\u015f\u0131r: 10 ile 12 mm geni\u015fli\u011findeki LED \u015feritler i\u00e7in \u00fcretilmi\u015ftir.<\/li>\n<\/ul>\n<\/div>\n<\/div><\/div>\n\n\n\n<div class=\"wp-block-group\" style=\"padding-top:var(--wp--preset--spacing--80);padding-bottom:var(--wp--preset--spacing--80)\"><div class=\"wp-block-group__inner-container is-layout-constrained wp-block-group-is-layout-constrained\">\n<div class=\"wp-block-media-text has-media-on-the-right is-stacked-on-mobile\" style=\"padding-top:0;padding-bottom:0;grid-template-columns:auto 40%\"><div class=\"wp-block-media-text__content\">\n<h2 class=\"wp-block-heading\" style=\"font-size:25px;font-style:normal;font-weight:600;text-transform:capitalize\">Dif\u00fcz\u00f6r Kapakl\u0131 LED \u015eerit Kanal\u0131n\u0131z\u0131 Nas\u0131l Kurars\u0131n\u0131z<\/h2>\n\n\n\n<ul class=\"wp-block-list\">\n<li>LED \u015feridinizin geni\u015fli\u011fini kontrol edin, kanal\u0131n i\u00e7inde s\u0131\u011fmas\u0131 gerekti\u011fini unutmay\u0131n (10 mm'den fazla olmamal\u0131d\u0131r).<\/li>\n\n\n\n<li>Al\u00fcminyum profili y\u00fczeylere sabitlemek i\u00e7in montaj klipsleri kullan\u0131n.<\/li>\n\n\n\n<li>LED \u015feridi kanalda yerle\u015ftirin. Yap\u0131\u015fkan arka y\u00fczeyi onu yerinde tutar.<\/li>\n\n\n\n<li>Tamamlamak i\u00e7in, buzlu dif\u00fcz\u00f6r kapa\u011f\u0131n\u0131 yerine oturtun veya kayd\u0131r\u0131n.<\/li>\n\n\n\n<li>U\u00e7 kapaklar\u0131 ile u\u00e7lar\u0131 kapat\u0131n.<\/li>\n<\/ul>\n<\/div><figure class=\"wp-block-media-text__media\"><img loading=\"lazy\" decoding=\"async\" width=\"500\" height=\"500\" src=\"https:\/\/tangooled.com\/wp-content\/uploads\/2026\/01\/fp03-ins.webp\" alt=\"12mm \u015ferit lambalar i\u00e7in siyah led dif\u00fcz\u00f6r al\u00fcminyum kanal\" class=\"wp-image-44680 size-full\" srcset=\"https:\/\/tangooled.com\/wp-content\/uploads\/2026\/01\/fp03-ins.webp 500w, https:\/\/tangooled.com\/wp-content\/uploads\/2026\/01\/fp03-ins-300x300.webp 300w, https:\/\/tangooled.com\/wp-content\/uploads\/2026\/01\/fp03-ins-150x150.webp 150w\" sizes=\"auto, (max-width: 500px) 100vw, 500px\" \/><\/figure><\/div>\n<\/div><\/div>\n\n\n\n<div class=\"wp-block-group has-background\" style=\"background-color:#f2f2f2;padding-top:var(--wp--preset--spacing--80);padding-bottom:var(--wp--preset--spacing--80)\"><div class=\"wp-block-group__inner-container is-layout-constrained wp-block-group-is-layout-constrained\">\n<h2 class=\"wp-block-heading\" style=\"padding-top:var(--wp--preset--spacing--40);padding-bottom:var(--wp--preset--spacing--40);font-size:25px;font-style:normal;font-weight:600;text-transform:capitalize\">Dif\u00fcz\u00f6r Kapakl\u0131 LED \u015eerit Kanal\u0131n\u0131 Nerelerde Kullanabilirsiniz<\/h2>\n\n\n\n<ul class=\"wp-block-list\">\n<li>Mutfak ve dolap alt\u0131 ayd\u0131nlatmas\u0131: Tezgahlar\u0131n\u0131z\u0131 ayd\u0131nlatmak i\u00e7in k\u00fc\u00e7\u00fck alanlara uyum sa\u011flayan \u015feffaf, nazik \u0131\u015f\u0131k kullan\u0131n.<\/li>\n\n\n\n<li>Sergi vitrinleri ve raflar: Cam veya ah\u015fap raflar i\u00e7in m\u00fckemmel, bu \u0131\u015f\u0131k \u00fcr\u00fcnleri parlak, s\u00fcrekli bir \u0131\u015f\u0131k ve \u015f\u0131k bir tarzla sergiler.<\/li>\n\n\n\n<li>Mobilya montaj\u0131nda ayd\u0131nlatma: Kitapl\u0131klar, masalar veya dolaplar i\u00e7ine \u0131\u015f\u0131k yerle\u015ftirerek onlar\u0131 g\u00fczel ve i\u015flevsel hale getirebilirsiniz.<\/li>\n\n\n\n<li>Kova ve vurgulu \u0131\u015f\u0131klar: Alan\u0131n\u0131z\u0131 yenilik\u00e7i ve modern tutmak i\u00e7in duvarlara veya tavana yumu\u015fak, gizli \u0131\u015f\u0131k \u00e7izgileri ekleyin.<\/li>\n<\/ul>\n<\/div><\/div>\n\n\n\n<div class=\"wp-block-group\" style=\"padding-top:var(--wp--preset--spacing--80);padding-bottom:var(--wp--preset--spacing--80)\"><div class=\"wp-block-group__inner-container is-layout-constrained wp-block-group-is-layout-constrained\">\n<h2 class=\"wp-block-heading\" style=\"padding-top:var(--wp--preset--spacing--40);padding-bottom:var(--wp--preset--spacing--40);font-size:25px;font-style:normal;font-weight:600;text-transform:capitalize\">What\u2019s Inside the Box?<\/h2>\n\n\n\n<ul class=\"wp-block-list\">\n<li>1x al\u00fcminyum LED \u015ferit kanal\u0131 (uzunlu\u011funu se\u00e7ebilirsiniz)&nbsp;<\/li>\n\n\n\n<li>1x buzlu dif\u00fcz\u00f6r kapa\u011f\u0131&nbsp;<\/li>\n\n\n\n<li>Her metre i\u00e7in 2x montaj klipsi<\/li>\n\n\n\n<li>2x u\u00e7 kapak (birinde kablolar i\u00e7in delik, di\u011feri ise tam) <\/li>\n<\/ul>\n<\/div><\/div>\n\n\n\n<div class=\"wp-block-group has-background\" style=\"background-color:#f2f2f2f2;padding-top:var(--wp--preset--spacing--40);padding-bottom:var(--wp--preset--spacing--40)\"><div class=\"wp-block-group__inner-container is-layout-constrained wp-block-group-is-layout-constrained\">\n<p style=\"padding-right:var(--wp--preset--spacing--50);padding-left:var(--wp--preset--spacing--50)\">Dif\u00fcz\u00f6r kapakl\u0131 bu LED \u015ferit kanal\u0131, ince LED \u015ferit uygulamalar\u0131n\u0131z i\u00e7in harika bir se\u00e7imdir. G\u00fcvenli\u011fi sa\u011flar, so\u011futma sa\u011flar ve yumu\u015fak, parlak \u0131\u015f\u0131k \u00fcretir. Bu \u00fcr\u00fcn, montaj\u0131 olduk\u00e7a basittir ve dolaplar, raflar veya mobilyalar i\u00e7in profesyonel kalitede ayd\u0131nlatma sa\u011flar.<\/p>\n<\/div><\/div>\n\n\n\n<p><\/p>","protected":false},"featured_media":13249,"template":"","meta":{"_acf_changed":true,"_seopress_robots_primary_cat":"none","_seopress_titles_title":"LED Strip Channel with Diffused Cover | 6mm Ultra-Slim | TANGOOLED","_seopress_titles_desc":"Source the FP03 LED strip channel with diffused cover. Features a 6mm ultra-slim aluminum profile for discrete surface mounting in furniture and cabinets.","_seopress_robots_index":""},"pcb-width":[228],"product-cat":[192],"class_list":{"0":"post-44679","1":"product","2":"type-product","3":"status-publish","4":"has-post-thumbnail","6":"pcb-width-6-12mm","7":"product-cat-surface-led-profile"},"acf":[],"_links":{"self":[{"href":"https:\/\/tangooled.com\/tr\/wp-json\/wp\/v2\/product\/44679","targetHints":{"allow":["GET"]}}],"collection":[{"href":"https:\/\/tangooled.com\/tr\/wp-json\/wp\/v2\/product"}],"about":[{"href":"https:\/\/tangooled.com\/tr\/wp-json\/wp\/v2\/types\/product"}],"wp:featuredmedia":[{"embeddable":true,"href":"https:\/\/tangooled.com\/tr\/wp-json\/wp\/v2\/media\/13249"}],"wp:attachment":[{"href":"https:\/\/tangooled.com\/tr\/wp-json\/wp\/v2\/media?parent=44679"}],"wp:term":[{"taxonomy":"pcb-width","embeddable":true,"href":"https:\/\/tangooled.com\/tr\/wp-json\/wp\/v2\/pcb-width?post=44679"},{"taxonomy":"product-cat","embeddable":true,"href":"https:\/\/tangooled.com\/tr\/wp-json\/wp\/v2\/product-cat?post=44679"}],"curies":[{"name":"wp","href":"https:\/\/api.w.org\/{rel}","templated":true}]}}