{"id":44676,"date":"2026-01-03T01:31:00","date_gmt":"2026-01-03T09:31:00","guid":{"rendered":"https:\/\/tangooled.com\/?post_type=product&#038;p=44676"},"modified":"2026-01-29T23:29:11","modified_gmt":"2026-01-30T07:29:11","slug":"black-led-diffuser-aluminum-channel-for-12mm-tape-lights","status":"publish","type":"product","link":"https:\/\/tangooled.com\/tr\/urun\/black-led-diffuser-aluminum-channel-for-12mm-tape-lights\/","title":{"rendered":"12 mm bant \u0131\u015f\u0131klar\u0131 i\u00e7in siyah LED dif\u00f6re al\u00fcminyum kanal"},"content":{"rendered":"<div class=\"wp-block-group\" style=\"padding-top:var(--wp--preset--spacing--80);padding-bottom:var(--wp--preset--spacing--80)\"><div class=\"wp-block-group__inner-container is-layout-constrained wp-block-group-is-layout-constrained\">\n<p>12mm \u015feritler i\u00e7in siyah dif\u00fcz\u00f6r LED kanal\u0131, modern lineer ayd\u0131nlatma i\u00e7in harika bir tercihtir. Bu g\u00fc\u00e7l\u00fc al\u00fcminyum profilin d\u0131\u015f\u0131 17.2mm geni\u015fli\u011finde ve 15.3mm y\u00fcksekli\u011findedir, i\u00e7 k\u0131sm\u0131 ise 12.2mm olup, \u00e7o\u011fu 12mm \u015ferit \u0131\u015f\u0131\u011fa uyum sa\u011flar. LED \u015feritlerinizi korur ve so\u011futma i\u00e7in \u00f6nemlidir, b\u00f6ylece daha uzun \u00f6m\u00fcrl\u00fc olurlar. Bu kanal, yap\u0131\u015fkan bant veya montaj klipsleri ile herhangi bir d\u00fcz y\u00fczeye kolayca tak\u0131labilir. Dumanl\u0131 siyah dif\u00fcz\u00f6r kapa\u011f\u0131, \u0131\u015f\u0131k \u00e7\u0131k\u0131\u015f\u0131n\u0131 ak\u0131c\u0131, yumu\u015fak ve e\u015fit hale getirir. Bu siyah LED kanal\u0131, \u015f\u0131k, temiz ve zarif g\u00f6r\u00fcnen ak\u0131ll\u0131 \u0131\u015f\u0131klar kurman\u0131za yard\u0131mc\u0131 olacakt\u0131r.<\/p>\n<\/div><\/div>\n\n\n\n<div class=\"wp-block-group has-background\" style=\"background-color:#f2f2f2f2;padding-top:var(--wp--preset--spacing--80);padding-bottom:var(--wp--preset--spacing--80)\"><div class=\"wp-block-group__inner-container is-layout-constrained wp-block-group-is-layout-constrained\">\n<div class=\"wp-block-group is-vertical is-layout-flex wp-container-core-group-is-layout-8cf370e7 wp-block-group-is-layout-flex\">\n<h2 class=\"wp-block-heading\" style=\"padding-top:var(--wp--preset--spacing--40);padding-bottom:var(--wp--preset--spacing--40);font-size:25px;font-style:normal;font-weight:600;text-transform:capitalize\">Neden 12mm \u015ferit \u0131\u015f\u0131klar i\u00e7in siyah LED Dif\u00fcz\u00f6r Kanal\u0131m\u0131z\u0131 Se\u00e7melisiniz?<\/h2>\n\n\n\n<ul class=\"wp-block-list\">\n<li>12mm LED \u015ferit \u0131\u015f\u0131klara tam oturur<\/li>\n\n\n\n<li>G\u00fc\u00e7l\u00fc al\u00fcminyum, \u0131\u015f\u0131klar\u0131 g\u00fcvenli ve so\u011fuk tutar<\/li>\n\n\n\n<li>Siyah y\u00fczey \u015f\u0131k g\u00f6r\u00fcn\u00fcr ve bir\u00e7ok alana uyum sa\u011flar<\/li>\n\n\n\n<li>Dif\u00fcz\u00f6r kapa\u011f\u0131, \u0131\u015f\u0131\u011f\u0131 yumu\u015fak ve e\u015fit hale getirir<\/li>\n\n\n\n<li>D\u00fczenli kurulumlar i\u00e7in y\u00fczey montaj\u0131 veya gizli montaj yap\u0131labilir<\/li>\n<\/ul>\n<\/div>\n\n\n\n<p style=\"padding-top:var(--wp--preset--spacing--40);padding-right:var(--wp--preset--spacing--50);padding-bottom:var(--wp--preset--spacing--40);padding-left:var(--wp--preset--spacing--50)\">Bu siyah LED dif\u00fcz\u00f6r al\u00fcminyum kanal\u0131, \u0131\u015f\u0131\u011f\u0131n\u0131z\u0131n p\u00fcr\u00fczs\u00fcz bir \u015fekilde parlamas\u0131n\u0131 sa\u011flar. 12mm \u015ferit \u0131\u015f\u0131\u011f\u0131 profili m\u00fckemmel \u015fekilde i\u00e7ine oturur. Siyah y\u00fczey, kanal\u0131 gizler ve mekan\u0131n\u0131z\u0131 \u015f\u0131k tutar. Duvara monte edebilir veya gizleyebilir, b\u00f6ylece d\u00fczenli bir g\u00f6r\u00fcn\u00fcm elde edebilirsiniz. Bu, bir y\u00fczey montaj kanal\u0131d\u0131r, bu nedenle her yere kolayca eklenebilir.<\/p>\n<\/div><\/div>\n\n\n\n<div class=\"wp-block-group\" style=\"padding-top:var(--wp--preset--spacing--80);padding-bottom:var(--wp--preset--spacing--80)\"><div class=\"wp-block-group__inner-container is-layout-constrained wp-block-group-is-layout-constrained\">\n<div class=\"wp-block-media-text has-media-on-the-right is-stacked-on-mobile\" style=\"padding-top:0;padding-bottom:0;grid-template-columns:auto 40%\"><div class=\"wp-block-media-text__content\">\n<h2 class=\"wp-block-heading\" style=\"font-size:25px;font-style:normal;font-weight:600;text-transform:capitalize\">Siyah LED Dif\u00fcz\u00f6r Al\u00fcminyum Kanal\u0131n\u0131z\u0131 Nas\u0131l Takmal\u0131s\u0131n\u0131z<\/h2>\n\n\n\n<ul class=\"wp-block-list\">\n<li>D\u00fczg\u00fcn bir \u0131\u015f\u0131k istiyorsan\u0131z uygun yeri se\u00e7in.<\/li>\n\n\n\n<li>Al\u00fcminyum kanal\u0131 do\u011frudan y\u00fczeyinize takmak i\u00e7in klipleri kullan\u0131n.<\/li>\n\n\n\n<li>12mm LED \u015ferit \u0131\u015f\u0131\u011f\u0131n\u0131z\u0131 kanala yerle\u015ftirin.<\/li>\n\n\n\n<li>Siyah dif\u00fcz\u00f6r kapa\u011f\u0131n\u0131 tak\u0131n. I\u015f\u0131k nazik\u00e7e ve p\u00fcr\u00fczs\u00fcz parlayacakt\u0131r.<\/li>\n\n\n\n<li>Kusursuz bir biti\u015f i\u00e7in u\u00e7 kapaklar\u0131 ekleyin.<\/li>\n<\/ul>\n<\/div><figure class=\"wp-block-media-text__media\"><img loading=\"lazy\" decoding=\"async\" width=\"500\" height=\"500\" src=\"https:\/\/tangooled.com\/wp-content\/uploads\/2026\/01\/fp02-ins.webp\" alt=\"12mm \u015ferit lambalar i\u00e7in siyah led dif\u00fcz\u00f6r al\u00fcminyum kanal\" class=\"wp-image-44677 size-full\" srcset=\"https:\/\/tangooled.com\/wp-content\/uploads\/2026\/01\/fp02-ins.webp 500w, https:\/\/tangooled.com\/wp-content\/uploads\/2026\/01\/fp02-ins-300x300.webp 300w, https:\/\/tangooled.com\/wp-content\/uploads\/2026\/01\/fp02-ins-150x150.webp 150w\" sizes=\"auto, (max-width: 500px) 100vw, 500px\" \/><\/figure><\/div>\n<\/div><\/div>\n\n\n\n<div class=\"wp-block-group has-background\" style=\"background-color:#f2f2f2;padding-top:var(--wp--preset--spacing--80);padding-bottom:var(--wp--preset--spacing--80)\"><div class=\"wp-block-group__inner-container is-layout-constrained wp-block-group-is-layout-constrained\">\n<h2 class=\"wp-block-heading\" style=\"padding-top:var(--wp--preset--spacing--40);padding-bottom:var(--wp--preset--spacing--40);font-size:25px;font-style:normal;font-weight:600;text-transform:capitalize\">Bunu Ne \u0130\u00e7in Kullanabilirsiniz?<\/h2>\n\n\n\n<p>Bu siyah LED dif\u00fcz\u00f6r al\u00fcminyum kanal\u0131n\u0131 bir\u00e7ok yerde kullanabilirsiniz:<\/p>\n\n\n\n<ul class=\"wp-block-list\">\n<li>Mutfak dolaplar\u0131n\u0131n alt\u0131nda m\u00fckemmel \u00e7al\u0131\u015fma \u0131\u015f\u0131\u011f\u0131&nbsp;<\/li>\n\n\n\n<li>Duvarlar\u0131n\u0131z\u0131 ayd\u0131nlatacak s\u0131rt ayd\u0131nlatmas\u0131&nbsp;<\/li>\n\n\n\n<li>Kitap raflar\u0131 ve e\u015fyalar \u00fczerinde yumu\u015fak, parlak vurgular<\/li>\n\n\n\n<li>D\u00fcz tavanda ak\u0131c\u0131 ayd\u0131nlatma i\u00e7in ni\u015f ayd\u0131nlatmas\u0131<\/li>\n\n\n\n<li>Karanl\u0131k k\u00f6\u015feleri ayd\u0131nlatmak i\u00e7in dolaplar ve giysi odalar\u0131<\/li>\n<\/ul>\n<\/div><\/div>\n\n\n\n<div class=\"wp-block-group\" style=\"padding-top:var(--wp--preset--spacing--80);padding-bottom:var(--wp--preset--spacing--80)\"><div class=\"wp-block-group__inner-container is-layout-constrained wp-block-group-is-layout-constrained\">\n<h2 class=\"wp-block-heading\" style=\"padding-top:var(--wp--preset--spacing--40);padding-bottom:var(--wp--preset--spacing--40);font-size:25px;font-style:normal;font-weight:600;text-transform:capitalize\">\u00f6zet<\/h2>\n\n\n\n<p>If you want tidy and safe LED lighting, our black LED diffuser aluminum channel for 12mm tape light profile is the ideal choice. It keeps your lights safe, puts forth soft, steady light, and looks excellent in any room. You can use it as a surface mount channel or put it into walls or furniture for a stylish look. It&#8217;s great for cove lighting, accent lighting, under-cabinet lighting, and more. Also explore these for more ideas: <a href=\"https:\/\/tangooled.com\/tr\/urun\/black-led-profile-with-black-diffuser-for-10mm-led-strip-light\/\"><mark style=\"background-color:rgba(0, 0, 0, 0)\" class=\"has-inline-color has-vivid-red-color\">10mm LED \u015eerit Ayd\u0131nlatma i\u00e7in Siyah Dif\u00fcz\u00f6rl\u00fc Siyah LED Profili<\/mark><\/a>, <a href=\"https:\/\/tangooled.com\/tr\/urun\/surface-mount-led-profile-with-frosted-diffuser-for-10mm-rope-lights\/\"><mark style=\"background-color:rgba(0, 0, 0, 0)\" class=\"has-inline-color has-vivid-red-color\">10 mm kablo \u0131\u015f\u0131klar\u0131 i\u00e7in frosted dif\u00fcz\u00f6rl\u00fc y\u00fczey montaj LED profili<\/mark><\/a>, <a href=\"https:\/\/tangooled.com\/tr\/urun\/25mm-u-shape-led-mounting-channel-for-15mm-double-row-led-strip-lights\/\"><mark style=\"background-color:rgba(0, 0, 0, 0)\" class=\"has-inline-color has-vivid-red-color\">15mm \u00e7ift s\u0131ra LED \u015ferit lambalar i\u00e7in 25mm u \u015feklinde LED montaj kanal\u0131<\/mark><\/a>.<\/p>\n<\/div><\/div>\n\n\n\n<p><\/p>","protected":false},"featured_media":37468,"template":"","meta":{"_acf_changed":true,"_seopress_robots_primary_cat":"none","_seopress_titles_title":"Black Diffuser LED Channel | Fits 12mm Tape Lights | TANGOOLED","_seopress_titles_desc":"Source the black diffuser LED channel. Engineered for 12mm tape lights to create a professional \"blackout\" aesthetic for commercial and retail lighting.","_seopress_robots_index":""},"pcb-width":[228],"product-cat":[192],"class_list":{"0":"post-44676","1":"product","2":"type-product","3":"status-publish","4":"has-post-thumbnail","6":"pcb-width-6-12mm","7":"product-cat-surface-led-profile"},"acf":[],"_links":{"self":[{"href":"https:\/\/tangooled.com\/tr\/wp-json\/wp\/v2\/product\/44676","targetHints":{"allow":["GET"]}}],"collection":[{"href":"https:\/\/tangooled.com\/tr\/wp-json\/wp\/v2\/product"}],"about":[{"href":"https:\/\/tangooled.com\/tr\/wp-json\/wp\/v2\/types\/product"}],"wp:featuredmedia":[{"embeddable":true,"href":"https:\/\/tangooled.com\/tr\/wp-json\/wp\/v2\/media\/37468"}],"wp:attachment":[{"href":"https:\/\/tangooled.com\/tr\/wp-json\/wp\/v2\/media?parent=44676"}],"wp:term":[{"taxonomy":"pcb-width","embeddable":true,"href":"https:\/\/tangooled.com\/tr\/wp-json\/wp\/v2\/pcb-width?post=44676"},{"taxonomy":"product-cat","embeddable":true,"href":"https:\/\/tangooled.com\/tr\/wp-json\/wp\/v2\/product-cat?post=44676"}],"curies":[{"name":"wp","href":"https:\/\/api.w.org\/{rel}","templated":true}]}}