{"id":43526,"date":"2025-12-30T02:06:06","date_gmt":"2025-12-30T10:06:06","guid":{"rendered":"https:\/\/tangooled.com\/?post_type=product&#038;p=43526"},"modified":"2026-02-02T22:31:40","modified_gmt":"2026-02-03T06:31:40","slug":"wide-slim-surface-mount-led-channel-35x13mm-s3513","status":"publish","type":"product","link":"https:\/\/tangooled.com\/tr\/urun\/wide-slim-surface-mount-led-channel-35x13mm-s3513\/","title":{"rendered":"35x13mm geni\u015f ince y\u00fczey montaj LED kanal\u0131"},"content":{"rendered":"<div class=\"wp-block-group is-vertical is-layout-flex wp-container-core-group-is-layout-d255d7c4 wp-block-group-is-layout-flex\" style=\"padding-top:var(--wp--preset--spacing--80);padding-bottom:var(--wp--preset--spacing--80)\">\n<p>35x13mm geni\u015f ince y\u00fczey montaj LED kanal\u0131m\u0131z, herhangi bir oday\u0131 ayd\u0131nlatmak i\u00e7in harika bir yoldur. Dayan\u0131kl\u0131 anodize aluminyumdan yap\u0131lan bu profil, LED lambalar\u0131n\u0131z\u0131n temiz ve keskin g\u00f6r\u00fcnmesini sa\u011flayan g\u00fc\u00e7l\u00fc bir konut olarak i\u015flev g\u00f6r\u00fcr. Sa\u011flam tasar\u0131m, \u0131s\u0131n\u0131n daha kolay ka\u00e7mas\u0131na olanak tan\u0131r, bu da LED \u015feritlerinizi daha uzun s\u00fcre kullanman\u0131z\u0131 ve daha iyi \u00e7al\u0131\u015fmas\u0131n\u0131 sa\u011flar. Kanal, 26.5mm'ye kadar LED \u015feritleri s\u0131\u011facak kadar geni\u015ftir, bu da onu COB lambalarla veya hatta parlak, y\u00fcksek yo\u011funluklu \u00e7ift s\u0131ra LED \u015feritlerle uyumlu hale getirir.<br>This profile is a popular choice if you want to give your lighting a professional touch. It works well in all kinds of places, like homes, offices, and store displays. For a smooth, dotless glow, it\u2019s an ideal choice for under-cabinet lighting, cove lighting, or simply mounting it directly onto walls and ceilings.<\/p>\n<\/div>\n\n\n\n<div class=\"wp-block-group has-background is-vertical is-layout-flex wp-container-core-group-is-layout-d255d7c4 wp-block-group-is-layout-flex\" style=\"background-color:#f1f1f1;padding-top:var(--wp--preset--spacing--80);padding-bottom:var(--wp--preset--spacing--80)\">\n<div class=\"wp-block-group is-vertical is-layout-flex wp-container-core-group-is-layout-8cf370e7 wp-block-group-is-layout-flex\">\n<h2 class=\"wp-block-heading\" style=\"padding-top:var(--wp--preset--spacing--40);padding-bottom:var(--wp--preset--spacing--40);font-size:25px;font-style:normal;font-weight:600;text-transform:capitalize\">Neden 35x13mm Geni\u015f \u0130nce Y\u00fczey Montaj LED Kanal\u0131n\u0131 Se\u00e7melisiniz?<\/h2>\n\n\n\n<ul class=\"wp-block-list\">\n<li>Temiz, \u015f\u0131k tasar\u0131m, LED \u015feritlerini ve kablolar\u0131 gizler.<\/li>\n\n\n\n<li>G\u00fc\u00e7l\u00fc aluminyum profili, \u015feritlerin so\u011fuk kalmas\u0131n\u0131 sa\u011flar, bu da LED'lerin \u00f6mr\u00fcn\u00fc uzat\u0131r.<\/li>\n\n\n\n<li>I\u015f\u0131k da\u011f\u0131l\u0131m\u0131, lineer ayd\u0131nlatmay\u0131 p\u00fcr\u00fczs\u00fcz ve e\u015fit hale getirir, s\u0131cak noktalar olmadan.<\/li>\n\n\n\n<li>LED \u015feritleri kirden, tozdan ve temaslardan korur.<\/li>\n\n\n\n<li>It&#8217;s easy to attach to the surface with clips or adhesive.<\/li>\n\n\n\n<li>Vurgu ayd\u0131nlatmas\u0131, ambiyans ayd\u0131nlatmas\u0131 veya g\u00f6rev ayd\u0131nlatmas\u0131 i\u00e7in harika.<\/li>\n<\/ul>\n<\/div>\n<\/div>\n\n\n\n<div class=\"wp-block-group\" style=\"padding-top:var(--wp--preset--spacing--60);padding-bottom:var(--wp--preset--spacing--60)\"><div class=\"wp-block-group__inner-container is-layout-constrained wp-block-group-is-layout-constrained\">\n<div class=\"wp-block-media-text has-media-on-the-right is-stacked-on-mobile\" style=\"grid-template-columns:auto 40%\"><div class=\"wp-block-media-text__content\">\n<h2 class=\"wp-block-heading\" style=\"padding-top:var(--wp--preset--spacing--40);padding-bottom:var(--wp--preset--spacing--40);font-size:25px;font-style:normal;font-weight:600;text-transform:capitalize\">Bu kanal\u0131 nas\u0131l kurabilirim<\/h2>\n\n\n\n<ul class=\"wp-block-list\">\n<li>Ekstr\u00fczyonu temiz, kuru bir d\u00fczleme sabitlemek i\u00e7in bant veya montaj klipsleri kullan\u0131n.<\/li>\n\n\n\n<li>LED \u015ferit lambay\u0131 aluminyum kanala yerle\u015ftirin.<\/li>\n\n\n\n<li>Dif\u00fcz\u00f6r\u00fcn \u00fczerine opal da\u011f\u0131lm\u0131\u015f kapa\u011f\u0131 koyun.<\/li>\n\n\n\n<li>\u015eeridin ve kablolar\u0131n g\u00fcvenli\u011fini sa\u011flamak i\u00e7in, u\u00e7 kapaklar\u0131 u\u00e7lara tak\u0131n.<\/li>\n<\/ul>\n<\/div><figure class=\"wp-block-media-text__media\"><img loading=\"lazy\" decoding=\"async\" width=\"500\" height=\"500\" src=\"https:\/\/tangooled.com\/wp-content\/uploads\/2025\/12\/s3513-ins.webp\" alt=\"35x13mm surface mounting led extrusion channel\" class=\"wp-image-44670 size-full\" srcset=\"https:\/\/tangooled.com\/wp-content\/uploads\/2025\/12\/s3513-ins.webp 500w, https:\/\/tangooled.com\/wp-content\/uploads\/2025\/12\/s3513-ins-300x300.webp 300w, https:\/\/tangooled.com\/wp-content\/uploads\/2025\/12\/s3513-ins-150x150.webp 150w\" sizes=\"auto, (max-width: 500px) 100vw, 500px\" \/><\/figure><\/div>\n<\/div><\/div>\n\n\n\n<div class=\"wp-block-group has-background\" style=\"background-color:#f1f1f1f2;padding-top:var(--wp--preset--spacing--80);padding-bottom:var(--wp--preset--spacing--80)\"><div class=\"wp-block-group__inner-container is-layout-constrained wp-block-group-is-layout-constrained\">\n<h2 class=\"wp-block-heading\" style=\"padding-top:var(--wp--preset--spacing--40);padding-bottom:var(--wp--preset--spacing--40);font-size:25px;font-style:normal;font-weight:600\">Bu 35x13mm \u0130nce LED Kanal\u0131n\u0131 Nerede Kullanabilirim<\/h2>\n\n\n\n<p>Bu LED konut bir \u00e7ok yerde iyi \u00e7al\u0131\u015f\u0131r. \u0130\u015fte en yayg\u0131n kullan\u0131m \u015fekilleri:<\/p>\n\n\n\n<ul class=\"wp-block-list\">\n<li>Ayd\u0131nlatmalar\u0131 dolaplar veya gard\u0131roplar\u0131n alt\u0131na koymak: Bu, parlamay\u0131 ortadan kald\u0131r\u0131r ve \u00e7al\u0131\u015fma alanlar\u0131n\u0131 ve raflar\u0131 daha ayd\u0131nl\u0131k hale getirir.<\/li>\n\n\n\n<li>Mimari ni\u015f ayd\u0131nlatmas\u0131: Modern bir g\u00f6r\u00fcn\u00fcm vermek i\u00e7in keskin \u0131\u015f\u0131k hatlar\u0131 ekler.<\/li>\n\n\n\n<li>Ma\u011faza sergileri ve raflar: E\u015fit ve dikkat \u00e7ekici \u0131\u015f\u0131k, \u00fcr\u00fcnlerin \u00f6ne \u00e7\u0131kmas\u0131n\u0131 sa\u011flar.<\/li>\n\n\n\n<li>Ofis veya \u00e7al\u0131\u015fma alan\u0131 ayd\u0131nlatmas\u0131: Bu t\u00fcr ayd\u0131nlatma, i\u015f istasyonlar\u0131 veya \u00e7al\u0131\u015fma alanlar\u0131 i\u00e7in m\u00fckemmel olan parlak, temiz \u0131\u015f\u0131k sa\u011flar.<\/li>\n\n\n\n<li>I\u015f\u0131klar\u0131 duvara veya tavana koymak: Bu, lineer ayd\u0131nlatma projelerinin daha profesyonel g\u00f6r\u00fcnmesini sa\u011flar.<\/li>\n<\/ul>\n<\/div><\/div>\n\n\n\n<div class=\"wp-block-group is-vertical is-layout-flex wp-container-core-group-is-layout-d255d7c4 wp-block-group-is-layout-flex\" style=\"padding-top:var(--wp--preset--spacing--80);padding-bottom:var(--wp--preset--spacing--80)\">\n<p>35x13mm ekstr\u00fczyon kanal\u0131n\u0131 tamamlamak i\u00e7in, g\u00f6zden ge\u00e7irmek isteyebilirsiniz <a href=\"https:\/\/tangooled.com\/tr\/urun\/black-led-diffuser-aluminum-channel-for-12mm-tape-lights\/\"><mark style=\"background-color:rgba(0, 0, 0, 0)\" class=\"has-inline-color has-vivid-red-color\">12 mm bant \u0131\u015f\u0131klar\u0131 i\u00e7in siyah LED dif\u00f6re al\u00fcminyum kanal<\/mark><\/a> veya <a href=\"https:\/\/tangooled.com\/tr\/urun\/surface-mount-led-profile-with-frosted-diffuser-for-10mm-rope-lights\/\"><mark style=\"background-color:rgba(0, 0, 0, 0)\" class=\"has-inline-color has-vivid-red-color\">10 mm iplikler i\u00e7in mat dif\u00f6re sahip y\u00fczeye montaj LED profili<\/mark><\/a>. Bu, daha k\u00fc\u00e7\u00fck veya \u00f6zel LED \u015feritler i\u00e7in harika olabilir.<\/p>\n<\/div>\n\n\n\n<div class=\"wp-block-group has-background\" style=\"background-color:#f1f1f1;padding-top:var(--wp--preset--spacing--80);padding-bottom:var(--wp--preset--spacing--80)\"><div class=\"wp-block-group__inner-container is-layout-constrained wp-block-group-is-layout-constrained\">\n<h2 class=\"wp-block-heading\" style=\"padding-top:var(--wp--preset--spacing--40);padding-bottom:var(--wp--preset--spacing--40);font-size:25px;font-style:normal;font-weight:600;text-transform:capitalize\">\u00d6zet<\/h2>\n\n\n\n<p style=\"padding-right:var(--wp--preset--spacing--50);padding-left:var(--wp--preset--spacing--50)\">35x13mm y\u00fczey montaj LED kanal\u0131, LED \u015feritlerinizi temiz ve profesyonel g\u00f6stermenin harika bir yoludur. Bu kanal sadece dayan\u0131kl\u0131 ve \u015f\u0131k de\u011fil, ayn\u0131 zamanda ambiyans, g\u00f6rev ve mimari lineer ayd\u0131nlatma gibi \u00e7ok \u00e7e\u015fitli ama\u00e7lar i\u00e7in de kullan\u0131labilir. Alan\u0131n\u0131z\u0131 g\u00fcncellemeye haz\u0131r m\u0131s\u0131n\u0131z? Projeleriniz i\u00e7in en uygun olan\u0131 bulmak i\u00e7in LED ekstr\u00fczyon kanallar\u0131m\u0131z\u0131n tamam\u0131na g\u00f6z at\u0131n!<\/p>\n<\/div><\/div>\n\n\n\n<p><\/p>","protected":false},"featured_media":33381,"template":"","meta":{"_acf_changed":false,"_seopress_robots_primary_cat":"none","_seopress_titles_title":"Wide Slim Surface Mount LED Channel 35x13mm | TANGOOLED","_seopress_titles_desc":"Source this wide slim surface mount LED channel with a 35x13mm low-profile design. Ideal for sleek linear lighting where space is limited but a wide light-emitting surface is required.","_seopress_robots_index":""},"pcb-width":[230],"product-cat":[192],"class_list":{"0":"post-43526","1":"product","2":"type-product","3":"status-publish","4":"has-post-thumbnail","6":"pcb-width-20-25mm","7":"product-cat-surface-led-profile"},"acf":[],"_links":{"self":[{"href":"https:\/\/tangooled.com\/tr\/wp-json\/wp\/v2\/product\/43526","targetHints":{"allow":["GET"]}}],"collection":[{"href":"https:\/\/tangooled.com\/tr\/wp-json\/wp\/v2\/product"}],"about":[{"href":"https:\/\/tangooled.com\/tr\/wp-json\/wp\/v2\/types\/product"}],"wp:featuredmedia":[{"embeddable":true,"href":"https:\/\/tangooled.com\/tr\/wp-json\/wp\/v2\/media\/33381"}],"wp:attachment":[{"href":"https:\/\/tangooled.com\/tr\/wp-json\/wp\/v2\/media?parent=43526"}],"wp:term":[{"taxonomy":"pcb-width","embeddable":true,"href":"https:\/\/tangooled.com\/tr\/wp-json\/wp\/v2\/pcb-width?post=43526"},{"taxonomy":"product-cat","embeddable":true,"href":"https:\/\/tangooled.com\/tr\/wp-json\/wp\/v2\/product-cat?post=43526"}],"curies":[{"name":"wp","href":"https:\/\/api.w.org\/{rel}","templated":true}]}}