{"id":43524,"date":"2025-12-30T02:01:10","date_gmt":"2025-12-30T10:01:10","guid":{"rendered":"https:\/\/tangooled.com\/?post_type=product&#038;p=43524"},"modified":"2026-01-29T22:22:01","modified_gmt":"2026-01-30T06:22:01","slug":"flangeless-recessed-led-channel-35x18mm-trimless","status":"publish","type":"product","link":"https:\/\/tangooled.com\/tr\/urun\/flangeless-recessed-led-channel-35x18mm-trimless\/","title":{"rendered":"Trimless Ayd\u0131nlatma i\u00e7in 35x18mm Flangs\u0131z G\u00f6mme LED Kanal\u0131 | S3518"},"content":{"rendered":"<div class=\"wp-block-group is-vertical is-layout-flex wp-container-core-group-is-layout-d255d7c4 wp-block-group-is-layout-flex\" style=\"padding-top:var(--wp--preset--spacing--80);padding-bottom:var(--wp--preset--spacing--80)\">\n<p>S3518 flangs\u0131z g\u00f6mme LED kanal\u0131, bir\u00e7ok LED \u015feridi i\u00e7in iyi bir se\u00e7imdir ve profesyonel bir g\u00f6r\u00fcn\u00fcm i\u00e7in c\u00f6mert 21mm i\u00e7 geni\u015fli\u011fi sunar. Tavanda veya duvarlarda m\u00fckemmel bir \u015fekilde uyum sa\u011flamak \u00fczere tasarlanm\u0131\u015ft\u0131r ve herhangi bir alan\u0131 y\u00fckseltebilecek temiz, \u00e7er\u00e7evesiz bir biti\u015f sa\u011flar.<\/p>\n\n\n\n<p>G\u00f6mme toka montaj sistemi sayesinde, profil al\u00e7\u0131pan ile m\u00fckemmel bir \u015fekilde d\u00fcz durur. Bu ak\u0131ll\u0131ca tasar\u0131m, al\u00fcminyum kanal\u0131 girintinin i\u00e7inde tamamen gizler, sadece mimarinin do\u011fal bir par\u00e7as\u0131 gibi hissedilen parlak, saf \u0131\u015f\u0131k b\u0131rak\u0131r.<\/p>\n\n\n\n<p>Crafted from high-quality 6063-T5 anodized aluminum, the S3518 ensures excellent heat dissipation to help your LEDs last longer. It&#8217;s the best way to have perfect architectural lighting in modern houses, businesses, stores, and hotels where a clean look is important.<\/p>\n<\/div>\n\n\n\n<div class=\"wp-block-group has-background is-vertical is-layout-flex wp-container-core-group-is-layout-d255d7c4 wp-block-group-is-layout-flex\" style=\"background-color:#f1f1f1;padding-top:var(--wp--preset--spacing--80);padding-bottom:var(--wp--preset--spacing--80)\">\n<div class=\"wp-block-group is-vertical is-layout-flex wp-container-core-group-is-layout-8cf370e7 wp-block-group-is-layout-flex\">\n<h2 class=\"wp-block-heading\" style=\"padding-top:var(--wp--preset--spacing--40);padding-bottom:var(--wp--preset--spacing--40);font-size:25px;font-style:normal;font-weight:600;text-transform:capitalize\">Neden 35x18mm flangs\u0131z g\u00f6mme LED Kanal\u0131m\u0131z\u0131 Se\u00e7melisiniz?<\/h2>\n\n\n\n<ul class=\"wp-block-list\">\n<li>Flangs\u0131z tasar\u0131m: Al\u00fcminyum kanal, d\u00fcz y\u00fczeylerde g\u00f6mme kullan\u0131m\u0131 i\u00e7in flan\u015fs\u0131zd\u0131r. <\/li>\n\n\n\n<li>S\u0131cak nokta veya nokta yok: Opal dif\u00fcz\u00f6r PC kapa\u011f\u0131 \u0131\u015f\u0131\u011f\u0131 e\u015fit \u015fekilde da\u011f\u0131tarak p\u00fcr\u00fczs\u00fcz bir par\u0131lt\u0131 sa\u011flar.<\/li>\n\n\n\n<li>Bir\u00e7ok \u015ferit ile \u00e7al\u0131\u015f\u0131r: Bu, 20mm'ye kadar geni\u015fli\u011fe sahip LED \u015feritleriyle, \u00e7ift s\u0131ra \u015feritler ve suya dayan\u0131kl\u0131 LED ip \u0131\u015f\u0131klar\u0131 ile \u00e7al\u0131\u015f\u0131r.<\/li>\n\n\n\n<li>Bir araya getirmesi basit: Tavana veya dolaplar\u0131n arkas\u0131na takmak i\u00e7in birlikte gelen g\u00f6mme tokalar\u0131 kullan\u0131n.<\/li>\n\n\n\n<li>Farkl\u0131 biti\u015fler: Tarz\u0131n\u0131za uyacak g\u00fcm\u00fc\u015f, siyah veya beyaz renklerden birini se\u00e7ebilirsiniz.<\/li>\n<\/ul>\n<\/div>\n<\/div>\n\n\n\n<div class=\"wp-block-group\" style=\"padding-top:var(--wp--preset--spacing--60);padding-bottom:var(--wp--preset--spacing--60)\"><div class=\"wp-block-group__inner-container is-layout-constrained wp-block-group-is-layout-constrained\">\n<div class=\"wp-block-media-text has-media-on-the-right is-stacked-on-mobile\" style=\"grid-template-columns:auto 40%\"><div class=\"wp-block-media-text__content\">\n<h2 class=\"wp-block-heading\" style=\"padding-top:var(--wp--preset--spacing--40);padding-bottom:var(--wp--preset--spacing--40);font-size:25px;font-style:normal;font-weight:600;text-transform:capitalize\">Nas\u0131l Kurulur<\/h2>\n\n\n\n<ul class=\"wp-block-list\">\n<li>Al\u00fcminyum kanal\u0131 g\u00f6mme tokalara yerle\u015ftirin.<\/li>\n\n\n\n<li>Kanal\u0131 ve g\u00f6mme tokay\u0131 daha \u00f6nce kesilmi\u015f olan yuvaya yerle\u015ftirin.<\/li>\n\n\n\n<li>LED \u015feridinizi veya ip \u0131\u015f\u0131\u011f\u0131n\u0131z\u0131 kanala yerle\u015ftirin.<\/li>\n\n\n\n<li>Yumu\u015fak ve d\u00fczg\u00fcn \u0131\u015f\u0131k almak i\u00e7in dif\u00fcz\u00f6r kapa\u011f\u0131n\u0131 tak\u0131n.<\/li>\n\n\n\n<li>U\u00e7 kapaklar\u0131 kullanarak u\u00e7lar\u0131 kapat\u0131n.<\/li>\n<\/ul>\n<\/div><figure class=\"wp-block-media-text__media\"><img loading=\"lazy\" decoding=\"async\" width=\"500\" height=\"500\" src=\"https:\/\/tangooled.com\/wp-content\/uploads\/2025\/12\/s3518-ins.webp\" alt=\"35x18mm flangeless recessed led channel for rope light\" class=\"wp-image-44663 size-full\" srcset=\"https:\/\/tangooled.com\/wp-content\/uploads\/2025\/12\/s3518-ins.webp 500w, https:\/\/tangooled.com\/wp-content\/uploads\/2025\/12\/s3518-ins-300x300.webp 300w, https:\/\/tangooled.com\/wp-content\/uploads\/2025\/12\/s3518-ins-150x150.webp 150w\" sizes=\"auto, (max-width: 500px) 100vw, 500px\" \/><\/figure><\/div>\n<\/div><\/div>\n\n\n\n<div class=\"wp-block-group has-background is-vertical is-layout-flex wp-container-core-group-is-layout-b429018a wp-block-group-is-layout-flex\" style=\"background-color:#f1f1f1f2;padding-top:var(--wp--preset--spacing--70);padding-bottom:var(--wp--preset--spacing--70)\">\n<h2 class=\"wp-block-heading\" style=\"padding-top:var(--wp--preset--spacing--40);padding-bottom:var(--wp--preset--spacing--40);font-size:25px;font-style:normal;font-weight:600\">Bu LED Kanal\u0131 Nerede Kullan\u0131l\u0131r?<\/h2>\n\n\n\n<ul class=\"wp-block-list\">\n<li>Mutfaklarda ve \u00e7al\u0131\u015fma alanlar\u0131nda dolaplar\u0131n arkas\u0131na \u0131\u015f\u0131k yerle\u015ftirmek.<\/li>\n\n\n\n<li>Oda veya ma\u011fazalar\u0131n duvarlar\u0131nda kavse ayd\u0131nlatmas\u0131 veya vurgulu ayd\u0131nlatma.<\/li>\n\n\n\n<li>At\u00f6lyelerde, dolaplarda ve gard\u0131roplarda i\u015f istasyonlar\u0131 i\u00e7in \u0131\u015f\u0131klar.<\/li>\n\n\n\n<li>Ofisler veya oturma odalar\u0131nda tavana yerle\u015febilen LED \u015feritler.<\/li>\n<\/ul>\n<\/div>\n\n\n\n<div class=\"wp-block-group\" style=\"padding-top:var(--wp--preset--spacing--80);padding-bottom:var(--wp--preset--spacing--80)\"><div class=\"wp-block-group__inner-container is-layout-constrained wp-block-group-is-layout-constrained\">\n<h2 class=\"wp-block-heading\" style=\"padding-top:var(--wp--preset--spacing--40);padding-bottom:var(--wp--preset--spacing--40);font-size:25px;font-style:normal;font-weight:600;text-transform:capitalize\">Aksesuarlar ve \u0130lgili \u00dcr\u00fcnler<\/h2>\n\n\n\n<p>Ayd\u0131nlatma projeniz i\u00e7in daha fazla se\u00e7enek ke\u015ffetmek isterseniz, bu benzer kanallara g\u00f6z at\u0131n:<\/p>\n\n\n\n<ul class=\"wp-block-list\">\n<li><a href=\"https:\/\/tangooled.com\/tr\/urun\/black-led-profile-with-black-diffuser-for-10mm-led-strip-light\/\"><mark style=\"background-color:rgba(0, 0, 0, 0)\" class=\"has-inline-color has-vivid-red-color\">10mm LED \u015ferit \u0131\u015f\u0131\u011f\u0131 i\u00e7in siyah dif\u00fcz\u00f6rl\u00fc siyah LED profili<\/mark><\/a><\/li>\n\n\n\n<li><a href=\"https:\/\/tangooled.com\/tr\/urun\/surface-mount-led-profile-with-frosted-diffuser-for-10mm-rope-lights\/\"><mark style=\"background-color:rgba(0, 0, 0, 0)\" class=\"has-inline-color has-vivid-red-color\">10 mm kablo \u0131\u015f\u0131klar\u0131 i\u00e7in frosted dif\u00fcz\u00f6rl\u00fc y\u00fczey montaj LED profili<\/mark><\/a><\/li>\n\n\n\n<li><a href=\"https:\/\/tangooled.com\/tr\/urun\/25x14m-surface-mounted-led-light-aluminum-profile\/\"><mark style=\"background-color:rgba(0, 0, 0, 0)\" class=\"has-inline-color has-vivid-red-color\">Y\u00fczeye monte edilebilen 25x14mm LED \u0131\u015f\u0131k al\u00fcminyum profili<\/mark><\/a><\/li>\n\n\n\n<li><a href=\"https:\/\/tangooled.com\/tr\/urun\/18x9mm-led-tape-light-profile-for-surface-installation\/\"><mark style=\"background-color:rgba(0, 0, 0, 0)\" class=\"has-inline-color has-vivid-red-color\">y\u00fczeye montaj i\u00e7in 18x9mm LED bant \u0131\u015f\u0131k profili<\/mark><\/a><\/li>\n\n\n\n<li><a href=\"https:\/\/tangooled.com\/tr\/urun\/22x15mm-led-light-channel-aluminum-extrusion-for-flexible-strips\/\"><mark style=\"background-color:rgba(0, 0, 0, 0)\" class=\"has-inline-color has-vivid-red-color\">Esnek \u015feritler i\u00e7in 22x15mm LED \u0131\u015f\u0131k kanal\u0131 al\u00fcminyum ekstr\u00fczyon<\/mark><\/a><\/li>\n<\/ul>\n<\/div><\/div>\n\n\n\n<div class=\"wp-block-group has-background\" style=\"background-color:#f1f1f1;padding-top:var(--wp--preset--spacing--80);padding-bottom:var(--wp--preset--spacing--80)\"><div class=\"wp-block-group__inner-container is-layout-constrained wp-block-group-is-layout-constrained\">\n<h2 class=\"wp-block-heading\" style=\"padding-top:var(--wp--preset--spacing--40);padding-bottom:var(--wp--preset--spacing--40);font-size:25px;font-style:normal;font-weight:600;text-transform:capitalize\">\u00d6zet<\/h2>\n\n\n\n<p style=\"padding-right:var(--wp--preset--spacing--50);padding-left:var(--wp--preset--spacing--50)\">Our 35x18mm flangeless recessed LED channel is a tough and simple way to get that perfectly brilliant, even glow. Thanks to its wide profile and opal diffuser, the light looks soft and professional, with no harsh hotspots. It\u2019s incredibly versatile, too\u2014working with everything from basic DIY projects to smart systems like Philips Hue and RGBW strips. It\u2019s a perfect fit for your kitchen, closet, office, or anywhere else you want a sleek, clean LED look.<\/p>\n<\/div><\/div>\n\n\n\n<p><\/p>","protected":false},"featured_media":33378,"template":"","meta":{"_acf_changed":true,"_seopress_robots_primary_cat":"none","_seopress_titles_title":"Flangeless Recessed LED Channel 35x18mm Trimless | TANGOOLED","_seopress_titles_desc":"Source this 35x18mm flangeless recessed LED channel for a seamless, trimless lighting finish. Designed to be plastered into drywall, it offers a clean look for professional linear lighting.","_seopress_robots_index":""},"pcb-width":[230],"product-cat":[193],"class_list":{"0":"post-43524","1":"product","2":"type-product","3":"status-publish","4":"has-post-thumbnail","6":"pcb-width-20-25mm","7":"product-cat-recessed-profile"},"acf":[],"_links":{"self":[{"href":"https:\/\/tangooled.com\/tr\/wp-json\/wp\/v2\/product\/43524","targetHints":{"allow":["GET"]}}],"collection":[{"href":"https:\/\/tangooled.com\/tr\/wp-json\/wp\/v2\/product"}],"about":[{"href":"https:\/\/tangooled.com\/tr\/wp-json\/wp\/v2\/types\/product"}],"wp:featuredmedia":[{"embeddable":true,"href":"https:\/\/tangooled.com\/tr\/wp-json\/wp\/v2\/media\/33378"}],"wp:attachment":[{"href":"https:\/\/tangooled.com\/tr\/wp-json\/wp\/v2\/media?parent=43524"}],"wp:term":[{"taxonomy":"pcb-width","embeddable":true,"href":"https:\/\/tangooled.com\/tr\/wp-json\/wp\/v2\/pcb-width?post=43524"},{"taxonomy":"product-cat","embeddable":true,"href":"https:\/\/tangooled.com\/tr\/wp-json\/wp\/v2\/product-cat?post=43524"}],"curies":[{"name":"wp","href":"https:\/\/api.w.org\/{rel}","templated":true}]}}