{"id":43521,"date":"2025-12-30T01:57:50","date_gmt":"2025-12-30T09:57:50","guid":{"rendered":"https:\/\/tangooled.com\/?post_type=product&#038;p=43521"},"modified":"2026-01-29T22:24:32","modified_gmt":"2026-01-30T06:24:32","slug":"recessed-led-profile-with-mounting-brackets-35x19mm","status":"publish","type":"product","link":"https:\/\/tangooled.com\/tr\/urun\/recessed-led-profile-with-mounting-brackets-35x19mm\/","title":{"rendered":"35x19mm G\u00f6mme LED Al\u00fcminyum Profil, Montaj Braketleri ile"},"content":{"rendered":"<div class=\"wp-block-group is-vertical is-layout-flex wp-container-core-group-is-layout-d255d7c4 wp-block-group-is-layout-flex\" style=\"padding-top:var(--wp--preset--spacing--80);padding-bottom:var(--wp--preset--spacing--80)\">\n<p>Our S3519 recessed LED aluminum profile with bracket is an ideal choice if you\u2019re looking for a lighting setup that\u2019s neat, strong, and smooth. Made from high-quality aluminum, this linear solution helps you create a seamless glow that makes the lights look like a natural part of your ceiling or wall. It has an outside size of 35x19mm and an inside width of 26.5mm, which makes it easy to install standard LED strips and even wider or double-row strips. The flangeless design gives it a clean, built-in look, and the smart recessed mounting brackets keep the profile securely in place.<\/p>\n<\/div>\n\n\n\n<div class=\"wp-block-group has-background is-vertical is-layout-flex wp-container-core-group-is-layout-d255d7c4 wp-block-group-is-layout-flex\" style=\"background-color:#f1f1f1;padding-top:var(--wp--preset--spacing--80);padding-bottom:var(--wp--preset--spacing--80)\">\n<div class=\"wp-block-group is-vertical is-layout-flex wp-container-core-group-is-layout-8cf370e7 wp-block-group-is-layout-flex\">\n<h2 class=\"wp-block-heading\" style=\"padding-top:var(--wp--preset--spacing--40);padding-bottom:var(--wp--preset--spacing--40);font-size:25px;font-style:normal;font-weight:600;text-transform:capitalize\">Neden Braketli 35x19mm G\u00f6mme LED Profilimizi Se\u00e7melisiniz?<\/h2>\n\n\n\n<ul class=\"wp-block-list\">\n<li>Geni\u015f ve derin: 26mm geni\u015fli\u011finde LED \u015feritleri tutabilir. Ayd\u0131nl\u0131k i\u00e7in harika.<\/li>\n\n\n\n<li>Al\u00fcminyumdan yap\u0131lm\u0131\u015ft\u0131r ve LED'lerinizi so\u011futmak i\u00e7in bir \u0131s\u0131 emici i\u015flevi g\u00f6r\u00fcr, b\u00f6ylece daha uzun \u00f6m\u00fcrl\u00fc olmalar\u0131n\u0131 sa\u011flar.<\/li>\n\n\n\n<li>No trim: The channel doesn&#8217;t have any trims, so it looks like the light is built into your wall.<\/li>\n\n\n\n<li>Dif\u00fcz\u00f6r ile birlikte gelir: Buzlu plastik kapak, \u0131\u015f\u0131\u011f\u0131 p\u00fcr\u00fczs\u00fcz ve noktas\u0131z hale getirir.<\/li>\n\n\n\n<li>Ah\u015fap veya al\u00e7\u0131pan\u0131n\u0131za kolayca kurulum yapman\u0131z\u0131 sa\u011flayan braketler ile birlikte gelir.<\/li>\n<\/ul>\n<\/div>\n<\/div>\n\n\n\n<div class=\"wp-block-group\" style=\"padding-top:var(--wp--preset--spacing--60);padding-bottom:var(--wp--preset--spacing--60)\"><div class=\"wp-block-group__inner-container is-layout-constrained wp-block-group-is-layout-constrained\">\n<div class=\"wp-block-media-text has-media-on-the-right is-stacked-on-mobile\" style=\"grid-template-columns:auto 40%\"><div class=\"wp-block-media-text__content\">\n<h2 class=\"wp-block-heading\" style=\"padding-top:var(--wp--preset--spacing--40);padding-bottom:var(--wp--preset--spacing--40);font-size:25px;font-style:normal;font-weight:600;text-transform:capitalize\">Nas\u0131l Kurulur<\/h2>\n\n\n\n<ul class=\"wp-block-list\">\n<li>35x19mm profil i\u00e7in uygun boyutta ah\u015fap veya al\u00e7\u0131pan i\u00e7inde bir kanal a\u00e7\u0131n.<\/li>\n\n\n\n<li>Profile ile birlikte gelen montaj braketlerini kullanarak yerinde tutun.<\/li>\n\n\n\n<li>LED \u015firinizi kanala yerle\u015ftirin.<\/li>\n\n\n\n<li>I\u015f\u0131\u011f\u0131 daha az sert hale getirmek i\u00e7in dif\u00fcz\u00f6r\u00fc tak\u0131n.<\/li>\n\n\n\n<li>To make the installation look smooth, you can either paint around the buckles&#8217;&nbsp;flanges or plaster over them.<\/li>\n<\/ul>\n<\/div><figure class=\"wp-block-media-text__media\"><img loading=\"lazy\" decoding=\"async\" width=\"500\" height=\"500\" src=\"https:\/\/tangooled.com\/wp-content\/uploads\/2025\/12\/s3519-ins.webp\" alt=\"35x19mm led aluminum profile with bracket for recessing\" class=\"wp-image-43560 size-full\" srcset=\"https:\/\/tangooled.com\/wp-content\/uploads\/2025\/12\/s3519-ins.webp 500w, https:\/\/tangooled.com\/wp-content\/uploads\/2025\/12\/s3519-ins-300x300.webp 300w, https:\/\/tangooled.com\/wp-content\/uploads\/2025\/12\/s3519-ins-150x150.webp 150w\" sizes=\"auto, (max-width: 500px) 100vw, 500px\" \/><\/figure><\/div>\n<\/div><\/div>\n\n\n\n<div class=\"wp-block-group has-background\" style=\"background-color:#f1f1f1f2;padding-top:var(--wp--preset--spacing--80);padding-bottom:var(--wp--preset--spacing--80)\"><div class=\"wp-block-group__inner-container is-layout-constrained wp-block-group-is-layout-constrained\">\n<h2 class=\"wp-block-heading\" style=\"padding-top:var(--wp--preset--spacing--40);padding-bottom:var(--wp--preset--spacing--40);font-size:25px;font-style:normal;font-weight:600\">Bir\u00e7ok Ayd\u0131nlatma Kullan\u0131m\u0131 \u0130\u00e7in M\u00fckemmel<\/h2>\n\n\n\n<p>Bu 35x19mm LED al\u00fcminyum profil braket ile \u015funlar i\u00e7in harikad\u0131r:<\/p>\n\n\n\n<ul class=\"wp-block-list\">\n<li>Lighting under cabinets\u2014strong, direct job lights for kitchens and workspaces.<\/li>\n\n\n\n<li>Cove lighting\u2014hiding your lights to generate gentle ambient glows.<\/li>\n\n\n\n<li>Retail displays\u2014use bright, clear LED lights to draw attention to things.<\/li>\n\n\n\n<li>Ofis ayd\u0131nlatmas\u0131: Tavanlar\u0131 \u015f\u0131k ve modern g\u00f6stermek i\u00e7in s\u0131f\u0131r uyumlu LED profilleri kullan\u0131n.&nbsp;<\/li>\n<\/ul>\n<\/div><\/div>\n\n\n\n<div class=\"wp-block-group is-vertical is-layout-flex wp-container-core-group-is-layout-d255d7c4 wp-block-group-is-layout-flex\" style=\"padding-top:var(--wp--preset--spacing--80);padding-bottom:var(--wp--preset--spacing--80)\">\n<h2 class=\"wp-block-heading\" style=\"padding-top:var(--wp--preset--spacing--40);padding-bottom:var(--wp--preset--spacing--40);font-size:25px;font-style:normal;font-weight:600;text-transform:capitalize\">\u0130lgili \u00dcr\u00fcnler<\/h2>\n\n\n\n<ul class=\"wp-block-list\">\n<li>G\u00f6z at\u0131n <a href=\"https:\/\/tangooled.com\/tr\/urun\/black-led-profile-with-black-diffuser-for-10mm-led-strip-light\/\"><mark style=\"background-color:rgba(0, 0, 0, 0)\" class=\"has-inline-color has-vivid-red-color\">10mm LED \u015ferit \u0131\u015f\u0131k i\u00e7in siyah dif\u00fcz\u00f6rl\u00fc siyah LED profili<\/mark><\/a> dar, \u015f\u0131k montajlar i\u00e7in.<\/li>\n\n\n\n<li>Y\u00fczey montaj\u0131 i\u00e7in, <a href=\"https:\/\/tangooled.com\/tr\/urun\/25x14m-surface-mounted-led-light-aluminum-profile\/\"><mark style=\"background-color:rgba(0, 0, 0, 0)\" class=\"has-inline-color has-vivid-red-color\">25x14mm y\u00fczeye montajl\u0131 LED al\u00fcminyum profilimize bak\u0131n<\/mark><\/a>.<\/li>\n\n\n\n<li>Kompakt bir se\u00e7enek mi istiyorsunuz? Deneyin <a href=\"https:\/\/tangooled.com\/tr\/urun\/led-strip-light-channel-aluminum-profile-with-diffused-cover-6mm-height\/\"><mark style=\"background-color:rgba(0, 0, 0, 0)\" class=\"has-inline-color has-vivid-red-color\">Dif\u00fcz\u00f6r kapakl\u0131 6mm y\u00fckseklikteki LED \u015ferit \u0131\u015f\u0131k kanal\u0131 al\u00fcminyum profil<\/mark><\/a>.<\/li>\n\n\n\n<li>Kontrol et <a href=\"https:\/\/tangooled.com\/tr\/urun\/18x9mm-led-tape-light-profile-for-surface-installation\/\"><mark style=\"background-color:rgba(0, 0, 0, 0)\" class=\"has-inline-color has-vivid-red-color\">y\u00fczeye montaj i\u00e7in 18x9mm LED bant \u0131\u015f\u0131k profili<\/mark><\/a> ince y\u00fczey uyumlu ayd\u0131nlatma i\u00e7in.<\/li>\n\n\n\n<li>Lensli bir profile ihtiyac\u0131n\u0131z varsa, <a href=\"https:\/\/tangooled.com\/tr\/urun\/aluminum-profile-with-60-degree-lens-led-diffuser\/\"><mark style=\"background-color:rgba(0, 0, 0, 0)\" class=\"has-inline-color has-vivid-red-color\">60 derece lensli al\u00fcminyum profil LED dif\u00fcz\u00f6r<\/mark><\/a>.<\/li>\n<\/ul>\n<\/div>\n\n\n\n<p><\/p>","protected":false},"featured_media":33375,"template":"","meta":{"_acf_changed":true,"_seopress_robots_primary_cat":"none","_seopress_titles_title":"Recessed LED Profile with Brackets 35x19mm | TANGOOLED","_seopress_titles_desc":"Source this 35x19mm recessed LED profile featuring heavy-duty mounting brackets. Designed for secure architectural installation in ceilings and walls with a wider light output.","_seopress_robots_index":""},"pcb-width":[230],"product-cat":[193],"class_list":{"0":"post-43521","1":"product","2":"type-product","3":"status-publish","4":"has-post-thumbnail","6":"pcb-width-20-25mm","7":"product-cat-recessed-profile"},"acf":[],"_links":{"self":[{"href":"https:\/\/tangooled.com\/tr\/wp-json\/wp\/v2\/product\/43521","targetHints":{"allow":["GET"]}}],"collection":[{"href":"https:\/\/tangooled.com\/tr\/wp-json\/wp\/v2\/product"}],"about":[{"href":"https:\/\/tangooled.com\/tr\/wp-json\/wp\/v2\/types\/product"}],"wp:featuredmedia":[{"embeddable":true,"href":"https:\/\/tangooled.com\/tr\/wp-json\/wp\/v2\/media\/33375"}],"wp:attachment":[{"href":"https:\/\/tangooled.com\/tr\/wp-json\/wp\/v2\/media?parent=43521"}],"wp:term":[{"taxonomy":"pcb-width","embeddable":true,"href":"https:\/\/tangooled.com\/tr\/wp-json\/wp\/v2\/pcb-width?post=43521"},{"taxonomy":"product-cat","embeddable":true,"href":"https:\/\/tangooled.com\/tr\/wp-json\/wp\/v2\/product-cat?post=43521"}],"curies":[{"name":"wp","href":"https:\/\/api.w.org\/{rel}","templated":true}]}}