{"id":43518,"date":"2025-12-30T01:54:41","date_gmt":"2025-12-30T09:54:41","guid":{"rendered":"https:\/\/tangooled.com\/?post_type=product&#038;p=43518"},"modified":"2026-01-23T01:00:59","modified_gmt":"2026-01-23T09:00:59","slug":"low-profile-recessed-led-channel-with-brackets-54x13mm","status":"publish","type":"product","link":"https:\/\/tangooled.com\/tr\/urun\/low-profile-recessed-led-channel-with-brackets-54x13mm\/","title":{"rendered":"54x13mm D\u00fc\u015f\u00fck Profil G\u00f6mme LED \u015eerit Kanal\u0131 Braketler ile"},"content":{"rendered":"<div class=\"wp-block-group is-vertical is-layout-flex wp-container-core-group-is-layout-d255d7c4 wp-block-group-is-layout-flex\" style=\"padding-top:var(--wp--preset--spacing--80);padding-bottom:var(--wp--preset--spacing--80)\">\n<p>Projenizi braketli 54x13mm d\u00fc\u015f\u00fck profil g\u00f6mme LED kanal\u0131 ile y\u00fckseltin. Bu al\u00fcminyum profil, al\u00e7\u0131 veya kuru duvar tavanlar\u0131 ile m\u00fckemmel bir uyum sa\u011flayacak p\u00fcr\u00fczs\u00fcz, kenars\u0131z bir g\u00f6r\u00fcn\u00fcm sunmak i\u00e7in tasarlanm\u0131\u015ft\u0131r. Geni\u015f 43mm i\u00e7 geni\u015fli\u011fi, ekstra geni\u015f veya y\u00fcksek verimli LED \u015feritleri tutmak i\u00e7in m\u00fckemmeldir.<\/p>\n\n\n\n<p>Bu tavan g\u00f6mme profili, \u0131\u015f\u0131\u011f\u0131n\u0131z\u0131 p\u00fcr\u00fczs\u00fcz bir \u00e7izgi olarak g\u00f6stererek m\u00fckemmel bir mimari biti\u015f elde etmeye odaklanm\u0131\u015ft\u0131r. G\u00f6mme toka montaj mekanizmas\u0131, kanal\u0131 tavan \u00e7er\u00e7evenize g\u00fcvenli bir \u015fekilde sabitleyerek kurulum s\u00fcre\u00e7lerini daha da kolayla\u015ft\u0131r\u0131r.<\/p>\n\n\n\n<p>54x13mm LED \u015ferit kanal\u0131, g\u00f6mme kurulumlar i\u00e7in dayan\u0131kl\u0131 ve kullan\u0131m\u0131 kolayd\u0131r. Herhangi bir odada g\u00fczel, profesyonel g\u00f6r\u00fcn\u00fcml\u00fc ayd\u0131nlatma hatlar\u0131 olu\u015fturman\u0131z\u0131 sa\u011flar. Modern i\u00e7 mimari i\u00e7in basit ama \u015f\u0131k bir \u00e7\u00f6z\u00fcm sunar.<\/p>\n<\/div>\n\n\n\n<div class=\"wp-block-group has-background\" style=\"background-color:#f1f1f1;padding-top:var(--wp--preset--spacing--80);padding-bottom:var(--wp--preset--spacing--80)\"><div class=\"wp-block-group__inner-container is-layout-constrained wp-block-group-is-layout-constrained\">\n<div class=\"wp-block-group is-vertical is-layout-flex wp-container-core-group-is-layout-8cf370e7 wp-block-group-is-layout-flex\">\n<h2 class=\"wp-block-heading\" style=\"padding-top:var(--wp--preset--spacing--40);padding-bottom:var(--wp--preset--spacing--40);font-size:25px;font-style:normal;font-weight:600;text-transform:capitalize\">Neden 54x13mm d\u00fc\u015f\u00fck profilli g\u00f6mme LED kanal\u0131m\u0131z\u0131 se\u00e7melisiniz?<\/h2>\n\n\n\n<ul class=\"wp-block-list\">\n<li>D\u00fcz montaj ve kenars\u0131z tasar\u0131m, tavan\u0131n\u0131za temiz, modern bir g\u00f6r\u00fcn\u00fcm kazand\u0131racakt\u0131r.<\/li>\n\n\n\n<li>Ready to be plastered in, fits normal drywall (5\/8&#8243; or 1\/2&#8243;).<\/li>\n\n\n\n<li>Dayan\u0131kl\u0131 6063-T5 anodize al\u00fcminyumdan yap\u0131lm\u0131\u015ft\u0131r ve LED \u015feritleri i\u00e7in bir \u0131s\u0131 \u0131\u015f\u0131mas\u0131 olarak g\u00f6rev yapar.<\/li>\n\n\n\n<li>G\u00fc\u00e7l\u00fc montaj braketleri i\u00e7erir, g\u00fcvenli bir \u015fekilde sabitlenir.<\/li>\n\n\n\n<li>P\u00fcr\u00fczs\u00fcz, noktas\u0131z \u0131\u015f\u0131k i\u00e7in dif\u00fcz\u00f6r polikarbonat kapa\u011f\u0131 ile birlikte gelir.<\/li>\n\n\n\n<li>\u0130kili s\u0131ra \u015feritler, RGBW, ayarlanabilir beyaz ve di\u011fer COB LED \u015feritleri gibi \u00e7e\u015fitli LED \u015ferit geni\u015flikleri ile uyumludur.<\/li>\n<\/ul>\n<\/div>\n<\/div><\/div>\n\n\n\n<div class=\"wp-block-group\" style=\"padding-top:var(--wp--preset--spacing--60);padding-bottom:var(--wp--preset--spacing--60)\"><div class=\"wp-block-group__inner-container is-layout-constrained wp-block-group-is-layout-constrained\">\n<div class=\"wp-block-media-text has-media-on-the-right is-stacked-on-mobile\" style=\"grid-template-columns:auto 40%\"><div class=\"wp-block-media-text__content\">\n<h2 class=\"wp-block-heading\" style=\"padding-top:var(--wp--preset--spacing--40);padding-bottom:var(--wp--preset--spacing--40);font-size:25px;font-style:normal;font-weight:600;text-transform:capitalize\">54x13mm LED \u015eerit Kanal\u0131 Nas\u0131l Kurulur<\/h2>\n\n\n\n<ul class=\"wp-block-list\">\n<li>Kanal ile birlikte gelen braketleri kullanarak bunu kesip duvar veya tavan \u00e7er\u00e7evenize monte edin.<\/li>\n\n\n\n<li>Flan\u015flar\u0131 kapatmak ve y\u00fczeyin p\u00fcr\u00fczs\u00fcz hale gelmesini sa\u011flamak i\u00e7in al\u00e7\u0131 veya kuru duvar macunu kullan\u0131n, b\u00f6ylece tavan ile uyumlu olur.<\/li>\n\n\n\n<li>Kanal i\u00e7ine LED \u015ferit \u0131\u015f\u0131\u011f\u0131n\u0131z\u0131 yerle\u015ftirin, kuruduktan ve z\u0131mparaland\u0131ktan sonra.<\/li>\n\n\n\n<li>Clip the frosted diffuser cover in place to have a radiance that is even and doesn&#8217;t have any glare.<\/li>\n<\/ul>\n<\/div><figure class=\"wp-block-media-text__media\"><img loading=\"lazy\" decoding=\"async\" width=\"500\" height=\"500\" src=\"https:\/\/tangooled.com\/wp-content\/uploads\/2025\/12\/s5413-ins.webp\" alt=\"54x13mm led strip channel with bracket for ceiling recessed\" class=\"wp-image-43557 size-full\" srcset=\"https:\/\/tangooled.com\/wp-content\/uploads\/2025\/12\/s5413-ins.webp 500w, https:\/\/tangooled.com\/wp-content\/uploads\/2025\/12\/s5413-ins-300x300.webp 300w, https:\/\/tangooled.com\/wp-content\/uploads\/2025\/12\/s5413-ins-150x150.webp 150w\" sizes=\"auto, (max-width: 500px) 100vw, 500px\" \/><\/figure><\/div>\n<\/div><\/div>\n\n\n\n<div class=\"wp-block-group has-background\" style=\"background-color:#f1f1f1f2;padding-top:var(--wp--preset--spacing--80);padding-bottom:var(--wp--preset--spacing--80)\"><div class=\"wp-block-group__inner-container is-layout-constrained wp-block-group-is-layout-constrained\">\n<h2 class=\"wp-block-heading\" style=\"padding-top:var(--wp--preset--spacing--40);padding-bottom:var(--wp--preset--spacing--40);font-size:25px;font-style:normal;font-weight:600\">What\u2019s Included in the Package?<\/h2>\n\n\n\n<ul class=\"wp-block-list\">\n<li>54x13mm (uzunluk de\u011fi\u015fir) metal LED \u015ferit kanal\u0131<\/li>\n\n\n\n<li>Opal polikarbonat dif\u00fcz\u00f6r<\/li>\n\n\n\n<li>\u0130ki metal u\u00e7 kapa\u011f\u0131<\/li>\n\n\n\n<li>Tavana veya duvarlara s\u0131k\u0131 oturmas\u0131n\u0131 sa\u011flamak i\u00e7in montaj braketleri<\/li>\n<\/ul>\n<\/div><\/div>\n\n\n\n<div class=\"wp-block-group is-vertical is-layout-flex wp-container-core-group-is-layout-d255d7c4 wp-block-group-is-layout-flex\" style=\"padding-top:var(--wp--preset--spacing--80);padding-bottom:var(--wp--preset--spacing--80)\">\n<h2 class=\"wp-block-heading\" style=\"padding-top:var(--wp--preset--spacing--40);padding-bottom:var(--wp--preset--spacing--40);font-size:25px;font-style:normal;font-weight:600;text-transform:capitalize\">Uygulamalar &amp; Kullan\u0131m Senaryolar\u0131<\/h2>\n\n\n\n<ul class=\"wp-block-list\">\n<li>Ofisler ve lobiler: Al\u00e7\u0131 LED profillerini tavanlar\u0131 vurgulamak i\u00e7in kullan\u0131n.<\/li>\n\n\n\n<li>Mutfaklar: Adalar\u0131n veya tezgahlar\u0131n \u00fcst\u00fcne koyarak i\u015fler i\u00e7in ayd\u0131nlatma yap\u0131n ve stil ekleyin.<\/li>\n\n\n\n<li>D\u00fckkanlar: S\u00fcrekli a\u00e7\u0131k kalan ve enerji tasarrufu sa\u011flayan ayd\u0131nlatma i\u00e7in kullan\u0131n, \u00fcr\u00fcn sergileyin.<\/li>\n\n\n\n<li>Misafirlik Alanlar\u0131: Basit, \u00f6zel alanlar yaratmak i\u00e7in \u00e7er\u00e7evesiz LED kanallar kullan\u0131n.<\/li>\n<\/ul>\n<\/div>\n\n\n\n<div class=\"wp-block-group has-background\" style=\"background-color:#f1f1f1;padding-top:var(--wp--preset--spacing--80);padding-bottom:var(--wp--preset--spacing--80)\"><div class=\"wp-block-group__inner-container is-layout-constrained wp-block-group-is-layout-constrained\">\n<h2 class=\"wp-block-heading\" style=\"padding-top:var(--wp--preset--spacing--40);padding-bottom:var(--wp--preset--spacing--40);font-size:25px;font-style:normal;font-weight:600;text-transform:capitalize\">Aksesuarlar ve Uyumlu \u00dcr\u00fcnler<\/h2>\n\n\n\n<ul class=\"wp-block-list\">\n<li><a href=\"https:\/\/tangooled.com\/tr\/urun\/black-led-profile-with-black-diffuser-for-10mm-led-strip-light\/\"><mark style=\"background-color:rgba(0, 0, 0, 0)\" class=\"has-inline-color has-vivid-red-color\">10mm LED \u015eerit Ayd\u0131nlatma i\u00e7in Siyah Dif\u00fcz\u00f6rl\u00fc Siyah LED Profili<\/mark><\/a><\/li>\n\n\n\n<li><a href=\"https:\/\/tangooled.com\/tr\/urun\/black-led-diffuser-aluminum-channel-for-12mm-tape-lights\/\"><mark style=\"background-color:rgba(0, 0, 0, 0)\" class=\"has-inline-color has-vivid-red-color\">12 mm \u015eerit I\u015f\u0131klar i\u00e7in Siyah LED Dif\u00fcz\u00f6r Al\u00fcminyum Kanal<\/mark><\/a><\/li>\n\n\n\n<li><a href=\"https:\/\/tangooled.com\/tr\/urun\/surface-mount-led-profile-with-frosted-diffuser-for-10mm-rope-lights\/\"><mark style=\"background-color:rgba(0, 0, 0, 0)\" class=\"has-inline-color has-vivid-red-color\">10mm Tel Ayd\u0131nlatmalar\u0131 i\u00e7in Buzlu Dif\u00fcz\u00f6rl\u00fc Y\u00fczeye Montaj LED Profili<\/mark><\/a><\/li>\n\n\n\n<li><a href=\"https:\/\/tangooled.com\/tr\/urun\/led-strip-light-channel-aluminum-profile-with-diffused-cover-6mm-height\/\"><mark style=\"background-color:rgba(0, 0, 0, 0)\" class=\"has-inline-color has-vivid-red-color\">Dif\u00fcz\u00f6r Kapakl\u0131 6mm Y\u00fckseklikteki LED \u015eerit I\u015f\u0131k Kanal\u0131 Al\u00fcminyum Profili<\/mark><\/a><\/li>\n\n\n\n<li><a href=\"https:\/\/tangooled.com\/tr\/urun\/aluminum-led-strip-extrusion-diffuser-channel-for-5050-double-row-led-strip\/\"><mark style=\"background-color:rgba(0, 0, 0, 0)\" class=\"has-inline-color has-vivid-red-color\">5050 \u00c7ift S\u0131ra LED \u015eerit i\u00e7in Al\u00fcminyum LED \u015eerit Ekstr\u00fczyon Dif\u00fcz\u00f6r Kanal\u0131<\/mark><\/a><\/li>\n<\/ul>\n<\/div><\/div>\n\n\n\n<p><\/p>","protected":false},"featured_media":33372,"template":"","meta":{"_acf_changed":true,"_seopress_robots_primary_cat":"none","_seopress_titles_title":"Low Profile Recessed LED Channel 54x13mm Wide | TANGOOLED","_seopress_titles_desc":"This 54x13mm wide LED strip channel offers a low-profile recessed solution for shallow ceilings. Includes brackets for stable mounting and supports multi-row LED strips.","_seopress_robots_index":""},"pcb-width":[232],"product-cat":[193],"class_list":{"0":"post-43518","1":"product","2":"type-product","3":"status-publish","4":"has-post-thumbnail","6":"pcb-width-35-45mm","7":"product-cat-recessed-profile"},"acf":[],"_links":{"self":[{"href":"https:\/\/tangooled.com\/tr\/wp-json\/wp\/v2\/product\/43518","targetHints":{"allow":["GET"]}}],"collection":[{"href":"https:\/\/tangooled.com\/tr\/wp-json\/wp\/v2\/product"}],"about":[{"href":"https:\/\/tangooled.com\/tr\/wp-json\/wp\/v2\/types\/product"}],"wp:featuredmedia":[{"embeddable":true,"href":"https:\/\/tangooled.com\/tr\/wp-json\/wp\/v2\/media\/33372"}],"wp:attachment":[{"href":"https:\/\/tangooled.com\/tr\/wp-json\/wp\/v2\/media?parent=43518"}],"wp:term":[{"taxonomy":"pcb-width","embeddable":true,"href":"https:\/\/tangooled.com\/tr\/wp-json\/wp\/v2\/pcb-width?post=43518"},{"taxonomy":"product-cat","embeddable":true,"href":"https:\/\/tangooled.com\/tr\/wp-json\/wp\/v2\/product-cat?post=43518"}],"curies":[{"name":"wp","href":"https:\/\/api.w.org\/{rel}","templated":true}]}}