{"id":43517,"date":"2025-12-30T01:51:19","date_gmt":"2025-12-30T09:51:19","guid":{"rendered":"https:\/\/tangooled.com\/?post_type=product&#038;p=43517"},"modified":"2026-01-29T22:28:41","modified_gmt":"2026-01-30T06:28:41","slug":"45mm-inner-width-recessed-led-channel-54x18mm","status":"publish","type":"product","link":"https:\/\/tangooled.com\/tr\/urun\/45mm-inner-width-recessed-led-channel-54x18mm\/","title":{"rendered":"54x18mm G\u00f6mme LED Al\u00fcminyum Kanal 45mm \u0130\u00e7 Geni\u015flik"},"content":{"rendered":"<div class=\"wp-block-group is-vertical is-layout-flex wp-container-core-group-is-layout-d255d7c4 wp-block-group-is-layout-flex\" style=\"padding-top:var(--wp--preset--spacing--80);padding-bottom:var(--wp--preset--spacing--80)\">\n<p>Bu 45mm i\u00e7 geni\u015flikteki LED kanal\u0131 S5418mm, d\u00f6\u015feme montaj\u0131 i\u00e7in m\u00fckemmel bir se\u00e7imdir, size \u015f\u0131k, \u00e7er\u00e7evesiz bir g\u00f6r\u00fcn\u00fcm kazand\u0131r\u0131r. D\u0131\u015f boyutlar\u0131 54mm geni\u015fli\u011finde ve 18mm y\u00fckseklindeyken, S5418 \u015fa\u015f\u0131rt\u0131c\u0131 bir \u015fekilde 45.2mm geni\u015f i\u00e7 \u00f6l\u00e7\u00fc sunar. Bu, Philips Hue Lightstrip gibi geni\u015f LED \u015feritleri i\u00e7in harika bir yuva yapar ve y\u00fcksek yo\u011funluklu LED bantlarla da ayn\u0131 \u015fekilde \u00e7al\u0131\u015f\u0131r. Ayr\u0131ca, s\u0131\u011f tasar\u0131m\u0131, dar tavan bo\u015fluklar\u0131nda bile montaj\u0131 kolayla\u015ft\u0131r\u0131r.<\/p>\n\n\n\n<p>Installation is both secure and simple thanks to our unique recessed buckle system, which locks the profile firmly into the wall or ceiling. It&#8217;s the best choice for architectural projects that need a clean, steady light source and a seamless, built-in look.<\/p>\n<\/div>\n\n\n\n<div class=\"wp-block-group has-background\" style=\"background-color:#f1f1f1;padding-top:var(--wp--preset--spacing--80);padding-bottom:var(--wp--preset--spacing--80)\"><div class=\"wp-block-group__inner-container is-layout-constrained wp-block-group-is-layout-constrained\">\n<div class=\"wp-block-group is-vertical is-layout-flex wp-container-core-group-is-layout-8cf370e7 wp-block-group-is-layout-flex\">\n<h2 class=\"wp-block-heading\" style=\"padding-top:var(--wp--preset--spacing--40);padding-bottom:var(--wp--preset--spacing--40);font-size:25px;font-style:normal;font-weight:600;text-transform:capitalize\">Neden Bu 45mm Geni\u015f G\u00f6mme LED Kanal\u0131n\u0131 Se\u00e7melisiniz?<\/h2>\n\n\n\n<ul class=\"wp-block-list\">\n<li>Geni\u015f 45mm i\u00e7 geni\u015flik, geni\u015f LED bantlar\u0131n\u0131n \u00e7ift veya \u00fc\u00e7l\u00fc s\u0131ralar\u0131n\u0131 tutmak \u00fczere tasarlanm\u0131\u015ft\u0131r, bu da hem COB hem de SMD \u015feritlerle uyumlu hale getirir.<\/li>\n\n\n\n<li>Bu \u00fcr\u00fcn, LED \u015feritler i\u00e7in harika bir \u0131s\u0131 da\u011f\u0131t\u0131c\u0131 olan y\u00fcksek kaliteli anodize al\u00fcminyumdan yap\u0131lm\u0131\u015ft\u0131r ve onlar\u0131n daha uzun \u00f6m\u00fcrl\u00fc olmas\u0131na yard\u0131mc\u0131 olur.<\/li>\n\n\n\n<li>Bu \u00fcr\u00fcn, tam olarak s\u0131va i\u00e7i kullan\u0131m i\u00e7in tasarland\u0131\u011f\u0131 i\u00e7in al\u00e7\u0131pan LED kanal\u0131 ve tavan g\u00f6mme ayd\u0131nlatma uygulamalar\u0131 i\u00e7in m\u00fckemmeldir.<\/li>\n\n\n\n<li>The milky diffuser cover that comes with it makes sure that the light is uniformly spread out and doesn&#8217;t have any dots.<\/li>\n\n\n\n<li>\u00dcr\u00fcnle birlikte gelen u\u00e7 kapaklar ve g\u00f6mme tokalar, montaj\u0131 kolayla\u015ft\u0131r\u0131r ve temiz, bitmi\u015f bir g\u00f6r\u00fcn\u00fcm kazand\u0131r\u0131r.<\/li>\n\n\n\n<li>\u00c7ok say\u0131da i\u00e7 mekan kullan\u0131m\u0131 i\u00e7in harika, \u00f6rne\u011fin; ni\u015f ayd\u0131nlatma, dolap alt\u0131 montajlar\u0131, ma\u011faza vitrinleri ve modern ofis ortamlar\u0131.<\/li>\n<\/ul>\n<\/div>\n<\/div><\/div>\n\n\n\n<div class=\"wp-block-group\" style=\"padding-top:var(--wp--preset--spacing--60);padding-bottom:var(--wp--preset--spacing--60)\"><div class=\"wp-block-group__inner-container is-layout-constrained wp-block-group-is-layout-constrained\">\n<div class=\"wp-block-media-text has-media-on-the-right is-stacked-on-mobile\" style=\"grid-template-columns:auto 40%\"><div class=\"wp-block-media-text__content\">\n<h2 class=\"wp-block-heading\" style=\"padding-top:var(--wp--preset--spacing--40);padding-bottom:var(--wp--preset--spacing--40);font-size:25px;font-style:normal;font-weight:600;text-transform:capitalize\">Nas\u0131l Kurulur<\/h2>\n\n\n\n<ul class=\"wp-block-list\">\n<li>Belirtilen \u00f6l\u00e7\u00fcmleri izleyerek al\u00e7\u0131pan veya s\u0131va panosuna bir kanal kesin.<\/li>\n\n\n\n<li>Al\u00fcminyum kanal\u0131 yerinde tutmak i\u00e7in g\u00f6mme tokalar\u0131 kullan\u0131n ve bunu dikmelere veya kiri\u015flere sabitleyin.<\/li>\n\n\n\n<li>Flan\u015f\u0131 d\u00fczg\u00fcn g\u00f6r\u00fcnmesi i\u00e7in s\u0131va veya al\u00e7\u0131 tespit harc\u0131 ile kaplay\u0131n.<\/li>\n\n\n\n<li>Alan\u0131 z\u0131mparalay\u0131n ve boyay\u0131n, b\u00f6ylece \u00e7evresindeki duvar veya tavana uyumlu g\u00f6r\u00fcns\u00fcn.<\/li>\n\n\n\n<li>LED \u015ferit lambay\u0131 kanala yerle\u015ftirin. Sonra, buzlu dif\u00fcz\u00f6r kapa\u011f\u0131n\u0131 yerine koyun ve yerine t\u0131klay\u0131n.<\/li>\n\n\n\n<li>Daha \u015f\u0131k g\u00f6r\u00fcnmesi i\u00e7in u\u00e7 kapaklar\u0131 kullan\u0131n.<\/li>\n<\/ul>\n<\/div><figure class=\"wp-block-media-text__media\"><img loading=\"lazy\" decoding=\"async\" width=\"500\" height=\"500\" src=\"https:\/\/tangooled.com\/wp-content\/uploads\/2025\/12\/s5418-ins.webp\" alt=\"54x18mm led aluminum channel inner width 45mm for recessing\" class=\"wp-image-43556 size-full\" srcset=\"https:\/\/tangooled.com\/wp-content\/uploads\/2025\/12\/s5418-ins.webp 500w, https:\/\/tangooled.com\/wp-content\/uploads\/2025\/12\/s5418-ins-300x300.webp 300w, https:\/\/tangooled.com\/wp-content\/uploads\/2025\/12\/s5418-ins-150x150.webp 150w\" sizes=\"auto, (max-width: 500px) 100vw, 500px\" \/><\/figure><\/div>\n<\/div><\/div>\n\n\n\n<div class=\"wp-block-group has-background\" style=\"background-color:#f1f1f1f2;padding-top:var(--wp--preset--spacing--80);padding-bottom:var(--wp--preset--spacing--80)\"><div class=\"wp-block-group__inner-container is-layout-constrained wp-block-group-is-layout-constrained\">\n<h2 class=\"wp-block-heading\" style=\"padding-top:var(--wp--preset--spacing--40);padding-bottom:var(--wp--preset--spacing--40);font-size:25px;font-style:normal;font-weight:600\">Bu \u00dcr\u00fcn\u00fc Nerelerde Kullanabilirsiniz?<\/h2>\n\n\n\n<ul class=\"wp-block-list\">\n<li>Evlerde ve i\u015fletmelerdeki ana \u0131\u015f\u0131k kayna\u011f\u0131.<\/li>\n\n\n\n<li>Al\u00e7\u0131pan ve s\u0131va panosunu yerle\u015ftirip her \u015feyin kesinlikle do\u011fru oldu\u011fundan emin olmak.<\/li>\n\n\n\n<li>G\u00f6mme tavan \u0131\u015f\u0131klar\u0131 modern ofisler, mutfaklar ve oturma odalar\u0131 i\u00e7in pop\u00fcler bir se\u00e7imdir \u00e7\u00fcnk\u00fc \u015f\u0131k g\u00f6r\u00fcn\u00fcrler.<\/li>\n\n\n\n<li>Birlikte \u00e7al\u0131\u015fan dolap alt\u0131 ve mobilyalar alt\u0131ndaki \u0131\u015f\u0131klar.<\/li>\n\n\n\n<li>Ma\u011faza ve \u015fov odalar\u0131 i\u00e7in zarif g\u00f6r\u00fcnmesi ama\u00e7lanan ayd\u0131nlatma.<\/li>\n<\/ul>\n<\/div><\/div>\n\n\n\n<div class=\"wp-block-group is-vertical is-layout-flex wp-container-core-group-is-layout-d255d7c4 wp-block-group-is-layout-flex\" style=\"padding-top:var(--wp--preset--spacing--80);padding-bottom:var(--wp--preset--spacing--80)\">\n<h2 class=\"wp-block-heading\" style=\"padding-top:var(--wp--preset--spacing--40);padding-bottom:var(--wp--preset--spacing--40);font-size:25px;font-style:normal;font-weight:600;text-transform:capitalize\">\u0130lgili \u00dcr\u00fcnler: Be\u011fenebilece\u011finiz:<\/h2>\n\n\n\n<ul class=\"wp-block-list\">\n<li><a href=\"https:\/\/tangooled.com\/tr\/urun\/black-led-profile-with-black-diffuser-for-10mm-led-strip-light\/\"><mark style=\"background-color:rgba(0, 0, 0, 0)\" class=\"has-inline-color has-vivid-red-color\">10mm LED \u015ferit \u0131\u015f\u0131\u011f\u0131 i\u00e7in siyah dif\u00fcz\u00f6rl\u00fc siyah LED profili<\/mark><\/a> \u2014 for narrower led tapes and sleek black finish.<\/li>\n\n\n\n<li><a href=\"https:\/\/tangooled.com\/tr\/urun\/led-strip-light-channel-aluminum-profile-with-diffused-cover-6mm-height\/\"><mark style=\"background-color:rgba(0, 0, 0, 0)\" class=\"has-inline-color has-vivid-red-color\">Dif\u00fcz\u00f6r kapakl\u0131 6mm y\u00fckseklikteki LED \u015ferit \u0131\u015f\u0131k kanal\u0131 al\u00fcminyum profil<\/mark><\/a> \u2014 low profile solution for surface mounting.<\/li>\n\n\n\n<li><a href=\"https:\/\/tangooled.com\/tr\/urun\/25mm-u-shape-led-mounting-channel-for-15mm-double-row-led-strip-lights\/\"><mark style=\"background-color:rgba(0, 0, 0, 0)\" class=\"has-inline-color has-vivid-red-color\">15mm \u00e7ift s\u0131ra LED \u015ferit \u0131\u015f\u0131klar i\u00e7in 25mm U \u015feklinde LED montaj kanal\u0131.<\/mark><\/a> \u2014 wider option for double row led strips.<\/li>\n\n\n\n<li><a href=\"https:\/\/tangooled.com\/tr\/urun\/surface-mount-led-profile-with-frosted-diffuser-for-10mm-rope-lights\/\"><mark style=\"background-color:rgba(0, 0, 0, 0)\" class=\"has-inline-color has-vivid-red-color\">10 mm kablo \u0131\u015f\u0131klar\u0131 i\u00e7in frosted dif\u00fcz\u00f6rl\u00fc y\u00fczey montaj LED profili<\/mark><\/a> \u2014 good companion profile for surface applications.<\/li>\n\n\n\n<li><mark style=\"background-color:rgba(0, 0, 0, 0)\" class=\"has-inline-color has-vivid-red-color\"><a href=\"https:\/\/tangooled.com\/tr\/urun\/recessed-large-size-led-aluminum-channel-with-removable-inner-layer\/\">\u00c7\u0131kar\u0131labilir i\u00e7 katmana sahip b\u00fcy\u00fck boyutlu g\u00f6mme al\u00fcminyum kanal.<\/a> <\/mark>\u2014 large profile option for heavy-duty projects.<\/li>\n<\/ul>\n<\/div>\n\n\n\n<p><\/p>","protected":false},"featured_media":33369,"template":"","meta":{"_acf_changed":true,"_seopress_robots_primary_cat":"none","_seopress_titles_title":"45mm Inner Width Recessed LED Channel 54x18mm | TANGOOLED","_seopress_titles_desc":"Achieve high-lumen output with our 54x18mm recessed LED channel. The 45mm inner width fits multiple LED strips for powerful, uniform linear lighting projects.","_seopress_robots_index":""},"pcb-width":[232],"product-cat":[193],"class_list":{"0":"post-43517","1":"product","2":"type-product","3":"status-publish","4":"has-post-thumbnail","6":"pcb-width-35-45mm","7":"product-cat-recessed-profile"},"acf":[],"_links":{"self":[{"href":"https:\/\/tangooled.com\/tr\/wp-json\/wp\/v2\/product\/43517","targetHints":{"allow":["GET"]}}],"collection":[{"href":"https:\/\/tangooled.com\/tr\/wp-json\/wp\/v2\/product"}],"about":[{"href":"https:\/\/tangooled.com\/tr\/wp-json\/wp\/v2\/types\/product"}],"wp:featuredmedia":[{"embeddable":true,"href":"https:\/\/tangooled.com\/tr\/wp-json\/wp\/v2\/media\/33369"}],"wp:attachment":[{"href":"https:\/\/tangooled.com\/tr\/wp-json\/wp\/v2\/media?parent=43517"}],"wp:term":[{"taxonomy":"pcb-width","embeddable":true,"href":"https:\/\/tangooled.com\/tr\/wp-json\/wp\/v2\/pcb-width?post=43517"},{"taxonomy":"product-cat","embeddable":true,"href":"https:\/\/tangooled.com\/tr\/wp-json\/wp\/v2\/product-cat?post=43517"}],"curies":[{"name":"wp","href":"https:\/\/api.w.org\/{rel}","templated":true}]}}