{"id":43515,"date":"2025-12-30T01:46:58","date_gmt":"2025-12-30T09:46:58","guid":{"rendered":"https:\/\/tangooled.com\/?post_type=product&#038;p=43515"},"modified":"2026-01-29T22:30:12","modified_gmt":"2026-01-30T06:30:12","slug":"wide-plaster-in-led-channel-trimless-50x20mm","status":"publish","type":"product","link":"https:\/\/tangooled.com\/tr\/urun\/wide-plaster-in-led-channel-trimless-50x20mm\/","title":{"rendered":"50x20mm Geni\u015f Flans\u0131z G\u00f6mme LED Kanal\u0131 Al\u00e7\u0131 \u0130\u00e7in"},"content":{"rendered":"<div class=\"wp-block-group is-vertical is-layout-flex wp-container-core-group-is-layout-d255d7c4 wp-block-group-is-layout-flex\" style=\"padding-top:var(--wp--preset--spacing--80);padding-bottom:var(--wp--preset--spacing--80)\">\n<p>Bu flans\u0131z 50x20mm geni\u015f al\u00e7\u0131 i\u00e7i LED kanal\u0131, al\u00e7\u0131pan ve al\u00e7\u0131 levhalara zahmetsizce entegre olacak \u015fekilde tasarlanm\u0131\u015ft\u0131r. 43mm i\u00e7 geni\u015fli\u011fi ile geni\u015f LED \u015feritlerini kolayca bar\u0131nd\u0131rarak parlak ve homojen bir ayd\u0131nlatma yarat\u0131r.<\/p>\n\n\n\n<p>Its trimless design means there are no apparent frames; instead, there is a smooth, elegant light that makes any architectural space look better. The installation is easy and safe because of the special recessed buckle mounting system. The S5421 LED channel delivers a smooth, dot-free finish, making it the perfect choice for kitchens, offices, or high-end hotel interiors. It&#8217;s a simple way to add high-quality lighting straight to your walls and ceilings for a clean, modern effect.<\/p>\n<\/div>\n\n\n\n<div class=\"wp-block-group has-background\" style=\"background-color:#f1f1f1;padding-top:var(--wp--preset--spacing--80);padding-bottom:var(--wp--preset--spacing--80)\"><div class=\"wp-block-group__inner-container is-layout-constrained wp-block-group-is-layout-constrained\">\n<div class=\"wp-block-group is-vertical is-layout-flex wp-container-core-group-is-layout-8cf370e7 wp-block-group-is-layout-flex\">\n<h2 class=\"wp-block-heading\" style=\"padding-top:var(--wp--preset--spacing--40);padding-bottom:var(--wp--preset--spacing--40);font-size:25px;font-style:normal;font-weight:600;text-transform:capitalize\">Neden bu 50x20mm geni\u015f al\u00e7\u0131 i\u00e7i LED kanal\u0131n\u0131 se\u00e7melisiniz?<\/h2>\n\n\n\n<ul class=\"wp-block-list\">\n<li>Kenars\u0131z tasar\u0131m, kusursuz al\u00e7\u0131 kaplamaya olanak tan\u0131r ve bu da kesintisiz bir sonu\u015f sa\u011flar.<\/li>\n\n\n\n<li>Dayan\u0131kl\u0131 6063-T5 anodize al\u00fcminyumdan \u00fcretilmi\u015ftir; bu tasar\u0131m, etkili \u0131s\u0131 y\u00f6netimi ve uzun \u00f6m\u00fcrl\u00fc performans sa\u011flar.<\/li>\n\n\n\n<li>Bu 50mm geni\u015fli\u011findeki kanal hem geni\u015f hem de \u00e7ift s\u0131ral\u0131 LED \u015feritlerini ta\u015f\u0131yabilir.<\/li>\n\n\n\n<li>The 20mm profile&#8217;s depth makes sure that the light is always even and free of flaws.<\/li>\n\n\n\n<li>It works perfectly with drywall, which is why it&#8217;s&nbsp;ideal for modern lighting designs.<\/li>\n\n\n\n<li>COB, RGBW ve ayarlanabilir beyaz gibi bir\u00e7ok LED \u015ferit \u0131\u015f\u0131\u011f\u0131 ile uyumludur.<\/li>\n<\/ul>\n<\/div>\n<\/div><\/div>\n\n\n\n<div class=\"wp-block-group\" style=\"padding-top:var(--wp--preset--spacing--60);padding-bottom:var(--wp--preset--spacing--60)\"><div class=\"wp-block-group__inner-container is-layout-constrained wp-block-group-is-layout-constrained\">\n<div class=\"wp-block-media-text has-media-on-the-right is-stacked-on-mobile\" style=\"grid-template-columns:auto 40%\"><div class=\"wp-block-media-text__content\">\n<h2 class=\"wp-block-heading\" style=\"padding-top:var(--wp--preset--spacing--40);padding-bottom:var(--wp--preset--spacing--40);font-size:25px;font-style:normal;font-weight:600;text-transform:capitalize\">Bu kenars\u0131z 50x20mm al\u00e7\u0131 LED Kanal\u0131n\u0131 Nas\u0131l Kullan\u0131l\u0131r<\/h2>\n\n\n\n<ul class=\"wp-block-list\">\n<li>Kanal\u0131 s\u0131\u011facak \u015fekilde al\u00e7\u0131pan\u0131 do\u011fru boyutta kesin.<\/li>\n\n\n\n<li>Al\u00fcminyum kanal\u0131 yerinde tutmak i\u00e7in g\u00f6mme tokalar\u0131 kullan\u0131n ve bunu dikmelere veya kiri\u015flere sabitleyin.&nbsp;<\/li>\n\n\n\n<li>G\u00f6mme tokalar\u0131n kenarlar\u0131na ek birle\u015fim bile\u015feni (hamur) s\u00fcr\u00fcn.<\/li>\n\n\n\n<li>P\u00fcr\u00fczs\u00fcz, fark edilmez bir sonu\u015f elde etmek i\u00e7in z\u0131mparalay\u0131n ve boyay\u0131n.<\/li>\n\n\n\n<li>LED \u015feridinizi kanala koyun.<\/li>\n\n\n\n<li>I\u015f\u0131\u011f\u0131n e\u015fit ve lekesiz olmas\u0131n\u0131 sa\u011flamak i\u00e7in dif\u00fcz\u00f6r\u00fc tak\u0131n.<\/li>\n\n\n\n<li>LED \u015feridinizi a\u00e7\u0131n.<\/li>\n<\/ul>\n<\/div><figure class=\"wp-block-media-text__media\"><img loading=\"lazy\" decoding=\"async\" width=\"500\" height=\"500\" src=\"https:\/\/tangooled.com\/wp-content\/uploads\/2025\/12\/s5421-ins.webp\" alt=\"flangeless 50x20mm led strip channel for recessing\" class=\"wp-image-43554 size-full\" srcset=\"https:\/\/tangooled.com\/wp-content\/uploads\/2025\/12\/s5421-ins.webp 500w, https:\/\/tangooled.com\/wp-content\/uploads\/2025\/12\/s5421-ins-300x300.webp 300w, https:\/\/tangooled.com\/wp-content\/uploads\/2025\/12\/s5421-ins-150x150.webp 150w\" sizes=\"auto, (max-width: 500px) 100vw, 500px\" \/><\/figure><\/div>\n<\/div><\/div>\n\n\n\n<div class=\"wp-block-group has-background\" style=\"background-color:#f1f1f1f2;padding-top:var(--wp--preset--spacing--80);padding-bottom:var(--wp--preset--spacing--80)\"><div class=\"wp-block-group__inner-container is-layout-constrained wp-block-group-is-layout-constrained\">\n<h2 class=\"wp-block-heading\" style=\"padding-top:var(--wp--preset--spacing--40);padding-bottom:var(--wp--preset--spacing--40);font-size:25px;font-style:normal;font-weight:600\">Flans\u0131z 50x20mm G\u00f6mme LED Kanal\u0131n\u0131z\u0131 Nerede Kullanmal\u0131s\u0131n\u0131z?<\/h2>\n\n\n\n<ul class=\"wp-block-list\">\n<li>Tavanlar: Koridorlar, mutfaklar, oturma odalar\u0131, toplant\u0131 odalar\u0131.<\/li>\n\n\n\n<li>Duvarlar: Dikey ve yatay aksan ayd\u0131nlatmalar\u0131, k\u0131lavuz \u0131\u015f\u0131klar\u0131, \u00f6zellik duvarlar\u0131.<\/li>\n\n\n\n<li>Perakende ma\u011fazalar\u0131: \u00dcr\u00fcn sergileme ayd\u0131nlatmalar\u0131, kar\u015f\u0131lama alanlar\u0131.<\/li>\n\n\n\n<li>Oteller ve ofisler: Ortam ve mimari ayd\u0131nlatma.<\/li>\n\n\n\n<li>Entegre, kenars\u0131z lineer ayd\u0131nlatma istedi\u011finiz her yerde.<\/li>\n<\/ul>\n<\/div><\/div>\n\n\n\n<div class=\"wp-block-group\" style=\"padding-top:var(--wp--preset--spacing--80);padding-bottom:var(--wp--preset--spacing--80)\"><div class=\"wp-block-group__inner-container is-layout-constrained wp-block-group-is-layout-constrained\">\n<h2 class=\"wp-block-heading\" style=\"padding-top:var(--wp--preset--spacing--40);padding-bottom:var(--wp--preset--spacing--40);font-size:25px;font-style:normal;font-weight:600;text-transform:capitalize\">\u0130lgili Profilleri Ke\u015ffedin<\/h2>\n\n\n\n<ul class=\"wp-block-list\">\n<li>\u015e\u0131k bir y\u00fczey montaj\u0131 i\u00e7in ziyaret edin <a href=\"https:\/\/tangooled.com\/tr\/urun\/led-strip-light-channel-aluminum-profile-with-diffused-cover-6mm-height\/\"><mark style=\"background-color:rgba(0, 0, 0, 0)\" class=\"has-inline-color has-vivid-red-color\">Dif\u00fcz\u00f6r kapakl\u0131 6mm y\u00fckseklikli LED \u015ferit \u0131\u015f\u0131k kanal\u0131 al\u00fcminyum profili.<\/mark><\/a><\/li>\n\n\n\n<li>Siyah bir kaplama m\u0131 istiyorsunuz? Deneyin <a href=\"https:\/\/tangooled.com\/tr\/urun\/black-led-diffuser-aluminum-channel-for-12mm-tape-lights\/\"><mark style=\"background-color:rgba(0, 0, 0, 0)\" class=\"has-inline-color has-vivid-red-color\">12 mm bant \u0131\u015f\u0131klar\u0131 i\u00e7in siyah LED dif\u00f6re al\u00fcminyum kanal<\/mark><\/a>.<\/li>\n\n\n\n<li>Daha k\u00fc\u00e7\u00fck \u015ferit boyutu i\u00e7in, \u015funu g\u00f6r\u00fcn <a href=\"https:\/\/tangooled.com\/tr\/urun\/25x6mm-low-profile-led-strip-channel-for-10mm-led-strip-light\/\"><mark style=\"background-color:rgba(0, 0, 0, 0)\" class=\"has-inline-color has-vivid-red-color\">10mm LED \u015ferit \u0131\u015f\u0131k i\u00e7in 25x6mm d\u00fc\u015f\u00fck profilli LED \u015ferit kanal\u0131<\/mark>.<\/a><\/li>\n<\/ul>\n<\/div><\/div>\n\n\n\n<div class=\"wp-block-group\" style=\"padding-top:0;padding-bottom:0\"><div class=\"wp-block-group__inner-container is-layout-constrained wp-block-group-is-layout-constrained\">\n<p>Elevate your lighting design with the flangeless 50x20mm recessed LED channel. It&#8217;s the ideal solution for achieving sleek, contemporary, and impactful linear lighting. This channel virtually vanishes into walls and ceilings, creating a genuinely architectural aesthetic.<\/p>\n<\/div><\/div>\n\n\n\n<p><\/p>","protected":false},"featured_media":33366,"template":"","meta":{"_acf_changed":true,"_seopress_robots_primary_cat":"none","_seopress_titles_title":"Wide Plaster-in LED Channel 50x20mm Trimless | TANGOOLED","_seopress_titles_desc":"Source this wide plaster-in LED channel with a 50x20mm profile. Designed for seamless integration into drywall, this extra-wide flangeless solution supports higher lumen output for modern spaces.","_seopress_robots_index":""},"pcb-width":[232],"product-cat":[193],"class_list":{"0":"post-43515","1":"product","2":"type-product","3":"status-publish","4":"has-post-thumbnail","6":"pcb-width-35-45mm","7":"product-cat-recessed-profile"},"acf":[],"_links":{"self":[{"href":"https:\/\/tangooled.com\/tr\/wp-json\/wp\/v2\/product\/43515","targetHints":{"allow":["GET"]}}],"collection":[{"href":"https:\/\/tangooled.com\/tr\/wp-json\/wp\/v2\/product"}],"about":[{"href":"https:\/\/tangooled.com\/tr\/wp-json\/wp\/v2\/types\/product"}],"wp:featuredmedia":[{"embeddable":true,"href":"https:\/\/tangooled.com\/tr\/wp-json\/wp\/v2\/media\/33366"}],"wp:attachment":[{"href":"https:\/\/tangooled.com\/tr\/wp-json\/wp\/v2\/media?parent=43515"}],"wp:term":[{"taxonomy":"pcb-width","embeddable":true,"href":"https:\/\/tangooled.com\/tr\/wp-json\/wp\/v2\/pcb-width?post=43515"},{"taxonomy":"product-cat","embeddable":true,"href":"https:\/\/tangooled.com\/tr\/wp-json\/wp\/v2\/product-cat?post=43515"}],"curies":[{"name":"wp","href":"https:\/\/api.w.org\/{rel}","templated":true}]}}