{"id":43513,"date":"2025-12-30T01:43:58","date_gmt":"2025-12-30T09:43:58","guid":{"rendered":"https:\/\/tangooled.com\/?post_type=product&#038;p=43513"},"modified":"2026-01-29T22:31:11","modified_gmt":"2026-01-30T06:31:11","slug":"extra-wide-low-profile-led-aluminum-channel-s7513","status":"publish","type":"product","link":"https:\/\/tangooled.com\/tr\/urun\/extra-wide-low-profile-led-aluminum-channel-s7513\/","title":{"rendered":"75x13mm Ekstra Geni\u015f D\u00fc\u015f\u00fck Profil LED Al\u00fcminyum Kanal"},"content":{"rendered":"<div class=\"wp-block-group is-vertical is-layout-flex wp-container-core-group-is-layout-d255d7c4 wp-block-group-is-layout-flex\" style=\"padding-top:var(--wp--preset--spacing--80);padding-bottom:var(--wp--preset--spacing--80)\">\n<p>75x13mm ekstra geni\u015f d\u00fc\u015f\u00fck profil LED al\u00fcminyum kanal\u0131m\u0131z, duvarlar veya s\u0131va \u00fczerinde harika g\u00f6r\u00fcnen ince, \u00e7er\u00e7evesiz bir al\u00fcminyum ekstr\u00fczyondur. Bu geni\u015f profil, g\u00f6r\u00fcn\u00fcr \u00e7er\u00e7eveler olmadan p\u00fcr\u00fczs\u00fcz, kesintisiz \u0131\u015f\u0131k hatlar\u0131 sa\u011flar. Herhangi bir yap\u0131y\u0131 destekleyen modern bir stile sahiptir.<\/p>\n\n\n\n<p>This 13mm low-profile\u00a0is made of high-quality aluminum, which provides excellent heat dissipation, helping your LEDs last longer. The 63.7mm inner width allows you use several strips side by side, ensuring it works well for both functional and ambient lighting. The recessed buckle mounting system provides a tight, flush finish every time, making installation effortless.\u00a0It&#8217;s a great\u00a0solution for high-end residential or commercial applications that require elegant, simple lighting.<\/p>\n<\/div>\n\n\n\n<div class=\"wp-block-group has-background\" style=\"background-color:#f1f1f1;padding-top:var(--wp--preset--spacing--80);padding-bottom:var(--wp--preset--spacing--80)\"><div class=\"wp-block-group__inner-container is-layout-constrained wp-block-group-is-layout-constrained\">\n<div class=\"wp-block-group is-vertical is-layout-flex wp-container-core-group-is-layout-8cf370e7 wp-block-group-is-layout-flex\">\n<h2 class=\"wp-block-heading\" style=\"padding-top:var(--wp--preset--spacing--40);padding-bottom:var(--wp--preset--spacing--40);font-size:25px;font-style:normal;font-weight:600;text-transform:capitalize\">Neden 75x13mm ekstra geni\u015f d\u00fc\u015f\u00fck al\u00fcminyum LED Kanal\u0131n\u0131 Se\u00e7melisiniz?<\/h2>\n\n\n\n<ul class=\"wp-block-list\">\n<li>G\u00f6m\u00fcl\u00fc kancalar ve \u00e7er\u00e7evesiz tasar\u0131m, kanal\u0131n s\u0131va sonras\u0131nda y\u00fczeyin i\u00e7ine tamamen kaybolmas\u0131n\u0131 sa\u011flar.<\/li>\n\n\n\n<li>75mm ekstra geni\u015f konut, birden fazla LED \u015feridi veya geni\u015f bir y\u00fcksek g\u00fc\u00e7l\u00fc LED band\u0131 tutabilir, bu da \u0131\u015f\u0131\u011f\u0131n e\u015fit ve geni\u015f bir \u015fekilde da\u011f\u0131lmas\u0131n\u0131 sa\u011flar.<\/li>\n\n\n\n<li>Anodize edilmi\u015f al\u00fcminyumdan yap\u0131lm\u0131\u015f olup, \u0131s\u0131n\u0131n kolayca ka\u00e7mas\u0131na izin verir ve LED'lerin \u00f6mr\u00fcn\u00fc uzat\u0131r.<\/li>\n\n\n\n<li>Snap-in opal dif\u00fcz\u00f6r, tozu d\u0131\u015far\u0131da tutar ve \u0131\u015f\u0131\u011f\u0131n e\u015fit da\u011f\u0131t\u0131lmas\u0131n\u0131 sa\u011flar; s\u0131cak noktalar olu\u015fturmaz.<\/li>\n\n\n\n<li>Kuru duvar montajlar\u0131, mimari ayd\u0131nlatma ve modern evler veya i\u015fletmeler i\u00e7in idealdir.<\/li>\n<\/ul>\n<\/div>\n<\/div><\/div>\n\n\n\n<div class=\"wp-block-group\" style=\"padding-top:var(--wp--preset--spacing--60);padding-bottom:var(--wp--preset--spacing--60)\"><div class=\"wp-block-group__inner-container is-layout-constrained wp-block-group-is-layout-constrained\">\n<div class=\"wp-block-media-text has-media-on-the-right is-stacked-on-mobile\" style=\"grid-template-columns:auto 40%\"><div class=\"wp-block-media-text__content\">\n<h2 class=\"wp-block-heading\" style=\"padding-top:var(--wp--preset--spacing--40);padding-bottom:var(--wp--preset--spacing--40);font-size:25px;font-style:normal;font-weight:600;text-transform:capitalize\">75x13mm ekstra geni\u015f al\u00fcminyum LED profilini Nas\u0131l Kurulur<\/h2>\n\n\n\n<ul class=\"wp-block-list\">\n<li>75x13mm kanal i\u00e7in kuru duvarda uygun boyutta bir delik a\u00e7\u0131n.<\/li>\n\n\n\n<li>Al\u00fcminyum ekstr\u00fczyonu \u00e7er\u00e7eveye veya dikmelere ba\u011flamak i\u00e7in g\u00f6m\u00fcl\u00fc kancalar\u0131 kullan\u0131n.<\/li>\n\n\n\n<li>Delikli flan\u015flara s\u0131va uygulay\u0131p d\u00fczle\u015ftirin.<\/li>\n\n\n\n<li>Duvar\u0131 z\u0131mparalay\u0131n ve boyay\u0131n, b\u00f6ylece p\u00fcr\u00fczs\u00fcz olsun.<\/li>\n\n\n\n<li>Kanalda 63mm geni\u015fli\u011finde veya daha az olan LED \u015feritlerini yerle\u015ftirin.<\/li>\n\n\n\n<li>Son olarak, opal dif\u00fcz\u00f6r\u00fc yerine oturtun.<\/li>\n<\/ul>\n<\/div><figure class=\"wp-block-media-text__media\"><img loading=\"lazy\" decoding=\"async\" width=\"500\" height=\"500\" src=\"https:\/\/tangooled.com\/wp-content\/uploads\/2025\/12\/s7513-ins.webp\" alt=\"75x13mm flangeless aluminum led strip light channel\" class=\"wp-image-43551 size-full\" srcset=\"https:\/\/tangooled.com\/wp-content\/uploads\/2025\/12\/s7513-ins.webp 500w, https:\/\/tangooled.com\/wp-content\/uploads\/2025\/12\/s7513-ins-300x300.webp 300w, https:\/\/tangooled.com\/wp-content\/uploads\/2025\/12\/s7513-ins-150x150.webp 150w\" sizes=\"auto, (max-width: 500px) 100vw, 500px\" \/><\/figure><\/div>\n<\/div><\/div>\n\n\n\n<div class=\"wp-block-group has-background\" style=\"background-color:#f1f1f1f2;padding-top:var(--wp--preset--spacing--80);padding-bottom:var(--wp--preset--spacing--80)\"><div class=\"wp-block-group__inner-container is-layout-constrained wp-block-group-is-layout-constrained\">\n<h2 class=\"wp-block-heading\" style=\"padding-top:var(--wp--preset--spacing--40);padding-bottom:var(--wp--preset--spacing--40);font-size:25px;font-style:normal;font-weight:600\">\u0130deal Uygulamalar<\/h2>\n\n\n\n<ul class=\"wp-block-list\">\n<li>Kuru duvar montaj\u0131, duvarlarda veya tavanlarda seviyeli ve s\u0131val\u0131 olacak \u015fekilde kurulum yapmay\u0131 i\u00e7erir.<\/li>\n\n\n\n<li>Temiz ambiyans veya g\u00f6rev ayd\u0131nlatmas\u0131 modern mutfaklar ve ya\u015fam alanlar\u0131nda dolaplar\u0131n alt\u0131nda veya ni\u015f ayd\u0131nlatmas\u0131nda kullan\u0131labilir.<\/li>\n\n\n\n<li>Ma\u011fazalar ve i\u015fletmeler: \u00dcr\u00fcnleri veya mimari unsurlar\u0131 sergilemek i\u00e7in parlak, geni\u015f \u0131\u015f\u0131k.<\/li>\n\n\n\n<li>Ofisler ve oteller i\u00e7in s\u00fcrekli, parlamayan \u0131\u015f\u0131k veren geni\u015f, sa\u011flam bir LED bant ta\u015f\u0131ma kasas\u0131.<\/li>\n<\/ul>\n\n\n\n<p>Y\u00fczey montaj alternatifleri i\u00e7in, g\u00f6z \u00f6n\u00fcnde bulundurun <a href=\"https:\/\/tangooled.com\/tr\/urun\/wide-slim-surface-mount-led-channel-35x13mm-s3513\/\"><mark style=\"background-color:rgba(0, 0, 0, 0)\" class=\"has-inline-color has-vivid-red-color\">35x13mm Y\u00fczey Montaj LED Ekstr\u00fczyon Kanal\u0131<\/mark><\/a> veya <a href=\"https:\/\/tangooled.com\/tr\/urun\/18x9mm-led-tape-light-profile-for-surface-installation\/\"><mark style=\"background-color:rgba(0, 0, 0, 0)\" class=\"has-inline-color has-vivid-red-color\">Y\u00fczey Montaj\u0131 i\u00e7in 18x9mm LED \u015eerit I\u015f\u0131k Profili<\/mark><\/a>.<\/p>\n<\/div><\/div>\n\n\n\n<div class=\"wp-block-group\" style=\"padding-top:var(--wp--preset--spacing--80);padding-bottom:var(--wp--preset--spacing--80)\"><div class=\"wp-block-group__inner-container is-layout-constrained wp-block-group-is-layout-constrained\">\n<h2 class=\"wp-block-heading\" style=\"padding-top:var(--wp--preset--spacing--40);padding-bottom:var(--wp--preset--spacing--40);font-size:25px;font-style:normal;font-weight:600;text-transform:capitalize\">Daha Fazla \u0130lgili Profili Ke\u015ffedin<\/h2>\n\n\n\n<ul class=\"wp-block-list\">\n<li>RSlim y\u00fczey profili: <a href=\"https:\/\/tangooled.com\/tr\/urun\/17mm-led-strip-light-aluminum-channel-for-surface-mounting\/\"><mark style=\"background-color:rgba(0, 0, 0, 0)\" class=\"has-inline-color has-vivid-red-color\">Y\u00fczeye Montaj i\u00e7in 17mm LED \u015eerit I\u015f\u0131k Al\u00fcminyum Kanal\u0131<\/mark><\/a><\/li>\n\n\n\n<li>Ekstra dar se\u00e7enek: <a href=\"https:\/\/tangooled.com\/tr\/urun\/25x6mm-low-profile-led-strip-channel-for-10mm-led-strip-light\/\"><mark style=\"background-color:rgba(0, 0, 0, 0)\" class=\"has-inline-color has-vivid-red-color\">10mm LED \u015eerit I\u015f\u0131k i\u00e7in 25x6mm D\u00fc\u015f\u00fck Profil LED \u015eerit Kanal\u0131<\/mark><\/a><\/li>\n\n\n\n<li>Siyah biti\u015f alternatifi: <a href=\"https:\/\/tangooled.com\/tr\/urun\/black-aluminum-u-channel-profile-for-10mm-led-strips\/\"><mark style=\"background-color:rgba(0, 0, 0, 0)\" class=\"has-inline-color has-vivid-red-color\">10mm LED \u015eeritler i\u00e7in Siyah Al\u00fcminyum U Profil<\/mark><\/a><\/li>\n<\/ul>\n<\/div><\/div>\n\n\n\n<div class=\"wp-block-group has-background\" style=\"background-color:#f1f1f1;padding-top:var(--wp--preset--spacing--80);padding-bottom:var(--wp--preset--spacing--80)\"><div class=\"wp-block-group__inner-container is-layout-constrained wp-block-group-is-layout-constrained\">\n<h2 class=\"wp-block-heading\" style=\"padding-top:var(--wp--preset--spacing--40);padding-bottom:var(--wp--preset--spacing--40);font-size:25px;font-style:normal;font-weight:600;text-transform:capitalize\">\u00d6zet<\/h2>\n\n\n\n<p style=\"padding-right:var(--wp--preset--spacing--50);padding-left:var(--wp--preset--spacing--50)\">75x13mm \u00e7er\u00e7evesiz al\u00fcminyum LED \u015ferit \u0131\u015f\u0131k kanal\u0131, geni\u015f, \u00e7er\u00e7evesiz ve g\u00fc\u00e7l\u00fc LED \u0131\u015f\u0131\u011f\u0131 sa\u011flad\u0131\u011f\u0131 i\u00e7in t\u00fcm mimari ayd\u0131nlatma ihtiya\u00e7lar\u0131n\u0131z i\u00e7in m\u00fckemmel bir se\u00e7imdir. Anodize al\u00fcminyum g\u00f6vde ve opal dif\u00fcz\u00f6r hem dayan\u0131kl\u0131d\u0131r hem de harika g\u00f6r\u00fcnmektedir. Ayr\u0131ca iyi \u00e7al\u0131\u015f\u0131r ve \u0131s\u0131y\u0131 korur. Bu kanal, LED \u015feritlerin kuru duvara veya s\u0131vaya yerle\u015ftirilmesi i\u00e7in m\u00fckemmeldir. Farkl\u0131 LED \u015ferit t\u00fcrleriyle kullanabilirsiniz, b\u00f6ylece evler, i\u015fletmeler, ma\u011fazalar ve oteller i\u00e7in \u00e7al\u0131\u015facak tasar\u0131mlar olu\u015fturabilirsiniz.<\/p>\n<\/div><\/div>\n\n\n\n<p><\/p>","protected":false},"featured_media":33360,"template":"","meta":{"_acf_changed":false,"_seopress_robots_primary_cat":"none","_seopress_titles_title":"Extra Wide Low Profile LED Aluminum Channel 75x13mm | TANGOOLED","_seopress_titles_desc":"Explore our 75x13mm extra wide low profile LED aluminum channel. Designed for high-lumen output and seamless large-scale lighting, this ultra-wide profile fits multiple LED rows while maintaining a slim depth.","_seopress_robots_index":""},"pcb-width":[233],"product-cat":[193],"class_list":{"0":"post-43513","1":"product","2":"type-product","3":"status-publish","4":"has-post-thumbnail","6":"pcb-width-50-90mm","7":"product-cat-recessed-profile"},"acf":[],"_links":{"self":[{"href":"https:\/\/tangooled.com\/tr\/wp-json\/wp\/v2\/product\/43513","targetHints":{"allow":["GET"]}}],"collection":[{"href":"https:\/\/tangooled.com\/tr\/wp-json\/wp\/v2\/product"}],"about":[{"href":"https:\/\/tangooled.com\/tr\/wp-json\/wp\/v2\/types\/product"}],"wp:featuredmedia":[{"embeddable":true,"href":"https:\/\/tangooled.com\/tr\/wp-json\/wp\/v2\/media\/33360"}],"wp:attachment":[{"href":"https:\/\/tangooled.com\/tr\/wp-json\/wp\/v2\/media?parent=43513"}],"wp:term":[{"taxonomy":"pcb-width","embeddable":true,"href":"https:\/\/tangooled.com\/tr\/wp-json\/wp\/v2\/pcb-width?post=43513"},{"taxonomy":"product-cat","embeddable":true,"href":"https:\/\/tangooled.com\/tr\/wp-json\/wp\/v2\/product-cat?post=43513"}],"curies":[{"name":"wp","href":"https:\/\/api.w.org\/{rel}","templated":true}]}}