{"id":43089,"date":"2025-12-26T01:14:37","date_gmt":"2025-12-26T09:14:37","guid":{"rendered":"https:\/\/tangooled.com\/?post_type=product&#038;p=43089"},"modified":"2026-01-29T23:19:04","modified_gmt":"2026-01-30T07:19:04","slug":"35x35mm-surface-black-led-profile-square-channel","status":"publish","type":"product","link":"https:\/\/tangooled.com\/tr\/urun\/35x35mm-surface-black-led-profile-square-channel\/","title":{"rendered":"35x35mm Y\u00fczeye Montelenmi\u015f Siyah LED Profil"},"content":{"rendered":"<div class=\"wp-block-group is-vertical is-layout-flex wp-container-core-group-is-layout-d255d7c4 wp-block-group-is-layout-flex\" style=\"padding-top:var(--wp--preset--spacing--80);padding-bottom:var(--wp--preset--spacing--80)\">\n<p>35x35mm y\u00fczeye montajl\u0131 siyah LED profilimiz (S3535A), profesyonel ayd\u0131nlatma i\u00e7in zarif ve m\u00fckemmel bir se\u00e7imdir. 35x35mm kare boyutu ve 25.6mm i\u00e7 geni\u015fli\u011fi ile standart ve y\u00fcksek yo\u011funluklu LED bantlar\u0131n\u0131 m\u00fckemmel bir \u015fekilde uyum sa\u011flar. Bu esnek ekstr\u00fczyon, y\u00fczeye montajl\u0131, as\u0131l\u0131, flangesiz g\u00f6mme ve duvara montajl\u0131 uygulamalar i\u00e7in kullan\u0131labilir, b\u00f6ylece lineer ayd\u0131nlatma herhangi bir mimari d\u00fczlemde sorunsuz akar. 35x35mm siyah LED profili uzun \u00f6m\u00fcrl\u00fc olacak \u015fekilde tasarlanm\u0131\u015ft\u0131r ve kurumsal ofisler, l\u00fcks ma\u011fazalar ve modern evler dahil olmak \u00fczere y\u00fcksek kaliteli alanlara m\u00fckemmel uyum sa\u011flar. Herhangi bir modern odaya temiz, profesyonel bir g\u00f6r\u00fcn\u00fcm ve harika, e\u015fit bir \u0131\u015f\u0131k verir.<\/p>\n<\/div>\n\n\n\n<div class=\"wp-block-group has-background\" style=\"background-color:#f1f1f1;padding-top:var(--wp--preset--spacing--80);padding-bottom:var(--wp--preset--spacing--80)\"><div class=\"wp-block-group__inner-container is-layout-constrained wp-block-group-is-layout-constrained\">\n<div class=\"wp-block-group is-vertical is-layout-flex wp-container-core-group-is-layout-8cf370e7 wp-block-group-is-layout-flex\">\n<h2 class=\"wp-block-heading\" style=\"padding-top:var(--wp--preset--spacing--40);padding-bottom:var(--wp--preset--spacing--40);font-size:25px;font-style:normal;font-weight:600;text-transform:capitalize\">Neden 35x35mm y\u00fczeye montajl\u0131 Siyah LED Profilimizi Se\u00e7melisiniz?<\/h2>\n\n\n\n<ul class=\"wp-block-list\">\n<li>Bir\u00e7ok farkl\u0131 \u015fekilde kurulum yap\u0131labilir: tavanlarda veya duvarlarda. Ayr\u0131ca \u015f\u0131k bir sark\u0131t lamba olarak da asabilirsiniz.<\/li>\n\n\n\n<li>Hafif Noktalar: LED noktalar\u0131n\u0131 gizlemek i\u00e7in donuk veya opal dif\u00fcz\u00f6rlerle m\u00fckemmel \u00e7al\u0131\u015f\u0131r.<\/li>\n\n\n\n<li>Sa\u011flam Yap\u0131m: Mat siyah y\u00fczeye sahip anodize al\u00fcminyum uzun \u00f6m\u00fcrl\u00fc olacakt\u0131r.<\/li>\n\n\n\n<li>Is\u0131 So\u011futma Etkisi: Bu, LED \u015feritlerinizi so\u011fuk tutarak daha uzun \u00f6m\u00fcrl\u00fc olmas\u0131n\u0131 sa\u011flar.<\/li>\n\n\n\n<li>Bir\u00e7ok LED \u015feridi ile \u00e7al\u0131\u015f\u0131r: 25mm geni\u015fli\u011fe kadar olan LED \u015feritlerini tutabilir.<\/li>\n<\/ul>\n<\/div>\n<\/div><\/div>\n\n\n\n<div class=\"wp-block-group is-vertical is-layout-flex wp-container-core-group-is-layout-d255d7c4 wp-block-group-is-layout-flex\" style=\"padding-top:var(--wp--preset--spacing--80);padding-bottom:var(--wp--preset--spacing--80)\">\n<hr class=\"wp-block-separator has-alpha-channel-opacity\"\/>\n\n\n\n<div class=\"wp-block-media-text has-media-on-the-right is-stacked-on-mobile\"><div class=\"wp-block-media-text__content\">\n<h2 class=\"wp-block-heading\" style=\"padding-top:var(--wp--preset--spacing--40);padding-bottom:var(--wp--preset--spacing--40);font-size:25px;font-style:normal;font-weight:600;text-transform:capitalize\">Ne i\u00e7in kullanabilirsiniz?<\/h2>\n\n\n\n<ul class=\"wp-block-list\">\n<li>Ofis ayd\u0131nlatmas\u0131: Bu \u0131\u015f\u0131klar, konferans odalar\u0131nda veya ma\u011faza vitrinlerinde sarkan lineer \u0131\u015f\u0131klar i\u00e7in m\u00fckemmeldir.<\/li>\n\n\n\n<li>Ev ayd\u0131nlatmas\u0131: Bunu mutfak veya yemek salonunda sark\u0131t LED profili olarak kullan\u0131n.<\/li>\n\n\n\n<li>Mimari ayd\u0131nlatma: Cove ayd\u0131nlatmas\u0131, duvar y\u0131kama ve dolap alt\u0131 ayd\u0131nlatma i\u00e7in harika.<\/li>\n\n\n\n<li>At\u00f6lye ve garaj: Parlak, sabit g\u00f6rev ayd\u0131nlatmas\u0131 i\u00e7in y\u00fczeye montaj.<\/li>\n<\/ul>\n<\/div><figure class=\"wp-block-media-text__media\"><img loading=\"lazy\" decoding=\"async\" width=\"500\" height=\"500\" src=\"https:\/\/tangooled.com\/wp-content\/uploads\/2025\/12\/s3535a-ins.webp\" alt=\"black led aluminum profile 35x35mm for surface mounting or suspension\" class=\"wp-image-43401 size-full\" srcset=\"https:\/\/tangooled.com\/wp-content\/uploads\/2025\/12\/s3535a-ins.webp 500w, https:\/\/tangooled.com\/wp-content\/uploads\/2025\/12\/s3535a-ins-300x300.webp 300w, https:\/\/tangooled.com\/wp-content\/uploads\/2025\/12\/s3535a-ins-150x150.webp 150w\" sizes=\"auto, (max-width: 500px) 100vw, 500px\" \/><\/figure><\/div>\n<\/div>\n\n\n\n<div class=\"wp-block-group has-background\" style=\"background-color:#f1f1f1f2;padding-top:var(--wp--preset--spacing--80);padding-bottom:var(--wp--preset--spacing--80)\"><div class=\"wp-block-group__inner-container is-layout-constrained wp-block-group-is-layout-constrained\">\n<h2 class=\"wp-block-heading\" style=\"padding-top:var(--wp--preset--spacing--40);padding-bottom:var(--wp--preset--spacing--40);font-size:25px;font-style:normal;font-weight:600;text-transform:capitalize\">Ayd\u0131nlatma sisteminizi aksesuarlarla tamamlay\u0131n<\/h2>\n\n\n\n<ul class=\"wp-block-list\">\n<li>Y\u00fczeye montaj klipleri: G\u00fcvenli bir uyum i\u00e7in kolayca monte edilebilen braketler.<\/li>\n\n\n\n<li>Ask\u0131 kitleri: Asma montaj i\u00e7in ayarlanabilir teller ve tavan g\u00f6vdesi.<\/li>\n\n\n\n<li>U\u00e7 kapaklar: U\u00e7lar\u0131 d\u00fczenli bir \u015fekilde kapat\u0131r ve toz ve neme kar\u015f\u0131 korur.<\/li>\n\n\n\n<li>Ba\u011flay\u0131c\u0131lar &amp; ek par\u00e7alar: K\u00f6\u015feler ve uzun kesintisiz hatlar i\u00e7in.<\/li>\n<\/ul>\n<\/div><\/div>\n\n\n\n<div class=\"wp-block-group\" style=\"padding-top:var(--wp--preset--spacing--80);padding-bottom:var(--wp--preset--spacing--80)\"><div class=\"wp-block-group__inner-container is-layout-constrained wp-block-group-is-layout-constrained\">\n<h2 class=\"wp-block-heading\" style=\"padding-top:var(--wp--preset--spacing--40);padding-bottom:var(--wp--preset--spacing--40);font-size:25px;font-style:normal;font-weight:600;text-transform:capitalize\">Projeniz i\u00e7in \u0130lgili \u00dcr\u00fcnler<\/h2>\n\n\n\n<ul class=\"wp-block-list\">\n<li><a href=\"https:\/\/tangooled.com\/tr\/urun\/black-led-diffuser-aluminum-channel-for-12mm-tape-lights\/\"><mark style=\"background-color:rgba(0, 0, 0, 0)\" class=\"has-inline-color has-vivid-red-color\">12 mm bant i\u015f\u0131klar\u0131 i\u00e7in siyah LED dif\u00fcz\u00f6r al\u00fcminyum kanal\u0131<\/mark><\/a><\/li>\n\n\n\n<li><a href=\"https:\/\/tangooled.com\/tr\/urun\/led-strip-light-channel-aluminum-profile-with-diffused-cover-6mm-height\/\"><mark style=\"background-color:rgba(0, 0, 0, 0)\" class=\"has-inline-color has-vivid-red-color\">Dif\u00fcz\u00f6r kapakl\u0131 6mm y\u00fckseklikteki LED \u015ferit \u0131\u015f\u0131k kanal\u0131 al\u00fcminyum profil<\/mark><\/a><\/li>\n\n\n\n<li><a href=\"https:\/\/tangooled.com\/tr\/urun\/aluminum-profile-with-60-degree-lens-led-diffuser\/\"><mark style=\"background-color:rgba(0, 0, 0, 0)\" class=\"has-inline-color has-vivid-red-color\">60 derece mercek led dif\u00fcz\u00f6r\u00fc olan al\u00fcminyum profil<\/mark><\/a><\/li>\n\n\n\n<li><a href=\"https:\/\/tangooled.com\/tr\/urun\/25x14m-surface-mounted-led-light-aluminum-profile\/\"><mark style=\"background-color:rgba(0, 0, 0, 0)\" class=\"has-inline-color has-vivid-red-color\">25x14m y\u00fczeye montelenmi\u015f LED \u0131\u015f\u0131k al\u00fcminyum profili<\/mark><\/a><\/li>\n<\/ul>\n<\/div><\/div>\n\n\n\n<div class=\"wp-block-group has-background\" style=\"background-color:#f1f1f1f2;padding-top:var(--wp--preset--spacing--80);padding-bottom:var(--wp--preset--spacing--80)\"><div class=\"wp-block-group__inner-container is-layout-constrained wp-block-group-is-layout-constrained\">\n<h2 class=\"wp-block-heading\" style=\"padding-top:var(--wp--preset--spacing--40);padding-bottom:var(--wp--preset--spacing--40);font-size:25px;font-style:normal;font-weight:600\">\u00d6zet<\/h2>\n\n\n\n<p style=\"padding-right:var(--wp--preset--spacing--50);padding-left:var(--wp--preset--spacing--50)\">35x35mm y\u00fczeye montajl\u0131 siyah LED profilimiz modern bir tarza, dayan\u0131kl\u0131l\u0131\u011fa sahip ve hem y\u00fczeye montaj hem de asma lambalar i\u00e7in kolay bir \u015fekilde kurulabilir. Bir\u00e7ok farkl\u0131 LED \u015feridi ile harika \u00e7al\u0131\u015f\u0131r ve profesyonel, enerji verimli ve \u015f\u0131k bir ayd\u0131nlatma sistemi olu\u015fturman\u0131za olanak tan\u0131r. Daha fazla LED al\u00fcminyum profili i\u00e7in bak\u0131n\u0131z: <mark style=\"background-color:rgba(0, 0, 0, 0)\" class=\"has-inline-color has-vivid-red-color\"><a href=\"https:\/\/tangooled.com\/tr\/urun\/black-led-profile-with-black-diffuser-for-10mm-led-strip-light\/\">10mm led \u015ferit \u0131\u015f\u0131\u011f\u0131 i\u00e7in siyah dif\u00fcz\u00f6rl\u00fc siyah LED profili<\/a>, <a href=\"https:\/\/tangooled.com\/tr\/urun\/surface-mount-led-profile-with-frosted-diffuser-for-10mm-rope-lights\/\">10 mm kablo \u0131\u015f\u0131klar\u0131 i\u00e7in frosted dif\u00fcz\u00f6rl\u00fc y\u00fczey montaj LED profili<\/a>, <a href=\"https:\/\/tangooled.com\/tr\/urun\/black-aluminum-u-channel-profile-for-10mm-led-strips\/\">10mm LED \u015feritler i\u00e7in siyah al\u00fcminyum U kanal\u0131 profili<\/a><\/mark><\/p>\n<\/div><\/div>","protected":false},"featured_media":14722,"template":"","meta":{"_acf_changed":true,"_seopress_robots_primary_cat":"none","_seopress_titles_title":"35x35mm Surface Black LED Profile | Square Matte Black Aluminum Channel | TANGOOLED","_seopress_titles_desc":"Elevate your design with the S3535A, a 35x35mm surface black led profile. This square aluminum channel features a sleek matte finish, ideal for modern surface-mounted or pendant lighting in offices and retail spaces.","_seopress_robots_index":""},"pcb-width":[230],"product-cat":[192,194],"class_list":{"0":"post-43089","1":"product","2":"type-product","3":"status-publish","4":"has-post-thumbnail","6":"pcb-width-20-25mm","7":"product-cat-surface-led-profile","8":"product-cat-suspended-profile"},"acf":[],"_links":{"self":[{"href":"https:\/\/tangooled.com\/tr\/wp-json\/wp\/v2\/product\/43089","targetHints":{"allow":["GET"]}}],"collection":[{"href":"https:\/\/tangooled.com\/tr\/wp-json\/wp\/v2\/product"}],"about":[{"href":"https:\/\/tangooled.com\/tr\/wp-json\/wp\/v2\/types\/product"}],"wp:featuredmedia":[{"embeddable":true,"href":"https:\/\/tangooled.com\/tr\/wp-json\/wp\/v2\/media\/14722"}],"wp:attachment":[{"href":"https:\/\/tangooled.com\/tr\/wp-json\/wp\/v2\/media?parent=43089"}],"wp:term":[{"taxonomy":"pcb-width","embeddable":true,"href":"https:\/\/tangooled.com\/tr\/wp-json\/wp\/v2\/pcb-width?post=43089"},{"taxonomy":"product-cat","embeddable":true,"href":"https:\/\/tangooled.com\/tr\/wp-json\/wp\/v2\/product-cat?post=43089"}],"curies":[{"name":"wp","href":"https:\/\/api.w.org\/{rel}","templated":true}]}}