{"id":43085,"date":"2025-12-26T00:34:49","date_gmt":"2025-12-26T08:34:49","guid":{"rendered":"https:\/\/tangooled.com\/?post_type=product&#038;p=43085"},"modified":"2026-01-25T23:32:35","modified_gmt":"2026-01-26T07:32:35","slug":"s3540a-3-sided-diffuser-led-pendant-profile","status":"publish","type":"product","link":"https:\/\/tangooled.com\/tr\/urun\/s3540a-3-sided-diffuser-led-pendant-profile\/","title":{"rendered":"S3540A: 40mm Y\u00fcksek LED Lineer Profil 3 Y\u00f6nl\u00fc Dif\u00fcz\u00f6r ile"},"content":{"rendered":"<div class=\"wp-block-group is-vertical is-layout-flex wp-container-core-group-is-layout-d255d7c4 wp-block-group-is-layout-flex\" style=\"padding-top:var(--wp--preset--spacing--80);padding-bottom:var(--wp--preset--spacing--80)\">\n<p>35x40mm aluminyum kanal\u0131m\u0131z, \u00fc\u00e7 yanl\u0131 kare dif\u00fcz\u00f6r\u00fc ile i\u00e7 mekan ayd\u0131nlatmas\u0131n\u0131 maksimize etmek i\u00e7in tasarlanm\u0131\u015ft\u0131r. 35mm geni\u015flik ve 40mm y\u00fckseklik ile kutu \u015feklindeki kapak, \u0131\u015f\u0131\u011f\u0131n hem \u00f6n hem de yanlardan yay\u0131lmas\u0131n\u0131 sa\u011flayarak daha geni\u015f, daha derin bir par\u0131lt\u0131 yarat\u0131r. Bu olduk\u00e7a uyumlu lineer profil, y\u00fczeye monte, g\u00f6mme veya asma montaj\u0131 destekler, bu da onu y\u00fcksek kaliteli mimari ayd\u0131nlatma i\u00e7in ideal k\u0131lar. LED \u015feritlerinizi korurken temiz ve profesyonel bir estetik sa\u011flamak i\u00e7in sa\u011flam bir konut sunar. S\u0131cak noktalar\u0131 etkili bir \u015fekilde ortadan kald\u0131rarak \u0131\u015f\u0131\u011f\u0131 e\u015fit da\u011f\u0131tarak, modern konut veya ticari alanlar i\u00e7in \u00fcst\u00fcn bir se\u00e7imdir.<\/p>\n<\/div>\n\n\n\n<div class=\"wp-block-group has-background\" style=\"background-color:#f1f1f1;padding-top:var(--wp--preset--spacing--80);padding-bottom:var(--wp--preset--spacing--80)\"><div class=\"wp-block-group__inner-container is-layout-constrained wp-block-group-is-layout-constrained\">\n<div class=\"wp-block-group is-vertical is-layout-flex wp-container-core-group-is-layout-8cf370e7 wp-block-group-is-layout-flex\">\n<h2 class=\"wp-block-heading\" style=\"padding-top:var(--wp--preset--spacing--40);padding-bottom:var(--wp--preset--spacing--40);font-size:25px;font-style:normal;font-weight:600;text-transform:capitalize\">Neden LED Lineer Profilimizi tercih etmelisiniz?<\/h2>\n\n\n\n<ul class=\"wp-block-list\">\n<li>\u00dc\u00e7 yanl\u0131 ayd\u0131nlatma, \u0131\u015f\u0131\u011f\u0131 sadece a\u015fa\u011f\u0131ya de\u011fil, etrafa yayar.<\/li>\n\n\n\n<li>\u0130nce 40mm profil y\u00fcksekli\u011fi tasar\u0131m\u0131n\u0131z\u0131 \u015f\u0131k ve modern yapar.<\/li>\n\n\n\n<li>Is\u0131y\u0131 iyi bir \u015fekilde ta\u015f\u0131yan g\u00fc\u00e7l\u00fc bir ekstr\u00fcde aluminyum profil ile yap\u0131lm\u0131\u015ft\u0131r.<\/li>\n\n\n\n<li>Opal polikarbonat dif\u00fcz\u00f6r, parlamay\u0131 \u00f6nler ve LED noktalar\u0131n\u0131 gizler.<\/li>\n\n\n\n<li>DALI ve 0-10V karartma gibi karart\u0131labilir s\u00fcr\u00fcc\u00fclerle \u00e7al\u0131\u015f\u0131r.\u00a0<\/li>\n\n\n\n<li>Do\u011fru renk g\u00f6sterimi i\u00e7in y\u00fcksek CRI 90+ LED'leri destekler.<\/li>\n<\/ul>\n<\/div>\n<\/div><\/div>\n\n\n\n<div class=\"wp-block-group is-vertical is-layout-flex wp-container-core-group-is-layout-d255d7c4 wp-block-group-is-layout-flex\" style=\"padding-top:var(--wp--preset--spacing--80);padding-bottom:var(--wp--preset--spacing--80)\">\n<hr class=\"wp-block-separator has-alpha-channel-opacity\"\/>\n\n\n\n<div class=\"wp-block-media-text has-media-on-the-right is-stacked-on-mobile\" style=\"grid-template-columns:auto 40%\"><div class=\"wp-block-media-text__content\">\n<h2 class=\"wp-block-heading\" style=\"padding-top:var(--wp--preset--spacing--40);padding-bottom:var(--wp--preset--spacing--40);font-size:25px;font-style:normal;font-weight:600;text-transform:capitalize\">Bile\u015fenler &amp; Kurulum<\/h2>\n\n\n\n<p>Aluminyum LED kanal\u0131, \u00fc\u00e7 yanl\u0131 dif\u00fcz\u00f6r, metal u\u00e7 kapaklar, montaj klipleri ve asma kablolar ile birlikte gelir. \u0130stedi\u011finiz lineer ayd\u0131nlatmay\u0131 elde etmek i\u00e7in bu ad\u0131mlar\u0131 takip edebilirsiniz:<\/p>\n\n\n\n<ul class=\"wp-block-list\">\n<li>Kanallar\u0131 ve dif\u00fcz\u00f6rleri alan\u0131n\u0131za uyacak \u015fekilde kesin.<\/li>\n\n\n\n<li>COB veya 120LEDs\/M gibi y\u00fcksek yo\u011funluklu LED \u015feritleri se\u00e7in.<\/li>\n\n\n\n<li>Use an internal driver or an external driver that can dim the lights, like 0\u201310V or DALI.<\/li>\n\n\n\n<li>K\u00fc\u00e7\u00fck ba\u011flant\u0131larla uzun boyutlar veya benzersiz \u015fekiller olu\u015fturabilirsiniz.<\/li>\n\n\n\n<li>Use clips\u00a0to attach the channel to the surface, or use a suspension wire to hang it.<\/li>\n<\/ul>\n<\/div><figure class=\"wp-block-media-text__media\"><img loading=\"lazy\" decoding=\"async\" width=\"500\" height=\"500\" src=\"https:\/\/tangooled.com\/wp-content\/uploads\/2025\/12\/s3540a-ins.webp\" alt=\"led linear profile with three sided diffuser for pendant 40mm height\" class=\"wp-image-43385 size-full\" srcset=\"https:\/\/tangooled.com\/wp-content\/uploads\/2025\/12\/s3540a-ins.webp 500w, https:\/\/tangooled.com\/wp-content\/uploads\/2025\/12\/s3540a-ins-300x300.webp 300w, https:\/\/tangooled.com\/wp-content\/uploads\/2025\/12\/s3540a-ins-150x150.webp 150w\" sizes=\"auto, (max-width: 500px) 100vw, 500px\" \/><\/figure><\/div>\n<\/div>\n\n\n\n<div class=\"wp-block-group has-background\" style=\"background-color:#f1f1f1f2;padding-top:var(--wp--preset--spacing--80);padding-bottom:var(--wp--preset--spacing--80)\"><div class=\"wp-block-group__inner-container is-layout-constrained wp-block-group-is-layout-constrained\">\n<h2 class=\"wp-block-heading\" style=\"padding-top:var(--wp--preset--spacing--40);padding-bottom:var(--wp--preset--spacing--40);font-size:25px;font-style:normal;font-weight:600\">Bunu Nas\u0131l Kullanabilirsiniz<\/h2>\n\n\n\n<p>Lineer sark\u0131t \u0131\u015f\u0131k armat\u00fcr\u00fcm\u00fcz bir\u00e7ok farkl\u0131 \u015fekilde kullan\u0131labilir:<\/p>\n\n\n\n<ul class=\"wp-block-list\">\n<li>Ofis ayd\u0131nlatmas\u0131: \u00e7al\u0131\u015fma alanlar\u0131 ve toplant\u0131 odalar\u0131 i\u00e7in g\u00fc\u00e7l\u00fc ve nazik \u0131\u015f\u0131k.<\/li>\n\n\n\n<li>Ma\u011fazalar i\u00e7in te\u015fhir ayd\u0131nlatmas\u0131: \u015fov odalar\u0131 ve ma\u011fazalar i\u00e7in harika.<\/li>\n\n\n\n<li>Mutfak adas\u0131 sark\u0131t\u0131: mutfak i\u00e7in \u015f\u0131k bir \u0131\u015f\u0131k.<\/li>\n\n\n\n<li>Misafir alanlar\u0131 otel lobileri ve restoranlar i\u00e7in harika.<\/li>\n\n\n\n<li>Ev kullan\u0131m\u0131 i\u00e7in: yemek odas\u0131 ve ev ofisini ayd\u0131nlatmak i\u00e7in ideal.<\/li>\n<\/ul>\n<\/div><\/div>\n\n\n\n<div class=\"wp-block-group\" style=\"padding-top:var(--wp--preset--spacing--80);padding-bottom:var(--wp--preset--spacing--80)\"><div class=\"wp-block-group__inner-container is-layout-constrained wp-block-group-is-layout-constrained\">\n<h2 class=\"wp-block-heading\" style=\"padding-top:var(--wp--preset--spacing--40);padding-bottom:var(--wp--preset--spacing--40);font-size:25px;font-style:normal;font-weight:600;text-transform:capitalize\">\u0130lgili \u00dcr\u00fcnler &amp; Kaynaklar<\/h2>\n\n\n\n<p>Projelerinize uyacak daha fazla LED profili ve dif\u00fcz\u00f6r\u00fc ke\u015ffedin<\/p>\n\n\n\n<ul class=\"wp-block-list\">\n<li><a href=\"https:\/\/tangooled.com\/tr\/urun\/black-led-diffuser-aluminum-channel-for-12mm-tape-lights\/\"><mark style=\"background-color:rgba(0, 0, 0, 0)\" class=\"has-inline-color has-vivid-red-color\">12 mm bant i\u015f\u0131klar\u0131 i\u00e7in siyah LED dif\u00fcz\u00f6r al\u00fcminyum kanal\u0131<\/mark><\/a><\/li>\n\n\n\n<li><a href=\"https:\/\/tangooled.com\/tr\/urun\/18x9mm-led-tape-light-profile-for-surface-installation\/\"><mark style=\"background-color:rgba(0, 0, 0, 0)\" class=\"has-inline-color has-vivid-red-color\">y\u00fczeye montaj i\u00e7in 18x9mm LED bant \u0131\u015f\u0131k profili<\/mark><\/a><\/li>\n\n\n\n<li><a href=\"https:\/\/tangooled.com\/tr\/urun\/aluminum-profile-with-60-degree-lens-led-diffuser\/\"><mark style=\"background-color:rgba(0, 0, 0, 0)\" class=\"has-inline-color has-vivid-red-color\">60 derece lensli LED dif\u00fcz\u00f6r ile aluminyum profil<\/mark><\/a><\/li>\n<\/ul>\n<\/div><\/div>\n\n\n\n<div class=\"wp-block-group has-background\" style=\"background-color:#f1f1f1f2;padding-top:var(--wp--preset--spacing--80);padding-bottom:var(--wp--preset--spacing--80)\"><div class=\"wp-block-group__inner-container is-layout-constrained wp-block-group-is-layout-constrained\">\n<h2 class=\"wp-block-heading\" style=\"padding-top:var(--wp--preset--spacing--40);padding-bottom:var(--wp--preset--spacing--40);font-size:25px;font-style:normal;font-weight:600;text-transform:capitalize\">\u00f6zet<\/h2>\n\n\n\n<p style=\"padding-right:var(--wp--preset--spacing--50);padding-left:var(--wp--preset--spacing--50)\">\u00dc\u00e7 yanl\u0131 dif\u00fcz\u00f6rle 40mm y\u00fcksekli\u011findeki sark\u0131t LED lineer profilimiz modern g\u00f6r\u00fcn\u00fcyor, harika \u00e7al\u0131\u015f\u0131yor ve kurulumu kolay. Ofisleri, ma\u011faza vitrinlerini, \u015f\u0131k \u00e7al\u0131\u015fma alanlar\u0131n\u0131 ve daha bir\u00e7ok yeri ayd\u0131nlatmak i\u00e7in harika. Ekstr\u00fcde aluminyum \u015fekli ve \u00fc\u00e7 y\u00f6nl\u00fc dif\u00fcz\u00f6r\u00fc, \u0131\u015f\u0131klar\u0131n\u0131z\u0131 parlak ve p\u00fcr\u00fczs\u00fcz hale getirirken sert parlama veya lekeleri \u00f6nler. Sark\u0131t lineer ayd\u0131nlatma ihtiya\u00e7lar\u0131n\u0131z i\u00e7in bu profili kullan\u0131n. K\u00fc\u00e7\u00fck 40mm tasar\u0131mda stil, kontrol ve dayan\u0131kl\u0131l\u0131k elde edersiniz. Bug\u00fcn fiyatlar veya \u00f6zel sipari\u015f vermek i\u00e7in bizimle ileti\u015fime ge\u00e7in!<\/p>\n<\/div><\/div>","protected":false},"featured_media":16234,"template":"","meta":{"_acf_changed":true,"_seopress_robots_primary_cat":"none","_seopress_titles_title":"S3540A 3-Sided Diffuser LED Profile | 40mm High Pendant Channel | TANGOOLED","_seopress_titles_desc":"The S3540A is a 40mm high LED linear profile featuring a three-sided diffuser for a 180\u00b0 lighting effect. Perfect for decorative pendant installations where wide light distribution is required.","_seopress_robots_index":""},"pcb-width":[230],"product-cat":[192,194],"class_list":{"0":"post-43085","1":"product","2":"type-product","3":"status-publish","4":"has-post-thumbnail","6":"pcb-width-20-25mm","7":"product-cat-surface-led-profile","8":"product-cat-suspended-profile"},"acf":[],"_links":{"self":[{"href":"https:\/\/tangooled.com\/tr\/wp-json\/wp\/v2\/product\/43085","targetHints":{"allow":["GET"]}}],"collection":[{"href":"https:\/\/tangooled.com\/tr\/wp-json\/wp\/v2\/product"}],"about":[{"href":"https:\/\/tangooled.com\/tr\/wp-json\/wp\/v2\/types\/product"}],"wp:featuredmedia":[{"embeddable":true,"href":"https:\/\/tangooled.com\/tr\/wp-json\/wp\/v2\/media\/16234"}],"wp:attachment":[{"href":"https:\/\/tangooled.com\/tr\/wp-json\/wp\/v2\/media?parent=43085"}],"wp:term":[{"taxonomy":"pcb-width","embeddable":true,"href":"https:\/\/tangooled.com\/tr\/wp-json\/wp\/v2\/pcb-width?post=43085"},{"taxonomy":"product-cat","embeddable":true,"href":"https:\/\/tangooled.com\/tr\/wp-json\/wp\/v2\/product-cat?post=43085"}],"curies":[{"name":"wp","href":"https:\/\/api.w.org\/{rel}","templated":true}]}}