{"id":43083,"date":"2025-12-26T00:28:04","date_gmt":"2025-12-26T08:28:04","guid":{"rendered":"https:\/\/tangooled.com\/?post_type=product&#038;p=43083"},"modified":"2026-01-25T23:46:47","modified_gmt":"2026-01-26T07:46:47","slug":"s3540b-curved-diffuser-35x40mm-led-channel","status":"publish","type":"product","link":"https:\/\/tangooled.com\/tr\/urun\/s3540b-curved-diffuser-35x40mm-led-channel\/","title":{"rendered":"S3540B: 35x40mm Al\u00fcminyum LED Kanal E\u011fik Dif\u00fcz\u00f6r ile"},"content":{"rendered":"<div class=\"wp-block-group is-vertical is-layout-flex wp-container-core-group-is-layout-d255d7c4 wp-block-group-is-layout-flex\" style=\"padding-top:var(--wp--preset--spacing--80);padding-bottom:var(--wp--preset--spacing--80)\">\n<p>20mm LED \u015feritler i\u00e7in tasarlanm\u0131\u015f 35x40mm al\u00fcminyum kanal, her mek\u00e2nda geni\u015f, yumu\u015fak bir ayd\u0131nlatma sa\u011flar. Kavisli kapak, kesintisiz \u0131\u015f\u0131k da\u011f\u0131l\u0131m\u0131 sunarken, 35mm geni\u015flik ve 40mm y\u00fckseklik, ayd\u0131nlatman\u0131z i\u00e7in sa\u011flam bir muhafaza sa\u011flar. \u0130\u00e7 mekan lineer ayd\u0131nlatma i\u00e7in idealdir, y\u00fczey montajl\u0131, g\u00f6mme veya asma olarak monte edilebilir. Bu al\u00fcminyum profil, g\u00f6r\u00fcn\u00fcr LED noktalar\u0131n\u0131 ortadan kald\u0131rarak ve \u015feritlerinizi dayan\u0131kl\u0131 bir al\u00fcminyum kanalda koruyarak \u015f\u0131k, temiz bir biti\u015f sa\u011flar.<\/p>\n<\/div>\n\n\n\n<div class=\"wp-block-group has-background\" style=\"background-color:#f1f1f1;padding-top:var(--wp--preset--spacing--80);padding-bottom:var(--wp--preset--spacing--80)\"><div class=\"wp-block-group__inner-container is-layout-constrained wp-block-group-is-layout-constrained\">\n<div class=\"wp-block-group is-vertical is-layout-flex wp-container-core-group-is-layout-8cf370e7 wp-block-group-is-layout-flex\">\n<h2 class=\"wp-block-heading\" style=\"padding-top:var(--wp--preset--spacing--40);padding-bottom:var(--wp--preset--spacing--40);font-size:25px;font-style:normal;font-weight:600;text-transform:capitalize\">Neden 35x40mm Al\u00fcminyum Kanal\u0131m\u0131z\u0131 Se\u00e7melisiniz?<\/h2>\n\n\n\n<ul class=\"wp-block-list\">\n<li>B\u00fcy\u00fck dayan\u0131kl\u0131l\u0131k ve \u0131s\u0131 da\u011f\u0131l\u0131m\u0131 i\u00e7in 6063-T5 al\u00fcminyum ala\u015f\u0131m\u0131ndan \u00fcretilmi\u015ftir.<\/li>\n\n\n\n<li>I\u015f\u0131\u011f\u0131 yumu\u015fatmak ve parlamay\u0131 azaltmak i\u00e7in kavisli opal dif\u00fcz\u00f6r ile gelir.<\/li>\n\n\n\n<li>Y\u00fcksek g\u00fc\u00e7l\u00fc ve COB LED \u015feritler dahil, 20mm geni\u015fli\u011finde esnek LED \u015feritler ile uyumlu olarak tasarlanm\u0131\u015ft\u0131r.<\/li>\n\n\n\n<li>Montaj klipleri ve asma telleri ile y\u00fczey montajl\u0131 veya asma haz\u0131r.<\/li>\n\n\n\n<li>Tarz ve dayan\u0131kl\u0131l\u0131k i\u00e7in g\u00fcm\u00fc\u015f, siyah ve beyaz anodize renklerinde biti\u015f se\u00e7enekleri.<\/li>\n\n\n\n<li>Sararma ve korozyona dayan\u0131kl\u0131 malzemelerle uzun \u00f6m\u00fcrl\u00fc olacak \u015fekilde tasarlanm\u0131\u015ft\u0131r.<\/li>\n<\/ul>\n<\/div>\n<\/div><\/div>\n\n\n\n<div class=\"wp-block-group is-vertical is-layout-flex wp-container-core-group-is-layout-d255d7c4 wp-block-group-is-layout-flex\" style=\"padding-top:var(--wp--preset--spacing--80);padding-bottom:var(--wp--preset--spacing--80)\">\n<hr class=\"wp-block-separator has-alpha-channel-opacity\"\/>\n\n\n\n<div class=\"wp-block-media-text has-media-on-the-right is-stacked-on-mobile\" style=\"grid-template-columns:auto 40%\"><div class=\"wp-block-media-text__content\">\n<h2 class=\"wp-block-heading\" style=\"padding-top:var(--wp--preset--spacing--40);padding-bottom:var(--wp--preset--spacing--40);font-size:25px;font-style:normal;font-weight:600;text-transform:capitalize\">Kurulum Se\u00e7enekleri<\/h2>\n\n\n\n<ul class=\"wp-block-list\">\n<li>Mounting on the surface:\u00a0Use the mounting clips that come with the aluminum channel to keep it in place. Great for walls, ceilings, and flat surfaces.<\/li>\n\n\n\n<li>As\u0131l\u0131 sark\u0131t\u0131n montaj\u0131: Modern sark\u0131t ayd\u0131nlatma i\u00e7in al\u00fcminyum profili asmak i\u00e7in dahil edilen asma tellerini kullan\u0131n. Ofislerde, mutfaklarda ve d\u00fckkanlarda iyi \u00e7al\u0131\u015f\u0131r.<\/li>\n<\/ul>\n<\/div><figure class=\"wp-block-media-text__media\"><img loading=\"lazy\" decoding=\"async\" width=\"500\" height=\"500\" src=\"https:\/\/tangooled.com\/wp-content\/uploads\/2025\/12\/s3540b-ins.webp\" alt=\"35x40mm aluminum channel with curved diffuser for 20mm led strip\" class=\"wp-image-43376 size-full\" srcset=\"https:\/\/tangooled.com\/wp-content\/uploads\/2025\/12\/s3540b-ins.webp 500w, https:\/\/tangooled.com\/wp-content\/uploads\/2025\/12\/s3540b-ins-300x300.webp 300w, https:\/\/tangooled.com\/wp-content\/uploads\/2025\/12\/s3540b-ins-150x150.webp 150w\" sizes=\"auto, (max-width: 500px) 100vw, 500px\" \/><\/figure><\/div>\n<\/div>\n\n\n\n<div class=\"wp-block-group has-background\" style=\"background-color:#f1f1f1f2;padding-top:var(--wp--preset--spacing--80);padding-bottom:var(--wp--preset--spacing--80)\"><div class=\"wp-block-group__inner-container is-layout-constrained wp-block-group-is-layout-constrained\">\n<h2 class=\"wp-block-heading\" style=\"padding-top:var(--wp--preset--spacing--40);padding-bottom:var(--wp--preset--spacing--40);font-size:25px;font-style:normal;font-weight:600\">Pop\u00fcler Uygulamalar<\/h2>\n\n\n\n<ul class=\"wp-block-list\">\n<li>\u0130\u015fletmeler ve ofisler i\u00e7in ayd\u0131nlatma: Masalar ve toplant\u0131 odalar\u0131 i\u00e7in parlak, temiz ve modern \u0131\u015f\u0131k.<\/li>\n\n\n\n<li>Mimari Vurgu Ayd\u0131nlatmas\u0131: Duvarlar\u0131, ni\u015fleri veya sergi raflar\u0131n\u0131 yumu\u015fak bir \u015fekilde ayd\u0131nlat\u0131r; s\u0131cak noktalar olu\u015fturmaz.<\/li>\n\n\n\n<li>Perakende Sergileri: \u00dcr\u00fcnlere dikkat \u00e7ekmek i\u00e7in p\u00fcr\u00fczs\u00fcz, geni\u015f \u0131\u015f\u0131k huzmeleri kullan\u0131n.<\/li>\n\n\n\n<li>Konut Alanlar\u0131: \u015e\u0131k g\u00f6rev ayd\u0131nlatmas\u0131 gerektiren mutfak adalar\u0131, koridorlar ve dolaplar.<\/li>\n\n\n\n<li>Oteller ve lobiler i\u00e7in ayd\u0131nlatma: Mek\u00e2n\u0131 s\u0131cak ve davetkar hissettirir, parlamadan ka\u00e7\u0131n\u0131r.<\/li>\n<\/ul>\n<\/div><\/div>\n\n\n\n<div class=\"wp-block-group\" style=\"padding-top:var(--wp--preset--spacing--80);padding-bottom:var(--wp--preset--spacing--80)\"><div class=\"wp-block-group__inner-container is-layout-constrained wp-block-group-is-layout-constrained\">\n<p>Bu \u00fcr\u00fcn\u00fcn projenizle nas\u0131l uyum sa\u011flad\u0131\u011f\u0131n\u0131 \u00f6\u011frenin, ilgili \u00fcr\u00fcnlere g\u00f6z at\u0131n.<\/p>\n\n\n\n<ul class=\"wp-block-list\">\n<li><a href=\"https:\/\/tangooled.com\/tr\/urun\/black-led-diffuser-aluminum-channel-for-12mm-tape-lights\/\"><mark style=\"background-color:rgba(0, 0, 0, 0)\" class=\"has-inline-color has-vivid-red-color\">12 mm bant i\u015f\u0131klar\u0131 i\u00e7in siyah LED dif\u00fcz\u00f6r al\u00fcminyum kanal\u0131<\/mark><\/a><\/li>\n\n\n\n<li><a href=\"https:\/\/tangooled.com\/tr\/urun\/surface-mount-30mm-led-diffuser-channel-for-two-led-strips\/\"><mark style=\"background-color:rgba(0, 0, 0, 0)\" class=\"has-inline-color has-vivid-red-color\">\u0130ki LED \u015feridi i\u00e7in 30mm y\u00fczey montajl\u0131 LED dif\u00fcz\u00f6r kanal\u0131<\/mark><\/a><\/li>\n\n\n\n<li><a href=\"https:\/\/tangooled.com\/tr\/urun\/17mm-led-strip-light-aluminum-channel-for-surface-mounting\/\"><mark style=\"background-color:rgba(0, 0, 0, 0)\" class=\"has-inline-color has-vivid-red-color\">Y\u00fczey montaj i\u00e7in 17 mm LED \u015ferit \u0131\u015f\u0131k al\u00fcminyum kanal\u0131<\/mark><\/a><\/li>\n<\/ul>\n<\/div><\/div>\n\n\n\n<div class=\"wp-block-group has-background\" style=\"background-color:#f1f1f1f2;padding-top:var(--wp--preset--spacing--80);padding-bottom:var(--wp--preset--spacing--80)\"><div class=\"wp-block-group__inner-container is-layout-constrained wp-block-group-is-layout-constrained\">\n<h2 class=\"wp-block-heading\" style=\"padding-top:var(--wp--preset--spacing--40);padding-bottom:var(--wp--preset--spacing--40);font-size:25px;font-style:normal;font-weight:600\">\u00d6zet<\/h2>\n\n\n\n<p>20mm geni\u015fli\u011finde LED \u015feritler i\u00e7in harika bir al\u00fcminyum LED profili olan 35x40mm al\u00fcminyum kanal, m\u00fckemmel \u0131s\u0131 da\u011f\u0131l\u0131m\u0131 sa\u011flar, lekesiz ayd\u0131nlatma sunar ve y\u00fczey montaj\u0131 veya asma kurulum i\u00e7in t\u00fcm aksesuarlar\u0131 ile gelir. Di\u011fer \u015ferit boyutlar\u0131 i\u00e7in daha fazla al\u00fcminyum LED profili bulmak i\u00e7in bu ba\u011flant\u0131lara g\u00f6z at\u0131n: <\/p>\n\n\n\n<ul class=\"wp-block-list\">\n<li><a href=\"https:\/\/tangooled.com\/tr\/urun\/black-led-profile-with-black-diffuser-for-10mm-led-strip-light\/\"><mark style=\"background-color:rgba(0, 0, 0, 0)\" class=\"has-inline-color has-vivid-red-color\">10mm LED \u015ferit \u0131\u015f\u0131\u011f\u0131 i\u00e7in siyah dif\u00fcz\u00f6rl\u00fc siyah LED profili<\/mark><\/a><\/li>\n\n\n\n<li><a href=\"https:\/\/tangooled.com\/tr\/urun\/25x14m-surface-mounted-led-light-aluminum-profile\/\"><mark style=\"background-color:rgba(0, 0, 0, 0)\" class=\"has-inline-color has-vivid-red-color\">Y\u00fczeye monte edilebilen 25x14mm LED \u0131\u015f\u0131k al\u00fcminyum profili<\/mark><\/a><\/li>\n\n\n\n<li><a href=\"https:\/\/tangooled.com\/tr\/urun\/led-strip-light-channel-aluminum-profile-with-diffused-cover-6mm-height\/\"><mark style=\"background-color:rgba(0, 0, 0, 0)\" class=\"has-inline-color has-vivid-red-color\">Dif\u00fcz\u00f6r kapakl\u0131 6mm y\u00fckseklikteki LED \u015ferit \u0131\u015f\u0131k kanal\u0131 al\u00fcminyum profil<\/mark><\/a><\/li>\n<\/ul>\n<\/div><\/div>","protected":false},"featured_media":16240,"template":"","meta":{"_acf_changed":true,"_seopress_robots_primary_cat":"none","_seopress_titles_title":"S3540B Curved Diffuser LED Channel | 35x40mm Aluminum Profile | TANGOOLED","_seopress_titles_desc":"The S3540B is a 35x40mm aluminum channel featuring a curved diffuser for soft, wide-angle lighting. Designed to fit up to 20mm wide LED strips, it's ideal for surface or pendant mounting.","_seopress_robots_index":""},"pcb-width":[230],"product-cat":[192,194],"class_list":{"0":"post-43083","1":"product","2":"type-product","3":"status-publish","4":"has-post-thumbnail","6":"pcb-width-20-25mm","7":"product-cat-surface-led-profile","8":"product-cat-suspended-profile"},"acf":[],"_links":{"self":[{"href":"https:\/\/tangooled.com\/tr\/wp-json\/wp\/v2\/product\/43083","targetHints":{"allow":["GET"]}}],"collection":[{"href":"https:\/\/tangooled.com\/tr\/wp-json\/wp\/v2\/product"}],"about":[{"href":"https:\/\/tangooled.com\/tr\/wp-json\/wp\/v2\/types\/product"}],"wp:featuredmedia":[{"embeddable":true,"href":"https:\/\/tangooled.com\/tr\/wp-json\/wp\/v2\/media\/16240"}],"wp:attachment":[{"href":"https:\/\/tangooled.com\/tr\/wp-json\/wp\/v2\/media?parent=43083"}],"wp:term":[{"taxonomy":"pcb-width","embeddable":true,"href":"https:\/\/tangooled.com\/tr\/wp-json\/wp\/v2\/pcb-width?post=43083"},{"taxonomy":"product-cat","embeddable":true,"href":"https:\/\/tangooled.com\/tr\/wp-json\/wp\/v2\/product-cat?post=43083"}],"curies":[{"name":"wp","href":"https:\/\/api.w.org\/{rel}","templated":true}]}}