{"id":43080,"date":"2025-12-26T00:23:15","date_gmt":"2025-12-26T08:23:15","guid":{"rendered":"https:\/\/tangooled.com\/?post_type=product&#038;p=43080"},"modified":"2026-01-25T23:53:03","modified_gmt":"2026-01-26T07:53:03","slug":"tall-diffuser-led-extrusion-profile-35x67mm","status":"publish","type":"product","link":"https:\/\/tangooled.com\/tr\/urun\/tall-diffuser-led-extrusion-profile-35x67mm\/","title":{"rendered":"S3567: 35x67mm Kare LED Ekstr\u00fczyonu Y\u00fcksek Dif\u00fcz\u00f6r ile"},"content":{"rendered":"<div class=\"wp-block-group is-vertical is-layout-flex wp-container-core-group-is-layout-d255d7c4 wp-block-group-is-layout-flex\" style=\"padding-top:var(--wp--preset--spacing--80);padding-bottom:var(--wp--preset--spacing--80)\">\n<p>S3567 y\u00fcksek dif\u00fcz\u00f6r led ekstr\u00fczyon profili, 35mm geni\u015flik ve 67mm y\u00fckseklik ile kare bir dif\u00fcz\u00f6r i\u00e7eren genel boyutlara sahiptir. LED \u015feritlerini monte etmek i\u00e7in 23.8mm geni\u015fli\u011finde entegre bir alan\u0131 vard\u0131r. B\u00fcy\u00fck boyutu ve y\u00fcksek dif\u00fcz\u00f6r\u00fc, parlamay\u0131 azalt\u0131r ve \u0131\u015f\u0131\u011f\u0131 \u00e7ok e\u015fit hale getirir, bu da onu geni\u015f a\u00e7\u0131l\u0131, noktas\u0131z ayd\u0131nlatma gereken alanlar i\u00e7in harika bir hale getirir. Bu \u015fekil, benzersiz bir ask\u0131 kablo seti ile asma montaj i\u00e7in esasen tasarlanm\u0131\u015ft\u0131r. Bu teknoloji S3567'ye modern, havada as\u0131l\u0131 bir g\u00f6r\u00fcn\u00fcm kazand\u0131r\u0131r, bu da onu g\u00fc\u00e7l\u00fc, mimari olarak temiz lineer ayd\u0131nlatmaya ihtiya\u00e7 duyan ticari alanlar, ofisler ve y\u00fcksek tavanl\u0131 ma\u011fazalar i\u00e7in harika bir se\u00e7im yapar.<\/p>\n<\/div>\n\n\n\n<div class=\"wp-block-group has-background\" style=\"background-color:#f1f1f1;padding-top:var(--wp--preset--spacing--80);padding-bottom:var(--wp--preset--spacing--80)\"><div class=\"wp-block-group__inner-container is-layout-constrained wp-block-group-is-layout-constrained\">\n<div class=\"wp-block-group is-vertical is-layout-flex wp-container-core-group-is-layout-8cf370e7 wp-block-group-is-layout-flex\">\n<h2 class=\"wp-block-heading\" style=\"padding-top:var(--wp--preset--spacing--40);padding-bottom:var(--wp--preset--spacing--40);font-size:25px;font-style:normal;font-weight:600;text-transform:capitalize\">Bu Y\u00fcksek Dif\u00fcz\u00f6r LED Ekstr\u00fczyon Profilini Neden Se\u00e7melisiniz?<\/h2>\n\n\n\n<p>Bu y\u00fcksek dif\u00fcz\u00f6r LED ekstr\u00fczyon profili, LED \u015feritlerinizi y\u0131llarca serin ve parlak tutmak i\u00e7in en iyi malzeme olan 6063-T5 al\u00fcminyumdan yap\u0131lm\u0131\u015ft\u0131r. Y\u00fcksek kare opal dif\u00fcz\u00f6r, \u0131\u015f\u0131\u011f\u0131 e\u015fit bir \u015fekilde yayar ve ayd\u0131nlatman\u0131za temiz, profesyonel bir g\u00f6r\u00fcn\u00fcm kazand\u0131r\u0131r.<\/p>\n\n\n\n<ul class=\"wp-block-list\">\n<li>Y\u00fcksek l\u00fcmen \u00e7\u0131k\u0131\u015f\u0131 i\u00e7in 23&nbsp;mm'ye kadar geni\u015f LED \u015ferit \u0131\u015f\u0131klar\u0131yla uyumludur.<\/li>\n\n\n\n<li>Y\u00fczeye montaj veya sark\u0131t olarak monte edilebilir.<\/li>\n\n\n\n<li>Ham al\u00fcminyum, siyah kapl\u0131 veya g\u00fcm\u00fc\u015f anodize kaplamalarda mevcuttur.<\/li>\n\n\n\n<li>COB LED \u015feritler, \u00e7ift s\u0131ral\u0131 LED \u015feritler ve Cree, Nichia ve Samsung LED gibi tan\u0131nm\u0131\u015f \u00fcreticilerle \u00e7al\u0131\u015f\u0131r.<\/li>\n\n\n\n<li>U\u00e7 kapaklar, montaj klipleri ve lineer konnekt\u00f6rler i\u00e7in se\u00e7enekler ile birlikte gelir (separat olarak sunulmaktad\u0131r).<\/li>\n<\/ul>\n<\/div>\n<\/div><\/div>\n\n\n\n<div class=\"wp-block-group is-vertical is-layout-flex wp-container-core-group-is-layout-d255d7c4 wp-block-group-is-layout-flex\" style=\"padding-top:var(--wp--preset--spacing--80);padding-bottom:var(--wp--preset--spacing--80)\">\n<hr class=\"wp-block-separator has-alpha-channel-opacity\"\/>\n\n\n\n<div class=\"wp-block-media-text has-media-on-the-right is-stacked-on-mobile\" style=\"grid-template-columns:auto 40%\"><div class=\"wp-block-media-text__content\">\n<h2 class=\"wp-block-heading\" style=\"padding-top:var(--wp--preset--spacing--40);padding-bottom:var(--wp--preset--spacing--40);font-size:25px;font-style:normal;font-weight:600;text-transform:capitalize\">LED Ayd\u0131nlatman\u0131z\u0131 Nas\u0131l Olu\u015fturursunuz<\/h2>\n\n\n\n<ul class=\"wp-block-list\">\n<li>Ekstr\u00fczyon profilinin uzunlu\u011funu ve y\u00fczeyini se\u00e7in.<\/li>\n\n\n\n<li>I\u015f\u0131\u011f\u0131n ne kadar parlak olmas\u0131n\u0131 istedi\u011finize g\u00f6re 23mm'ye kadar geni\u015f olan LED \u015feridinizi se\u00e7in, \u00f6rne\u011fin COB, SMD 2835\/5050.<\/li>\n\n\n\n<li>I\u015f\u0131\u011f\u0131n d\u00fczg\u00fcn olmas\u0131 i\u00e7in y\u00fcksek kare opal dif\u00fcz\u00f6r\u00fc monte edin.<\/li>\n\n\n\n<li>Y\u00fczeye montaj veya s\u00fcspansiyon i\u00e7in ilgili aksesuarlar\u0131 ekleyin.<\/li>\n<\/ul>\n<\/div><figure class=\"wp-block-media-text__media\"><img loading=\"lazy\" decoding=\"async\" width=\"500\" height=\"500\" src=\"https:\/\/tangooled.com\/wp-content\/uploads\/2025\/12\/s3567-ins.webp\" alt=\"35x67mm led light extrusion profile with square tall diffuser\" class=\"wp-image-43340 size-full\" srcset=\"https:\/\/tangooled.com\/wp-content\/uploads\/2025\/12\/s3567-ins.webp 500w, https:\/\/tangooled.com\/wp-content\/uploads\/2025\/12\/s3567-ins-300x300.webp 300w, https:\/\/tangooled.com\/wp-content\/uploads\/2025\/12\/s3567-ins-150x150.webp 150w\" sizes=\"auto, (max-width: 500px) 100vw, 500px\" \/><\/figure><\/div>\n<\/div>\n\n\n\n<div class=\"wp-block-group has-background\" style=\"background-color:#f1f1f1f2;padding-top:var(--wp--preset--spacing--80);padding-bottom:var(--wp--preset--spacing--80)\"><div class=\"wp-block-group__inner-container is-layout-constrained wp-block-group-is-layout-constrained\">\n<h2 class=\"wp-block-heading\" style=\"padding-top:var(--wp--preset--spacing--40);padding-bottom:var(--wp--preset--spacing--40);font-size:25px;font-style:normal;font-weight:600;text-transform:capitalize\">Yayg\u0131n uygulamalar<\/h2>\n\n\n\n<p>Bu 35x67mm LED ekstr\u00fczyon profili y\u00fcksek dif\u00fcz\u00f6rl\u00fc bir\u00e7ok yer i\u00e7in kullan\u0131labilir:<\/p>\n\n\n\n<ul class=\"wp-block-list\">\n<li>Ticari Ayd\u0131nlatma: Ofisler, konferans salonlar\u0131, perakende ma\u011fazalar\u0131 ve lobilerde parlak, e\u015fit \u0131\u015f\u0131k gereklidir.<\/li>\n\n\n\n<li>Ev Ayd\u0131nlatmas\u0131: Mutfak adalar\u0131, oturma odalar\u0131 ve mimari s\u0131n\u0131f kalitesinde bir ekstr\u00fczyon ile ev ofisleri.<\/li>\n\n\n\n<li>Architectural Uses: Custom feature walls, hallways, galleries, and museums that want lighting that isn&#8217;t too bright and spreads out.<\/li>\n<\/ul>\n<\/div><\/div>\n\n\n\n<div class=\"wp-block-group\" style=\"padding-top:var(--wp--preset--spacing--80);padding-bottom:var(--wp--preset--spacing--80)\"><div class=\"wp-block-group__inner-container is-layout-constrained wp-block-group-is-layout-constrained\">\n<h2 class=\"wp-block-heading\" style=\"padding-top:var(--wp--preset--spacing--40);padding-bottom:var(--wp--preset--spacing--40);font-size:25px;font-style:normal;font-weight:600;text-transform:capitalize\">Be\u011fenebilece\u011finiz Daha Fazla \u00dcr\u00fcn<\/h2>\n\n\n\n<ul class=\"wp-block-list\">\n<li>Ke\u015ffedin<mark style=\"background-color:rgba(0, 0, 0, 0)\" class=\"has-inline-color has-vivid-red-color\"> <a href=\"https:\/\/tangooled.com\/tr\/urun\/black-led-profile-with-black-diffuser-for-10mm-led-strip-light\/\">10mm LED \u015ferit \u0131\u015f\u0131\u011f\u0131 i\u00e7in siyah dif\u00fcz\u00f6rl\u00fc siyah LED profili<\/a><\/mark> \u015f\u0131k, ince ayd\u0131nlatma i\u00e7in.<\/li>\n\n\n\n<li>G\u00f6r\u00fcn\u00fcm <a href=\"https:\/\/tangooled.com\/tr\/urun\/surface-mount-led-profile-with-frosted-diffuser-for-10mm-rope-lights\/\"><mark style=\"background-color:rgba(0, 0, 0, 0)\" class=\"has-inline-color has-vivid-red-color\">10 mm kablo \u0131\u015f\u0131klar\u0131 i\u00e7in frosted dif\u00fcz\u00f6rl\u00fc y\u00fczey montaj LED profili<\/mark><\/a> gizli montajlar i\u00e7in.<\/li>\n\n\n\n<li>Daha k\u00fc\u00e7\u00fck \u015feritler i\u00e7in, kontrol et <a href=\"https:\/\/tangooled.com\/tr\/urun\/18x9mm-led-tape-light-profile-for-surface-installation\/\"><mark style=\"background-color:rgba(0, 0, 0, 0)\" class=\"has-inline-color has-vivid-red-color\">y\u00fczeye montaj i\u00e7in 18x9mm LED bant \u0131\u015f\u0131k profili<\/mark><\/a>.<\/li>\n<\/ul>\n<\/div><\/div>\n\n\n\n<div class=\"wp-block-group\" style=\"padding-top:0;padding-bottom:0\"><div class=\"wp-block-group__inner-container is-layout-constrained wp-block-group-is-layout-constrained\">\n<p>35x67mm kare y\u00fcksek dif\u00fcz\u00f6r led ekstr\u00fczyon profili, \u0131\u015f\u0131kta noktalar olmaks\u0131z\u0131n mimari s\u0131n\u0131f ekstr\u00fczyon elde etmenin ideal bir yoludur. B\u00fcy\u00fck LED \u015feritleri kald\u0131rabilir ve ticari, konut ve mimari kullan\u0131m i\u00e7in uygundur.<\/p>\n<\/div><\/div>","protected":false},"featured_media":35063,"template":"","meta":{"_acf_changed":true,"_seopress_robots_primary_cat":"none","_seopress_titles_title":"Tall Diffuser LED Extrusion Profile | 35x67mm 3D Glow Aluminum Channel","_seopress_titles_desc":"The S3567 is a premium tall diffuser led extrusion profile measuring 35x67mm. Designed for a 3-sided 3D lighting effect, this square aluminum channel eliminates hotspots and creates bold, soft-glow linear accents.","_seopress_robots_index":""},"pcb-width":[230],"product-cat":[192,194],"class_list":{"0":"post-43080","1":"product","2":"type-product","3":"status-publish","4":"has-post-thumbnail","6":"pcb-width-20-25mm","7":"product-cat-surface-led-profile","8":"product-cat-suspended-profile"},"acf":[],"_links":{"self":[{"href":"https:\/\/tangooled.com\/tr\/wp-json\/wp\/v2\/product\/43080","targetHints":{"allow":["GET"]}}],"collection":[{"href":"https:\/\/tangooled.com\/tr\/wp-json\/wp\/v2\/product"}],"about":[{"href":"https:\/\/tangooled.com\/tr\/wp-json\/wp\/v2\/types\/product"}],"wp:featuredmedia":[{"embeddable":true,"href":"https:\/\/tangooled.com\/tr\/wp-json\/wp\/v2\/media\/35063"}],"wp:attachment":[{"href":"https:\/\/tangooled.com\/tr\/wp-json\/wp\/v2\/media?parent=43080"}],"wp:term":[{"taxonomy":"pcb-width","embeddable":true,"href":"https:\/\/tangooled.com\/tr\/wp-json\/wp\/v2\/pcb-width?post=43080"},{"taxonomy":"product-cat","embeddable":true,"href":"https:\/\/tangooled.com\/tr\/wp-json\/wp\/v2\/product-cat?post=43080"}],"curies":[{"name":"wp","href":"https:\/\/api.w.org\/{rel}","templated":true}]}}