{"id":43077,"date":"2025-12-26T00:19:25","date_gmt":"2025-12-26T08:19:25","guid":{"rendered":"https:\/\/tangooled.com\/?post_type=product&#038;p=43077"},"modified":"2026-01-29T23:31:36","modified_gmt":"2026-01-30T07:31:36","slug":"54x35mm-black-suspended-led-channel-quad-row-s5435","status":"publish","type":"product","link":"https:\/\/tangooled.com\/tr\/urun\/54x35mm-black-suspended-led-channel-quad-row-s5435\/","title":{"rendered":"S5435: 54x35mm Siyah Ask\u0131l\u0131 LED Kanal (D\u00f6rt S\u0131ra Uyumlu)"},"content":{"rendered":"<div class=\"wp-block-group is-vertical is-layout-flex wp-container-core-group-is-layout-d255d7c4 wp-block-group-is-layout-flex\" style=\"padding-top:var(--wp--preset--spacing--80);padding-bottom:var(--wp--preset--spacing--80)\">\n<p>LED \u015feritlerinizi g\u00fcvenli ve \u015f\u0131k bir \u015fekilde kurman\u0131n bir yolunu mu ar\u0131yorsunuz? 54x35mm boyutlar\u0131ndaki siyah LED kanal\u0131m\u0131z, dayan\u0131kl\u0131 ve kal\u0131c\u0131 bir lineer \u0131\u015f\u0131k sa\u011flamak \u00fczere tasarlanm\u0131\u015ft\u0131r. Dayan\u0131kl\u0131 al\u00fcminyum ala\u015f\u0131m\u0131ndan \u00fcretilmi\u015f ve i\u00e7inde 44mm geni\u015fli\u011fe sahip olan bu profil, paralel olarak yerle\u015ftirilen d\u00f6rt s\u0131ra 10mm LED \u015feri bar\u0131nd\u0131rabilir.<\/p>\n\n\n\n<p>Uygulama diyagram\u0131, S5435 profilinin esnek kurulum i\u00e7in tasarland\u0131\u011f\u0131n\u0131 g\u00f6stermektedir. Gizli montaj klipleri ve ask\u0131 telleri ile bu LED kanal, bir y\u00fczeye do\u011frudan monte edilebilir veya modern bir lineer sark\u0131t olarak ask\u0131da durdurulabilir. Esnek yap\u0131s\u0131, onu \u00e7e\u015fitli mimari projeler i\u00e7in uygun hale getirir.<\/p>\n<\/div>\n\n\n\n<div class=\"wp-block-group has-background\" style=\"background-color:#f1f1f1;padding-top:var(--wp--preset--spacing--80);padding-bottom:var(--wp--preset--spacing--80)\"><div class=\"wp-block-group__inner-container is-layout-constrained wp-block-group-is-layout-constrained\">\n<div class=\"wp-block-group is-vertical is-layout-flex wp-container-core-group-is-layout-8cf370e7 wp-block-group-is-layout-flex\">\n<h2 class=\"wp-block-heading\" style=\"padding-top:var(--wp--preset--spacing--40);padding-bottom:var(--wp--preset--spacing--40);font-size:25px;font-style:normal;font-weight:600;text-transform:capitalize\">Neden Ask\u0131l\u0131 54X35mm Siyah LED Kanal\u0131m\u0131z\u0131 Se\u00e7melisiniz?<\/h2>\n\n\n\n<ul class=\"wp-block-list\">\n<li>Geni\u015f al\u00fcminyum kanal, d\u00f6rder s\u0131ral\u0131 LED \u015feritleri bar\u0131nd\u0131racak \u015fekilde tasarlanm\u0131\u015ft\u0131r; b\u00f6ylece paralel olarak d\u00f6rt standart 10mm \u015ferit kurulumu yapabilirsiniz.<\/li>\n\n\n\n<li>Sa\u011flam al\u00fcminyum kanal. Y\u00fcksek kaliteli 6063-T5 al\u00fcminyum ala\u015f\u0131m\u0131ndan \u00fcretilmi\u015ftir, bu tasar\u0131m bir \u0131s\u0131 da\u011f\u0131t\u0131c\u0131 g\u00f6revi g\u00f6r\u00fcr, \u0131s\u0131y\u0131 etkili bir \u015fekilde da\u011f\u0131tarak LED'lerinizin \u00f6mr\u00fcn\u00fc uzat\u0131r.<\/li>\n\n\n\n<li>The matte black anodized finish presents a modern, sleek look, aligning with today&#8217;s design trends.<\/li>\n\n\n\n<li>Asma veya montaja haz\u0131r: Bu tasar\u0131m, standart havayolu telleri veya montaj klipleri kullan\u0131larak tavana as\u0131lmak veya monte edilmek i\u00e7in tasarlanm\u0131\u015ft\u0131r.<\/li>\n\n\n\n<li>Dif\u00fcz\u00f6r se\u00e7enekleri: Standart dif\u00fcz\u00f6rler buzlu olup, \u00f6zel projeler i\u00e7in dumanl\u0131 siyah dif\u00fcz\u00f6rler de \u00f6zelle\u015ftirilebilir.<\/li>\n<\/ul>\n<\/div>\n<\/div><\/div>\n\n\n\n<div class=\"wp-block-group is-vertical is-layout-flex wp-container-core-group-is-layout-d255d7c4 wp-block-group-is-layout-flex\" style=\"padding-top:var(--wp--preset--spacing--80);padding-bottom:var(--wp--preset--spacing--80)\">\n<hr class=\"wp-block-separator has-alpha-channel-opacity\"\/>\n\n\n\n<div class=\"wp-block-media-text has-media-on-the-right is-stacked-on-mobile\" style=\"grid-template-columns:auto 40%\"><div class=\"wp-block-media-text__content\">\n<h2 class=\"wp-block-heading\" style=\"padding-top:var(--wp--preset--spacing--40);padding-bottom:var(--wp--preset--spacing--40);font-size:25px;font-style:normal;font-weight:600;text-transform:capitalize\">Kolay Kurulum ve Uyumluluk<\/h2>\n\n\n\n<ul class=\"wp-block-list\">\n<li>Ask\u0131l\u0131 54X35mm siyah LED kanal\u0131n\u0131 istedi\u011finiz uzunlukta kesin.<\/li>\n\n\n\n<li>D\u00f6rde s\u0131ral\u0131 LED \u015feritlerinizi kanala yerle\u015ftirin.<\/li>\n\n\n\n<li>Secure the diffuser cover, regardless of its finish \u2013 frosted or smoked.<\/li>\n\n\n\n<li>Kablolar\u0131n d\u00fczenli ve derli toplu kalmas\u0131 i\u00e7in u\u00e7 kapaklar\u0131 s\u0131k\u0131ca tak\u0131n.<\/li>\n\n\n\n<li>To suspend it from your ceiling, you&#8217;ll need to use the suspension system to achieve it.<\/li>\n\n\n\n<li>D\u00fczg\u00fcn \u00e7al\u0131\u015fma i\u00e7in g\u00fc\u00e7 kayna\u011f\u0131n\u0131z\u0131n ve dimmer'lerinizin do\u011fru bir \u015fekilde ba\u011fland\u0131\u011f\u0131ndan emin olun.<\/li>\n<\/ul>\n<\/div><figure class=\"wp-block-media-text__media\"><img loading=\"lazy\" decoding=\"async\" width=\"500\" height=\"500\" src=\"https:\/\/tangooled.com\/wp-content\/uploads\/2025\/12\/s5435-installation.webp\" alt=\"suspended 54x35mm black led channel aluminum for quad row led strips\" class=\"wp-image-43337 size-full\" srcset=\"https:\/\/tangooled.com\/wp-content\/uploads\/2025\/12\/s5435-installation.webp 500w, https:\/\/tangooled.com\/wp-content\/uploads\/2025\/12\/s5435-installation-300x300.webp 300w, https:\/\/tangooled.com\/wp-content\/uploads\/2025\/12\/s5435-installation-150x150.webp 150w\" sizes=\"auto, (max-width: 500px) 100vw, 500px\" \/><\/figure><\/div>\n<\/div>\n\n\n\n<div class=\"wp-block-group has-background\" style=\"background-color:#f1f1f1f2;padding-top:var(--wp--preset--spacing--80);padding-bottom:var(--wp--preset--spacing--80)\"><div class=\"wp-block-group__inner-container is-layout-constrained wp-block-group-is-layout-constrained\">\n<h2 class=\"wp-block-heading\" style=\"padding-top:var(--wp--preset--spacing--40);padding-bottom:var(--wp--preset--spacing--40);font-size:25px;font-style:normal;font-weight:600\">Nerelerde Kullan\u0131l\u0131r?<\/h2>\n\n\n\n<ul class=\"wp-block-list\">\n<li>Ticari ofisler: Geni\u015f konferans odalar\u0131n\u0131 ve a\u00e7\u0131k ofis alanlar\u0131n\u0131 geni\u015f, e\u015fit ayd\u0131nlatma ile ayd\u0131nlat\u0131n.<\/li>\n\n\n\n<li>Perakende ma\u011fazalar\u0131 ve sergileme alanlar\u0131, canl\u0131 ve dikkat \u00e7ekici ayd\u0131nlatma ile \u00fcr\u00fcnleri sergilemekten faydalan\u0131r.<\/li>\n\n\n\n<li>Residential spaces benefit greatly from these fixtures. These fixtures are ideal for kitchens, dining areas, garages, and studios \u2013 anywhere that needs robust pendant lighting.<\/li>\n\n\n\n<li>Y\u00fcksek tavanl\u0131 modern binalarda, mimari ve ambiyans ayd\u0131nlatmas\u0131 ana \u0131\u015f\u0131k kayna\u011f\u0131 veya vurgulu ayd\u0131nlatma olarak kullan\u0131labilir.&nbsp;<\/li>\n\n\n\n<li>Genel ayd\u0131nlatma: LED kanal ayd\u0131nlatma \u00e7\u00f6z\u00fcmleri, floresan t\u00fcpleri de\u011fi\u015ftirmek veya geni\u015f, e\u015fit ayd\u0131nlatma gerektiren alanlarda kullan\u0131labilir.<\/li>\n<\/ul>\n<\/div><\/div>\n\n\n\n<div class=\"wp-block-group\" style=\"padding-top:var(--wp--preset--spacing--80);padding-bottom:var(--wp--preset--spacing--80)\"><div class=\"wp-block-group__inner-container is-layout-constrained wp-block-group-is-layout-constrained\">\n<h2 class=\"wp-block-heading\" style=\"padding-top:var(--wp--preset--spacing--40);padding-bottom:var(--wp--preset--spacing--40);font-size:25px;font-style:normal;font-weight:600;text-transform:capitalize\">Daha Fazla LED \u00c7\u00f6z\u00fcm\u00fc i\u00e7in \u0130\u00e7 Ba\u011flant\u0131lar<\/h2>\n\n\n\n<ul class=\"wp-block-list\">\n<li>Daha k\u00fc\u00e7\u00fck kurulumlar i\u00e7in, <a href=\"https:\/\/tangooled.com\/tr\/urun\/black-led-profile-with-black-diffuser-for-10mm-led-strip-light\/\"><mark style=\"background-color:rgba(0, 0, 0, 0)\" class=\"has-inline-color has-vivid-red-color\">10mm LED \u015ferit \u0131\u015f\u0131k i\u00e7in siyah dif\u00fcz\u00f6rl\u00fc siyah LED profili<\/mark><\/a>.<\/li>\n\n\n\n<li>\u015e\u0131k bir y\u00fczey montaj\u0131 m\u0131 ar\u0131yorsunuz? \u015eunu deneyin: <mark style=\"background-color:rgba(0, 0, 0, 0)\" class=\"has-inline-color has-vivid-red-color\"><a href=\"https:\/\/tangooled.com\/tr\/urun\/led-strip-light-channel-aluminum-profile-with-diffused-cover-6mm-height\/\">Dif\u00fcz\u00f6r kapakl\u0131 6mm y\u00fckseklikteki LED \u015ferit \u0131\u015f\u0131k kanal\u0131 al\u00fcminyum profil<\/a><\/mark>.<\/li>\n\n\n\n<li>Geni\u015f bir montaj se\u00e7ene\u011fi yelpazesi i\u00e7in, \u015funa bak\u0131n: <a href=\"https:\/\/tangooled.com\/tr\/urun\/black-aluminum-u-channel-profile-for-10mm-led-strips\/\"><mark style=\"background-color:rgba(0, 0, 0, 0)\" class=\"has-inline-color has-vivid-red-color\">10mm LED \u015feritler i\u00e7in siyah al\u00fcminyum U profili<\/mark><\/a>.<\/li>\n<\/ul>\n<\/div><\/div>\n\n\n\n<div class=\"wp-block-group has-background\" style=\"background-color:#f1f1f1f2;padding-top:var(--wp--preset--spacing--80);padding-bottom:var(--wp--preset--spacing--80)\"><div class=\"wp-block-group__inner-container is-layout-constrained wp-block-group-is-layout-constrained\">\n<h2 class=\"wp-block-heading\" style=\"padding-top:var(--wp--preset--spacing--40);padding-bottom:var(--wp--preset--spacing--40);font-size:25px;font-style:normal;font-weight:600\">Son D\u00fc\u015f\u00fcnceler<\/h2>\n\n\n\n<p style=\"padding-right:var(--wp--preset--spacing--50);padding-left:var(--wp--preset--spacing--50)\">Ask\u0131l\u0131 54x35mm siyah LED kanal\u0131m\u0131z, d\u00f6rder s\u0131ral\u0131 LED \u015feritleri sergilemek i\u00e7in ideal bir \u00e7\u00f6z\u00fcmd\u00fcr. Temiz ve estetik a\u00e7\u0131dan ho\u015f bir lineer ayd\u0131nlatma deneyimi sunar. Ayr\u0131ca, mat siyah kaplama ona modern bir hava katmaktad\u0131r. Harika ayd\u0131nlatma gerektiren herhangi bir yere m\u00fckemmel, geni\u015f bir ayd\u0131nlatma eklemek i\u00e7in as\u0131l\u0131 olarak kullan\u0131n.<\/p>\n<\/div><\/div>","protected":false},"featured_media":33400,"template":"","meta":{"_acf_changed":true,"_seopress_robots_primary_cat":"none","_seopress_titles_title":"54x35mm Black LED Channel | Wide Suspended Quad-Row Profile","_seopress_titles_desc":"This 54x35mm black led channel is designed for quad-row LED strips. Perfect for high-output suspended lighting in large offices and retail spaces, this wide aluminum profile ensures superior heat dissipation.","_seopress_robots_index":""},"pcb-width":[232],"product-cat":[192,194],"class_list":{"0":"post-43077","1":"product","2":"type-product","3":"status-publish","4":"has-post-thumbnail","6":"pcb-width-35-45mm","7":"product-cat-surface-led-profile","8":"product-cat-suspended-profile"},"acf":[],"_links":{"self":[{"href":"https:\/\/tangooled.com\/tr\/wp-json\/wp\/v2\/product\/43077","targetHints":{"allow":["GET"]}}],"collection":[{"href":"https:\/\/tangooled.com\/tr\/wp-json\/wp\/v2\/product"}],"about":[{"href":"https:\/\/tangooled.com\/tr\/wp-json\/wp\/v2\/types\/product"}],"wp:featuredmedia":[{"embeddable":true,"href":"https:\/\/tangooled.com\/tr\/wp-json\/wp\/v2\/media\/33400"}],"wp:attachment":[{"href":"https:\/\/tangooled.com\/tr\/wp-json\/wp\/v2\/media?parent=43077"}],"wp:term":[{"taxonomy":"pcb-width","embeddable":true,"href":"https:\/\/tangooled.com\/tr\/wp-json\/wp\/v2\/pcb-width?post=43077"},{"taxonomy":"product-cat","embeddable":true,"href":"https:\/\/tangooled.com\/tr\/wp-json\/wp\/v2\/product-cat?post=43077"}],"curies":[{"name":"wp","href":"https:\/\/api.w.org\/{rel}","templated":true}]}}