{"id":43075,"date":"2025-12-26T00:14:20","date_gmt":"2025-12-26T08:14:20","guid":{"rendered":"https:\/\/tangooled.com\/?post_type=product&#038;p=43075"},"modified":"2026-01-26T00:27:33","modified_gmt":"2026-01-26T08:27:33","slug":"50x70mm-white-led-linear-suspension-profile-s5470","status":"publish","type":"product","link":"https:\/\/tangooled.com\/tr\/urun\/50x70mm-white-led-linear-suspension-profile-s5470\/","title":{"rendered":"50x70mm Beyaz LED Profili Lineer Ask\u0131l\u0131 Ayd\u0131nlatma i\u00e7in"},"content":{"rendered":"<div class=\"wp-block-group is-vertical is-layout-flex wp-container-core-group-is-layout-d255d7c4 wp-block-group-is-layout-flex\" style=\"padding-top:var(--wp--preset--spacing--80);padding-bottom:var(--wp--preset--spacing--80)\">\n<p>54x70mm beyaz LED profilimiz, ask\u0131l\u0131 ve y\u00fczeye montaj se\u00e7enekleri sunarak profesyonel lineer ayd\u0131nlatma uygulamalar\u0131 i\u00e7in tasarlanm\u0131\u015ft\u0131r (g\u00f6r\u00fcld\u00fc\u011f\u00fc gibi). Genel boyutlar\u0131 54mm geni\u015fli\u011finde ve 76mm y\u00fcksekli\u011findedir.<\/p>\n\n\n\n<p>Yap\u0131sal tasar\u0131m, LED \u015feritlerini tutan ana bir kanal ve entegre alt bir mahfazay\u0131 i\u00e7erir. Bu \u00f6zel oda, LED s\u00fcr\u00fcc\u00fclerini veya g\u00fc\u00e7 kaynaklar\u0131n\u0131 g\u00fcvenli ve gizli bir \u015fekilde saklamak i\u00e7in tasarlanm\u0131\u015ft\u0131r, b\u00f6ylece g\u00f6r\u00fcn\u00fcr teller olmaz. Y\u00fcksek iletimli opal dif\u00fcz\u00f6r, LED kayna\u011f\u0131n\u0131n \u00fczerinde yer al\u0131r ve \u0131\u015f\u0131\u011f\u0131 p\u00fcr\u00fczs\u00fcz, noktas\u0131z ve e\u015fit hale getirir.<\/p>\n\n\n\n<p>Profil, y\u00fcksek kaliteli al\u00fcminyumdan yap\u0131lm\u0131\u015ft\u0131r, bu da \u0131s\u0131 y\u00f6netiminde daha etkili olmas\u0131n\u0131 sa\u011flar. S5476, b\u00fcy\u00fck ofisler ve \u015f\u0131k, entegre ayd\u0131nlatmaya ihtiya\u00e7 duyan ticari alanlar i\u00e7in m\u00fckemmel bir se\u00e7imdir.<\/p>\n<\/div>\n\n\n\n<div class=\"wp-block-group has-background\" style=\"background-color:#f1f1f1;padding-top:var(--wp--preset--spacing--80);padding-bottom:var(--wp--preset--spacing--80)\"><div class=\"wp-block-group__inner-container is-layout-constrained wp-block-group-is-layout-constrained\">\n<div class=\"wp-block-group is-vertical is-layout-flex wp-container-core-group-is-layout-8cf370e7 wp-block-group-is-layout-flex\">\n<h2 class=\"wp-block-heading\" style=\"padding-top:var(--wp--preset--spacing--40);padding-bottom:var(--wp--preset--spacing--40);font-size:25px;font-style:normal;font-weight:600;text-transform:capitalize\">Neden Bu LED Profilini Se\u00e7melisiniz?<\/h2>\n\n\n\n<ul class=\"wp-block-list\">\n<li>G\u00fc\u00e7l\u00fc \u0131s\u0131 da\u011f\u0131t\u0131c\u0131: Tasar\u0131m ve al\u00fcminyum g\u00f6vde, LED \u015feritlerini daha uzun bir \u00f6m\u00fcr i\u00e7in so\u011fuk tutar.<\/li>\n\n\n\n<li>Noktas\u0131z \u0131\u015f\u0131k: Opal dif\u00fcz\u00f6r, s\u0131cak noktalar\u0131 ortadan kald\u0131rarak \u0131\u015f\u0131\u011f\u0131n p\u00fcr\u00fczs\u00fcz ve konforlu olmas\u0131n\u0131 sa\u011flar.<\/li>\n\n\n\n<li>\u2022Simple to put together: It comes with mounting clips and suspension kits for easy setup.<\/li>\n\n\n\n<li>Esnek tasar\u0131m: Ofislerde, evlerde, perakende ma\u011fazalar\u0131nda veya konaklama yerlerinde kullan\u0131n.<\/li>\n\n\n\n<li>\u00d6zel uzunluklar: Her projeye uygun uzunlu\u011fu kesebilir veya sipari\u015f edebilirsiniz.<\/li>\n<\/ul>\n<\/div>\n<\/div><\/div>\n\n\n\n<div class=\"wp-block-group is-vertical is-layout-flex wp-container-core-group-is-layout-d255d7c4 wp-block-group-is-layout-flex\" style=\"padding-top:var(--wp--preset--spacing--80);padding-bottom:var(--wp--preset--spacing--80)\">\n<hr class=\"wp-block-separator has-alpha-channel-opacity\"\/>\n\n\n\n<div class=\"wp-block-media-text has-media-on-the-right is-stacked-on-mobile\" style=\"grid-template-columns:auto 40%\"><div class=\"wp-block-media-text__content\">\n<h2 class=\"wp-block-heading\" style=\"padding-top:var(--wp--preset--spacing--40);padding-bottom:var(--wp--preset--spacing--40);font-size:25px;font-style:normal;font-weight:600;text-transform:capitalize\">50x70mm Beyaz LED Profilini Nerelerde Kullanabilirim?<\/h2>\n\n\n\n<ul class=\"wp-block-list\">\n<li>Ofisler: Masalar\u0131n ve konferans salonlar\u0131n\u0131n \u00fczerinde as\u0131l\u0131 lineer ayd\u0131nlatma.<\/li>\n\n\n\n<li>Perakende: G\u00f6rsel ve \u00fcr\u00fcnler i\u00e7in parlak, e\u015fit ayd\u0131nlatma.<\/li>\n\n\n\n<li>Mutfaklar: Ada ve tezgahlar\u0131n \u00fczerinde sark\u0131t lamba.<\/li>\n\n\n\n<li>Kamusal alanlar: Modern, \u015f\u0131k ayd\u0131nlatma ile oteller, galeriler ve lobiler.<\/li>\n\n\n\n<li>Evler: oturma odalar\u0131, yemek odalar\u0131 ve ev ofisleri.<\/li>\n<\/ul>\n<\/div><figure class=\"wp-block-media-text__media\"><img loading=\"lazy\" decoding=\"async\" width=\"500\" height=\"500\" src=\"https:\/\/tangooled.com\/wp-content\/uploads\/2025\/12\/s5476-ins.webp\" alt=\"50x70mm white led profile for led linear suspension\" class=\"wp-image-43327 size-full\" srcset=\"https:\/\/tangooled.com\/wp-content\/uploads\/2025\/12\/s5476-ins.webp 500w, https:\/\/tangooled.com\/wp-content\/uploads\/2025\/12\/s5476-ins-300x300.webp 300w, https:\/\/tangooled.com\/wp-content\/uploads\/2025\/12\/s5476-ins-150x150.webp 150w\" sizes=\"auto, (max-width: 500px) 100vw, 500px\" \/><\/figure><\/div>\n<\/div>\n\n\n\n<div class=\"wp-block-group has-background\" style=\"background-color:#f1f1f1f2;padding-top:var(--wp--preset--spacing--80);padding-bottom:var(--wp--preset--spacing--80)\"><div class=\"wp-block-group__inner-container is-layout-constrained wp-block-group-is-layout-constrained\">\n<h2 class=\"wp-block-heading\" style=\"padding-top:var(--wp--preset--spacing--40);padding-bottom:var(--wp--preset--spacing--40);font-size:25px;font-style:normal;font-weight:600\">Profil ile Ne Geliyor?<\/h2>\n\n\n\n<ul class=\"wp-block-list\">\n<li>1x Al\u00fcminyum LED Profil (2.5m veya \u00f6zel uzunluk)<\/li>\n\n\n\n<li>1 Opal Dif\u00fcz\u00f6r Kapa\u011f\u0131<\/li>\n\n\n\n<li>\u0130ki metal u\u00e7 kapa\u011f\u0131<\/li>\n\n\n\n<li>Ask\u0131 tel kitleri<\/li>\n<\/ul>\n<\/div><\/div>\n\n\n\n<div class=\"wp-block-group\" style=\"padding-top:var(--wp--preset--spacing--80);padding-bottom:var(--wp--preset--spacing--80)\"><div class=\"wp-block-group__inner-container is-layout-constrained wp-block-group-is-layout-constrained\">\n<h2 class=\"wp-block-heading\" style=\"padding-top:var(--wp--preset--spacing--40);padding-bottom:var(--wp--preset--spacing--40);font-size:25px;font-style:normal;font-weight:600;text-transform:capitalize\">Be\u011fenebilece\u011finiz \u0130lgili \u00dcr\u00fcnler<\/h2>\n\n\n\n<ul class=\"wp-block-list\">\n<li><a href=\"https:\/\/tangooled.com\/tr\/urun\/black-led-profile-with-black-diffuser-for-10mm-led-strip-light\/\"><mark style=\"background-color:rgba(0, 0, 0, 0)\" class=\"has-inline-color has-vivid-red-color\">10mm LED \u015ferit \u0131\u015f\u0131\u011f\u0131 i\u00e7in siyah dif\u00fcz\u00f6rl\u00fc siyah LED profili<\/mark><\/a>- Daha k\u00fc\u00e7\u00fck LED \u015feritler i\u00e7in ince siyah kanal.<\/li>\n\n\n\n<li><a href=\"https:\/\/tangooled.com\/tr\/urun\/surface-mount-led-profile-with-frosted-diffuser-for-10mm-rope-lights\/\"><mark style=\"background-color:rgba(0, 0, 0, 0)\" class=\"has-inline-color has-vivid-red-color\">10 mm kablo \u0131\u015f\u0131klar\u0131 i\u00e7in frosted dif\u00fcz\u00f6rl\u00fc y\u00fczey montaj LED profili<\/mark><\/a> \u2013 Great for surface-mounted LED lights.<\/li>\n\n\n\n<li><a href=\"https:\/\/tangooled.com\/tr\/urun\/led-strip-light-channel-aluminum-profile-with-diffused-cover-6mm-height\/\"><mark style=\"background-color:rgba(0, 0, 0, 0)\" class=\"has-inline-color has-vivid-red-color\">Dif\u00fcz\u00f6r kapakl\u0131 6mm y\u00fckseklikteki LED \u015ferit \u0131\u015f\u0131k kanal\u0131 al\u00fcminyum profil<\/mark><\/a> \u2013 Low height extrusion for narrow LED strips.<\/li>\n\n\n\n<li><a href=\"https:\/\/tangooled.com\/tr\/urun\/22mm-surface-led-aluminum-strip-channel-with-opal-diffuser\/\"><mark style=\"background-color:rgba(0, 0, 0, 0)\" class=\"has-inline-color has-vivid-red-color\">22mm y\u00fczey LED al\u00fcminyum \u015ferit kanal\u0131 opal dif\u00fcz\u00f6r ile<\/mark><\/a> \u2013 For slim line lighting with smooth light output.<\/li>\n<\/ul>\n<\/div><\/div>\n\n\n\n<div class=\"wp-block-group has-background\" style=\"background-color:#f1f1f1f2;padding-top:var(--wp--preset--spacing--80);padding-bottom:var(--wp--preset--spacing--80)\"><div class=\"wp-block-group__inner-container is-layout-constrained wp-block-group-is-layout-constrained\">\n<h2 class=\"wp-block-heading\" style=\"padding-top:var(--wp--preset--spacing--40);padding-bottom:var(--wp--preset--spacing--40);font-size:25px;font-style:normal;font-weight:600\">\u00d6zet<\/h2>\n\n\n\n<p style=\"padding-right:var(--wp--preset--spacing--50);padding-left:var(--wp--preset--spacing--50)\">The 50x70mm white LED profile for LED linear suspension is a great choice for today&#8217;s lighting needs. It works well with wide LED strips, producing professional, dotless light, and features a clean, white look that complements a variety of different styles. This profile helps you create smooth, bright, and attractive LED lights, whether you want to illuminate an office, kitchen, or store.<\/p>\n<\/div><\/div>","protected":false},"featured_media":16254,"template":"","meta":{"_acf_changed":true,"_seopress_robots_primary_cat":"none","_seopress_titles_title":"50x70mm White LED Profile | Linear Suspension Channel | TANGOOLED","_seopress_titles_desc":"The S5467 is a robust 50x70mm white led profile designed for professional suspension lighting. With its 70mm deep housing, it provides flawless diffusion and ample space for internal drivers. Perfect for office and retail interiors.","_seopress_robots_index":""},"pcb-width":[232],"product-cat":[192,194],"class_list":{"0":"post-43075","1":"product","2":"type-product","3":"status-publish","4":"has-post-thumbnail","6":"pcb-width-35-45mm","7":"product-cat-surface-led-profile","8":"product-cat-suspended-profile"},"acf":[],"_links":{"self":[{"href":"https:\/\/tangooled.com\/tr\/wp-json\/wp\/v2\/product\/43075","targetHints":{"allow":["GET"]}}],"collection":[{"href":"https:\/\/tangooled.com\/tr\/wp-json\/wp\/v2\/product"}],"about":[{"href":"https:\/\/tangooled.com\/tr\/wp-json\/wp\/v2\/types\/product"}],"wp:featuredmedia":[{"embeddable":true,"href":"https:\/\/tangooled.com\/tr\/wp-json\/wp\/v2\/media\/16254"}],"wp:attachment":[{"href":"https:\/\/tangooled.com\/tr\/wp-json\/wp\/v2\/media?parent=43075"}],"wp:term":[{"taxonomy":"pcb-width","embeddable":true,"href":"https:\/\/tangooled.com\/tr\/wp-json\/wp\/v2\/pcb-width?post=43075"},{"taxonomy":"product-cat","embeddable":true,"href":"https:\/\/tangooled.com\/tr\/wp-json\/wp\/v2\/product-cat?post=43075"}],"curies":[{"name":"wp","href":"https:\/\/api.w.org\/{rel}","templated":true}]}}