{"id":42672,"date":"2025-12-23T06:36:42","date_gmt":"2025-12-23T14:36:42","guid":{"rendered":"https:\/\/tangooled.com\/?post_type=product&#038;p=42672"},"modified":"2026-02-01T23:03:01","modified_gmt":"2026-02-02T07:03:01","slug":"side-and-down-cornice-valance-lighting-led-channel","status":"publish","type":"product","link":"https:\/\/tangooled.com\/tr\/urun\/side-and-down-cornice-valance-lighting-led-channel\/","title":{"rendered":"Yan ve A\u015fa\u011f\u0131 Tavan Perdesi Ayd\u0131nlatma LED Kanal\u0131"},"content":{"rendered":"<div class=\"wp-block-group is-vertical is-layout-flex wp-container-core-group-is-layout-d255d7c4 wp-block-group-is-layout-flex\" style=\"padding-top:var(--wp--preset--spacing--80);padding-bottom:var(--wp--preset--spacing--80)\">\n<p>DWP25 yan ve a\u015fa\u011f\u0131 korni\u015f avizesi LED kanal\u0131 ile mekan\u0131n\u0131z\u0131 ayd\u0131nlat\u0131n. Bu \u015f\u0131k al\u00fcminyum LED kanal\u0131, tavan\u0131n duvarla bulu\u015ftu\u011fu k\u00f6\u015feleri ayd\u0131nlatmak i\u00e7in \u00f6zel olarak tasarlanm\u0131\u015ft\u0131r. 50mm geni\u015fli\u011finde ve 50mm y\u00fcksekli\u011finde \u00f6l\u00e7\u00fclerek, 10mm geni\u015fli\u011finde iki LED \u015feridi i\u00e7in m\u00fckemmel bir \u015fekilde uyum sa\u011flar (her biri 10.3mm i\u00e7 kanal\u0131nda). Bir \u015ferit \u0131\u015f\u0131\u011f\u0131 tavana do\u011fru, di\u011feri ise duvara do\u011fru parlat\u0131r, b\u00f6ylece odalar\u0131 daha geni\u015f ve daha ne\u015feli hissettiren yumu\u015fak, samimi, parlayan bir \u0131\u015f\u0131k yarat\u0131r. I\u015f\u0131k p\u00fcr\u00fczs\u00fczd\u00fcr \u00e7\u00fcnk\u00fc mat dif\u00fcz\u00f6r kapa\u011f\u0131na sahiptir. Dayan\u0131kl\u0131 6063-T5 anodize al\u00fcminyumdan \u00fcretilmi\u015ftir. Bu kanal, istedi\u011finiz boyutta kesilmesi kolayd\u0131r ve kablolar\u0131 iyi bir \u015fekilde gizler, projenize profesyonel bir g\u00f6r\u00fcn\u00fcm kazand\u0131r\u0131r.<\/p>\n<\/div>\n\n\n\n<div class=\"wp-block-group has-background\" style=\"background-color:#f1f1f1;padding-top:var(--wp--preset--spacing--80);padding-bottom:var(--wp--preset--spacing--80)\"><div class=\"wp-block-group__inner-container is-layout-constrained wp-block-group-is-layout-constrained\">\n<div class=\"wp-block-group is-vertical is-layout-flex wp-container-core-group-is-layout-8cf370e7 wp-block-group-is-layout-flex\">\n<h2 class=\"wp-block-heading\" style=\"padding-top:var(--wp--preset--spacing--40);padding-bottom:var(--wp--preset--spacing--40);font-size:25px;font-style:normal;font-weight:600;text-transform:capitalize\">Neden bu yan ve a\u015fa\u011f\u0131 korni\u015f LED profilini se\u00e7melisiniz?<\/h2>\n\n\n\n<ul class=\"wp-block-list\">\n<li>\u0130ki y\u00f6nde ayd\u0131nlatma: Hem yukar\u0131 hem de a\u015fa\u011f\u0131ya nazik \u0131\u015f\u0131k yayar.<\/li>\n\n\n\n<li>Mimari tasar\u0131m: K\u00f6\u015felerde kullan\u0131ld\u0131\u011f\u0131nda temiz ve modern g\u00f6r\u00fcn\u00fcr.<\/li>\n\n\n\n<li>Kurulumu kolay: Sadece k\u00f6\u015feye vidalay\u0131n, LED \u015feritlerinizi ekleyin ve dif\u00fcz\u00f6r\u00fc tak\u0131n.<\/li>\n\n\n\n<li>Uzun \u00f6m\u00fcrl\u00fc ve g\u00fc\u00e7l\u00fc: Al\u00fcminyum, LED\u2019lerinizi g\u00fcvende tutan m\u00fckemmel bir \u0131s\u0131 emici \u00f6zelli\u011fi vard\u0131r.<\/li>\n\n\n\n<li>Bu \u00fcr\u00fcn modern evler, oteller, ofisler ve di\u011fer i\u00e7 tasar\u0131m ortamlar\u0131 i\u00e7in m\u00fckemmel \u015fekilde \u00e7al\u0131\u015f\u0131r.<\/li>\n<\/ul>\n<\/div>\n<\/div><\/div>\n\n\n\n<div class=\"wp-block-group is-vertical is-layout-flex wp-container-core-group-is-layout-d255d7c4 wp-block-group-is-layout-flex\" style=\"padding-top:var(--wp--preset--spacing--80);padding-bottom:var(--wp--preset--spacing--80)\">\n<hr class=\"wp-block-separator has-alpha-channel-opacity\"\/>\n\n\n\n<div class=\"wp-block-media-text has-media-on-the-right is-stacked-on-mobile\" style=\"grid-template-columns:auto 40%\"><div class=\"wp-block-media-text__content\">\n<h2 class=\"wp-block-heading\" style=\"padding-top:var(--wp--preset--spacing--40);padding-bottom:var(--wp--preset--spacing--40);font-size:25px;font-style:normal;font-weight:600;text-transform:capitalize\">Kurulum nas\u0131l yap\u0131l\u0131r<\/h2>\n\n\n\n<ul class=\"wp-block-list\">\n<li>Ayd\u0131nlatmak istedi\u011finiz k\u00f6\u015fenin ne kadar uzun oldu\u011funu belirleyin.<\/li>\n\n\n\n<li>Al\u00fcminyum kanal\u0131 ve dif\u00fcz\u00f6r\u00fc keserek uyacak \u015fekilde ayarlay\u0131n.<\/li>\n\n\n\n<li>Kanal\u0131 tavan ve duvar k\u00f6\u015fesine tutturmak i\u00e7in vidalar kullan\u0131n.<\/li>\n\n\n\n<li>LED \u015feritlerinizi iki kanala yerle\u015ftirin.<\/li>\n\n\n\n<li>I\u015f\u0131\u011f\u0131 p\u00fcr\u00fczs\u00fcz hale getirmek i\u00e7in mat dif\u00fcz\u00f6rleri tak\u0131n.<\/li>\n\n\n\n<li>Gerekirse kabloyu 24V DC g\u00fc\u00e7 kayna\u011f\u0131na ve dimmera ba\u011flay\u0131n.<\/li>\n<\/ul>\n<\/div><figure class=\"wp-block-media-text__media\"><img loading=\"lazy\" decoding=\"async\" width=\"500\" height=\"500\" src=\"https:\/\/tangooled.com\/wp-content\/uploads\/2025\/12\/dwp25-ins.webp\" alt=\"side and down cornice valance lighting led channel\" class=\"wp-image-43068 size-full\" srcset=\"https:\/\/tangooled.com\/wp-content\/uploads\/2025\/12\/dwp25-ins.webp 500w, https:\/\/tangooled.com\/wp-content\/uploads\/2025\/12\/dwp25-ins-300x300.webp 300w, https:\/\/tangooled.com\/wp-content\/uploads\/2025\/12\/dwp25-ins-150x150.webp 150w\" sizes=\"auto, (max-width: 500px) 100vw, 500px\" \/><\/figure><\/div>\n<\/div>\n\n\n\n<div class=\"wp-block-group has-background\" style=\"background-color:#f1f1f1f2;padding-top:var(--wp--preset--spacing--80);padding-bottom:var(--wp--preset--spacing--80)\"><div class=\"wp-block-group__inner-container is-layout-constrained wp-block-group-is-layout-constrained\">\n<h2 class=\"wp-block-heading\" style=\"padding-top:var(--wp--preset--spacing--40);padding-bottom:var(--wp--preset--spacing--40);font-size:25px;font-style:normal;font-weight:600\">Kullan\u0131m Senaryolar\u0131<\/h2>\n\n\n\n<ul class=\"wp-block-list\">\n<li>Oturma odas\u0131: Film ak\u015famlar\u0131 ve dinlenmek i\u00e7in oday\u0131 samimi hale getirir.<\/li>\n\n\n\n<li>Yatak odas\u0131: Yumu\u015fak vurgulu ayd\u0131nlatma, oday\u0131 sessiz ve samimi hissettirir.<\/li>\n\n\n\n<li>Mutfak: Duvarlar\u0131 ve tavanlar\u0131 ayd\u0131nlatarak \u00e7al\u0131\u015fma alanlar\u0131n\u0131 g\u00f6lgelerden ar\u0131nd\u0131r\u0131r.<\/li>\n\n\n\n<li>Koridor: G\u00fczel, s\u00fcrekli \u0131\u015f\u0131k rehberlik eder.<\/li>\n\n\n\n<li>Konaklama ve yemek alan\u0131: Duvarlar ve tavana \u015f\u0131kl\u0131k ve muhte\u015fem ayd\u0131nlatma katar.<\/li>\n<\/ul>\n<\/div><\/div>\n\n\n\n<div class=\"wp-block-group is-vertical is-layout-flex wp-container-core-group-is-layout-d255d7c4 wp-block-group-is-layout-flex\" style=\"padding-top:var(--wp--preset--spacing--80);padding-bottom:var(--wp--preset--spacing--80)\">\n<h2 class=\"wp-block-heading\" style=\"padding-top:var(--wp--preset--spacing--40);padding-bottom:var(--wp--preset--spacing--40);font-size:25px;font-style:normal;font-weight:600;text-transform:capitalize\">\u0130lgili \u00dcr\u00fcnler<\/h2>\n\n\n\n<ul class=\"wp-block-list\">\n<li><a href=\"https:\/\/tangooled.com\/tr\/urun\/black-led-diffuser-aluminum-channel-for-12mm-tape-lights\/\"><mark style=\"background-color:rgba(0, 0, 0, 0)\" class=\"has-inline-color has-vivid-red-color\">12 mm bant i\u015f\u0131klar\u0131 i\u00e7in siyah LED dif\u00fcz\u00f6r al\u00fcminyum kanal\u0131<\/mark><\/a> \u2013 for wider LED strips.<\/li>\n\n\n\n<li><a href=\"https:\/\/tangooled.com\/tr\/urun\/25x6mm-low-profile-led-strip-channel-for-10mm-led-strip-light\/\"><mark style=\"background-color:rgba(0, 0, 0, 0)\" class=\"has-inline-color has-vivid-red-color\">10mm LED \u015ferit \u0131\u015f\u0131k i\u00e7in 25x6mm d\u00fc\u015f\u00fck profilli LED \u015ferit kanal\u0131<\/mark><\/a> \u2013 great for tight spaces.<\/li>\n\n\n\n<li><a href=\"https:\/\/tangooled.com\/tr\/urun\/recessed-led-aluminum-profile-up-and-down-lighting-channel-for-cabinet\/\"><mark style=\"background-color:rgba(0, 0, 0, 0)\" class=\"has-inline-color has-vivid-red-color\">G\u00f6mme LED al\u00fcminyum profili \u00fcst ve alt ayd\u0131nlatma kanal\u0131 dolap i\u00e7in<\/mark><\/a> \u2013 perfect for cabinets and shelves.<\/li>\n<\/ul>\n<\/div>\n\n\n\n<div class=\"wp-block-group has-background\" style=\"background-color:#f1f1f1f2;padding-top:var(--wp--preset--spacing--80);padding-bottom:var(--wp--preset--spacing--80)\"><div class=\"wp-block-group__inner-container is-layout-constrained wp-block-group-is-layout-constrained\">\n<h2 class=\"wp-block-heading\" style=\"padding-top:var(--wp--preset--spacing--40);padding-bottom:var(--wp--preset--spacing--40);font-size:25px;font-style:normal;font-weight:600\">\u00d6zet<\/h2>\n\n\n\n<p>Our side and down cornice valance lighting LED channel has two lighting channels and a robust, sleek shape&nbsp;that will make your room more stylish and comfortable. It&#8217;s smart, easy to use, and beautiful\u2014perfect for your next project. Use an architectural lighting profile that really shines to light up your home, business, or hotel.<\/p>\n<\/div><\/div>\n\n\n\n<p><\/p>","protected":false},"featured_media":13976,"template":"","meta":{"_acf_changed":true,"_seopress_robots_primary_cat":"none","_seopress_titles_title":"Side and Down Cornice LED Profile Dual Direction Valance Channel DWP25 | TANGOOLED","_seopress_titles_desc":"The DWP25 is a versatile side and down cornice led profile designed for valance lighting. This dual-direction aluminum channel provides simultaneous lateral and downward illumination for seamless drywall integration.","_seopress_robots_index":""},"pcb-width":[228],"product-cat":[197],"class_list":{"0":"post-42672","1":"product","2":"type-product","3":"status-publish","4":"has-post-thumbnail","6":"pcb-width-6-12mm","7":"product-cat-plaster-in-profile"},"acf":[],"_links":{"self":[{"href":"https:\/\/tangooled.com\/tr\/wp-json\/wp\/v2\/product\/42672","targetHints":{"allow":["GET"]}}],"collection":[{"href":"https:\/\/tangooled.com\/tr\/wp-json\/wp\/v2\/product"}],"about":[{"href":"https:\/\/tangooled.com\/tr\/wp-json\/wp\/v2\/types\/product"}],"wp:featuredmedia":[{"embeddable":true,"href":"https:\/\/tangooled.com\/tr\/wp-json\/wp\/v2\/media\/13976"}],"wp:attachment":[{"href":"https:\/\/tangooled.com\/tr\/wp-json\/wp\/v2\/media?parent=42672"}],"wp:term":[{"taxonomy":"pcb-width","embeddable":true,"href":"https:\/\/tangooled.com\/tr\/wp-json\/wp\/v2\/pcb-width?post=42672"},{"taxonomy":"product-cat","embeddable":true,"href":"https:\/\/tangooled.com\/tr\/wp-json\/wp\/v2\/product-cat?post=42672"}],"curies":[{"name":"wp","href":"https:\/\/api.w.org\/{rel}","templated":true}]}}